{"id":14199,"date":"2025-05-08T09:42:32","date_gmt":"2025-05-08T06:42:32","guid":{"rendered":"https:\/\/www.fmsdocumentation.com\/barra-di-ricerca\/"},"modified":"2025-05-08T09:42:35","modified_gmt":"2025-05-08T06:42:35","slug":"barra-di-ricerca","status":"publish","type":"page","link":"https:\/\/www.fmsdocumentation.com\/it\/finestra-principale-dellfms\/barra-di-ricerca\/","title":{"rendered":"Barra di ricerca"},"content":{"rendered":"<p>La barra di ricerca \u00e8 il secondo elemento chiave del sistema. \u00c8 dotata di una ricerca intelligente per veicolo e posizione. \u00c8 uno strumento semplice, ma molto potente, che ti aiuter\u00e0 a localizzare rapidamente qualsiasi oggetto.  <\/p>\n<hr>\n<h3>Logica di ricerca<\/h3>\n<p>Quando inserisci una parola chiave nella barra di ricerca, il sistema cercher\u00e0 nomi simili tra i tuoi oggetti o indirizzi all&#8217;interno del database. La ricerca inizia automaticamente quando vengono inseriti 3 o pi\u00f9 caratteri. Puoi inserire tutte le parole chiave che vuoi. Ogni parola chiave \u00e8 collegata con un&#8217;operazione logica di &#8220;AND&#8221;. Verranno visualizzati i risultati che corrispondono a tutte le parole chiave inserite.    <\/p>\n<hr>\n<h3>Descrizione dei risultati della ricerca<\/h3>\n<p>Il nome della localit\u00e0 o dell&#8217;oggetto viene utilizzato per la ricerca. Ad esempio, inseriamo &#8220;Lituania&#8221;. Il sistema visualizza due serie di possibili corrispondenze. Una \u00e8 destinata ai <strong>veicoli<\/strong> e l&#8217;altra agli <strong>indirizzi<\/strong>.   <\/p>\n<p>In questo caso, nella sezione &#8220;Veicoli&#8221;, il sistema visualizza fino a tre veicoli che si trovano in Lituania. \u00c8 possibile visualizzare solo un numero limitato di oggetti, quindi potresti dover inserire altre parole chiave per restringere la ricerca se il veicolo desiderato non viene visualizzato.<br \/>\n<p class=\"note\">Nota<br \/>\nI veicoli e le localit\u00e0 vengono visualizzati nei risultati della ricerca solo se le parole chiave sono scritte in inglese. Se si utilizza un&#8217;altra lingua, i risultati della ricerca mostreranno solo le localit\u00e0. <\/p><\/p>\n<p>Nella sezione &#8220;Indirizzi&#8221; vengono mostrati fino a tre indirizzi. Come per la sezione &#8220;Veicoli&#8221;, potrebbe essere necessario inserire altre parole chiave per individuare un luogo specifico. <\/p>\n<p><a href=\"https:\/\/www.fmsdocumentation.com\/wp-content\/uploads\/2017\/04\/23-3.png\"><img loading=\"lazy\" decoding=\"async\" class=\"alignnone wp-image-1124 size-large\" src=\"https:\/\/www.fmsdocumentation.com\/wp-content\/uploads\/2017\/04\/23-3-1024x506.png\" alt=\"\" width=\"660\" height=\"326\" srcset=\"https:\/\/www.fmsdocumentation.com\/wp-content\/uploads\/2017\/04\/23-3-1024x506.png 1024w, https:\/\/www.fmsdocumentation.com\/wp-content\/uploads\/2017\/04\/23-3-300x148.png 300w, https:\/\/www.fmsdocumentation.com\/wp-content\/uploads\/2017\/04\/23-3-768x380.png 768w, https:\/\/www.fmsdocumentation.com\/wp-content\/uploads\/2017\/04\/23-3.png 1920w\" sizes=\"auto, (max-width: 660px) 100vw, 660px\" \/><\/a><\/p>\n<hr>\n<p><div class=\"alignleft\"><a href=\"https:\/\/www.fmsdocumentation.com\/it\/finestra-principale-dellfms\/\" title=\"Finestra principale dell&#8217;FMS\"><span class=\"arrow\">\u2039 &nbsp <\/span> Finestra principale dell&#8217;FMS <\/a><\/div> <div class=\"alignright\"><a href=\"https:\/\/www.fmsdocumentation.com\/it\/finestra-principale-dellfms\/oggetti-individuali\/\" title=\"Oggetti individuali\">Oggetti individuali <span class=\"arrow\"> &nbsp\u203a <\/span> <\/a><\/div><\/p>\n","protected":false},"excerpt":{"rendered":"<p>La barra di ricerca \u00e8 il secondo elemento chiave del sistema. \u00c8 dotata di una ricerca intelligente per veicolo e posizione. \u00c8 uno strumento semplice, ma molto potente, che ti aiuter\u00e0 a localizzare rapidamente qualsiasi oggetto. Logica di ricerca Quando inserisci una parola chiave nella barra di ricerca, il sistema cercher\u00e0 nomi simili tra i &hellip; <a href=\"https:\/\/www.fmsdocumentation.com\/it\/finestra-principale-dellfms\/barra-di-ricerca\/\" class=\"more-link\">Continua a leggere <span class=\"screen-reader-text\">Barra di ricerca<\/span><\/a><\/p>\n","protected":false},"author":1,"featured_media":0,"parent":14211,"menu_order":1,"comment_status":"closed","ping_status":"closed","template":"","meta":{"footnotes":""},"class_list":["post-14199","page","type-page","status-publish","hentry"],"_links":{"self":[{"href":"https:\/\/www.fmsdocumentation.com\/it\/wp-json\/wp\/v2\/pages\/14199","targetHints":{"allow":["GET"]}}],"collection":[{"href":"https:\/\/www.fmsdocumentation.com\/it\/wp-json\/wp\/v2\/pages"}],"about":[{"href":"https:\/\/www.fmsdocumentation.com\/it\/wp-json\/wp\/v2\/types\/page"}],"author":[{"embeddable":true,"href":"https:\/\/www.fmsdocumentation.com\/it\/wp-json\/wp\/v2\/users\/1"}],"replies":[{"embeddable":true,"href":"https:\/\/www.fmsdocumentation.com\/it\/wp-json\/wp\/v2\/comments?post=14199"}],"version-history":[{"count":1,"href":"https:\/\/www.fmsdocumentation.com\/it\/wp-json\/wp\/v2\/pages\/14199\/revisions"}],"predecessor-version":[{"id":14223,"href":"https:\/\/www.fmsdocumentation.com\/it\/wp-json\/wp\/v2\/pages\/14199\/revisions\/14223"}],"up":[{"embeddable":true,"href":"https:\/\/www.fmsdocumentation.com\/it\/wp-json\/wp\/v2\/pages\/14211"}],"wp:attachment":[{"href":"https:\/\/www.fmsdocumentation.com\/it\/wp-json\/wp\/v2\/media?parent=14199"}],"curies":[{"name":"wp","href":"https:\/\/api.w.org\/{rel}","templated":true}]}}