{"id":14230,"date":"2025-05-08T09:48:58","date_gmt":"2025-05-08T06:48:58","guid":{"rendered":"https:\/\/www.fmsdocumentation.com\/riepilogo-della-flotta\/"},"modified":"2025-05-08T09:49:40","modified_gmt":"2025-05-08T06:49:40","slug":"riepilogo-della-flotta","status":"publish","type":"page","link":"https:\/\/www.fmsdocumentation.com\/it\/menu-eco-drive\/riepilogo-della-flotta\/","title":{"rendered":"Riepilogo della flotta"},"content":{"rendered":"<p>Il riepilogo della flotta \u00e8 la finestra che si apre di default dopo aver cliccato sulla scheda &#8220;Guida ecologica&#8221;. L&#8217;analisi visualizzata si riferisce agli ultimi 7 giorni completi, a meno che non venga modificata dall&#8217;utente.<br \/>\n<p class=\"note\">Nota<br \/>\nL&#8217;analisi della guida ecologica confronta i dati con il numero di giorni precedenti al periodo selezionato. (<em>Ad esempio: La data \u00e8 impostata dal 15 ottobre al 25 <sup>ottobre<\/sup>, ovvero 11 giorni. I dati di questo periodo di tempo saranno confrontati con quelli degli 11 giorni precedenti al 15 ottobre. Pi\u00f9 precisamente, dal 4 ottobre al 14 <sup>ottobre<\/sup>. I giorni &#8220;da&#8221; e &#8220;a&#8221; scelti sono inclusi nell&#8217;analisi; se l&#8217;intervallo di giorni cambia, cambiano anche i giorni di confronto).   <\/p><\/em><\/p>\n<p>Il &#8220;Riepilogo della flotta&#8221; pu\u00f2 essere suddiviso in tre sezioni:<\/p>\n<ol>\n<li><strong>Analisi generale<\/strong>;<\/li>\n<li><strong>Valutazione del veicolo<\/strong>;<\/li>\n<li><strong>Valutazioni dei conducenti<\/strong>.<\/li>\n<\/ol>\n<p><a href=\"https:\/\/www.fmsdocumentation.com\/wp-content\/uploads\/2017\/04\/157.png\"><img loading=\"lazy\" decoding=\"async\" class=\"alignnone wp-image-262 size-large\" src=\"https:\/\/www.fmsdocumentation.com\/wp-content\/uploads\/2017\/04\/157-1024x524.png\" alt=\"\" width=\"660\" height=\"338\" srcset=\"https:\/\/www.fmsdocumentation.com\/wp-content\/uploads\/2017\/04\/157-1024x524.png 1024w, https:\/\/www.fmsdocumentation.com\/wp-content\/uploads\/2017\/04\/157-300x153.png 300w, https:\/\/www.fmsdocumentation.com\/wp-content\/uploads\/2017\/04\/157-768x393.png 768w, https:\/\/www.fmsdocumentation.com\/wp-content\/uploads\/2017\/04\/157.png 1392w\" sizes=\"auto, (max-width: 660px) 100vw, 660px\" \/><\/a><\/p>\n<p><strong>Analisi generale<\/strong>: visualizza un&#8217;analisi delle informazioni standard. Ogni criterio ha un piccolo grafico a colonna accanto. Questo grafico rappresenta il confronto tra i dati attuali e quelli precedenti. Il metodo di confronto \u00e8 descritto all&#8217;inizio di questa sezione. La colonna superiore \u00e8 visualizzata in <span style=\"background-color: #00ff00; color: #000000;\">verde<\/span> o <span style=\"background-color: #ff0000; color: #ffffff;\">rosso<\/span> e rappresenta i dati attuali. La colonna inferiore \u00e8 sempre visualizzata in <span style=\"background-color: #808080; color: #ffffff;\">grigio<\/span> e rappresenta l&#8217;analisi dei dati del giorno precedente al periodo selezionato. Il colore della prima colonna dipende dall&#8217;analisi della differenza dei due grafici. Se il cambiamento \u00e8 considerato positivo (ad esempio meno carburante consumato, meno punti di guida pericolosi), la colonna sar\u00e0 visualizzata in <span style=\"background-color: #00ff00; color: #000000;\">verde<\/span>, mentre se il cambiamento \u00e8 considerato negativo (ad esempio pi\u00f9 eventi di frenata estrema, pi\u00f9 carburante consumato, meno distanza di guida, ecc. Accanto a ogni colonna viene visualizzata anche la percentuale di variazione nel colore corrispondente. Se non ci sono cambiamenti, non vengono visualizzate colonne o percentuali per quei criteri.         <\/p>\n<p style=\"background-color: #2e67b1; color: #ffffff; padding-left: 10px; padding-right: 10px;\"><p class=\"note\">Nota<br \/>\nLe modifiche apportate nella sezione &#8220;Configura classificazioni&#8221; influiscono sui colori del riepilogo dell&#8217;analisi della flotta. I colori sopra descritti si riferiscono alla configurazione predefinita. Se sono state apportate delle modifiche, i colori cambieranno di conseguenza.  <\/p><\/p>\n<p><a href=\"https:\/\/www.fmsdocumentation.com\/wp-content\/uploads\/2017\/04\/158.png\"><img loading=\"lazy\" decoding=\"async\" class=\"alignnone wp-image-263 size-full\" src=\"https:\/\/www.fmsdocumentation.com\/wp-content\/uploads\/2017\/04\/158.png\" alt=\"\" width=\"745\" height=\"141\" srcset=\"https:\/\/www.fmsdocumentation.com\/wp-content\/uploads\/2017\/04\/158.png 745w, https:\/\/www.fmsdocumentation.com\/wp-content\/uploads\/2017\/04\/158-300x57.png 300w\" sizes=\"auto, (max-width: 745px) 100vw, 745px\" \/><\/a><\/p>\n<p>Spostando il mouse sul valore del criterio vengono automaticamente visualizzate ulteriori informazioni. Questa struttura di informazioni \u00e8 identica per ogni valore e contiene i seguenti elementi: <\/p>\n<ul>\n<li>Valore per il periodo di tempo selezionato;<\/li>\n<li>Valore per il periodo precedente;<\/li>\n<li>Differenza di valori.<\/li>\n<\/ul>\n<p><a href=\"https:\/\/www.fmsdocumentation.com\/wp-content\/uploads\/2017\/04\/159.png\"><img loading=\"lazy\" decoding=\"async\" class=\"alignnone wp-image-264 size-full\" src=\"https:\/\/www.fmsdocumentation.com\/wp-content\/uploads\/2017\/04\/159.png\" alt=\"\" width=\"373\" height=\"282\" srcset=\"https:\/\/www.fmsdocumentation.com\/wp-content\/uploads\/2017\/04\/159.png 373w, https:\/\/www.fmsdocumentation.com\/wp-content\/uploads\/2017\/04\/159-300x227.png 300w\" sizes=\"auto, (max-width: 373px) 100vw, 373px\" \/><\/a><\/p>\n<p>Per alcuni valori di cui non \u00e8 chiaro il calcolo, \u00e8 presente un&#8217;icona informativa vicino al nome del valore. Spostando il mouse sull&#8217;icona informativa, verranno automaticamente visualizzate ulteriori informazioni sul calcolo di questo specifico valore. <\/p>\n<p><a href=\"https:\/\/www.fmsdocumentation.com\/wp-content\/uploads\/2017\/04\/160.png\"><img loading=\"lazy\" decoding=\"async\" class=\"alignnone wp-image-265 size-full\" src=\"https:\/\/www.fmsdocumentation.com\/wp-content\/uploads\/2017\/04\/160.png\" alt=\"\" width=\"211\" height=\"200\"><\/a><\/p>\n<p>Le informazioni generali consistono in un insieme standard di informazioni visualizzate:<\/p>\n<ol>\n<li><strong>Veicoli<\/strong> &#8211; numero di veicoli totali della flotta che supportano la guida ecologica (i veicoli che non supportano la guida ecologica (dispositivi FM pi\u00f9 semplici, modelli di veicoli pi\u00f9 vecchi, ecc.) non vengono visualizzati qui, ma vengono segnalati nella parte inferiore sinistra della finestra, descritta di seguito);<\/li>\n<li><strong>Conducenti<\/strong> &#8211; Numero di conducenti che hanno guidato nel periodo di tempo selezionato;<\/li>\n<li><strong>Carburante consumato<\/strong> (litri) &#8211; carburante consumato da tutti i veicoli per il periodo di tempo selezionato;<\/li>\n<li><strong>Carburante sprecato<\/strong> (litri): calcola il carburante sprecato da tutti i veicoli per il periodo di tempo selezionato;<\/li>\n<li><strong>Guida pericolosa<\/strong> (punti) &#8211; calcola i punti di guida pericolosa di tutti i veicoli per il periodo di tempo selezionato;<\/li>\n<li><strong>Distanza di guida<\/strong> (km) &#8211; distanza percorsa da tutti i veicoli per il periodo di tempo selezionato;<\/li>\n<li><strong>Tempo di guida<\/strong> &#8211; tempo di guida di ogni conducente per il periodo di tempo selezionato;<\/li>\n<li><strong>Tempo di inattivit\u00e0<\/strong> &#8211; tempo di inattivit\u00e0 di tutti i veicoli per il periodo di tempo selezionato;<\/li>\n<li><strong>Frenate estreme<\/strong> (eventi) &#8211; tutti gli eventi di frenata estrema di tutti i conducenti per il periodo di tempo selezionato;<\/li>\n<li><strong>Accelerazione brusca<\/strong> (eventi) &#8211; tutti gli eventi di accelerazione brusca di tutti i conducenti per il periodo di tempo selezionato.<\/li>\n<\/ol>\n<p><a href=\"https:\/\/www.fmsdocumentation.com\/wp-content\/uploads\/2017\/04\/162.png\"><img loading=\"lazy\" decoding=\"async\" class=\"alignnone wp-image-266 size-large\" src=\"https:\/\/www.fmsdocumentation.com\/wp-content\/uploads\/2017\/04\/162-1024x206.png\" alt=\"\" width=\"660\" height=\"133\" srcset=\"https:\/\/www.fmsdocumentation.com\/wp-content\/uploads\/2017\/04\/162-1024x206.png 1024w, https:\/\/www.fmsdocumentation.com\/wp-content\/uploads\/2017\/04\/162-300x60.png 300w, https:\/\/www.fmsdocumentation.com\/wp-content\/uploads\/2017\/04\/162-768x154.png 768w, https:\/\/www.fmsdocumentation.com\/wp-content\/uploads\/2017\/04\/162.png 1392w\" sizes=\"auto, (max-width: 660px) 100vw, 660px\" \/><\/a><\/p>\n<p><strong>Valutazioni dei veicoli<\/strong> &#8211; visualizza le valutazioni dei veicoli in base ai criteri selezionati. Le auto sono formattate automaticamente con il valore pi\u00f9 alto in alto e quello pi\u00f9 basso in basso. La colorazione del grafico \u00e8 impostata per impostazione predefinita e pu\u00f2 essere cambiata nel menu &#8220;Configura valutazioni&#8221;. Le valutazioni visualizzate possono essere modificate cliccando sui tre punti in alto a destra della sezione. Il nome della valutazione attuale verr\u00e0 visualizzato accanto ad essa. I veicoli dotati di hardware che non supportano i parametri di guida ecologica sono visualizzati nell&#8217;angolo in basso a sinistra di questa sezione.     <\/p>\n<p><a href=\"https:\/\/www.fmsdocumentation.com\/wp-content\/uploads\/2017\/04\/163.png\"><img loading=\"lazy\" decoding=\"async\" class=\"alignnone wp-image-267 size-full\" src=\"https:\/\/www.fmsdocumentation.com\/wp-content\/uploads\/2017\/04\/163.png\" alt=\"\" width=\"929\" height=\"400\" srcset=\"https:\/\/www.fmsdocumentation.com\/wp-content\/uploads\/2017\/04\/163.png 929w, https:\/\/www.fmsdocumentation.com\/wp-content\/uploads\/2017\/04\/163-300x129.png 300w, https:\/\/www.fmsdocumentation.com\/wp-content\/uploads\/2017\/04\/163-768x331.png 768w\" sizes=\"auto, (max-width: 929px) 100vw, 929px\" \/><\/a><\/p>\n<hr>\n<h3>Configura le valutazioni<\/h3>\n<p>Dopo aver cliccato sui tre punti, apparir\u00e0 una finestra denominata &#8220;Configura valutazioni&#8221;. La valutazione attualmente selezionata sar\u00e0 evidenziata da un colore grigio chiaro e da una barra blu a destra del nome della valutazione. Per selezionare una valutazione diversa, basta cliccare sulla valutazione desiderata. \u00c8 possibile scegliere una sola valutazione alla volta.   <\/p>\n<p><a href=\"https:\/\/www.fmsdocumentation.com\/wp-content\/uploads\/2017\/04\/164.png\"><img loading=\"lazy\" decoding=\"async\" class=\"alignnone wp-image-268 size-full\" src=\"https:\/\/www.fmsdocumentation.com\/wp-content\/uploads\/2017\/04\/164.png\" alt=\"\" width=\"484\" height=\"725\" srcset=\"https:\/\/www.fmsdocumentation.com\/wp-content\/uploads\/2017\/04\/164.png 484w, https:\/\/www.fmsdocumentation.com\/wp-content\/uploads\/2017\/04\/164-200x300.png 200w\" sizes=\"auto, (max-width: 484px) 100vw, 484px\" \/><\/a><\/p>\n<p>Le valutazioni dei veicoli saranno aggiornate automaticamente dopo la scelta di una nuova valutazione. Il nome di ogni veicolo viene visualizzato vicino a ogni colonna. <\/p>\n<p style=\"background-color: #2e67b1; color: #ffffff; padding-left: 10px; padding-right: 10px;\"><p class=\"note\">Nota<br \/>\nLa finestra di configurazione delle valutazioni \u00e8 identica sia per la sezione Valutazione del veicolo che per la sezione Valutazione del conducente, ma funziona separatamente per ogni sezione.<\/p><\/p>\n<p><strong>Valutazioni dei conducenti<\/strong> &#8211; visualizza le valutazioni dei conducenti in base ai criteri selezionati. I piloti sono formattati automaticamente con il valore pi\u00f9 alto in alto e quello pi\u00f9 basso in basso. La colorazione del grafico \u00e8 impostata per impostazione predefinita e pu\u00f2 essere modificata nel menu &#8220;Configura valutazioni&#8221;, gi\u00e0 citato in precedenza. Le valutazioni visualizzate possono essere modificate cliccando sui tre punti in alto a destra della sezione. Il nome della valutazione attuale verr\u00e0 visualizzato accanto ad essa. I conducenti che non hanno guidato un veicolo dotato di hardware che supporta i parametri di guida ecologica durante il periodo di tempo selezionato sono visualizzati nella parte inferiore destra di questa sezione.     <\/p>\n<p><a href=\"https:\/\/www.fmsdocumentation.com\/wp-content\/uploads\/2017\/04\/165.png\"><img loading=\"lazy\" decoding=\"async\" class=\"alignnone wp-image-269 size-full\" src=\"https:\/\/www.fmsdocumentation.com\/wp-content\/uploads\/2017\/04\/165.png\" alt=\"\" width=\"926\" height=\"509\" srcset=\"https:\/\/www.fmsdocumentation.com\/wp-content\/uploads\/2017\/04\/165.png 926w, https:\/\/www.fmsdocumentation.com\/wp-content\/uploads\/2017\/04\/165-300x165.png 300w, https:\/\/www.fmsdocumentation.com\/wp-content\/uploads\/2017\/04\/165-768x422.png 768w\" sizes=\"auto, (max-width: 926px) 100vw, 926px\" \/><\/a><\/p>\n<p style=\"background-color: #2e67b1; color: #ffffff; padding-left: 10px; padding-right: 10px;\"><p class=\"note\">Nota<br \/>\nCliccando sul nome del conducente o sulla colonna del suo grafico, l&#8217;utente verr\u00e0 reindirizzato al TAB &#8220;Analisi per conducente&#8221; e visualizzer\u00e0 le statistiche dell&#8217;utente selezionato.<\/p><\/p>\n<hr>\n<p><div class=\"alignleft\"><a href=\"https:\/\/www.fmsdocumentation.com\/it\/menu-eco-drive\/\" title=\"Menu Eco-Drive\"><span class=\"arrow\">\u2039 &nbsp <\/span> Menu Eco-Drive <\/a><\/div> <div class=\"alignright\"><a href=\"https:\/\/www.fmsdocumentation.com\/it\/menu-eco-drive\/analisi-per-veicolo\/\" title=\"Analisi per veicolo\">Analisi per veicolo <span class=\"arrow\"> &nbsp\u203a <\/span> <\/a><\/div><\/p>\n<p>&nbsp;<\/p>\n","protected":false},"excerpt":{"rendered":"<p>Il riepilogo della flotta \u00e8 la finestra che si apre di default dopo aver cliccato sulla scheda &#8220;Guida ecologica&#8221;. L&#8217;analisi visualizzata si riferisce agli ultimi 7 giorni completi, a meno che non venga modificata dall&#8217;utente. Nota L&#8217;analisi della guida ecologica confronta i dati con il numero di giorni precedenti al periodo selezionato. (Ad esempio: La &hellip; <a href=\"https:\/\/www.fmsdocumentation.com\/it\/menu-eco-drive\/riepilogo-della-flotta\/\" class=\"more-link\">Continua a leggere <span class=\"screen-reader-text\">Riepilogo della flotta<\/span><\/a><\/p>\n","protected":false},"author":1,"featured_media":0,"parent":14242,"menu_order":1,"comment_status":"closed","ping_status":"closed","template":"","meta":{"footnotes":""},"class_list":["post-14230","page","type-page","status-publish","hentry"],"_links":{"self":[{"href":"https:\/\/www.fmsdocumentation.com\/it\/wp-json\/wp\/v2\/pages\/14230","targetHints":{"allow":["GET"]}}],"collection":[{"href":"https:\/\/www.fmsdocumentation.com\/it\/wp-json\/wp\/v2\/pages"}],"about":[{"href":"https:\/\/www.fmsdocumentation.com\/it\/wp-json\/wp\/v2\/types\/page"}],"author":[{"embeddable":true,"href":"https:\/\/www.fmsdocumentation.com\/it\/wp-json\/wp\/v2\/users\/1"}],"replies":[{"embeddable":true,"href":"https:\/\/www.fmsdocumentation.com\/it\/wp-json\/wp\/v2\/comments?post=14230"}],"version-history":[{"count":1,"href":"https:\/\/www.fmsdocumentation.com\/it\/wp-json\/wp\/v2\/pages\/14230\/revisions"}],"predecessor-version":[{"id":14254,"href":"https:\/\/www.fmsdocumentation.com\/it\/wp-json\/wp\/v2\/pages\/14230\/revisions\/14254"}],"up":[{"embeddable":true,"href":"https:\/\/www.fmsdocumentation.com\/it\/wp-json\/wp\/v2\/pages\/14242"}],"wp:attachment":[{"href":"https:\/\/www.fmsdocumentation.com\/it\/wp-json\/wp\/v2\/media?parent=14230"}],"curies":[{"name":"wp","href":"https:\/\/api.w.org\/{rel}","templated":true}]}}