{"id":14242,"date":"2025-05-08T09:49:39","date_gmt":"2025-05-08T06:49:39","guid":{"rendered":"https:\/\/www.fmsdocumentation.com\/menu-eco-drive\/"},"modified":"2025-05-08T09:49:39","modified_gmt":"2025-05-08T06:49:39","slug":"menu-eco-drive","status":"publish","type":"page","link":"https:\/\/www.fmsdocumentation.com\/it\/menu-eco-drive\/","title":{"rendered":"Menu Eco-Drive"},"content":{"rendered":"<p>La guida ecologica \u00e8 una panoramica di analisi di tutto ci\u00f2 che riguarda gli stili di guida economici ed ecologici sia per i conducenti che per i veicoli. Per accedere alla scheda della guida ecologica, clicca sull&#8217;icona della guida ecologica nel pannello di navigazione a sinistra, come mostrato di seguito. <\/p>\n<p><a href=\"https:\/\/www.fmsdocumentation.com\/wp-content\/uploads\/2017\/04\/151.png\"><img loading=\"lazy\" decoding=\"async\" class=\"alignnone wp-image-254 size-large\" src=\"https:\/\/www.fmsdocumentation.com\/wp-content\/uploads\/2017\/04\/151-1024x507.png\" alt=\"\" width=\"660\" height=\"327\" srcset=\"https:\/\/www.fmsdocumentation.com\/wp-content\/uploads\/2017\/04\/151-1024x507.png 1024w, https:\/\/www.fmsdocumentation.com\/wp-content\/uploads\/2017\/04\/151-300x148.png 300w, https:\/\/www.fmsdocumentation.com\/wp-content\/uploads\/2017\/04\/151-768x380.png 768w, https:\/\/www.fmsdocumentation.com\/wp-content\/uploads\/2017\/04\/151.png 1920w\" sizes=\"auto, (max-width: 660px) 100vw, 660px\" \/><\/a><\/p>\n<p>La panoramica della guida ecologica \u00e8 composta da tre diverse schede che possono essere scelte nella parte superiore dello schermo. Attualmente sono disponibili le seguenti schede: <\/p>\n<ol>\n<li><a href=\"https:\/\/www.fmsdocumentation.com\/eco-driving-menu\/fleet-summary\/\">Riepilogo flotta<\/a> &#8211; (aperto per impostazione predefinita);<\/li>\n<li><a href=\"https:\/\/www.fmsdocumentation.com\/eco-driving-menu\/analysis-by-vehicle\/\">Analisi per veicolo<\/a>;<\/li>\n<li><a href=\"https:\/\/www.fmsdocumentation.com\/eco-driving-menu\/analysis-by-driver\/\">Analisi per driver.<\/a><\/li>\n<\/ol>\n<p><a href=\"https:\/\/www.fmsdocumentation.com\/wp-content\/uploads\/2017\/04\/152.png\"><img loading=\"lazy\" decoding=\"async\" class=\"alignnone wp-image-255 size-full\" src=\"https:\/\/www.fmsdocumentation.com\/wp-content\/uploads\/2017\/04\/152.png\" alt=\"\" width=\"379\" height=\"65\" srcset=\"https:\/\/www.fmsdocumentation.com\/wp-content\/uploads\/2017\/04\/152.png 379w, https:\/\/www.fmsdocumentation.com\/wp-content\/uploads\/2017\/04\/152-300x51.png 300w\" sizes=\"auto, (max-width: 379px) 100vw, 379px\" \/><\/a><\/p>\n<p>La scheda attualmente selezionata sar\u00e0 evidenziata in blu, mentre le schede non selezionate rimarranno grigie. Ogni scheda della guida Eco \u00e8 descritta di seguito nella relativa sezione. La sezione TAB rimane invariata per ogni scheda aperta. A destra delle sezioni TAB sono disponibili altre tre funzioni che rimangono invariate per ogni TAB aperto. Si tratta di:    <\/p>\n<ol>\n<li>Configura le valutazioni &#8211; descritte di seguito;<\/li>\n<li>Esporta in XLSX &#8211; Esporta tutte le informazioni in un file EXEL.<\/li>\n<li>Selezione della data &#8211; descritta di seguito;<\/li>\n<\/ol>\n<p><a href=\"https:\/\/www.fmsdocumentation.com\/wp-content\/uploads\/2017\/04\/153.png\"><img loading=\"lazy\" decoding=\"async\" class=\"alignnone wp-image-256 size-full\" src=\"https:\/\/www.fmsdocumentation.com\/wp-content\/uploads\/2017\/04\/153.png\" alt=\"\" width=\"437\" height=\"65\" srcset=\"https:\/\/www.fmsdocumentation.com\/wp-content\/uploads\/2017\/04\/153.png 437w, https:\/\/www.fmsdocumentation.com\/wp-content\/uploads\/2017\/04\/153-300x45.png 300w\" sizes=\"auto, (max-width: 437px) 100vw, 437px\" \/><\/a><\/p>\n<p><strong>Configura valutazioni<\/strong> &#8211; Consente di configurare gli intervalli di valori per la colorazione dei parametri casuali. I valori possono essere configurati per: <\/p>\n<ul>\n<li>Carburante consumato (litri);<\/li>\n<li>Consumo di carburante (litri\/100 km);<\/li>\n<li>Carburante sprecato (litri);<\/li>\n<li>Carburante sprecato (litri\/100km);<\/li>\n<li>Guida pericolosa (punti);<\/li>\n<li>Guida pericolosa (punti\/100km);<\/li>\n<li>Distanza percorsa (km);<\/li>\n<li>Tempo di guida (minuti);<\/li>\n<li>Tempo di inattivit\u00e0 (minuti);<\/li>\n<li>Frenate estreme (eventi)<\/li>\n<li>Accelerazione brusca (eventi)<\/li>\n<li>Accelerazione brusca (eventi\/100km)<\/li>\n<li>Frenate brusche (eventi)<\/li>\n<li>Frenata brusca (eventi\/100km)<\/li>\n<\/ul>\n<p>Queste opzioni sono disponibili sulla barra di scorrimento a sinistra, mentre la parte di configurazione si trova a destra ed \u00e8 identica per ogni opzione.<\/p>\n<p><a href=\"https:\/\/www.fmsdocumentation.com\/wp-content\/uploads\/2017\/04\/154.png\"><img loading=\"lazy\" decoding=\"async\" class=\"alignnone wp-image-257 size-full\" src=\"https:\/\/www.fmsdocumentation.com\/wp-content\/uploads\/2017\/04\/154.png\" alt=\"\" width=\"752\" height=\"492\" srcset=\"https:\/\/www.fmsdocumentation.com\/wp-content\/uploads\/2017\/04\/154.png 752w, https:\/\/www.fmsdocumentation.com\/wp-content\/uploads\/2017\/04\/154-300x196.png 300w\" sizes=\"auto, (max-width: 752px) 100vw, 752px\" \/><\/a><\/p>\n<p>La parte di configurazione consiste in quanto segue:<\/p>\n<ol>\n<li>Nome dell&#8217;opzione selezionata;<\/li>\n<li>Inverti valori &#8211; Inverte il colore di visualizzazione dei valori (pu\u00f2 essere On\/Off, Off per impostazione predefinita);<\/li>\n<li>Valori (i valori visualizzati dipendono dall&#8217;opzione selezionata (litri; litri\/100km; punti; eventi; ecc.));<\/li>\n<li>Barra di scorrimento dei valori &#8211; L&#8217;intervallo \u00e8 limitato dall&#8217;opzione selezionata; ogni opzione ha un proprio intervallo di valori;<\/li>\n<li>Inserimento di valori personalizzati &#8211; Anche l&#8217;intervallo \u00e8 limitato dall&#8217;opzione selezionata;<\/li>\n<li>Intervallo di valori &#8211; Viene visualizzato solo se i valori personalizzati sono stati inseriti oltre l&#8217;intervallo consentito.<\/li>\n<\/ol>\n<p><a href=\"https:\/\/www.fmsdocumentation.com\/wp-content\/uploads\/2017\/04\/155.png\"><img loading=\"lazy\" decoding=\"async\" class=\"alignnone wp-image-258 size-full\" src=\"https:\/\/www.fmsdocumentation.com\/wp-content\/uploads\/2017\/04\/155.png\" alt=\"\" width=\"429\" height=\"278\" srcset=\"https:\/\/www.fmsdocumentation.com\/wp-content\/uploads\/2017\/04\/155.png 429w, https:\/\/www.fmsdocumentation.com\/wp-content\/uploads\/2017\/04\/155-300x194.png 300w\" sizes=\"auto, (max-width: 429px) 100vw, 429px\" \/><\/a><\/p>\n<p>Dopo aver selezionato tutte le opzioni preferite, clicca su &#8220;Fine&#8221; in fondo alla finestra per salvare le nuove configurazioni.<\/p>\n<p style=\"background-color: #2e67b1; color: #ffffff; padding-left: 10px; padding-right: 10px;\"><p class=\"note\">Nota<br \/>\nQueste configurazioni vengono memorizzate sul server e tutte le modifiche apportate rimarranno anche dopo aver terminato la sessione.<\/p><\/p>\n<p style=\"background-color: #2e67b1; color: #ffffff; padding-left: 10px; padding-right: 10px;\"><p class=\"note\">Nota<br \/>\nNon c&#8217;\u00e8 modo di annullare le modifiche apportate alla configurazione, anche se non si clicca sul pulsante &#8220;Fine&#8221; e si clicca sul lato dello schermo per chiudere la finestra di configurazione, tutte le modifiche vengono comunque salvate.<\/p><\/p>\n<p><strong>Data <\/strong>&#8211; Interfaccia calendario di base, limitata alla selezione del giorno (senza ore o minuti). Questa interfaccia permette di selezionare un periodo di tempo per il quale verr\u00e0 visualizzata la panoramica dell&#8217;analisi di guida ecologica. Per impostazione predefinita all&#8217;accesso \u00e8 impostata sugli ultimi 7 giorni completi (il giorno corrente non \u00e8 selezionato per impostazione predefinita, perch\u00e9 \u00e8 ancora in corso). Il giorno corrente pu\u00f2 essere selezionato manualmente. Il giorno corrente \u00e8 sempre evidenziato da un triangolo blu nell&#8217;angolo in alto a sinistra del riquadro del giorno.    <\/p>\n<p><a href=\"https:\/\/www.fmsdocumentation.com\/wp-content\/uploads\/2017\/04\/156.png\"><img loading=\"lazy\" decoding=\"async\" class=\"alignnone wp-image-259 size-full\" src=\"https:\/\/www.fmsdocumentation.com\/wp-content\/uploads\/2017\/04\/156.png\" alt=\"\" width=\"331\" height=\"408\" srcset=\"https:\/\/www.fmsdocumentation.com\/wp-content\/uploads\/2017\/04\/156.png 331w, https:\/\/www.fmsdocumentation.com\/wp-content\/uploads\/2017\/04\/156-243x300.png 243w\" sizes=\"auto, (max-width: 331px) 100vw, 331px\" \/><\/a><\/p>\n<p><strong>Selezione della data<\/strong> &#8211; Per scegliere una data \u00e8 sufficiente cliccare sulla data iniziale o finale e poi sull&#8217;altra (fine\/inizio). Non c&#8217;\u00e8 una priorit\u00e0 nella scelta tra l&#8217;inizio della data desiderata e la fine. La data pu\u00f2 essere selezionata in entrambe le direzioni. Dopo aver selezionato la data, il sistema aggiorner\u00e0 automaticamente la panoramica dell&#8217;analisi; non sono necessarie altre azioni. La data rimane invariata per ogni TAB selezionato e torna al valore predefinito solo dopo il logout. Il periodo massimo di date \u00e8 di 3 mesi.     <\/p>\n<p><strong>Selezione di un singolo giorno<\/strong> &#8211; per selezionare un singolo giorno per la panoramica dell&#8217;analisi di guida ecologica, basta cliccare due volte sul giorno desiderato.<\/p>\n<hr>\n<p><div class=\"alignleft\"><a href=\"https:\/\/www.fmsdocumentation.com\/it\/menu-routing-tasks\/gestione-dei-viaggi\/\" title=\"Gestione dei viaggi\"><span class=\"arrow\">\u2039 &nbsp <\/span> Gestione dei viaggi <\/a><\/div> <div class=\"alignright\"><a href=\"https:\/\/www.fmsdocumentation.com\/it\/menu-eco-drive\/riepilogo-della-flotta\/\" title=\"Riepilogo della flotta\">Riepilogo della flotta <span class=\"arrow\"> &nbsp\u203a <\/span> <\/a><\/div><\/p>\n","protected":false},"excerpt":{"rendered":"<p>La guida ecologica \u00e8 una panoramica di analisi di tutto ci\u00f2 che riguarda gli stili di guida economici ed ecologici sia per i conducenti che per i veicoli. Per accedere alla scheda della guida ecologica, clicca sull&#8217;icona della guida ecologica nel pannello di navigazione a sinistra, come mostrato di seguito. La panoramica della guida ecologica &hellip; <a href=\"https:\/\/www.fmsdocumentation.com\/it\/menu-eco-drive\/\" class=\"more-link\">Continua a leggere <span class=\"screen-reader-text\">Menu Eco-Drive<\/span><\/a><\/p>\n","protected":false},"author":1,"featured_media":0,"parent":0,"menu_order":87,"comment_status":"closed","ping_status":"closed","template":"","meta":{"footnotes":""},"class_list":["post-14242","page","type-page","status-publish","hentry"],"_links":{"self":[{"href":"https:\/\/www.fmsdocumentation.com\/it\/wp-json\/wp\/v2\/pages\/14242","targetHints":{"allow":["GET"]}}],"collection":[{"href":"https:\/\/www.fmsdocumentation.com\/it\/wp-json\/wp\/v2\/pages"}],"about":[{"href":"https:\/\/www.fmsdocumentation.com\/it\/wp-json\/wp\/v2\/types\/page"}],"author":[{"embeddable":true,"href":"https:\/\/www.fmsdocumentation.com\/it\/wp-json\/wp\/v2\/users\/1"}],"replies":[{"embeddable":true,"href":"https:\/\/www.fmsdocumentation.com\/it\/wp-json\/wp\/v2\/comments?post=14242"}],"version-history":[{"count":0,"href":"https:\/\/www.fmsdocumentation.com\/it\/wp-json\/wp\/v2\/pages\/14242\/revisions"}],"wp:attachment":[{"href":"https:\/\/www.fmsdocumentation.com\/it\/wp-json\/wp\/v2\/media?parent=14242"}],"curies":[{"name":"wp","href":"https:\/\/api.w.org\/{rel}","templated":true}]}}