{"id":14259,"date":"2025-05-08T10:55:40","date_gmt":"2025-05-08T07:55:40","guid":{"rendered":"https:\/\/www.fmsdocumentation.com\/creazione-di-nuove-attivita\/"},"modified":"2025-05-08T10:56:33","modified_gmt":"2025-05-08T07:56:33","slug":"creazione-di-nuove-attivita","status":"publish","type":"page","link":"https:\/\/www.fmsdocumentation.com\/it\/creazione-di-nuove-attivita\/","title":{"rendered":"Creazione di nuove attivit\u00e0"},"content":{"rendered":"<p>l pannello delle attivit\u00e0 \u00e8 accessibile facendo clic sulla scheda &#8220;Attivit\u00e0&#8221; nel pannello &#8220;Instradamento e Attivit\u00e0<\/p>\n<p><a href=\"https:\/\/www.fmsdocumentation.com\/wp-content\/uploads\/2017\/04\/237-2.png\"><img loading=\"lazy\" decoding=\"async\" class=\"alignnone wp-image-1152 size-large\" src=\"https:\/\/www.fmsdocumentation.com\/wp-content\/uploads\/2017\/04\/237-2-1024x506.png\" alt=\"\" width=\"660\" height=\"326\" srcset=\"https:\/\/www.fmsdocumentation.com\/wp-content\/uploads\/2017\/04\/237-2-1024x506.png 1024w, https:\/\/www.fmsdocumentation.com\/wp-content\/uploads\/2017\/04\/237-2-300x148.png 300w, https:\/\/www.fmsdocumentation.com\/wp-content\/uploads\/2017\/04\/237-2-768x380.png 768w, https:\/\/www.fmsdocumentation.com\/wp-content\/uploads\/2017\/04\/237-2.png 1920w\" sizes=\"auto, (max-width: 660px) 100vw, 660px\" \/><\/a><\/p>\n<p>Dopo aver cliccato sulla scheda &#8220;Attivit\u00e0&#8221;, si aprir\u00e0 il pannello delle attivit\u00e0. Nella parte superiore del pannello si trova il pulsante \u201c+ Nuova Attivit\u00e0\u201d; cliccandolo, l\u2019utente verr\u00e0 reindirizzato alla scheda &#8220;Instradamento&#8221;, dove dovr\u00e0 prima selezionare un punto di partenza e un punto di destinazione per l\u2019attivit\u00e0. <\/p>\n<p><p class=\"note\">Nota<br \/>\nL\u2019attivit\u00e0 viene assegnata automaticamente al veicolo pi\u00f9 vicino, oppure al veicolo selezionato tra quelli trovati nel raggio specificato. Si consiglia vivamente di selezionare il veicolo desiderato come punto di partenza, perch\u00e9 se il veicolo non si trova entro il raggio specificato dal punto di partenza, non potr\u00e0 essere assegnato durante la creazione dell\u2019attivit\u00e0. Se nessun veicolo si trova nel raggio specificato, l\u2019attivit\u00e0 non pu\u00f2 essere creata.  <\/p><\/p>\n<p>Dopo aver selezionato un percorso e cliccato sul pulsante &#8220;Crea attivit\u00e0&#8221;, apparir\u00e0 una nuova finestra chiamata &#8220;Crea nuova attivit\u00e0 per &lt;selected_vehicle&gt;&#8221; con i seguenti campi:<\/p>\n<ul>\n<li><strong>Titolo<\/strong> \u2013 Nome dell\u2019attivit\u00e0; questo nome verr\u00e0 anche visualizzato nell\u2019elenco delle attivit\u00e0;<\/li>\n<li><strong>Dal punto di partenza <\/strong>\u2013 Il punto di partenza specificato nel percorso, con la possibilit\u00e0 di aggiungere informazioni aggiuntive sul cliente;<\/li>\n<li><strong>Al punto di destinazione<\/strong> \u2013 Il punto finale specificato nel percorso, con la possibilit\u00e0 di aggiungere informazioni aggiuntive sul cliente;<\/li>\n<li><strong>Data e ora di arrivo stimate;<\/strong><\/li>\n<li><strong>Data e ora di arrivo preferite;<\/strong><\/li>\n<li><strong>Informazioni aggiuntive <\/strong>\u2013 come prezzo, peso, volume e temperatura preferita.<\/li>\n<\/ul>\n<p><a href=\"https:\/\/www.fmsdocumentation.com\/wp-content\/uploads\/2017\/04\/226-1.png\"><img loading=\"lazy\" decoding=\"async\" class=\"alignnone wp-image-638 size-full\" src=\"https:\/\/www.fmsdocumentation.com\/wp-content\/uploads\/2017\/04\/226-1.png\" alt=\"\" width=\"750\" height=\"692\" srcset=\"https:\/\/www.fmsdocumentation.com\/wp-content\/uploads\/2017\/04\/226-1.png 750w, https:\/\/www.fmsdocumentation.com\/wp-content\/uploads\/2017\/04\/226-1-300x277.png 300w\" sizes=\"auto, (max-width: 750px) 100vw, 750px\" \/><\/a><\/p>\n<p>Dopo aver inserito tutte le informazioni necessarie, l\u2019utente deve cliccare sul pulsante Salva per creare l\u2019attivit\u00e0. Se l\u2019utente non desidera creare l\u2019attivit\u00e0, deve cliccare sul pulsante Chiudi oppure semplicemente in un punto qualsiasi al di fuori della finestra.<br \/>Una volta creata, l\u2019attivit\u00e0 verr\u00e0 aggiunta all\u2019elenco nel pannello ed \u00e8 gi\u00e0 assegnata al veicolo.   <\/p>\n<hr>\n<p><div class=\"alignleft\"><a href=\"https:\/\/www.fmsdocumentation.com\/it\/\" title=\"Guida F.M.S.\"><span class=\"arrow\">\u2039 &nbsp <\/span> Guida F.M.S. <\/a><\/div> <div class=\"alignright\"><a href=\"https:\/\/www.fmsdocumentation.com\/it\/modelli-di-rapporto\/\" title=\"Modelli di rapporto\">Modelli di rapporto <span class=\"arrow\"> &nbsp\u203a <\/span> <\/a><\/div><\/p>\n","protected":false},"excerpt":{"rendered":"<p>l pannello delle attivit\u00e0 \u00e8 accessibile facendo clic sulla scheda &#8220;Attivit\u00e0&#8221; nel pannello &#8220;Instradamento e Attivit\u00e0 Dopo aver cliccato sulla scheda &#8220;Attivit\u00e0&#8221;, si aprir\u00e0 il pannello delle attivit\u00e0. Nella parte superiore del pannello si trova il pulsante \u201c+ Nuova Attivit\u00e0\u201d; cliccandolo, l\u2019utente verr\u00e0 reindirizzato alla scheda &#8220;Instradamento&#8221;, dove dovr\u00e0 prima selezionare un punto di partenza &hellip; <a href=\"https:\/\/www.fmsdocumentation.com\/it\/creazione-di-nuove-attivita\/\" class=\"more-link\">Continua a leggere <span class=\"screen-reader-text\">Creazione di nuove attivit\u00e0<\/span><\/a><\/p>\n","protected":false},"author":1,"featured_media":0,"parent":0,"menu_order":2,"comment_status":"closed","ping_status":"closed","template":"","meta":{"footnotes":""},"class_list":["post-14259","page","type-page","status-publish","hentry"],"_links":{"self":[{"href":"https:\/\/www.fmsdocumentation.com\/it\/wp-json\/wp\/v2\/pages\/14259","targetHints":{"allow":["GET"]}}],"collection":[{"href":"https:\/\/www.fmsdocumentation.com\/it\/wp-json\/wp\/v2\/pages"}],"about":[{"href":"https:\/\/www.fmsdocumentation.com\/it\/wp-json\/wp\/v2\/types\/page"}],"author":[{"embeddable":true,"href":"https:\/\/www.fmsdocumentation.com\/it\/wp-json\/wp\/v2\/users\/1"}],"replies":[{"embeddable":true,"href":"https:\/\/www.fmsdocumentation.com\/it\/wp-json\/wp\/v2\/comments?post=14259"}],"version-history":[{"count":1,"href":"https:\/\/www.fmsdocumentation.com\/it\/wp-json\/wp\/v2\/pages\/14259\/revisions"}],"predecessor-version":[{"id":14271,"href":"https:\/\/www.fmsdocumentation.com\/it\/wp-json\/wp\/v2\/pages\/14259\/revisions\/14271"}],"wp:attachment":[{"href":"https:\/\/www.fmsdocumentation.com\/it\/wp-json\/wp\/v2\/media?parent=14259"}],"curies":[{"name":"wp","href":"https:\/\/api.w.org\/{rel}","templated":true}]}}