{"id":1176,"date":"2017-10-02T04:23:11","date_gmt":"2017-10-02T04:23:11","guid":{"rendered":"http:\/\/www.fmsdocumentation.com\/?page_id=1176"},"modified":"2020-06-09T14:21:42","modified_gmt":"2020-06-09T11:21:42","slug":"f-m-s-vadovas","status":"publish","type":"page","link":"https:\/\/www.fmsdocumentation.com\/lt\/","title":{"rendered":"TPVS vartotojo vadovas"},"content":{"rendered":"<p>Sveiki atvyk\u0119 \u012f transporto parko valdymo sistemos (TPVS) internetin\u012f vartotojo vadov\u0105!<\/p>\n<p>\u0160is vadovas sukurtas specialiai ir patyrusiems, ir naujiems vartotojams, kad jie gal\u0117t\u0173 greitai surasti informacij\u0105 apie \u012fvairius TPVS modulius ir funkcijas. \u0160iame vadove taip pat pateikiama informacija apie programas, suderinamas su TPVS, kurios padidina bendr\u0105 funkcionalum\u0105.<\/p>\n<p>\u017demiau pristatomi \u012frankiai, kurie skirti greitai surasti reikiam\u0105 informacij\u0105.<\/p>\n<ul>\n<li><strong>Paie\u0161kos juosta <\/strong>\u2013 leid\u017eia greitai ie\u0161koti informacijos vadove. Atidarius nuorod\u0105 paie\u0161kos rezultat\u0173 puslapyje, atidarytajame puslapyje pary\u0161kinamas ie\u0161komas rakta\u017eodis. I\u0161\u0117jus i\u0161 puslapio, rakta\u017eodis neb\u0117ra pary\u0161kintas.<\/li>\n<li><strong>Svetain\u0117s medis <\/strong>\u2013 leid\u017eia nar\u0161yti \u012fvairiuose vadovo skyriuose. Med\u017eio strukt\u016bra pateikiama kartu su viskuo, k\u0105 mato vartotojas TPVS pa\u017eingsniui, pradedant nuo \u017eem\u0117lapio ir baigiant i\u0161samiais kiekvieno modulio apra\u0161ymais.<\/li>\n<li><strong>Valdymo mygtukai <\/strong>\u2013 kiekvieno puslapio apa\u010dioje yra valdymo mygtukai, kuriuos paspaudus galima greitai pereiti prie kito vadovo skyriaus arba gr\u012f\u017eti prie ankstesnio.<\/li>\n<li><strong>Vaizdai <\/strong>\u2013 vadove yra nema\u017eai vaizdini\u0173 pavyzd\u017ei\u0173. Prie kiekvieno apra\u0161ymo prid\u0117tas vaizdinis pavyzdys. Paspaudus bet kur\u012f vaizd\u0105, jis parodomas visu dyd\u017eiu, taip galima matyti pavyzd\u017eius visu dyd\u017eiu.<\/li>\n<li><strong>Kalbos parinktis<\/strong> &#8211; ekrano vir\u0161utiniame kairiajame kampe vartotojas gali pasirinkti vadovo kalb\u0105. Laikui b\u0117gant bus galima rinktis i\u0161 daugiau kalb\u0173, kadangi informacija \u0161iuo metu yra ver\u010diama \u012f kitas kalbas.<\/li>\n<\/ul>\n<hr \/>\n<h3>Svarbu!<\/h3>\n<p>TPVS sukurta taip, kad automati\u0161kai sinchronizuot\u0173 laiko juostas su kompiuteriu, kuriuo naudojantis buvo prisijungta. TPVS analizuoja kompiuterio regiono nustatymus ir atitinkamai nustato laiko juost\u0105. Laiko juostos sinchronizacija \u012fvyksta kiekvien\u0105 kart\u0105 prisijungus. Tai svarbu vartotojams, kurie keliauja ir naudojasi ne\u0161iojamaisiais kompiuteriais (kai kuriuose kompiuteriuose laiko zona automati\u0161kai atnaujinama pagal esam\u0105 vietov\u0119) arba kompiuteriais u\u017esienyje, kuriuose galima koreguoti vietos laiko juost\u0105. \u0160iais atvejais vartotojas pamatys, kad laiko \u012fra\u0161ai skiriasi nuo laiko \u012fra\u0161\u0173, matom\u0173 \u0161alyje, i\u0161 kurios atvyko. Norint nuolat sistemoje matyti to paties laiko \u012fra\u0161us, rekomenduojama rankiniu b\u016bdu keisti kompiuterio regiono nustatymus ir i\u0161jungti automatinius naujinimus.<br \/>\n<p class=\"note\">Pastaba!<br \/>\nAutomatin\u0117 laiko sinchronizacija \u012fvyksta tik tada, kai laiko juosta nebuvo pakeista <a href=\"https:\/\/www.fmsdocumentation.com\/lt\/pagrindinis-tpvs-langas\/paskyros-nustatymai\/?lang=lt\">paskyros nustatymuose<\/a>. Vartotojui nusta\u010dius konkre\u010di\u0105 laiko juost\u0105, automatin\u0117 sinchronizacija nebevyks.<\/p><\/p>\n<p><strong>TPVS palaiko \u0161ias interneto nar\u0161ykles ir naujausias j\u0173 versijas:<\/strong><\/p>\n<ul>\n<li>\u201eChrome\u201c (REKOMENDUOJAMA);<\/li>\n<li>\u201eFirefox\u201c;<\/li>\n<li>\u201eSafari\u201c.<\/li>\n<\/ul>\n<p>Jei naudojate kitas nar\u0161ykles, negalime u\u017etikrinti, kad TPVS veiks tinkamai ar kad i\u0161 vis veiks.<\/p>\n<hr \/>\n<div class=\"alignright\"><a href=\"https:\/\/www.fmsdocumentation.com\/lt\/pagrindai\/\" title=\"Pagrindai\">Pagrindai <span class=\"arrow\"> &nbsp\u203a <\/span> <\/a><\/div>\n","protected":false},"excerpt":{"rendered":"<p>Sveiki atvyk\u0119 \u012f transporto parko valdymo sistemos (TPVS) internetin\u012f vartotojo vadov\u0105! \u0160is vadovas sukurtas specialiai ir patyrusiems, ir naujiems vartotojams, kad jie gal\u0117t\u0173 greitai surasti informacij\u0105 apie \u012fvairius TPVS modulius ir funkcijas. \u0160iame vadove taip pat pateikiama informacija apie programas, suderinamas su TPVS, kurios padidina bendr\u0105 funkcionalum\u0105. \u017demiau pristatomi \u012frankiai, kurie skirti greitai surasti reikiam\u0105 &hellip; <a href=\"https:\/\/www.fmsdocumentation.com\/lt\/\" class=\"more-link\">Skaityti toliau: <span class=\"screen-reader-text\">TPVS vartotojo vadovas<\/span><\/a><\/p>\n","protected":false},"author":1,"featured_media":0,"parent":0,"menu_order":2,"comment_status":"closed","ping_status":"closed","template":"","meta":{"footnotes":""},"class_list":["post-1176","page","type-page","status-publish","hentry"],"_links":{"self":[{"href":"https:\/\/www.fmsdocumentation.com\/lt\/wp-json\/wp\/v2\/pages\/1176","targetHints":{"allow":["GET"]}}],"collection":[{"href":"https:\/\/www.fmsdocumentation.com\/lt\/wp-json\/wp\/v2\/pages"}],"about":[{"href":"https:\/\/www.fmsdocumentation.com\/lt\/wp-json\/wp\/v2\/types\/page"}],"author":[{"embeddable":true,"href":"https:\/\/www.fmsdocumentation.com\/lt\/wp-json\/wp\/v2\/users\/1"}],"replies":[{"embeddable":true,"href":"https:\/\/www.fmsdocumentation.com\/lt\/wp-json\/wp\/v2\/comments?post=1176"}],"version-history":[{"count":12,"href":"https:\/\/www.fmsdocumentation.com\/lt\/wp-json\/wp\/v2\/pages\/1176\/revisions"}],"predecessor-version":[{"id":7391,"href":"https:\/\/www.fmsdocumentation.com\/lt\/wp-json\/wp\/v2\/pages\/1176\/revisions\/7391"}],"wp:attachment":[{"href":"https:\/\/www.fmsdocumentation.com\/lt\/wp-json\/wp\/v2\/media?parent=1176"}],"curies":[{"name":"wp","href":"https:\/\/api.w.org\/{rel}","templated":true}]}}