{"id":1183,"date":"2017-10-02T04:55:52","date_gmt":"2017-10-02T04:55:52","guid":{"rendered":"http:\/\/www.fmsdocumentation.com\/?page_id=1183"},"modified":"2020-06-02T09:24:07","modified_gmt":"2020-06-02T06:24:07","slug":"pagrindai","status":"publish","type":"page","link":"https:\/\/www.fmsdocumentation.com\/lt\/pagrindai\/","title":{"rendered":"Pagrindai"},"content":{"rendered":"<p>\u0160iame skyriuje vartotojas gali rasti pagrindin\u0119 informacij\u0105, kaip naudotis TPVS, pavyzd\u017eiui:<\/p>\n<ul>\n<li>Kaip prisijungti prie sistemos;<\/li>\n<li>Kaip atsijungti nuo sistemos;<\/li>\n<li>Kur rasti \u0161\u012f vadov\u0105 TPVS;<\/li>\n<li>Program\u0117l\u0117s, veikian\u010dios su TPVS;<\/li>\n<li>Pagrindin\u0117 informacija apie mobili\u0105j\u0105 TPVS versij\u0105;<\/li>\n<li>Funkcij\u0173 apribojimai, priklausomai nuo pasirinkto mok\u0117jimo plano.<\/li>\n<\/ul>\n<p>Visa informacija yra pa\u017eingsniui apra\u0161yta atskiruose vadovo skyriuose.<\/p>\n<hr \/>\n<p><div class=\"alignleft\"><a href=\"https:\/\/www.fmsdocumentation.com\/lt\/\" title=\"TPVS vartotojo vadovas\"><span class=\"arrow\">\u2039 &nbsp <\/span> TPVS vartotojo vadovas <\/a><\/div> <div class=\"alignright\"><a href=\"https:\/\/www.fmsdocumentation.com\/lt\/pagrindai\/prisijungimo-puslapis\/\" title=\"Prisijungimo puslapis\">Prisijungimo puslapis <span class=\"arrow\"> &nbsp\u203a <\/span> <\/a><\/div><\/p>\n","protected":false},"excerpt":{"rendered":"<p>\u0160iame skyriuje vartotojas gali rasti pagrindin\u0119 informacij\u0105, kaip naudotis TPVS, pavyzd\u017eiui: Kaip prisijungti prie sistemos; Kaip atsijungti nuo sistemos; Kur rasti \u0161\u012f vadov\u0105 TPVS; Program\u0117l\u0117s, veikian\u010dios su TPVS; Pagrindin\u0117 informacija apie mobili\u0105j\u0105 TPVS versij\u0105; Funkcij\u0173 apribojimai, priklausomai nuo pasirinkto mok\u0117jimo plano. Visa informacija yra pa\u017eingsniui apra\u0161yta atskiruose vadovo skyriuose.<\/p>\n","protected":false},"author":1,"featured_media":0,"parent":0,"menu_order":13,"comment_status":"closed","ping_status":"closed","template":"","meta":{"footnotes":""},"class_list":["post-1183","page","type-page","status-publish","hentry"],"_links":{"self":[{"href":"https:\/\/www.fmsdocumentation.com\/lt\/wp-json\/wp\/v2\/pages\/1183","targetHints":{"allow":["GET"]}}],"collection":[{"href":"https:\/\/www.fmsdocumentation.com\/lt\/wp-json\/wp\/v2\/pages"}],"about":[{"href":"https:\/\/www.fmsdocumentation.com\/lt\/wp-json\/wp\/v2\/types\/page"}],"author":[{"embeddable":true,"href":"https:\/\/www.fmsdocumentation.com\/lt\/wp-json\/wp\/v2\/users\/1"}],"replies":[{"embeddable":true,"href":"https:\/\/www.fmsdocumentation.com\/lt\/wp-json\/wp\/v2\/comments?post=1183"}],"version-history":[{"count":8,"href":"https:\/\/www.fmsdocumentation.com\/lt\/wp-json\/wp\/v2\/pages\/1183\/revisions"}],"predecessor-version":[{"id":7431,"href":"https:\/\/www.fmsdocumentation.com\/lt\/wp-json\/wp\/v2\/pages\/1183\/revisions\/7431"}],"wp:attachment":[{"href":"https:\/\/www.fmsdocumentation.com\/lt\/wp-json\/wp\/v2\/media?parent=1183"}],"curies":[{"name":"wp","href":"https:\/\/api.w.org\/{rel}","templated":true}]}}