{"id":1196,"date":"2017-10-02T05:19:24","date_gmt":"2017-10-02T05:19:24","guid":{"rendered":"http:\/\/www.fmsdocumentation.com\/?page_id=1196"},"modified":"2019-03-18T11:24:36","modified_gmt":"2019-03-18T09:24:36","slug":"mobilioji-programele","status":"publish","type":"page","link":"https:\/\/www.fmsdocumentation.com\/lt\/pagrindai\/mobilioji-programele\/","title":{"rendered":"Mobilioji program\u0117l\u0117"},"content":{"rendered":"<p>TPVS galima naudotis per mobili\u0105j\u0105 program\u0117l\u0119, sukurt\u0105 siekiant palengvinti transporto parko valdymo sistemos naudojim\u0105 mobiliems vartotojams. \u0160i program\u0117l\u0117 i\u0161 esm\u0117s yra tokia pati kaip ir transporto parko valdymo sistemos mobilioji versija, kuri\u0105 vartotojai mato nar\u0161ykl\u0117je, ta\u010diau \u0161iuo atveju nar\u0161ykl\u0117 nereikalinga. Yra vienas pagrindinis mobiliosios program\u0117l\u0117s reikalavimas:<\/p>\n<ul>\n<li>Interneto ry\u0161ys.<\/li>\n<\/ul>\n<p><a href=\"https:\/\/www.fmsdocumentation.com\/wp-content\/uploads\/2019\/03\/tt-logo-1-2.png\"><img loading=\"lazy\" decoding=\"async\" class=\"alignnone size-full wp-image-7400\" src=\"https:\/\/www.fmsdocumentation.com\/wp-content\/uploads\/2019\/03\/tt-logo-1-2.png\" alt=\"\" width=\"300\" height=\"325\" srcset=\"https:\/\/www.fmsdocumentation.com\/wp-content\/uploads\/2019\/03\/tt-logo-1-2.png 300w, https:\/\/www.fmsdocumentation.com\/wp-content\/uploads\/2019\/03\/tt-logo-1-2-277x300.png 277w\" sizes=\"auto, (max-width: 300px) 100vw, 300px\" \/><\/a><\/p>\n<p>Mobiliosios program\u0117l\u0117s funkcijos:<\/p>\n<ul>\n<li>Galimyb\u0117 nustatyti pagrindin\u012f transporto parko valdymo sistemos server\u012f. Apra\u0161yta puslapyje <a href=\"https:\/\/www.fmsdocumentation.com\/lt\/mobiliosios-programeles-naudojimas\/?lang=lt\">\u201eMobiliosios program\u0117l\u0117s naudojimas\u201c<\/a>.<\/li>\n<li>Pilnas funkcionalumas, identi\u0161kas mobiliajai TPVS versijai. \u00a0Mobiliosios versijos apribojimai apra\u0161yti puslapyje <a href=\"https:\/\/www.fmsdocumentation.com\/lt\/pagrindai\/mobiliojo-naudojimo-apribojimai\/?lang=lt\">\u201eMobiliojo naudojimo apribojimai\u201c<\/a>.<\/li>\n<\/ul>\n<p>Trumpas mobiliosios program\u0117l\u0117s naudojimo apra\u0161ymas pateiktas skyriuje <a href=\"https:\/\/www.fmsdocumentation.com\/lt\/mobiliosios-programeles-naudojimas\/?lang=lt\">\u201eMobiliosios program\u0117l\u0117s naudojimas\u201c<\/a>.<\/p>\n<p style=\"background-color: #2e67b1; color: #ffffff; padding-left: 10px; padding-right: 10px;\"><p class=\"note\">Pastaba<br \/>\nMobilioji program\u0117l\u0117 nepalaiko aktyvi\u0173j\u0173 prane\u0161im\u0173. Tod\u0117l \u012fsp\u0117jimai apie \u017einutes, \u012fvykius ar pan. nebus rodomi vartotojo telefone.<\/p><\/p>\n<p>Mobili\u0105j\u0105 program\u0117l\u0119 galima atsisi\u0173sti i\u0161 <a href=\"https:\/\/play.google.com\/store\/apps\/details?id=com.ruptela.mobile.trusttrack\">\u201eGoogle Play Store\u201c<\/a>.<\/p>\n<hr \/>\n<p><div class=\"alignleft\"><a href=\"https:\/\/www.fmsdocumentation.com\/lt\/pagrindai\/atsijungimas\/\" title=\"Atsijungimas\"><span class=\"arrow\">\u2039 &nbsp <\/span> Atsijungimas <\/a><\/div> <div class=\"alignright\"><a href=\"https:\/\/www.fmsdocumentation.com\/lt\/pagrindai\/mobiliojo-naudojimo-apribojimai\/\" title=\"Mobiliojo naudojimo apribojimai\">Mobiliojo naudojimo apribojimai <span class=\"arrow\"> &nbsp\u203a <\/span> <\/a><\/div><\/p>\n","protected":false},"excerpt":{"rendered":"<p>TPVS galima naudotis per mobili\u0105j\u0105 program\u0117l\u0119, sukurt\u0105 siekiant palengvinti transporto parko valdymo sistemos naudojim\u0105 mobiliems vartotojams. \u0160i program\u0117l\u0117 i\u0161 esm\u0117s yra tokia pati kaip ir transporto parko valdymo sistemos mobilioji versija, kuri\u0105 vartotojai mato nar\u0161ykl\u0117je, ta\u010diau \u0161iuo atveju nar\u0161ykl\u0117 nereikalinga. Yra vienas pagrindinis mobiliosios program\u0117l\u0117s reikalavimas: Interneto ry\u0161ys. Mobiliosios program\u0117l\u0117s funkcijos: Galimyb\u0117 nustatyti pagrindin\u012f transporto &hellip; <a href=\"https:\/\/www.fmsdocumentation.com\/lt\/pagrindai\/mobilioji-programele\/\" class=\"more-link\">Skaityti toliau: <span class=\"screen-reader-text\">Mobilioji program\u0117l\u0117<\/span><\/a><\/p>\n","protected":false},"author":1,"featured_media":0,"parent":1183,"menu_order":4,"comment_status":"closed","ping_status":"closed","template":"","meta":{"footnotes":""},"class_list":["post-1196","page","type-page","status-publish","hentry"],"_links":{"self":[{"href":"https:\/\/www.fmsdocumentation.com\/lt\/wp-json\/wp\/v2\/pages\/1196","targetHints":{"allow":["GET"]}}],"collection":[{"href":"https:\/\/www.fmsdocumentation.com\/lt\/wp-json\/wp\/v2\/pages"}],"about":[{"href":"https:\/\/www.fmsdocumentation.com\/lt\/wp-json\/wp\/v2\/types\/page"}],"author":[{"embeddable":true,"href":"https:\/\/www.fmsdocumentation.com\/lt\/wp-json\/wp\/v2\/users\/1"}],"replies":[{"embeddable":true,"href":"https:\/\/www.fmsdocumentation.com\/lt\/wp-json\/wp\/v2\/comments?post=1196"}],"version-history":[{"count":16,"href":"https:\/\/www.fmsdocumentation.com\/lt\/wp-json\/wp\/v2\/pages\/1196\/revisions"}],"predecessor-version":[{"id":7432,"href":"https:\/\/www.fmsdocumentation.com\/lt\/wp-json\/wp\/v2\/pages\/1196\/revisions\/7432"}],"up":[{"embeddable":true,"href":"https:\/\/www.fmsdocumentation.com\/lt\/wp-json\/wp\/v2\/pages\/1183"}],"wp:attachment":[{"href":"https:\/\/www.fmsdocumentation.com\/lt\/wp-json\/wp\/v2\/media?parent=1196"}],"curies":[{"name":"wp","href":"https:\/\/api.w.org\/{rel}","templated":true}]}}