{"id":1199,"date":"2017-10-02T05:28:30","date_gmt":"2017-10-02T05:28:30","guid":{"rendered":"http:\/\/www.fmsdocumentation.com\/?page_id=1199"},"modified":"2019-03-18T10:57:25","modified_gmt":"2019-03-18T08:57:25","slug":"mobiliojo-naudojimo-apribojimai","status":"publish","type":"page","link":"https:\/\/www.fmsdocumentation.com\/lt\/pagrindai\/mobiliojo-naudojimo-apribojimai\/","title":{"rendered":"Mobiliojo naudojimo apribojimai"},"content":{"rendered":"<p>Transporto parko valdymo sistema palaiko mobili\u0105j\u0105 sistemos versij\u0105, kuri turi kelet\u0105 apribojim\u0173. Kai kurie moduliai ir funkcijos, kuriems reikia didesn\u0117s ekrano rai\u0161kos, mobiliojoje versijoje yra i\u0161jungti.<\/p>\n<p>Tarp i\u0161jungt\u0173 funkcij\u0173 ir moduli\u0173 yra \u0161ie:<\/p>\n<ul>\n<li>Aptarnavimo u\u017eduo\u010di\u0173 modulis \u2013\u00a0 aptarnavimo u\u017eduotys, priskirtos transporto priemon\u0117ms, bus rodomos ap\u017evalgos modulyje \u2013 aptarnavimo skyriuje.<\/li>\n<li>Ataskait\u0173 modulis.<\/li>\n<li>\u201eEco-Drive\u201c modulis.<\/li>\n<li>Tachografo byl\u0173 atsisiuntimas i\u0161 HCV transporto priemoni\u0173.<\/li>\n<li>Analiz\u0117 pagal koordinates istorijos ap\u017evalgoje.<\/li>\n<li>Diagramos kuro ap\u017evalgoje.<\/li>\n<li>Aptarnavimo u\u017eduo\u010di\u0173 redagavimas aptarnavimo ap\u017evalgoje.<\/li>\n<li>Vairuotoj\u0173 k\u016brimas ar redagavimas vairuotoj\u0173 meniu.<\/li>\n<li>Masinis prane\u0161im\u0173 siuntimas komunikacijos meniu.<\/li>\n<li>U\u017eduo\u010di\u0173 k\u016brimas ar redagavimas u\u017eduo\u010di\u0173 meniu.<\/li>\n<li>Geozon\u0173 k\u016brimas ar redagavimas geozon\u0173 meniu.<\/li>\n<li>\u012evyki\u0173 k\u016brimas ar redagavimas \u2013 leid\u017eiama \u012fjungti \/ i\u0161jungti \u012fvykius.<\/li>\n<\/ul>\n<p>Kita svarbi informacija, susijusi su mobiliosios program\u0117l\u0117s naudojimu, apra\u0161yta puslapyje <a href=\"https:\/\/www.fmsdocumentation.com\/lt\/mobiliosios-programeles-naudojimas\/?lang=lt\">\u201eMobiliosios program\u0117l\u0117s naudojimas\u201c<\/a>.<\/p>\n<hr \/>\n<p><div class=\"alignleft\"><a href=\"https:\/\/www.fmsdocumentation.com\/lt\/pagrindai\/mobilioji-programele\/\" title=\"Mobilioji program\u0117l\u0117\"><span class=\"arrow\">\u2039 &nbsp <\/span> Mobilioji program\u0117l\u0117 <\/a><\/div> <div class=\"alignright\"><a href=\"https:\/\/www.fmsdocumentation.com\/lt\/pagrindai\/mokejimo-planai\/\" title=\"Mok\u0117jimo planai\">Mok\u0117jimo planai <span class=\"arrow\"> &nbsp\u203a <\/span> <\/a><\/div><\/p>\n","protected":false},"excerpt":{"rendered":"<p>Transporto parko valdymo sistema palaiko mobili\u0105j\u0105 sistemos versij\u0105, kuri turi kelet\u0105 apribojim\u0173. Kai kurie moduliai ir funkcijos, kuriems reikia didesn\u0117s ekrano rai\u0161kos, mobiliojoje versijoje yra i\u0161jungti. Tarp i\u0161jungt\u0173 funkcij\u0173 ir moduli\u0173 yra \u0161ie: Aptarnavimo u\u017eduo\u010di\u0173 modulis \u2013\u00a0 aptarnavimo u\u017eduotys, priskirtos transporto priemon\u0117ms, bus rodomos ap\u017evalgos modulyje \u2013 aptarnavimo skyriuje. Ataskait\u0173 modulis. \u201eEco-Drive\u201c modulis. Tachografo byl\u0173 &hellip; <a href=\"https:\/\/www.fmsdocumentation.com\/lt\/pagrindai\/mobiliojo-naudojimo-apribojimai\/\" class=\"more-link\">Skaityti toliau: <span class=\"screen-reader-text\">Mobiliojo naudojimo apribojimai<\/span><\/a><\/p>\n","protected":false},"author":1,"featured_media":0,"parent":1183,"menu_order":5,"comment_status":"closed","ping_status":"closed","template":"","meta":{"footnotes":""},"class_list":["post-1199","page","type-page","status-publish","hentry"],"_links":{"self":[{"href":"https:\/\/www.fmsdocumentation.com\/lt\/wp-json\/wp\/v2\/pages\/1199","targetHints":{"allow":["GET"]}}],"collection":[{"href":"https:\/\/www.fmsdocumentation.com\/lt\/wp-json\/wp\/v2\/pages"}],"about":[{"href":"https:\/\/www.fmsdocumentation.com\/lt\/wp-json\/wp\/v2\/types\/page"}],"author":[{"embeddable":true,"href":"https:\/\/www.fmsdocumentation.com\/lt\/wp-json\/wp\/v2\/users\/1"}],"replies":[{"embeddable":true,"href":"https:\/\/www.fmsdocumentation.com\/lt\/wp-json\/wp\/v2\/comments?post=1199"}],"version-history":[{"count":7,"href":"https:\/\/www.fmsdocumentation.com\/lt\/wp-json\/wp\/v2\/pages\/1199\/revisions"}],"predecessor-version":[{"id":7402,"href":"https:\/\/www.fmsdocumentation.com\/lt\/wp-json\/wp\/v2\/pages\/1199\/revisions\/7402"}],"up":[{"embeddable":true,"href":"https:\/\/www.fmsdocumentation.com\/lt\/wp-json\/wp\/v2\/pages\/1183"}],"wp:attachment":[{"href":"https:\/\/www.fmsdocumentation.com\/lt\/wp-json\/wp\/v2\/media?parent=1199"}],"curies":[{"name":"wp","href":"https:\/\/api.w.org\/{rel}","templated":true}]}}