{"id":1202,"date":"2017-10-02T05:32:22","date_gmt":"2017-10-02T05:32:22","guid":{"rendered":"http:\/\/www.fmsdocumentation.com\/?page_id=1202"},"modified":"2019-07-22T16:21:16","modified_gmt":"2019-07-22T14:21:16","slug":"mokejimo-planai","status":"publish","type":"page","link":"https:\/\/www.fmsdocumentation.com\/lt\/pagrindai\/mokejimo-planai\/","title":{"rendered":"Mok\u0117jimo planai"},"content":{"rendered":"<p>Mok\u0117jimo planai taikomi kiekvienam parko objektui atskirai. Tai rei\u0161kia, kad vienas vartotojas gali tur\u0117ti objekt\u0173 su auk\u0161tesnio ir \u017eemesnio lygio planais. Tai patogu tais atvejais, kai tam tikroms transporto priemon\u0117ms reikia papildomos kontrol\u0117s ir d\u0117mesio, o kitoms pakanka \u012fprasto steb\u0117jimo.\u00a0Objekt\u0173 (transporto priemoni\u0173) funkcionalumas priklauso nuo pasirinkto mok\u0117jimo plano. Auk\u0161tesnio lygio mok\u0117jimo planas nesuteiks papildom\u0173 funkcij\u0173 objektams su \u017eemesnio lygio planu.<\/p>\n<p style=\"background-color: #2e67b1; color: #ffffff; padding-left: 10px; padding-right: 10px;\"><p class=\"note\">Pavyzdys: Objekto A planas \u2013 \u201ePremium\u201c, o objekto B \u2013 &#8220;Bazinis Plius&#8221;. Vartotojas gal\u0117s per\u017ei\u016br\u0117ti \u201eEco-Drive\u201c duomenis objektui A, ta\u010diau negal\u0117s j\u0173 matyti\u00a0 objektui B, kadangi \u201eEco-Drive\u201c modulio n\u0117ra &#8220;Bazinis Plius&#8221; plane.<\/p><\/p>\n<p>\u0160iuo metu yra keturi atsiskaitymo planai:<\/p>\n<ul>\n<li>Bazinis<\/li>\n<li>Bazinis Plius<\/li>\n<li>Standartinis<\/li>\n<li>Premium<\/li>\n<\/ul>\n<p style=\"background-color: #2e67b1; color: #ffffff; padding-left: 10px; padding-right: 10px;\"><p class=\"note\">Pastaba<br \/>\nVisos funkcijos, suteikiamos naudojantis \u017eemesniu planu, taip pat galioja ir auk\u0161tesniam planui. \u012e \u201ePremium\u201c plan\u0105 taip pat \u012feina visos plan\u0173 \u201eStandartinis\u201c, &#8220;Bazinis Plius&#8221; ir &#8220;Bazinis\u201c funkcijos.<\/p><\/p>\n<p>\u017demiau esan\u010diame paveiksl\u0117lyje pateiktos kiekvieno plano funkcijos:<\/p>\n\n<table id=\"tablepress-145\" class=\"tablepress tablepress-id-145\">\n<thead>\n<tr class=\"row-1 odd\">\n\t<th class=\"column-1\">Funkcionalumos\/Mok\u0117jimo planas<\/th><th class=\"column-2\">Bazinis<\/th><th class=\"column-3\">Bazinis Plius<\/th><th class=\"column-4\">Standartinis<\/th><th class=\"column-5\">Premium<\/th>\n<\/tr>\n<\/thead>\n<tbody class=\"row-hover\">\n<tr class=\"row-2 even\">\n\t<td class=\"column-1\">Kelion\u0117s ataskaita<\/td><td class=\"column-2\">+<\/td><td class=\"column-3\">+<\/td><td class=\"column-4\">+<\/td><td class=\"column-5\">+<\/td>\n<\/tr>\n<tr class=\"row-3 odd\">\n\t<td class=\"column-1\">Darbo valand\u0173 ataskaita<\/td><td class=\"column-2\">+<\/td><td class=\"column-3\">+<\/td><td class=\"column-4\">+<\/td><td class=\"column-5\">+<\/td>\n<\/tr>\n<tr class=\"row-4 even\">\n\t<td class=\"column-1\">Mar\u0161rutai nuo A iki B<\/td><td class=\"column-2\">+<\/td><td class=\"column-3\">+<\/td><td class=\"column-4\">+<\/td><td class=\"column-5\">+<\/td>\n<\/tr>\n<tr class=\"row-5 odd\">\n\t<td class=\"column-1\">\u012evyki\u0173 ataskaita<\/td><td class=\"column-2\"><\/td><td class=\"column-3\">+<\/td><td class=\"column-4\">+<\/td><td class=\"column-5\">+<\/td>\n<\/tr>\n<tr class=\"row-6 even\">\n\t<td class=\"column-1\">Temperat\u016br\u0173 ataskaita<\/td><td class=\"column-2\"><\/td><td class=\"column-3\">+<\/td><td class=\"column-4\">+<\/td><td class=\"column-5\">+<\/td>\n<\/tr>\n<tr class=\"row-7 odd\">\n\t<td class=\"column-1\">Google \u017eem\u0117lapiai<\/td><td class=\"column-2\"><\/td><td class=\"column-3\">+<\/td><td class=\"column-4\">+<\/td><td class=\"column-5\">+<\/td>\n<\/tr>\n<tr class=\"row-8 even\">\n\t<td class=\"column-1\">U\u017eduo\u010di\u0173 valdymas<\/td><td class=\"column-2\"><\/td><td class=\"column-3\">+<\/td><td class=\"column-4\">+<\/td><td class=\"column-5\">+<\/td>\n<\/tr>\n<tr class=\"row-9 odd\">\n\t<td class=\"column-1\">U\u017esakym\u0173 valdymas<\/td><td class=\"column-2\"><\/td><td class=\"column-3\">+<\/td><td class=\"column-4\">+<\/td><td class=\"column-5\">+<\/td>\n<\/tr>\n<tr class=\"row-10 even\">\n\t<td class=\"column-1\">Kuro bako modulis<\/td><td class=\"column-2\"><\/td><td class=\"column-3\">+<\/td><td class=\"column-4\">+<\/td><td class=\"column-5\">+<\/td>\n<\/tr>\n<tr class=\"row-11 odd\">\n\t<td class=\"column-1\">I\u0161orin\u0117s API<\/td><td class=\"column-2\"><\/td><td class=\"column-3\">+<\/td><td class=\"column-4\">+<\/td><td class=\"column-5\">+<\/td>\n<\/tr>\n<tr class=\"row-12 even\">\n\t<td class=\"column-1\">Kelion\u0117s santraukos ataskaita<\/td><td class=\"column-2\"><\/td><td class=\"column-3\"><\/td><td class=\"column-4\">+<\/td><td class=\"column-5\">+<\/td>\n<\/tr>\n<tr class=\"row-13 odd\">\n\t<td class=\"column-1\">Geozon\u0173 ataskaita<\/td><td class=\"column-2\"><\/td><td class=\"column-3\"><\/td><td class=\"column-4\">+<\/td><td class=\"column-5\">+<\/td>\n<\/tr>\n<tr class=\"row-14 even\">\n\t<td class=\"column-1\">Kuro bako ataskaita<\/td><td class=\"column-2\"><\/td><td class=\"column-3\"><\/td><td class=\"column-4\">+<\/td><td class=\"column-5\">+<\/td>\n<\/tr>\n<tr class=\"row-15 odd\">\n\t<td class=\"column-1\">Eco-Drive modulis<\/td><td class=\"column-2\"><\/td><td class=\"column-3\"><\/td><td class=\"column-4\">+<\/td><td class=\"column-5\">+<\/td>\n<\/tr>\n<tr class=\"row-16 even\">\n\t<td class=\"column-1\">Aptarnavimo u\u017eduo\u010di\u0173 modulis<\/td><td class=\"column-2\"><\/td><td class=\"column-3\"><\/td><td class=\"column-4\">+<\/td><td class=\"column-5\">+<\/td>\n<\/tr>\n<tr class=\"row-17 odd\">\n\t<td class=\"column-1\">Tachografo fail\u0173 atsisiuntimas (.ddd)<\/td><td class=\"column-2\"><\/td><td class=\"column-3\"><\/td><td class=\"column-4\">+<\/td><td class=\"column-5\">+<\/td>\n<\/tr>\n<tr class=\"row-18 even\">\n\t<td class=\"column-1\">Laiko analiz\u0117<\/td><td class=\"column-2\"><\/td><td class=\"column-3\"><\/td><td class=\"column-4\">+<\/td><td class=\"column-5\">+<\/td>\n<\/tr>\n<tr class=\"row-19 odd\">\n\t<td class=\"column-1\">Laiko analiz\u0117s ap\u017evalga<\/td><td class=\"column-2\"><\/td><td class=\"column-3\"><\/td><td class=\"column-4\">+<\/td><td class=\"column-5\">+<\/td>\n<\/tr>\n<tr class=\"row-20 even\">\n\t<td class=\"column-1\">OnTrack vairuotojo program\u0117l\u0117<\/td><td class=\"column-2\"><\/td><td class=\"column-3\"><\/td><td class=\"column-4\">+<\/td><td class=\"column-5\">+<\/td>\n<\/tr>\n<tr class=\"row-21 odd\">\n\t<td class=\"column-1\">Eco-Drive ataskaita<\/td><td class=\"column-2\"><\/td><td class=\"column-3\"><\/td><td class=\"column-4\">+<\/td><td class=\"column-5\">+<\/td>\n<\/tr>\n<tr class=\"row-22 even\">\n\t<td class=\"column-1\">Vir\u0161yt\u0173 parametr\u0173 ataskaita<\/td><td class=\"column-2\"><\/td><td class=\"column-3\"><\/td><td class=\"column-4\">+<\/td><td class=\"column-5\">+<\/td>\n<\/tr>\n<tr class=\"row-23 odd\">\n\t<td class=\"column-1\">TimoCom integracija<\/td><td class=\"column-2\"><\/td><td class=\"column-3\"><\/td><td class=\"column-4\">+<\/td><td class=\"column-5\">+<\/td>\n<\/tr>\n<tr class=\"row-24 even\">\n\t<td class=\"column-1\">Vairuotojo darbo laiko ataskaita<\/td><td class=\"column-2\"><\/td><td class=\"column-3\"><\/td><td class=\"column-4\"><\/td><td class=\"column-5\">+<\/td>\n<\/tr>\n<tr class=\"row-25 odd\">\n\t<td class=\"column-1\">Darbo laiko apskaitos \u017einiara\u0161tis<\/td><td class=\"column-2\"><\/td><td class=\"column-3\"><\/td><td class=\"column-4\"><\/td><td class=\"column-5\">+<\/td>\n<\/tr>\n<tr class=\"row-26 even\">\n\t<td class=\"column-1\">\u0160ali\u0173 ataskaita<\/td><td class=\"column-2\"><\/td><td class=\"column-3\"><\/td><td class=\"column-4\"><\/td><td class=\"column-5\">+<\/td>\n<\/tr>\n<\/tbody>\n<\/table>\n<!-- #tablepress-145 from cache -->\n<p>Tam tikrais atvejais, kai vartotojas turi tik transporto priemones su \u017eemiausiu planu, kai kurie \u0161ioje instrukcijoje apra\u0161yti moduliai ir funkcijos gali b\u016bti visai nerodomi (valdymo \u0161onin\u0117je juostose valdymo piktogramos nebus rodomos). Jei bent vienai transporto priemonei pasirinktas auk\u0161\u010diausias planas, rodomi visi moduliai ir funkcijos, ta\u010diau jie prieinami tik objektams su atitinkamu planu.<\/p>\n<p style=\"background-color: #2e67b1; color: #ffffff; padding-left: 10px; padding-right: 10px;\"><p class=\"note\">Pastaba<br \/>\nTais atvejais, kai vartotojas auk\u0161tesn\u012f objekto plan\u0105 pakei\u010dia \u012f \u017eemesn\u012f, pavyzd\u017eiui, \u201eStandartinis\u201c \u012f \u201eBazinis Plius\u201c, duomenys, kurie buvo matomi naudojantis auk\u0161tesniu planu, bus i\u0161trinti ir neatkuriami. \u0160iuo atveju tai apima \u201eEco-Drive\u201c duomenis, kelion\u0117s santrauk\u0105, geozonas ir kuro ataskaitas, taip pat atsisi\u0173stus tachografo duomenis bei aptarnavimo darbus.<\/p><\/p>\n<p>Klientai bus informuojami apie neatliktus mok\u0117jimus u\u017e paslaugas i\u0161 karto prisijung\u0119 prie sistemos, su i\u0161\u0161okan\u010diu langu. Sistema taip pat informuos vartotoj\u0105, kiek ir iki kada jis turi sumok\u0117ti u\u017e paslaugas. Jei mok\u0117jimas neatliekamas per nustatyt\u0105 laikotarp\u012f, naudotojo prieiga prie transporto parko valdymo sistemos bus u\u017eblokuota. Nor\u0117dami pakeisti objekto plan\u0105, atblokuoti neapmok\u0117t\u0105 paskyr\u0105 ar turite kit\u0173 klausim\u0173 d\u0117l mok\u0117jimo ar administravimo, susisiekite su savo paslaugos teik\u0117ju.<\/p>\n<hr \/>\n<p><div class=\"alignleft\"><a href=\"https:\/\/www.fmsdocumentation.com\/lt\/pagrindai\/mobiliojo-naudojimo-apribojimai\/\" title=\"Mobiliojo naudojimo apribojimai\"><span class=\"arrow\">\u2039 &nbsp <\/span> Mobiliojo naudojimo apribojimai <\/a><\/div> <div class=\"alignright\"><a href=\"https:\/\/www.fmsdocumentation.com\/lt\/pagrindai\/papildomos-salygos\/\" title=\"Papildomos s\u0105lygos\">Papildomos s\u0105lygos <span class=\"arrow\"> &nbsp\u203a <\/span> <\/a><\/div><\/p>\n","protected":false},"excerpt":{"rendered":"<p>Mok\u0117jimo planai taikomi kiekvienam parko objektui atskirai. Tai rei\u0161kia, kad vienas vartotojas gali tur\u0117ti objekt\u0173 su auk\u0161tesnio ir \u017eemesnio lygio planais. Tai patogu tais atvejais, kai tam tikroms transporto priemon\u0117ms reikia papildomos kontrol\u0117s ir d\u0117mesio, o kitoms pakanka \u012fprasto steb\u0117jimo.\u00a0Objekt\u0173 (transporto priemoni\u0173) funkcionalumas priklauso nuo pasirinkto mok\u0117jimo plano. Auk\u0161tesnio lygio mok\u0117jimo planas nesuteiks papildom\u0173 funkcij\u0173 &hellip; <a href=\"https:\/\/www.fmsdocumentation.com\/lt\/pagrindai\/mokejimo-planai\/\" class=\"more-link\">Skaityti toliau: <span class=\"screen-reader-text\">Mok\u0117jimo planai<\/span><\/a><\/p>\n","protected":false},"author":1,"featured_media":0,"parent":1183,"menu_order":6,"comment_status":"closed","ping_status":"closed","template":"","meta":{"footnotes":""},"class_list":["post-1202","page","type-page","status-publish","hentry"],"_links":{"self":[{"href":"https:\/\/www.fmsdocumentation.com\/lt\/wp-json\/wp\/v2\/pages\/1202","targetHints":{"allow":["GET"]}}],"collection":[{"href":"https:\/\/www.fmsdocumentation.com\/lt\/wp-json\/wp\/v2\/pages"}],"about":[{"href":"https:\/\/www.fmsdocumentation.com\/lt\/wp-json\/wp\/v2\/types\/page"}],"author":[{"embeddable":true,"href":"https:\/\/www.fmsdocumentation.com\/lt\/wp-json\/wp\/v2\/users\/1"}],"replies":[{"embeddable":true,"href":"https:\/\/www.fmsdocumentation.com\/lt\/wp-json\/wp\/v2\/comments?post=1202"}],"version-history":[{"count":12,"href":"https:\/\/www.fmsdocumentation.com\/lt\/wp-json\/wp\/v2\/pages\/1202\/revisions"}],"predecessor-version":[{"id":8195,"href":"https:\/\/www.fmsdocumentation.com\/lt\/wp-json\/wp\/v2\/pages\/1202\/revisions\/8195"}],"up":[{"embeddable":true,"href":"https:\/\/www.fmsdocumentation.com\/lt\/wp-json\/wp\/v2\/pages\/1183"}],"wp:attachment":[{"href":"https:\/\/www.fmsdocumentation.com\/lt\/wp-json\/wp\/v2\/media?parent=1202"}],"curies":[{"name":"wp","href":"https:\/\/api.w.org\/{rel}","templated":true}]}}