{"id":1205,"date":"2017-10-02T05:58:10","date_gmt":"2017-10-02T05:58:10","guid":{"rendered":"http:\/\/www.fmsdocumentation.com\/?page_id=1205"},"modified":"2020-06-09T14:21:46","modified_gmt":"2020-06-09T11:21:46","slug":"pagrindinis-tpvs-langas","status":"publish","type":"page","link":"https:\/\/www.fmsdocumentation.com\/lt\/pagrindinis-tpvs-langas\/","title":{"rendered":"Pagrindinis TPVS langas"},"content":{"rendered":"<p>S\u0117kmingai prisijungus, prie\u0161 jus pateikiamas pagrindinis TPVS sistemos langas. \u0160iame lange yra du pagrindiniai sistemos komponentai ir keturi greitos prieigos \u012frankiai:<\/p>\n<ol>\n<li>\u017dem\u0117lapis ir \u0161oninis valdymo skydelis \u2013 apra\u0161yti kituose skyriuose;<\/li>\n<li>Paie\u0161kos juosta \u2013 apra\u0161yta skyriuje <a href=\"https:\/\/www.fmsdocumentation.com\/lt\/pagrindinis-tpvs-langas\/paieskos-juosta\/?lang=lt\">&#8220;Paie\u0161kos juosta\u201c;<\/a><\/li>\n<li>Nuoroda \u012f internetin\u012f TPVS vadov\u0105;<\/li>\n<li>\u017diniatinklio naudotojai \u2013 \u0161i piktograma rodoma tik tuomet, jei yra prisijung\u0119s vartotojas, turintis administratoriaus teises,\u00a0apra\u0161ymas pateiktas <a href=\"https:\/\/www.fmsdocumentation.com\/lt\/pagrindinis-tpvs-langas\/ziniatinklio-vartotoju-sarasas\/?lang=lt\">\u010dia;<\/a><\/li>\n<li>\u012esp\u0117jim\u0173 mygtukas \u2013 rodomas esamas neperskaityt\u0173 \u012fsp\u0117jim\u0173 skai\u010dius, vartotojas gali juos perskaityti, apra\u0161ymas pateiktas <a href=\"https:\/\/www.fmsdocumentation.com\/lt\/pagrindinis-tpvs-langas\/ispejimai-is-objektu\/?lang=lt\">\u010dia;<\/a><\/li>\n<li>I\u0161siskleidusiame s\u0105ra\u0161e galima pasiekti <a href=\"https:\/\/www.fmsdocumentation.com\/lt\/pagrindinis-tpvs-langas\/paskyros-nustatymai\/?lang=lt\">paskyros nustatymus<\/a>, <a href=\"https:\/\/www.fmsdocumentation.com\/lt\/pagrindinis-tpvs-langas\/sugeneruotos-nuorodos\/?lang=lt\">sugeneruotas nuorodas<\/a>, arba atsijungti nuo sistemos.<\/li>\n<\/ol>\n<p><a href=\"https:\/\/www.fmsdocumentation.com\/wp-content\/uploads\/2017\/10\/Main-FMS-window-LT.jpg\"><img loading=\"lazy\" decoding=\"async\" class=\"alignnone size-full wp-image-3333\" src=\"https:\/\/www.fmsdocumentation.com\/wp-content\/uploads\/2017\/10\/Main-FMS-window-LT.jpg\" alt=\"\" width=\"1067\" height=\"666\" srcset=\"https:\/\/www.fmsdocumentation.com\/wp-content\/uploads\/2017\/10\/Main-FMS-window-LT.jpg 1067w, https:\/\/www.fmsdocumentation.com\/wp-content\/uploads\/2017\/10\/Main-FMS-window-LT-300x187.jpg 300w, https:\/\/www.fmsdocumentation.com\/wp-content\/uploads\/2017\/10\/Main-FMS-window-LT-768x479.jpg 768w, https:\/\/www.fmsdocumentation.com\/wp-content\/uploads\/2017\/10\/Main-FMS-window-LT-1024x639.jpg 1024w\" sizes=\"auto, (max-width: 1067px) 100vw, 1067px\" \/><\/a><\/p>\n<hr \/>\n<h3>\u017dem\u0117lapis<\/h3>\n<p>\u017dem\u0117lapis yra esminis transporto parko valdymo sistemos elementas. I\u0161 \u010dia galima tiesiogiai pasiekti daugum\u0105 sistemos funkcij\u0173. Jis sukurtas tam, kad gal\u0117tum\u0117te matyti pa\u010dius aktualiausius parko duomenis.<\/p>\n<hr \/>\n<p><div class=\"alignleft\"><a href=\"https:\/\/www.fmsdocumentation.com\/lt\/pagrindai\/papildomos-salygos\/\" title=\"Papildomos s\u0105lygos\"><span class=\"arrow\">\u2039 &nbsp <\/span> Papildomos s\u0105lygos <\/a><\/div> <div class=\"alignright\"><a href=\"https:\/\/www.fmsdocumentation.com\/lt\/pagrindinis-tpvs-langas\/paieskos-juosta\/\" title=\"Paie\u0161kos juosta\">Paie\u0161kos juosta <span class=\"arrow\"> &nbsp\u203a <\/span> <\/a><\/div><\/p>\n<p>&nbsp;<\/p>\n<p>&nbsp;<\/p>\n","protected":false},"excerpt":{"rendered":"<p>S\u0117kmingai prisijungus, prie\u0161 jus pateikiamas pagrindinis TPVS sistemos langas. \u0160iame lange yra du pagrindiniai sistemos komponentai ir keturi greitos prieigos \u012frankiai: \u017dem\u0117lapis ir \u0161oninis valdymo skydelis \u2013 apra\u0161yti kituose skyriuose; Paie\u0161kos juosta \u2013 apra\u0161yta skyriuje &#8220;Paie\u0161kos juosta\u201c; Nuoroda \u012f internetin\u012f TPVS vadov\u0105; \u017diniatinklio naudotojai \u2013 \u0161i piktograma rodoma tik tuomet, jei yra prisijung\u0119s vartotojas, turintis &hellip; <a href=\"https:\/\/www.fmsdocumentation.com\/lt\/pagrindinis-tpvs-langas\/\" class=\"more-link\">Skaityti toliau: <span class=\"screen-reader-text\">Pagrindinis TPVS langas<\/span><\/a><\/p>\n","protected":false},"author":1,"featured_media":0,"parent":0,"menu_order":24,"comment_status":"closed","ping_status":"closed","template":"","meta":{"footnotes":""},"class_list":["post-1205","page","type-page","status-publish","hentry"],"_links":{"self":[{"href":"https:\/\/www.fmsdocumentation.com\/lt\/wp-json\/wp\/v2\/pages\/1205","targetHints":{"allow":["GET"]}}],"collection":[{"href":"https:\/\/www.fmsdocumentation.com\/lt\/wp-json\/wp\/v2\/pages"}],"about":[{"href":"https:\/\/www.fmsdocumentation.com\/lt\/wp-json\/wp\/v2\/types\/page"}],"author":[{"embeddable":true,"href":"https:\/\/www.fmsdocumentation.com\/lt\/wp-json\/wp\/v2\/users\/1"}],"replies":[{"embeddable":true,"href":"https:\/\/www.fmsdocumentation.com\/lt\/wp-json\/wp\/v2\/comments?post=1205"}],"version-history":[{"count":14,"href":"https:\/\/www.fmsdocumentation.com\/lt\/wp-json\/wp\/v2\/pages\/1205\/revisions"}],"predecessor-version":[{"id":7403,"href":"https:\/\/www.fmsdocumentation.com\/lt\/wp-json\/wp\/v2\/pages\/1205\/revisions\/7403"}],"wp:attachment":[{"href":"https:\/\/www.fmsdocumentation.com\/lt\/wp-json\/wp\/v2\/media?parent=1205"}],"curies":[{"name":"wp","href":"https:\/\/api.w.org\/{rel}","templated":true}]}}