{"id":1211,"date":"2017-10-02T08:10:53","date_gmt":"2017-10-02T08:10:53","guid":{"rendered":"http:\/\/www.fmsdocumentation.com\/?page_id=1211"},"modified":"2017-11-07T06:04:46","modified_gmt":"2017-11-07T06:04:46","slug":"paieskos-juosta","status":"publish","type":"page","link":"https:\/\/www.fmsdocumentation.com\/lt\/pagrindinis-tpvs-langas\/paieskos-juosta\/","title":{"rendered":"Paie\u0161kos juosta"},"content":{"rendered":"<p>Paie\u0161kos juosta yra antras pagal svarb\u0105 sistemos elementas. Tai yra i\u0161mani paie\u0161ka pagal transporto priemon\u0119 ir vietov\u0119. Tai yra paprastas, bet labai galingas \u012frankis, pad\u0117siantis jums greitai surasti bet kok\u012f objekt\u0105.<\/p>\n<hr \/>\n<h3>Paie\u0161kos veikimas<\/h3>\n<p>Paie\u0161kos juostoje \u012fvedus rakta\u017eod\u012f, sistema ie\u0161kos pana\u0161i\u0173 pavadinim\u0173 tarp j\u016bs\u0173 objekt\u0173 arba adres\u0173 duomen\u0173 baz\u0117je. Paie\u0161ka pradedama automati\u0161kai, kai \u012fvedami 3 ar daugiau simboli\u0173. Galite \u012fvesti tiek rakta\u017eod\u017ei\u0173, kiek norite. Kiekvienas rakta\u017eodis yra susietas su logine \u201eAND\u201c operacija. Bus rodomi rezultatai, kurie atitinka visus \u012fvestus rakta\u017eod\u017eius.<\/p>\n<hr \/>\n<h3>Paie\u0161kos rezultat\u0173 apra\u0161ymas<\/h3>\n<p>U\u017eklausai naudojamas vietov\u0117s arba objekto pavadinimas. Pavyzd\u017eiui, \u012fvedame \u201eLithuania\u201c. Sistema parodo du galim\u0173 atitikmen\u0173 rinkinius. Vienas skirtas <strong>transporto priemon\u0117ms<\/strong>, o kitas \u2013 <strong>adresams<\/strong>.<\/p>\n<p>\u0160iuo atveju transporto priemoni\u0173 skiltyje sistema parodo iki penki\u0173 transporto priemoni\u0173, esan\u010di\u0173 Lietuvoje. Gali b\u016bti rodomas tik ribotas skai\u010dius objekt\u0173. Tod\u0117l gali reik\u0117ti \u012fvesti papildom\u0173 rakta\u017eod\u017ei\u0173, kad susiaurintum\u0117te paie\u0161k\u0105.<\/p>\n<p>Adres\u0173 skiltyje rodoma iki 6 adres\u0173. V\u0117lgi, gali reik\u0117ti papildom\u0173 rakta\u017eod\u017ei\u0173, kad b\u016bt\u0173 rasta konkreti vieta.<\/p>\n<p><a href=\"https:\/\/www.fmsdocumentation.com\/wp-content\/uploads\/2017\/10\/23LT.png\"><img loading=\"lazy\" decoding=\"async\" class=\"alignnone wp-image-1212 size-large\" src=\"https:\/\/www.fmsdocumentation.com\/wp-content\/uploads\/2017\/10\/23LT-1024x507.png\" alt=\"\" width=\"660\" height=\"327\" srcset=\"https:\/\/www.fmsdocumentation.com\/wp-content\/uploads\/2017\/10\/23LT-1024x507.png 1024w, https:\/\/www.fmsdocumentation.com\/wp-content\/uploads\/2017\/10\/23LT-300x149.png 300w, https:\/\/www.fmsdocumentation.com\/wp-content\/uploads\/2017\/10\/23LT-768x381.png 768w, https:\/\/www.fmsdocumentation.com\/wp-content\/uploads\/2017\/10\/23LT.png 1917w\" sizes=\"auto, (max-width: 660px) 100vw, 660px\" \/><\/a><\/p>\n<hr \/>\n<p><div class=\"alignleft\"><a href=\"https:\/\/www.fmsdocumentation.com\/lt\/pagrindinis-tpvs-langas\/\" title=\"Pagrindinis TPVS langas\"><span class=\"arrow\">\u2039 &nbsp <\/span> Pagrindinis TPVS langas <\/a><\/div> <div class=\"alignright\"><a href=\"https:\/\/www.fmsdocumentation.com\/lt\/pagrindinis-tpvs-langas\/objektu-grupavimas\/\" title=\"Objekt\u0173 grupavimas\">Objekt\u0173 grupavimas <span class=\"arrow\"> &nbsp\u203a <\/span> <\/a><\/div><\/p>\n","protected":false},"excerpt":{"rendered":"<p>Paie\u0161kos juosta yra antras pagal svarb\u0105 sistemos elementas. Tai yra i\u0161mani paie\u0161ka pagal transporto priemon\u0119 ir vietov\u0119. Tai yra paprastas, bet labai galingas \u012frankis, pad\u0117siantis jums greitai surasti bet kok\u012f objekt\u0105. Paie\u0161kos veikimas Paie\u0161kos juostoje \u012fvedus rakta\u017eod\u012f, sistema ie\u0161kos pana\u0161i\u0173 pavadinim\u0173 tarp j\u016bs\u0173 objekt\u0173 arba adres\u0173 duomen\u0173 baz\u0117je. Paie\u0161ka pradedama automati\u0161kai, kai \u012fvedami 3 ar &hellip; <a href=\"https:\/\/www.fmsdocumentation.com\/lt\/pagrindinis-tpvs-langas\/paieskos-juosta\/\" class=\"more-link\">Skaityti toliau: <span class=\"screen-reader-text\">Paie\u0161kos juosta<\/span><\/a><\/p>\n","protected":false},"author":1,"featured_media":0,"parent":1205,"menu_order":1,"comment_status":"closed","ping_status":"closed","template":"","meta":{"footnotes":""},"class_list":["post-1211","page","type-page","status-publish","hentry"],"_links":{"self":[{"href":"https:\/\/www.fmsdocumentation.com\/lt\/wp-json\/wp\/v2\/pages\/1211","targetHints":{"allow":["GET"]}}],"collection":[{"href":"https:\/\/www.fmsdocumentation.com\/lt\/wp-json\/wp\/v2\/pages"}],"about":[{"href":"https:\/\/www.fmsdocumentation.com\/lt\/wp-json\/wp\/v2\/types\/page"}],"author":[{"embeddable":true,"href":"https:\/\/www.fmsdocumentation.com\/lt\/wp-json\/wp\/v2\/users\/1"}],"replies":[{"embeddable":true,"href":"https:\/\/www.fmsdocumentation.com\/lt\/wp-json\/wp\/v2\/comments?post=1211"}],"version-history":[{"count":8,"href":"https:\/\/www.fmsdocumentation.com\/lt\/wp-json\/wp\/v2\/pages\/1211\/revisions"}],"predecessor-version":[{"id":3229,"href":"https:\/\/www.fmsdocumentation.com\/lt\/wp-json\/wp\/v2\/pages\/1211\/revisions\/3229"}],"up":[{"embeddable":true,"href":"https:\/\/www.fmsdocumentation.com\/lt\/wp-json\/wp\/v2\/pages\/1205"}],"wp:attachment":[{"href":"https:\/\/www.fmsdocumentation.com\/lt\/wp-json\/wp\/v2\/media?parent=1211"}],"curies":[{"name":"wp","href":"https:\/\/api.w.org\/{rel}","templated":true}]}}