{"id":1217,"date":"2017-10-02T08:15:41","date_gmt":"2017-10-02T08:15:41","guid":{"rendered":"http:\/\/www.fmsdocumentation.com\/?page_id=1217"},"modified":"2018-12-03T10:23:28","modified_gmt":"2018-12-03T08:23:28","slug":"objektu-grupavimas","status":"publish","type":"page","link":"https:\/\/www.fmsdocumentation.com\/lt\/pagrindinis-tpvs-langas\/objektu-grupavimas\/","title":{"rendered":"Objekt\u0173 grupavimas"},"content":{"rendered":"<p>\u017dem\u0117lapyje rodomos visos j\u016bs\u0173 transporto priemon\u0117s. Objektai, kurie yra santykinai \u0161alia vienas kito, yra rodomi kaip grup\u0117.<\/p>\n<p>Grup\u0117s piktograma teikia tik pagrindin\u0119 informacij\u0105 apie grup\u0117s transporto priemones:<\/p>\n<ul>\n<li>Bendras objekt\u0173 skai\u010dius grup\u0117je.<\/li>\n<\/ul>\n<ul>\n<li>Grup\u0117je esan\u010di\u0173 objekt\u0173 b\u016bsenos (spalvos reprezentuoja transporto priemoni\u0173 b\u016bsenas, apra\u0161ytas\u00a0<a href=\"https:\/\/www.fmsdocumentation.com\/lt\/pagrindinis-tpvs-langas\/individualus-objektai\/?lang=lt\">individualiuose objektuose<\/a>).<\/li>\n<\/ul>\n<p><a href=\"https:\/\/www.fmsdocumentation.com\/wp-content\/uploads\/2017\/04\/3-2.png\"><img loading=\"lazy\" decoding=\"async\" class=\"alignnone wp-image-1126 size-full\" src=\"https:\/\/www.fmsdocumentation.com\/wp-content\/uploads\/2017\/04\/3-2.png\" alt=\"\" width=\"447\" height=\"374\" srcset=\"https:\/\/www.fmsdocumentation.com\/wp-content\/uploads\/2017\/04\/3-2.png 447w, https:\/\/www.fmsdocumentation.com\/wp-content\/uploads\/2017\/04\/3-2-300x251.png 300w\" sizes=\"auto, (max-width: 447px) 100vw, 447px\" \/><\/a><\/p>\n<p>Paspaudus ant grup\u0117s, bus rodoma i\u0161sami informacija apie \u0161ioje grup\u0117je esan\u010dias transporto priemones. \u00a0Pasirodys naujas i\u0161\u0161okantysis langas su \u0161e\u0161iais skirtukais. \u0160ios kortel\u0117s veikia kaip filtrai, kurie atvaizduoja transporto priemones pagal b\u016bsen\u0105:<\/p>\n<ul>\n<li><strong>Visi\u00a0<\/strong>\u2013 rodomi visi grup\u0117s objektai;<\/li>\n<li><strong>Va\u017eiuoja\u00a0<\/strong>\u2013 rodomi judantys objektai;<\/li>\n<li><strong>Prastova<\/strong> \u2013 rodomi nejudantys objektai su \u012fjungtu degimu;<\/li>\n<li><strong>Degimas i\u0161jungtas<\/strong> \u2013 rodomi objektai su i\u0161jungtu degimu;<\/li>\n<li><strong>N\u0117ra ry\u0161io\u00a0<\/strong>\u2013 rodomi neaktyv\u016bs objektai (neaktyv\u016bs tam tikr\u0105 laiko tarp\u0105);<\/li>\n<li><strong>U\u017eblokuoti <\/strong>\u2013 rodomi objektai, kuriuos u\u017eblokavo parko valdymo sistema.<\/li>\n<\/ul>\n<p><a href=\"https:\/\/www.fmsdocumentation.com\/wp-content\/uploads\/2018\/12\/4LT.png\"><img loading=\"lazy\" decoding=\"async\" class=\"alignnone wp-image-6281 size-full\" src=\"https:\/\/www.fmsdocumentation.com\/wp-content\/uploads\/2018\/12\/4LT.png\" alt=\"\" width=\"744\" height=\"750\" srcset=\"https:\/\/www.fmsdocumentation.com\/wp-content\/uploads\/2018\/12\/4LT.png 744w, https:\/\/www.fmsdocumentation.com\/wp-content\/uploads\/2018\/12\/4LT-150x150.png 150w, https:\/\/www.fmsdocumentation.com\/wp-content\/uploads\/2018\/12\/4LT-298x300.png 298w\" sizes=\"auto, (max-width: 744px) 100vw, 744px\" \/><\/a><\/p>\n<p>\u0160iame s\u0105ra\u0161e paspaudus ant transporto priemon\u0117s, \u017eem\u0117lapyje vaizdas bus automati\u0161kai priartintas ir bus parodyta objekto vieta. Taip pat kair\u0117je ekrano pus\u0117je bus rodomas transporto priemon\u0117s santraukos skydelis.<\/p>\n<hr \/>\n<p><div class=\"alignleft\"><a href=\"https:\/\/www.fmsdocumentation.com\/lt\/pagrindinis-tpvs-langas\/paieskos-juosta\/\" title=\"Paie\u0161kos juosta\"><span class=\"arrow\">\u2039 &nbsp <\/span> Paie\u0161kos juosta <\/a><\/div> <div class=\"alignright\"><a href=\"https:\/\/www.fmsdocumentation.com\/lt\/pagrindinis-tpvs-langas\/individualus-objektai\/\" title=\"Individual\u016bs objektai\">Individual\u016bs objektai <span class=\"arrow\"> &nbsp\u203a <\/span> <\/a><\/div><\/p>\n","protected":false},"excerpt":{"rendered":"<p>\u017dem\u0117lapyje rodomos visos j\u016bs\u0173 transporto priemon\u0117s. Objektai, kurie yra santykinai \u0161alia vienas kito, yra rodomi kaip grup\u0117. Grup\u0117s piktograma teikia tik pagrindin\u0119 informacij\u0105 apie grup\u0117s transporto priemones: Bendras objekt\u0173 skai\u010dius grup\u0117je. Grup\u0117je esan\u010di\u0173 objekt\u0173 b\u016bsenos (spalvos reprezentuoja transporto priemoni\u0173 b\u016bsenas, apra\u0161ytas\u00a0individualiuose objektuose). Paspaudus ant grup\u0117s, bus rodoma i\u0161sami informacija apie \u0161ioje grup\u0117je esan\u010dias transporto priemones. &hellip; <a href=\"https:\/\/www.fmsdocumentation.com\/lt\/pagrindinis-tpvs-langas\/objektu-grupavimas\/\" class=\"more-link\">Skaityti toliau: <span class=\"screen-reader-text\">Objekt\u0173 grupavimas<\/span><\/a><\/p>\n","protected":false},"author":1,"featured_media":0,"parent":1205,"menu_order":2,"comment_status":"closed","ping_status":"closed","template":"","meta":{"footnotes":""},"class_list":["post-1217","page","type-page","status-publish","hentry"],"_links":{"self":[{"href":"https:\/\/www.fmsdocumentation.com\/lt\/wp-json\/wp\/v2\/pages\/1217","targetHints":{"allow":["GET"]}}],"collection":[{"href":"https:\/\/www.fmsdocumentation.com\/lt\/wp-json\/wp\/v2\/pages"}],"about":[{"href":"https:\/\/www.fmsdocumentation.com\/lt\/wp-json\/wp\/v2\/types\/page"}],"author":[{"embeddable":true,"href":"https:\/\/www.fmsdocumentation.com\/lt\/wp-json\/wp\/v2\/users\/1"}],"replies":[{"embeddable":true,"href":"https:\/\/www.fmsdocumentation.com\/lt\/wp-json\/wp\/v2\/comments?post=1217"}],"version-history":[{"count":8,"href":"https:\/\/www.fmsdocumentation.com\/lt\/wp-json\/wp\/v2\/pages\/1217\/revisions"}],"predecessor-version":[{"id":6290,"href":"https:\/\/www.fmsdocumentation.com\/lt\/wp-json\/wp\/v2\/pages\/1217\/revisions\/6290"}],"up":[{"embeddable":true,"href":"https:\/\/www.fmsdocumentation.com\/lt\/wp-json\/wp\/v2\/pages\/1205"}],"wp:attachment":[{"href":"https:\/\/www.fmsdocumentation.com\/lt\/wp-json\/wp\/v2\/media?parent=1217"}],"curies":[{"name":"wp","href":"https:\/\/api.w.org\/{rel}","templated":true}]}}