{"id":1223,"date":"2017-10-02T08:23:55","date_gmt":"2017-10-02T08:23:55","guid":{"rendered":"http:\/\/www.fmsdocumentation.com\/?page_id=1223"},"modified":"2018-08-28T06:06:14","modified_gmt":"2018-08-28T06:06:14","slug":"individualus-objektai","status":"publish","type":"page","link":"https:\/\/www.fmsdocumentation.com\/lt\/pagrindinis-tpvs-langas\/individualus-objektai\/","title":{"rendered":"Individual\u016bs objektai"},"content":{"rendered":"<p>Priartinant \u017eem\u0117lapio vaizd\u0105, grup\u0117s automati\u0161kai i\u0161skirstomos \u012f ma\u017eesnes grupes. Tam tikru mastu bus rodomi individual\u016bs objektai. Objekto piktogramos spalva teikia informacij\u0105 apie objekto b\u016bsen\u0105.<br \/>\n\n<table id=\"tablepress-15\" class=\"tablepress tablepress-id-15\">\n<thead>\n<tr class=\"row-1\">\n\t<th class=\"column-1\"><strong>Piktograma<\/strong><\/th><th class=\"column-2\"><strong>B\u016bsena<\/strong><\/th>\n<\/tr>\n<\/thead>\n<tbody>\n<tr class=\"row-2\">\n\t<td class=\"column-1\"><img loading=\"lazy\" decoding=\"async\" src=\"http:\/\/www.fmsdocumentation.com\/wp-content\/uploads\/2017\/04\/5.png\" alt=\"\" width=\"30\" height=\"30\" class=\"aligncenter size-full wp-image-239\" \/><\/td><td class=\"column-2\">Objektas nesiunt\u0117 duomen\u0173 tam tikr\u0105 laik\u0105 (neaktyvus).<\/td>\n<\/tr>\n<tr class=\"row-3\">\n\t<td class=\"column-1\"><img loading=\"lazy\" decoding=\"async\" src=\"http:\/\/www.fmsdocumentation.com\/wp-content\/uploads\/2017\/09\/6.png\" alt=\"\" width=\"30\" height=\"30\" class=\"aligncenter size-full wp-image-240\" \/><\/td><td class=\"column-2\">Objektas yra aktyvus ir va\u017eioja nurodyta kryptimi.<\/td>\n<\/tr>\n<tr class=\"row-4\">\n\t<td class=\"column-1\"><img loading=\"lazy\" decoding=\"async\" src=\"http:\/\/www.fmsdocumentation.com\/wp-content\/uploads\/2017\/09\/7.png\" alt=\"\" width=\"30\" height=\"30\" class=\"aligncenter size-full wp-image-241\" \/><\/td><td class=\"column-2\">Objektas yra tu\u0161\u010dioje eigoje (degimas \u012fjungtas, neva\u017eiuoja).<\/td>\n<\/tr>\n<tr class=\"row-5\">\n\t<td class=\"column-1\"><img loading=\"lazy\" decoding=\"async\" src=\"http:\/\/www.fmsdocumentation.com\/wp-content\/uploads\/2017\/09\/8.png\" alt=\"\" width=\"30\" height=\"30\" class=\"aligncenter size-full wp-image-242\" \/><\/td><td class=\"column-2\">Objektas stovi su i\u0161jungtu degimu.<\/td>\n<\/tr>\n<tr class=\"row-6\">\n\t<td class=\"column-1\"><img loading=\"lazy\" decoding=\"async\" src=\"http:\/\/www.fmsdocumentation.com\/wp-content\/uploads\/2018\/11\/redicon.png\" alt=\"\" width=\"30\" height=\"30\" class=\"aligncenter size-full wp-image-243\" \/><\/td><td class=\"column-2\">Objekto degimas yra u\u017eblokuotas.<\/td>\n<\/tr>\n<\/tbody>\n<\/table>\n<!-- #tablepress-15 from cache --><\/p>\n<p><a href=\"https:\/\/www.fmsdocumentation.com\/wp-content\/uploads\/2017\/04\/9-2.png\"><img loading=\"lazy\" decoding=\"async\" class=\"alignnone wp-image-1129 size-full\" src=\"https:\/\/www.fmsdocumentation.com\/wp-content\/uploads\/2017\/04\/9-2.png\" alt=\"\" width=\"411\" height=\"386\" srcset=\"https:\/\/www.fmsdocumentation.com\/wp-content\/uploads\/2017\/04\/9-2.png 411w, https:\/\/www.fmsdocumentation.com\/wp-content\/uploads\/2017\/04\/9-2-300x282.png 300w\" sizes=\"auto, (max-width: 411px) 100vw, 411px\" \/><\/a><\/p>\n<p>U\u017evedus pel\u0117s \u017eymekl\u012f vir\u0161 konkre\u010dios transporto priemon\u0117s, atsiranda juosta su pagrindine informacija:<\/p>\n<ul>\n<li>Transporto priemon\u0117s pavadinimas;<\/li>\n<li>Vairuotojo vardas\/pavard\u0117 (jei priskirta);<\/li>\n<li>Vairuotojo b\u016bsena (jei yra duomenys i\u0161 tachografo);<\/li>\n<li>Dabartinis greitis;<\/li>\n<li>B\u016bsenos trukm\u0117;<\/li>\n<li>V\u0117liausia \u017einoma jud\u0117jimo kryptis;<\/li>\n<li>Dabartinis kuro lygis (jei 0, tai rei\u0161kia, kad n\u0117ra informacijos apie kuro lyg\u012f);<\/li>\n<li>Vairavimo, poilsio ir darbo b\u016bsen\u0173 trukm\u0117s (jei naudojamas <a href=\"https:\/\/www.fmsdocumentation.com\/lt\/parko-busenos-meniu\/laiko-analizes-apzvalga\/?lang=lt\">laiko analiz\u0117s<\/a> funkcionalumas).<\/li>\n<\/ul>\n<p><a href=\"https:\/\/www.fmsdocumentation.com\/wp-content\/uploads\/2017\/10\/10LT.png\"><img loading=\"lazy\" decoding=\"async\" class=\"alignnone wp-image-1224 size-full\" src=\"https:\/\/www.fmsdocumentation.com\/wp-content\/uploads\/2017\/10\/10LT.png\" alt=\"\" width=\"331\" height=\"211\" srcset=\"https:\/\/www.fmsdocumentation.com\/wp-content\/uploads\/2017\/10\/10LT.png 331w, https:\/\/www.fmsdocumentation.com\/wp-content\/uploads\/2017\/10\/10LT-300x191.png 300w\" sizes=\"auto, (max-width: 331px) 100vw, 331px\" \/><\/a><\/p>\n<p>Vartotojas gali sugeneruoti bendrinam\u0105 nuorod\u0105 su transporto priemon\u0117s pad\u0117timi, spustel\u0117damas s\u0105sajos piktogram\u0105, parodyt\u0105 \u017eemiau esan\u010diame paveiksl\u0117lyje. Nuorod\u0173 generacija apra\u0161yta skyriuje\u00a0<a href=\"https:\/\/www.fmsdocumentation.com\/lt\/parko-busenos-meniu\/?lang=lt\">&#8220;Parko b\u016bsenos meniu&#8221;<\/a>.<\/p>\n<p><a href=\"https:\/\/www.fmsdocumentation.com\/wp-content\/uploads\/2018\/08\/335LT.png\"><img loading=\"lazy\" decoding=\"async\" class=\"alignnone size-full wp-image-5722\" src=\"https:\/\/www.fmsdocumentation.com\/wp-content\/uploads\/2018\/08\/335LT.png\" alt=\"\" width=\"336\" height=\"213\" srcset=\"https:\/\/www.fmsdocumentation.com\/wp-content\/uploads\/2018\/08\/335LT.png 336w, https:\/\/www.fmsdocumentation.com\/wp-content\/uploads\/2018\/08\/335LT-300x190.png 300w\" sizes=\"auto, (max-width: 336px) 100vw, 336px\" \/><\/a><\/p>\n<p>Paspaudus ant transporto priemon\u0117s, kair\u0117je ekrano pus\u0117je bus rodomas skydelis su transporto priemon\u0117s informacija. \u0160is skydelis apra\u0161ytas skyriuje <a href=\"https:\/\/www.fmsdocumentation.com\/lt\/parko-busenos-meniu\/?lang=lt\">&#8220;Parko b\u016bsenos meniu&#8221;<\/a>.<\/p>\n<hr \/>\n<p><div class=\"alignleft\"><a href=\"https:\/\/www.fmsdocumentation.com\/lt\/pagrindinis-tpvs-langas\/objektu-grupavimas\/\" title=\"Objekt\u0173 grupavimas\"><span class=\"arrow\">\u2039 &nbsp <\/span> Objekt\u0173 grupavimas <\/a><\/div> <div class=\"alignright\"><a href=\"https:\/\/www.fmsdocumentation.com\/lt\/pagrindinis-tpvs-langas\/ispejimai-is-objektu\/\" title=\"\u012esp\u0117jimai i\u0161 objekt\u0173\">\u012esp\u0117jimai i\u0161 objekt\u0173 <span class=\"arrow\"> &nbsp\u203a <\/span> <\/a><\/div><\/p>\n","protected":false},"excerpt":{"rendered":"<p>Priartinant \u017eem\u0117lapio vaizd\u0105, grup\u0117s automati\u0161kai i\u0161skirstomos \u012f ma\u017eesnes grupes. Tam tikru mastu bus rodomi individual\u016bs objektai. Objekto piktogramos spalva teikia informacij\u0105 apie objekto b\u016bsen\u0105. U\u017evedus pel\u0117s \u017eymekl\u012f vir\u0161 konkre\u010dios transporto priemon\u0117s, atsiranda juosta su pagrindine informacija: Transporto priemon\u0117s pavadinimas; Vairuotojo vardas\/pavard\u0117 (jei priskirta); Vairuotojo b\u016bsena (jei yra duomenys i\u0161 tachografo); Dabartinis greitis; B\u016bsenos trukm\u0117; V\u0117liausia &hellip; <a href=\"https:\/\/www.fmsdocumentation.com\/lt\/pagrindinis-tpvs-langas\/individualus-objektai\/\" class=\"more-link\">Skaityti toliau: <span class=\"screen-reader-text\">Individual\u016bs objektai<\/span><\/a><\/p>\n","protected":false},"author":1,"featured_media":0,"parent":1205,"menu_order":4,"comment_status":"closed","ping_status":"closed","template":"","meta":{"footnotes":""},"class_list":["post-1223","page","type-page","status-publish","hentry"],"_links":{"self":[{"href":"https:\/\/www.fmsdocumentation.com\/lt\/wp-json\/wp\/v2\/pages\/1223","targetHints":{"allow":["GET"]}}],"collection":[{"href":"https:\/\/www.fmsdocumentation.com\/lt\/wp-json\/wp\/v2\/pages"}],"about":[{"href":"https:\/\/www.fmsdocumentation.com\/lt\/wp-json\/wp\/v2\/types\/page"}],"author":[{"embeddable":true,"href":"https:\/\/www.fmsdocumentation.com\/lt\/wp-json\/wp\/v2\/users\/1"}],"replies":[{"embeddable":true,"href":"https:\/\/www.fmsdocumentation.com\/lt\/wp-json\/wp\/v2\/comments?post=1223"}],"version-history":[{"count":10,"href":"https:\/\/www.fmsdocumentation.com\/lt\/wp-json\/wp\/v2\/pages\/1223\/revisions"}],"predecessor-version":[{"id":5835,"href":"https:\/\/www.fmsdocumentation.com\/lt\/wp-json\/wp\/v2\/pages\/1223\/revisions\/5835"}],"up":[{"embeddable":true,"href":"https:\/\/www.fmsdocumentation.com\/lt\/wp-json\/wp\/v2\/pages\/1205"}],"wp:attachment":[{"href":"https:\/\/www.fmsdocumentation.com\/lt\/wp-json\/wp\/v2\/media?parent=1223"}],"curies":[{"name":"wp","href":"https:\/\/api.w.org\/{rel}","templated":true}]}}