{"id":1231,"date":"2017-10-02T08:55:23","date_gmt":"2017-10-02T08:55:23","guid":{"rendered":"http:\/\/www.fmsdocumentation.com\/?page_id=1231"},"modified":"2017-11-07T06:27:44","modified_gmt":"2017-11-07T06:27:44","slug":"ispejimai-is-objektu","status":"publish","type":"page","link":"https:\/\/www.fmsdocumentation.com\/lt\/pagrindinis-tpvs-langas\/ispejimai-is-objektu\/","title":{"rendered":"\u012esp\u0117jimai i\u0161 objekt\u0173"},"content":{"rendered":"<p>\u012esp\u0117jim\u0173 piktograma, esanti vir\u0161uje, de\u0161in\u0117je pus\u0117je, vartotojui parodo visus neskaitytus \u012fsp\u0117jimus i\u0161 vis\u0173 objekt\u0173. Apatiniame de\u0161iniajame piktogramos kampe esantis skai\u010dius nurodo, kiek yra neskaityt\u0173 \u012fsp\u0117jim\u0173.<\/p>\n<p><a href=\"https:\/\/www.fmsdocumentation.com\/wp-content\/uploads\/2017\/10\/11LT.png\"><img loading=\"lazy\" decoding=\"async\" class=\"alignnone wp-image-1232 size-full\" src=\"https:\/\/www.fmsdocumentation.com\/wp-content\/uploads\/2017\/10\/11LT.png\" alt=\"\" width=\"1920\" height=\"172\" srcset=\"https:\/\/www.fmsdocumentation.com\/wp-content\/uploads\/2017\/10\/11LT.png 1920w, https:\/\/www.fmsdocumentation.com\/wp-content\/uploads\/2017\/10\/11LT-300x27.png 300w, https:\/\/www.fmsdocumentation.com\/wp-content\/uploads\/2017\/10\/11LT-768x69.png 768w, https:\/\/www.fmsdocumentation.com\/wp-content\/uploads\/2017\/10\/11LT-1024x92.png 1024w\" sizes=\"auto, (max-width: 1920px) 100vw, 1920px\" \/><\/a><\/p>\n<p>Paspaudus ant piktogramos atidaromas \u012fsp\u0117jim\u0173 skydelis. Skydelyje nurodomas su \u012fvykiu susij\u0119s objektas, pats \u012fvykis ir jo data. \u012esp\u0117jimus galima suskirstyti \u012f tris grupes:<\/p>\n<ul>\n<li>Visi \u2013 rodomi visi \u012fsp\u0117jimai;<\/li>\n<li>Perskaityti \u2013 rodomi tik perskaityti \u012fsp\u0117jimai;<\/li>\n<li>Neskaityti \u2013 rodomi tik neskaityti \u012fsp\u0117jimai.<\/li>\n<\/ul>\n<p><a href=\"https:\/\/www.fmsdocumentation.com\/wp-content\/uploads\/2017\/10\/12LT.png\"><img loading=\"lazy\" decoding=\"async\" class=\"alignnone wp-image-1233 size-full\" src=\"https:\/\/www.fmsdocumentation.com\/wp-content\/uploads\/2017\/10\/12LT.png\" alt=\"\" width=\"377\" height=\"408\" srcset=\"https:\/\/www.fmsdocumentation.com\/wp-content\/uploads\/2017\/10\/12LT.png 377w, https:\/\/www.fmsdocumentation.com\/wp-content\/uploads\/2017\/10\/12LT-277x300.png 277w\" sizes=\"auto, (max-width: 377px) 100vw, 377px\" \/><\/a><\/p>\n<p>\u012e de\u0161in\u0119 nuo filtr\u0173 yra mygtukas &#8220;Pa\u017eym\u0117ti kaip skaityt\u0105&#8221;.<\/p>\n<p><strong>\u012esp\u0117jim\u0173 spalv\u0173 kodai<\/strong><\/p>\n<p>\u012esp\u0117jimams suskirstyti \u012f 2 grupes naudojami skirtingi spalv\u0173 kodai.<\/p>\n\n<table id=\"tablepress-16\" class=\"tablepress tablepress-id-16\">\n<thead>\n<tr class=\"row-1\">\n\t<th class=\"column-1\">Spalv\u0173 kodai<\/th><th class=\"column-2\">\u012esp\u0117jimo b\u016bsena<\/th>\n<\/tr>\n<\/thead>\n<tbody>\n<tr class=\"row-2\">\n\t<td class=\"column-1\"><img loading=\"lazy\" decoding=\"async\" src=\"http:\/\/www.fmsdocumentation.com\/wp-content\/uploads\/2017\/04\/13.png\" alt=\"\" width=\"28\" height=\"28\" class=\"aligncenter size-full wp-image-247\" \/><\/td><td class=\"column-2\">Neskaityti \u012fsp\u0117jimai<\/td>\n<\/tr>\n<tr class=\"row-3\">\n\t<td class=\"column-1\"><img loading=\"lazy\" decoding=\"async\" src=\"http:\/\/www.fmsdocumentation.com\/wp-content\/uploads\/2017\/04\/14.png\" alt=\"\" width=\"28\" height=\"28\" class=\"aligncenter size-full wp-image-248\" \/><\/td><td class=\"column-2\">Perskaityti \u012fsp\u0117jimai<\/td>\n<\/tr>\n<\/tbody>\n<\/table>\n<!-- #tablepress-16 from cache -->\n<p>Paspaudus ant \u012fvykio, jis bus pa\u017eym\u0117tas kaip skaitytas ir:<\/p>\n<ul>\n<li>Atidaromas su transporto priemone susijusio \u012fvykio skydelis;<\/li>\n<li>\u017dem\u0117lapyje vaizdas bus priartintas ir parodoma \u012fvykio vieta.<\/li>\n<\/ul>\n<p>\u012evyki\u0173 skydelis apra\u0161ytas skyriuje <a href=\"https:\/\/www.fmsdocumentation.com\/lt\/ivykiu-meniu\/?lang=lt\">&#8220;\u012evyki\u0173 meniu&#8221;<\/a>.<\/p>\n<hr \/>\n<p><div class=\"alignleft\"><a href=\"https:\/\/www.fmsdocumentation.com\/lt\/pagrindinis-tpvs-langas\/individualus-objektai\/\" title=\"Individual\u016bs objektai\"><span class=\"arrow\">\u2039 &nbsp <\/span> Individual\u016bs objektai <\/a><\/div> <div class=\"alignright\"><a href=\"https:\/\/www.fmsdocumentation.com\/lt\/pagrindinis-tpvs-langas\/zemelapio-funkcijos-ir-irankiai\/\" title=\"\u017dem\u0117lapio funkcijos ir \u012frankiai\">\u017dem\u0117lapio funkcijos ir \u012frankiai <span class=\"arrow\"> &nbsp\u203a <\/span> <\/a><\/div><\/p>\n","protected":false},"excerpt":{"rendered":"<p>\u012esp\u0117jim\u0173 piktograma, esanti vir\u0161uje, de\u0161in\u0117je pus\u0117je, vartotojui parodo visus neskaitytus \u012fsp\u0117jimus i\u0161 vis\u0173 objekt\u0173. Apatiniame de\u0161iniajame piktogramos kampe esantis skai\u010dius nurodo, kiek yra neskaityt\u0173 \u012fsp\u0117jim\u0173. Paspaudus ant piktogramos atidaromas \u012fsp\u0117jim\u0173 skydelis. Skydelyje nurodomas su \u012fvykiu susij\u0119s objektas, pats \u012fvykis ir jo data. \u012esp\u0117jimus galima suskirstyti \u012f tris grupes: Visi \u2013 rodomi visi \u012fsp\u0117jimai; Perskaityti \u2013 &hellip; <a href=\"https:\/\/www.fmsdocumentation.com\/lt\/pagrindinis-tpvs-langas\/ispejimai-is-objektu\/\" class=\"more-link\">Skaityti toliau: <span class=\"screen-reader-text\">\u012esp\u0117jimai i\u0161 objekt\u0173<\/span><\/a><\/p>\n","protected":false},"author":1,"featured_media":0,"parent":1205,"menu_order":5,"comment_status":"closed","ping_status":"closed","template":"","meta":{"footnotes":""},"class_list":["post-1231","page","type-page","status-publish","hentry"],"_links":{"self":[{"href":"https:\/\/www.fmsdocumentation.com\/lt\/wp-json\/wp\/v2\/pages\/1231","targetHints":{"allow":["GET"]}}],"collection":[{"href":"https:\/\/www.fmsdocumentation.com\/lt\/wp-json\/wp\/v2\/pages"}],"about":[{"href":"https:\/\/www.fmsdocumentation.com\/lt\/wp-json\/wp\/v2\/types\/page"}],"author":[{"embeddable":true,"href":"https:\/\/www.fmsdocumentation.com\/lt\/wp-json\/wp\/v2\/users\/1"}],"replies":[{"embeddable":true,"href":"https:\/\/www.fmsdocumentation.com\/lt\/wp-json\/wp\/v2\/comments?post=1231"}],"version-history":[{"count":10,"href":"https:\/\/www.fmsdocumentation.com\/lt\/wp-json\/wp\/v2\/pages\/1231\/revisions"}],"predecessor-version":[{"id":3239,"href":"https:\/\/www.fmsdocumentation.com\/lt\/wp-json\/wp\/v2\/pages\/1231\/revisions\/3239"}],"up":[{"embeddable":true,"href":"https:\/\/www.fmsdocumentation.com\/lt\/wp-json\/wp\/v2\/pages\/1205"}],"wp:attachment":[{"href":"https:\/\/www.fmsdocumentation.com\/lt\/wp-json\/wp\/v2\/media?parent=1231"}],"curies":[{"name":"wp","href":"https:\/\/api.w.org\/{rel}","templated":true}]}}