{"id":1240,"date":"2017-10-02T09:09:59","date_gmt":"2017-10-02T09:09:59","guid":{"rendered":"http:\/\/www.fmsdocumentation.com\/?page_id=1240"},"modified":"2021-08-13T10:27:58","modified_gmt":"2021-08-13T07:27:58","slug":"zemelapio-funkcijos-ir-irankiai","status":"publish","type":"page","link":"https:\/\/www.fmsdocumentation.com\/lt\/pagrindinis-tpvs-langas\/zemelapio-funkcijos-ir-irankiai\/","title":{"rendered":"\u017dem\u0117lapio funkcijos ir \u012frankiai"},"content":{"rendered":"<p>\u0160iuo metu galima rinktis i\u0161 dviej\u0173 \u017eem\u0117lapio \u0161altini\u0173. Tai gali b\u016bti arba \u201eOSM\u201c \u017eem\u0117lapis (<em>numatytasis variantas)<\/em>, arba \u201eGoogle\u201c \u017eem\u0117lapis. Pereiti i\u0161 vieno \u017eem\u0117lapio \u012f kit\u0105 yra paprasta, tiesiog paspauskite \u0161alia esan\u010dius \u017eem\u0117lapius de\u0161in\u0117je \u017eem\u0117lapio dalyje, apa\u010dioje.\u00a0 \u0160iuo metu rodomas \u017eem\u0117lapis bus matomas vir\u0161uje. Vartotojas gali pasirinkti i\u0161 keturi\u0173 \u017eem\u0117lapio r\u016b\u0161i\u0173:<\/p>\n<ul>\n<li>OSM \u2013 \u201eOpen Street Map\u201c.<\/li>\n<li>Satellite \u2013 \u201eGoogle\u201c palydovinio vaizdo \u017eem\u0117lapis be gatvi\u0173 pavadinim\u0173.<\/li>\n<li>Hybrid \u2013 rodomas \u201eGoogle\u201c palydovinio vaizdo \u017eem\u0117lapis su gatvi\u0173 pavadinimais.<\/li>\n<li>Street \u2013 rodomas \u201eGoogle\u201c gatvi\u0173 \u017eem\u0117lapis be palydovinio vaizdo.<\/li>\n<\/ul>\n\n<table id=\"tablepress-27\" class=\"tablepress tablepress-id-27\">\n<thead>\n<tr class=\"row-1\">\n\t<th class=\"column-1\">Piktograma<\/th><th class=\"column-2\">Apra\u0161ymas<\/th>\n<\/tr>\n<\/thead>\n<tbody>\n<tr class=\"row-2\">\n\t<td class=\"column-1\"><img loading=\"lazy\" decoding=\"async\" src=\"http:\/\/www.fmsdocumentation.com\/wp-content\/uploads\/2017\/04\/18.png\" alt=\"\" width=\"36\" height=\"63\" class=\"aligncenter size-full wp-image-252\" \/><\/td><td class=\"column-2\">\u017dem\u0117lapio \u201cArtinti\u201d ir \u201cTolinti\u201d  mygtukai. <\/td>\n<\/tr>\n<tr class=\"row-3\">\n\t<td class=\"column-1\"><img loading=\"lazy\" decoding=\"async\" src=\"http:\/\/www.fmsdocumentation.com\/wp-content\/uploads\/2017\/04\/19.png\" alt=\"\" width=\"34\" height=\"33\" class=\"aligncenter size-full wp-image-253\" \/><\/td><td class=\"column-2\">Google \u201eStreet View\u201c gatv\u0117s vaizdas. (Veikia visuose \u017eem\u0117lapiuose, \u012fskaitant OSM). Norint naudotis gatv\u0117s vaizdo funkcija, spustel\u0117kite \u0161i\u0105 piktogram\u0105  ir nutempkite j\u0105 \u012f gatv\u0119, kurios vaizd\u0105 norite steb\u0117ti. Norint i\u0161eiti i\u0161 gatv\u0117s vaizdo, vartotojas turi spustelti pilk\u0105 rodykl\u0119, esan\u010di\u0105 ekrano vir\u0161uje, de\u0161in\u0117je pus\u0117je. <\/td>\n<\/tr>\n<tr class=\"row-4\">\n\t<td class=\"column-1\"><img loading=\"lazy\" decoding=\"async\" src=\"http:\/\/www.fmsdocumentation.com\/wp-content\/uploads\/2017\/04\/20.png\" alt=\"\" width=\"32\" height=\"31\" class=\"aligncenter size-full wp-image-254\" \/><\/td><td class=\"column-2\">Eismo informacija. Norint aktyvuoti \u0161i\u0105 funkcij\u0105, tereikia spustelti piktogram\u0105 (\u0160i funkcija veikia tik Hybrid ir Street \u017eem\u0117lapiuose). \u0160i funkcija suteikia informacij\u0105 apie eismo intensyvum\u0105 (vietov\u0117se, kuriose teikiama \u0161i informacija) spalvot\u0173 linij\u0173 \u017eem\u0117lapyje pavidalu. \u017dalia spalva ir jos atspalviai nurodo ma\u017e\u0105 eismo intensyvum\u0105, tuo tarpu raudona ir tamsesn\u0117s spalvos nurodo didel\u012f eismo intensyvum\u0105. <\/td>\n<\/tr>\n<tr class=\"row-5\">\n\t<td class=\"column-1\"><img loading=\"lazy\" decoding=\"async\" src=\"http:\/\/www.fmsdocumentation.com\/wp-content\/uploads\/2017\/04\/21.png\" alt=\"\" width=\"32\" height=\"32\" class=\"aligncenter size-full wp-image-24\" \/><\/td><td class=\"column-2\">Mar\u0161rutas ir u\u017eduotys. Spustel\u0117jus \u0161i\u0105 piktogram\u0105 ekrano kair\u0117je atsivers mar\u0161ruto ir u\u017eduo\u010di\u0173 meniu. Mar\u0161ruto ir u\u017eduo\u010di\u0173 veikimas yra apra\u0161ytas atskirame skyriuje. <\/td>\n<\/tr>\n<tr class=\"row-6\">\n\t<td class=\"column-1\"><img loading=\"lazy\" decoding=\"async\" src=\"http:\/\/www.fmsdocumentation.com\/wp-content\/uploads\/2017\/04\/188.png\" alt=\"\" width=\"32\" height=\"32\" class=\"aligncenter size-full wp-image-24\" \/><\/td><td class=\"column-2\">Matavimo plotas. Spustel\u0117jus \u0161i\u0105 piktogram\u0105 \u012fjungiamas matavimo \u012frankis. Kuomet jis \u012fjungtas, vartotojas gali \u017eem\u0117lapyje pa\u017eym\u0117ti teritorij\u0105 (pana\u0161iai, kaip \u017eymint geografin\u0119 zon\u0105), sujungdamas kelis \u017eem\u0117lapio ta\u0161kus. Sujungus ta\u0161kus, apibr\u0117\u017etas plotas pary\u0161kinamas ir atsiranda kont\u016bro ta\u0161kai. Vartotojas gali perkelti \u0161iuos ta\u0161kus (spausdamas ir tempdamas) ir taip keisti matuojam\u0105 plot\u0105 (perk\u0117lus ta\u0161k\u0105 atsiranda anuliavimo piktograma, kuri esant reikalui leid\u017eia gra\u017einti perkelt\u0105 ta\u0161k\u0105 \u012f buvusi\u0105 pad\u0117t\u012f). U\u017evedus pel\u0117s rodykl\u0119 vir\u0161 pary\u0161kintojo ploto parodomas jo dydis. Pavyzdys pateikiamas \u017eemiau.  <\/td>\n<\/tr>\n<tr class=\"row-7\">\n\t<td class=\"column-1\"><img loading=\"lazy\" decoding=\"async\" src=\"http:\/\/www.fmsdocumentation.com\/wp-content\/uploads\/2017\/07\/267.png\" alt=\"\" width=\"32\" height=\"32\" class=\"aligncenter size-full wp-image-24\" \/><\/td><td class=\"column-2\">Geografin\u0117s zonos. Spustel\u0117jus \u0161i\u0105 piktogram\u0105 ekrano de\u0161in\u0117je atsiranda panel\u0117 su visomis dabartiniam vartotojui priklausan\u010diomis geografin\u0117mis zonomis. Pavyzdys ir apra\u0161ymas pateikiami \u017eemiau. <\/td>\n<\/tr>\n<\/tbody>\n<\/table>\n<!-- #tablepress-27 from cache -->\n<p><a href=\"https:\/\/www.fmsdocumentation.com\/wp-content\/uploads\/2017\/10\/189LT.png\"><img loading=\"lazy\" decoding=\"async\" class=\"alignnone wp-image-1242 size-full\" src=\"https:\/\/www.fmsdocumentation.com\/wp-content\/uploads\/2017\/10\/189LT.png\" alt=\"\" width=\"765\" height=\"536\" srcset=\"https:\/\/www.fmsdocumentation.com\/wp-content\/uploads\/2017\/10\/189LT.png 765w, https:\/\/www.fmsdocumentation.com\/wp-content\/uploads\/2017\/10\/189LT-300x210.png 300w\" sizes=\"auto, (max-width: 765px) 100vw, 765px\" \/><\/a><\/p>\n<p>Kaip min\u0117ta ankstesn\u0117je lentel\u0117je, paspaudus &#8220;Geografin\u0117s zonos&#8221; mygtuk\u0105, pasirodys \u0161oninis langas, kaip parodyta \u017eemiau.<\/p>\n<p><a href=\"https:\/\/www.fmsdocumentation.com\/wp-content\/uploads\/2017\/10\/268LT.png\"><img loading=\"lazy\" decoding=\"async\" class=\"alignnone wp-image-1243 size-large\" src=\"https:\/\/www.fmsdocumentation.com\/wp-content\/uploads\/2017\/10\/268LT-1024x508.png\" alt=\"\" width=\"660\" height=\"327\" srcset=\"https:\/\/www.fmsdocumentation.com\/wp-content\/uploads\/2017\/10\/268LT-1024x508.png 1024w, https:\/\/www.fmsdocumentation.com\/wp-content\/uploads\/2017\/10\/268LT-300x149.png 300w, https:\/\/www.fmsdocumentation.com\/wp-content\/uploads\/2017\/10\/268LT-768x381.png 768w, https:\/\/www.fmsdocumentation.com\/wp-content\/uploads\/2017\/10\/268LT.png 1919w\" sizes=\"auto, (max-width: 660px) 100vw, 660px\" \/><\/a><\/p>\n<p>\u010cia vartotojas gali pasirinkti, kad \u017eem\u0117lapyje b\u016bt\u0173 rodomos arba slepiamos kurios nors geozonos. Pasirinkus geozonas, jos bus rodomos \u017eem\u0117lapyje neatsi\u017evelgiant \u012f tai, ar \u201eGeozonos\u201c skydelis atidarytas, ar ne. Geozonos yra \u017eymimos m\u0117lynais \u017eymekliais. Baliono formos \u017eymekliais \u017eymimi dominantys ta\u0161kai, tuo tarpu \u0161e\u0161iakampio formos \u017eymekliais \u017eymimos poligonin\u0117s geozonos.<\/p>\n<p><a href=\"https:\/\/www.fmsdocumentation.com\/wp-content\/uploads\/2017\/12\/301LT.png\"><img loading=\"lazy\" decoding=\"async\" class=\"alignnone wp-image-4073 size-full\" src=\"https:\/\/www.fmsdocumentation.com\/wp-content\/uploads\/2017\/12\/301LT.png\" alt=\"\" width=\"483\" height=\"420\" srcset=\"https:\/\/www.fmsdocumentation.com\/wp-content\/uploads\/2017\/12\/301LT.png 483w, https:\/\/www.fmsdocumentation.com\/wp-content\/uploads\/2017\/12\/301LT-300x261.png 300w\" sizes=\"auto, (max-width: 483px) 100vw, 483px\" \/><\/a><\/p>\n<p>Renkantis geozonas \u201eGeozonos\u201c skydelyje, \u017eem\u0117lapis automati\u0161kai priart\u0117s \/ nutols, kad \u012f ekran\u0105 tilpt\u0173 visos pasirinktos geozonos. Spustel\u0117jus geozonos \u017eymekl\u012f bus rodoma papildoma informacija apie geozon\u0105. Pateikiama \u0161i informacija:<\/p>\n<ul>\n<li>Pavadinimas;<\/li>\n<li>Vieta;<\/li>\n<li>Koordinat\u0117s \u2013 spustel\u0117jus koordinat\u0117s bus nukopijuotos;<\/li>\n<li>Spindulys arba plotas;<\/li>\n<li>Pastabos (jei j\u0173 yra).<\/li>\n<\/ul>\n<p>Spustel\u0117jus \u201eGeografin\u0117s zonos duomenys\u201c atsivers geozon\u0173 skydelis su detalia informacija apie geozon\u0105.<\/p>\n<p><a href=\"https:\/\/www.fmsdocumentation.com\/wp-content\/uploads\/2019\/06\/319LT.png\"><img loading=\"lazy\" decoding=\"async\" class=\"alignnone size-full wp-image-8036\" src=\"https:\/\/www.fmsdocumentation.com\/wp-content\/uploads\/2019\/06\/319LT.png\" alt=\"\" width=\"409\" height=\"308\" srcset=\"https:\/\/www.fmsdocumentation.com\/wp-content\/uploads\/2019\/06\/319LT.png 409w, https:\/\/www.fmsdocumentation.com\/wp-content\/uploads\/2019\/06\/319LT-300x226.png 300w\" sizes=\"auto, (max-width: 409px) 100vw, 409px\" \/><\/a><\/p>\n<p>Spustel\u0117jus de\u0161in\u012f pel\u0117s mygtuk\u0105, bet kuriame \u017eem\u0117lapio ta\u0161ke, atsidarys i\u0161\u0161okantysis langas su tiksliomis to ta\u0161ko koordinat\u0117mis. Spustel\u0117jus koordinates vartotojas gali kopijuoti jas, arba prid\u0117t\u012f \u012f <a href=\"https:\/\/www.fmsdocumentation.com\/lt\/marsrutai-ir-uzduotys\/?lang=lt\">mar\u0161rut\u0105<\/a>, spustel\u0117jus\u00a0\u201ePrid\u0117t\u012f ta\u0161k\u0105 \u012f mar\u0161rut\u0105\u201c.<\/p>\n<p><a href=\"https:\/\/www.fmsdocumentation.com\/wp-content\/uploads\/2018\/12\/379LT-2.png\"><img loading=\"lazy\" decoding=\"async\" class=\"alignnone wp-image-6359 size-full\" src=\"https:\/\/www.fmsdocumentation.com\/wp-content\/uploads\/2018\/12\/379LT-2.png\" alt=\"\" width=\"242\" height=\"112\" \/><\/a><\/p>\n<hr \/>\n<p><div class=\"alignleft\"><a href=\"https:\/\/www.fmsdocumentation.com\/lt\/pagrindinis-tpvs-langas\/ispejimai-is-objektu\/\" title=\"\u012esp\u0117jimai i\u0161 objekt\u0173\"><span class=\"arrow\">\u2039 &nbsp <\/span> \u012esp\u0117jimai i\u0161 objekt\u0173 <\/a><\/div> <div class=\"alignright\"><a href=\"https:\/\/www.fmsdocumentation.com\/lt\/pagrindinis-tpvs-langas\/ziniatinklio-vartotoju-sarasas\/\" title=\"\u017diniatinklio vartotoj\u0173 s\u0105ra\u0161as\">\u017diniatinklio vartotoj\u0173 s\u0105ra\u0161as <span class=\"arrow\"> &nbsp\u203a <\/span> <\/a><\/div><\/p>\n<p>&nbsp;<\/p>\n","protected":false},"excerpt":{"rendered":"<p>\u0160iuo metu galima rinktis i\u0161 dviej\u0173 \u017eem\u0117lapio \u0161altini\u0173. Tai gali b\u016bti arba \u201eOSM\u201c \u017eem\u0117lapis (numatytasis variantas), arba \u201eGoogle\u201c \u017eem\u0117lapis. Pereiti i\u0161 vieno \u017eem\u0117lapio \u012f kit\u0105 yra paprasta, tiesiog paspauskite \u0161alia esan\u010dius \u017eem\u0117lapius de\u0161in\u0117je \u017eem\u0117lapio dalyje, apa\u010dioje.\u00a0 \u0160iuo metu rodomas \u017eem\u0117lapis bus matomas vir\u0161uje. Vartotojas gali pasirinkti i\u0161 keturi\u0173 \u017eem\u0117lapio r\u016b\u0161i\u0173: OSM \u2013 \u201eOpen Street Map\u201c. &hellip; <a href=\"https:\/\/www.fmsdocumentation.com\/lt\/pagrindinis-tpvs-langas\/zemelapio-funkcijos-ir-irankiai\/\" class=\"more-link\">Skaityti toliau: <span class=\"screen-reader-text\">\u017dem\u0117lapio funkcijos ir \u012frankiai<\/span><\/a><\/p>\n","protected":false},"author":1,"featured_media":0,"parent":1205,"menu_order":6,"comment_status":"closed","ping_status":"closed","template":"","meta":{"footnotes":""},"class_list":["post-1240","page","type-page","status-publish","hentry"],"_links":{"self":[{"href":"https:\/\/www.fmsdocumentation.com\/lt\/wp-json\/wp\/v2\/pages\/1240","targetHints":{"allow":["GET"]}}],"collection":[{"href":"https:\/\/www.fmsdocumentation.com\/lt\/wp-json\/wp\/v2\/pages"}],"about":[{"href":"https:\/\/www.fmsdocumentation.com\/lt\/wp-json\/wp\/v2\/types\/page"}],"author":[{"embeddable":true,"href":"https:\/\/www.fmsdocumentation.com\/lt\/wp-json\/wp\/v2\/users\/1"}],"replies":[{"embeddable":true,"href":"https:\/\/www.fmsdocumentation.com\/lt\/wp-json\/wp\/v2\/comments?post=1240"}],"version-history":[{"count":17,"href":"https:\/\/www.fmsdocumentation.com\/lt\/wp-json\/wp\/v2\/pages\/1240\/revisions"}],"predecessor-version":[{"id":10742,"href":"https:\/\/www.fmsdocumentation.com\/lt\/wp-json\/wp\/v2\/pages\/1240\/revisions\/10742"}],"up":[{"embeddable":true,"href":"https:\/\/www.fmsdocumentation.com\/lt\/wp-json\/wp\/v2\/pages\/1205"}],"wp:attachment":[{"href":"https:\/\/www.fmsdocumentation.com\/lt\/wp-json\/wp\/v2\/media?parent=1240"}],"curies":[{"name":"wp","href":"https:\/\/api.w.org\/{rel}","templated":true}]}}