{"id":1245,"date":"2017-10-02T09:36:38","date_gmt":"2017-10-02T09:36:38","guid":{"rendered":"http:\/\/www.fmsdocumentation.com\/?page_id=1245"},"modified":"2020-09-08T16:49:44","modified_gmt":"2020-09-08T13:49:44","slug":"ziniatinklio-vartotoju-sarasas","status":"publish","type":"page","link":"https:\/\/www.fmsdocumentation.com\/lt\/pagrindinis-tpvs-langas\/ziniatinklio-vartotoju-sarasas\/","title":{"rendered":"\u017diniatinklio vartotoj\u0173 s\u0105ra\u0161as"},"content":{"rendered":"\r\n<p>\u017diniatinklio vartotoj\u0173 valdymo skydelis pasiekiamas tik vartotojams, turintiems administratoriaus teises. \u0160iame skydelyje galite matyti visus vartotojus susietus su \u0161iuo metu naudojama paskyra. Pagrindinis \u017einiatinklio vartotoj\u0173 valdymo skydelis suteikia \u0161ias galimybes ir informacij\u0105:<\/p>\r\n\r\n\r\n\r\n<ul class=\"wp-block-list\">\r\n<li>Naujo \u017einiatinklio vartotojo k\u016brimas<\/li>\r\n<li>\u017diniatinklio vartotoj\u0173 s\u0105ra\u0161as<\/li>\r\n<li>\u017diniatinklio vartotoj\u0173 paie\u0161ka<\/li>\r\n<\/ul>\r\n\r\n\r\n\r\n<figure class=\"wp-block-image is-resized\"><a href=\"https:\/\/www.fmsdocumentation.com\/wp-content\/uploads\/2020\/09\/252LT.png\"><img loading=\"lazy\" decoding=\"async\" class=\"alignnone wp-image-9884 \" src=\"https:\/\/www.fmsdocumentation.com\/wp-content\/uploads\/2020\/09\/252LT.png\" alt=\"\" width=\"339\" height=\"466\" srcset=\"https:\/\/www.fmsdocumentation.com\/wp-content\/uploads\/2020\/09\/252LT.png 443w, https:\/\/www.fmsdocumentation.com\/wp-content\/uploads\/2020\/09\/252LT-219x300.png 219w\" sizes=\"auto, (max-width: 339px) 100vw, 339px\" \/><\/a><\/figure>\r\n\r\n\r\n\r\n<h2 class=\"wp-block-heading\">Naujo \u017einiatinklio vartotojo k\u016brimas<\/h2>\r\n\r\n\r\n\r\n<p>Norint sukurti nauj\u0105 \u017einiatinklio vartotoj\u0105, spauskite\u00a0<strong>Naujas \u017einiatinklio vartotojas.\u00a0<\/strong>De\u0161in\u0117je atsidarys naujas skydelis, kuriame galima \u012fvesti \u0161iuos duomenis naujam vartotojui:<\/p>\r\n\r\n\r\n\r\n<ul class=\"wp-block-list\">\r\n<li>Vardas &#8211; \u017einiatinklio vartotojo vardas<\/li>\r\n<li>Vartotojo tipas \u2013 administratorius arba naudotojas<\/li>\r\n<li>Prisijungimo vardas \u2013 vardas, su kuriuo prisijungs vartotojas<\/li>\r\n<li>El. pa\u0161tas \u2013 vartotojo el. pa\u0161tas. Po \u0161iuo \u012fvedimo lauku galima pa\u017eym\u0117ti langel\u012f, jei norite i\u0161si\u0173sti el. lai\u0161k\u0105 su nuoroda slapta\u017eod\u017eio nustatymui.<\/li>\r\n<li>Kalba \u2013 \u017einiatinklio vartotojo s\u0105sajos kalba. Skirtingos kalbos pasirinkimas taip pat gali paveikti dat\u0173 ir numeri\u0173 formatavim\u0105. (neprivalomas laukas)<\/li>\r\n<li>Telefonas \u2013 vartotojo telefono numeris (neprivalomas laukas)<\/li>\r\n<li>Vaidmuo \u2013 priskirkite egzistuojant\u012f vaidmen\u012f vartotojui. D\u0117l vaidmen\u0173 valdymo, susisiekite so kontaktine pagalba. (neprivalomas laukas)<\/li>\r\n<\/ul>\r\n\r\n\r\n\r\n<figure class=\"wp-block-image is-resized\"><a href=\"https:\/\/www.fmsdocumentation.com\/wp-content\/uploads\/2020\/09\/447LT.png\"><img loading=\"lazy\" decoding=\"async\" class=\"alignnone wp-image-9885 \" src=\"https:\/\/www.fmsdocumentation.com\/wp-content\/uploads\/2020\/09\/447LT-768x1024.png\" alt=\"\" width=\"510\" height=\"680\" srcset=\"https:\/\/www.fmsdocumentation.com\/wp-content\/uploads\/2020\/09\/447LT-768x1024.png 768w, https:\/\/www.fmsdocumentation.com\/wp-content\/uploads\/2020\/09\/447LT-225x300.png 225w, https:\/\/www.fmsdocumentation.com\/wp-content\/uploads\/2020\/09\/447LT.png 878w\" sizes=\"auto, (max-width: 510px) 100vw, 510px\" \/><\/a><\/figure>\r\n\r\n\r\n\r\n<p>\u012evedus visus privalomus laukus, spauskite <strong>I\u0161saugoti<\/strong> norint prid\u0117ti nauj\u0105 vartotoj\u0105. Norint atmesti pakeitimus, spauskite\u00a0<strong>At\u0161aukti<\/strong>.<\/p>\r\n\r\n\r\n\r\n<h2 class=\"wp-block-heading\">\u017diniatinklio vartotoj\u0173 s\u0105ra\u0161as<\/h2>\r\n\r\n\r\n\r\n<p>\u0160iame s\u0105ra\u0161e apra\u0161yta \u0161i informacija apie kiekvien\u0105 \u017einiatinklio vartotoj\u0105:<\/p>\r\n\r\n\r\n\r\n<ul class=\"wp-block-list\">\r\n<li>\u017diniatinklio vartotojo vardas<\/li>\r\n<li>\u017diniatinklio vartotojo vaidmuo \u2013 naudotojas arba administratorius. Administratorius galima atskirti i\u0161 vartotojo piktogramoje esan\u010dios kar\u016bnos.<\/li>\r\n<li>Numeris matom\u0173 objekt\u0173 tam vartotojui<\/li>\r\n<\/ul>\r\n\r\n\r\n\r\n<figure class=\"wp-block-image\"><a href=\"https:\/\/www.fmsdocumentation.com\/wp-content\/uploads\/2020\/09\/448LT.png\"><img loading=\"lazy\" decoding=\"async\" class=\"alignnone wp-image-9886 size-full\" src=\"https:\/\/www.fmsdocumentation.com\/wp-content\/uploads\/2020\/09\/448LT.png\" alt=\"\" width=\"442\" height=\"174\" srcset=\"https:\/\/www.fmsdocumentation.com\/wp-content\/uploads\/2020\/09\/448LT.png 442w, https:\/\/www.fmsdocumentation.com\/wp-content\/uploads\/2020\/09\/448LT-300x118.png 300w\" sizes=\"auto, (max-width: 442px) 100vw, 442px\" \/><\/a><\/figure>\r\n\r\n\r\n\r\n<p>U\u017eblokuoti vartotojai \u017eymimi raudonu ta\u0161ku prie vartotojo piktogramos, taip pat nurodoma blokavimo b\u016bsena, kaip parodyta \u017eemiau esan\u010diame paveiksl\u0117lyje:<\/p>\r\n\r\n\r\n\r\n<figure class=\"wp-block-image\"><a href=\"https:\/\/www.fmsdocumentation.com\/wp-content\/uploads\/2020\/09\/365LT.png\"><img loading=\"lazy\" decoding=\"async\" class=\"alignnone wp-image-10005 size-full\" src=\"https:\/\/www.fmsdocumentation.com\/wp-content\/uploads\/2020\/09\/365LT.png\" alt=\"\" width=\"450\" height=\"89\" srcset=\"https:\/\/www.fmsdocumentation.com\/wp-content\/uploads\/2020\/09\/365LT.png 450w, https:\/\/www.fmsdocumentation.com\/wp-content\/uploads\/2020\/09\/365LT-300x59.png 300w\" sizes=\"auto, (max-width: 450px) 100vw, 450px\" \/><\/a><\/figure>\r\n\r\n\r\n\r\n<p>Paspaudus ant vartotojo i\u0161 s\u0105ra\u0161o, skydelis bus prapl\u0117stas ir bus rodoma papildoma informacija:<\/p>\r\n\r\n\r\n\r\n<ul class=\"wp-block-list\">\r\n<li>\u017diniatinklio vartotojo vardas<\/li>\r\n<li>Vartotojo tipas \u2013 administratorius arba naudotojas<\/li>\r\n<li>Prisijungimo vardas \u2013 vardas su kuriuo prisijungia vartotojas<\/li>\r\n<li>El. Pa\u0161tas \u2013 el. pa\u0161tas susietas su vartotoju. Statuso \u017eenkliukas \u0161alia el. pa\u0161to adreso nurodo ar jis yra patvirtintas <img loading=\"lazy\" decoding=\"async\" class=\"alignnone wp-image-9848\" src=\"https:\/\/www.fmsdocumentation.com\/wp-content\/uploads\/2020\/09\/check-1.png\" alt=\"\" width=\"20\" height=\"20\" \/> ar nepatvirtintas <img loading=\"lazy\" decoding=\"async\" class=\"alignnone wp-image-9849\" src=\"https:\/\/www.fmsdocumentation.com\/wp-content\/uploads\/2020\/09\/warning.png\" alt=\"\" width=\"20\" height=\"20\" \/>.<\/li>\r\n<li>Kalba \u2013 vartotojo s\u0105sajos kalba<\/li>\r\n<li>Telefonas \u2013 vartotojo telefono numeris<\/li>\r\n<li>Suk\u016brimo data \u2013 data ir laikas, kada buvo sukurtas vartotojas<\/li>\r\n<li>Transporto priemon\u0117s \u2013 transporto priemoni\u0173 grup\u0117s priskirtos vartotojui<\/li>\r\n<li>Perjungimo mygtukas, skirtas API prieigai. Jei \u012fjungta, vartotojas gali generuoti API raktus, apra\u0161ytus\u00a0<a href=\"https:\/\/www.fmsdocumentation.com\/pagrindinis-trusttrack-langas\/paskyros-nustatymai\/?lang=lt\">paskyros nustatymuose.<\/a><\/li>\r\n<\/ul>\r\n\r\n\r\n\r\n<p><a href=\"https:\/\/www.fmsdocumentation.com\/wp-content\/uploads\/2020\/09\/253LT.png\"><img loading=\"lazy\" decoding=\"async\" class=\"alignnone wp-image-9887 \" src=\"https:\/\/www.fmsdocumentation.com\/wp-content\/uploads\/2020\/09\/253LT.png\" alt=\"\" width=\"604\" height=\"539\" srcset=\"https:\/\/www.fmsdocumentation.com\/wp-content\/uploads\/2020\/09\/253LT.png 896w, https:\/\/www.fmsdocumentation.com\/wp-content\/uploads\/2020\/09\/253LT-300x268.png 300w, https:\/\/www.fmsdocumentation.com\/wp-content\/uploads\/2020\/09\/253LT-768x685.png 768w\" sizes=\"auto, (max-width: 604px) 100vw, 604px\" \/><\/a><\/p>\r\n<p><p class=\"note\">Pastaba<br \/>Jei vartotojui n\u0117ra priskirta transporto priemon\u0117s grup\u0117, jam bus matomos visos transporto priemon\u0117s.<br \/><\/p><\/p>\r\n\r\n\r\n\r\n<p>Galima\u00a0<strong>priskirti arba pa\u0161alinti transporto priemoni\u0173 grupes<\/strong> esamiems vartotojams, paspaudus\u00a0<strong>+ <\/strong>simbol\u012f transporto priemoni\u0173 grupi\u0173 skiltyje.<\/p>\r\n\r\n\r\n\r\n<figure class=\"wp-block-image\"><a href=\"https:\/\/www.fmsdocumentation.com\/wp-content\/uploads\/2020\/09\/254LT.png\"><img loading=\"lazy\" decoding=\"async\" class=\"alignnone wp-image-9888 \" src=\"https:\/\/www.fmsdocumentation.com\/wp-content\/uploads\/2020\/09\/254LT.png\" alt=\"\" width=\"335\" height=\"64\" srcset=\"https:\/\/www.fmsdocumentation.com\/wp-content\/uploads\/2020\/09\/254LT.png 434w, https:\/\/www.fmsdocumentation.com\/wp-content\/uploads\/2020\/09\/254LT-300x57.png 300w\" sizes=\"auto, (max-width: 335px) 100vw, 335px\" \/><\/a><\/figure>\r\n\r\n\r\n\r\n<p>Atsidarys naujas langas su s\u0105ra\u0161u transporto priemoni\u0173 grupi\u0173, sukurt\u0173 \u0161iai paskyrai. Norint greitai atlikti grupi\u0173 paie\u0161k\u0105, galima naudotis paie\u0161kos lauku, kuris perfiltruos s\u0105ra\u0161\u0105 vedant tekst\u0105.<\/p>\r\n\r\n\r\n\r\n<p>Jei grup\u0117 jau priskirta vartotojui, ji bus pa\u017eym\u0117ta m\u0117lyna varnele. Papildom\u0173 transporto priemoni\u0173 grupi\u0173 galima priskirti pa\u017eymint varneles \u0161alia grupi\u0173 pavadinim\u0173. Norint pa\u0161alinti grup\u0119, panaikinkite varnel\u0119. Galima pa\u017eym\u0117ti\u00a0<strong>Pasirinkti visk\u0105<\/strong> norint priskirti\/pa\u0161alinti visas transporto priemones. Atlikus pakeitimus, spauskite\u00a0<strong>Atlikta.\u00a0<\/strong><\/p>\r\n\r\n\r\n\r\n<figure class=\"wp-block-image is-resized\"><a href=\"https:\/\/www.fmsdocumentation.com\/wp-content\/uploads\/2020\/09\/255LT.png\"><img loading=\"lazy\" decoding=\"async\" class=\"alignnone wp-image-9889 \" src=\"https:\/\/www.fmsdocumentation.com\/wp-content\/uploads\/2020\/09\/255LT.png\" alt=\"\" width=\"578\" height=\"485\" srcset=\"https:\/\/www.fmsdocumentation.com\/wp-content\/uploads\/2020\/09\/255LT.png 914w, https:\/\/www.fmsdocumentation.com\/wp-content\/uploads\/2020\/09\/255LT-300x252.png 300w, https:\/\/www.fmsdocumentation.com\/wp-content\/uploads\/2020\/09\/255LT-768x645.png 768w\" sizes=\"auto, (max-width: 578px) 100vw, 578px\" \/><\/a><\/figure>\r\n\r\n\r\n\r\n<p>Atmesti pakeitimus galima paspaudus\u00a0<strong>At\u0161aukti<\/strong> mygtuk\u0105, arba paspaudus bet kur u\u017e priskyrimo lango.<\/p>\r\n\r\n\r\n\r\n<p>Transporto priemoni\u0173 grupi\u0173 k\u016brimas yra apra\u0161ytas <a href=\"https:\/\/www.fmsdocumentation.com\/parko-busenos-meniu\/?lang=lt\">parko b\u016bsenos meniu.<\/a><\/p>\r\n\r\n\r\n\r\n<p>Galima redaguoti arba trinti egzistuojan\u010dius vartotojus. Redaguoti galima paspaudus\u00a0<strong>Redaguoti, <\/strong>vartotojo informacijos lango apa\u010dioje. B\u016bsite nukreipti \u012f skydel\u012f identi\u0161k\u0105 <strong>Naujo \u017einiatinklio vartotojo\u00a0<\/strong>skydeliui. Atlikus pakeitimus, paspauskite <strong>I\u0161saugoti<\/strong>. Norint i\u0161trinti vartotoj\u0105, spauskite\u00a0<strong>I\u0161trinti <\/strong>vartotojo informacijos lango apa\u010dioje.<\/p>\r\n\r\n\r\n\r\n<figure class=\"wp-block-image is-resized\"><a href=\"https:\/\/www.fmsdocumentation.com\/wp-content\/uploads\/2020\/09\/449LT.png\"><img loading=\"lazy\" decoding=\"async\" class=\"alignnone wp-image-9890 \" src=\"https:\/\/www.fmsdocumentation.com\/wp-content\/uploads\/2020\/09\/449LT-777x1024.png\" alt=\"\" width=\"499\" height=\"658\" srcset=\"https:\/\/www.fmsdocumentation.com\/wp-content\/uploads\/2020\/09\/449LT-777x1024.png 777w, https:\/\/www.fmsdocumentation.com\/wp-content\/uploads\/2020\/09\/449LT-228x300.png 228w, https:\/\/www.fmsdocumentation.com\/wp-content\/uploads\/2020\/09\/449LT-768x1013.png 768w, https:\/\/www.fmsdocumentation.com\/wp-content\/uploads\/2020\/09\/449LT.png 892w\" sizes=\"auto, (max-width: 499px) 100vw, 499px\" \/><\/a><\/figure>\r\n\r\n\r\n\r\n<h2 class=\"wp-block-heading\">\u017diniatinklio vartotoj\u0173 paie\u0161ka<\/h2>\r\n\r\n\r\n\r\n<p>Vartotojus galima surasti \u012fvedant j\u0173 vard\u0105 \u012f paie\u0161kos lauk\u0105 esant\u012f vir\u0161 vartotoj\u0173 s\u0105ra\u0161o. \u0160is s\u0105ra\u0161us bus atnaujinamas ir perfiltruojamas \u012fvedant tekst\u0105.<\/p>\r\n\r\n\r\n\r\n<figure class=\"wp-block-image is-resized\"><a href=\"https:\/\/www.fmsdocumentation.com\/wp-content\/uploads\/2020\/09\/450LT.png\"><img loading=\"lazy\" decoding=\"async\" class=\"alignnone wp-image-9891 \" src=\"https:\/\/www.fmsdocumentation.com\/wp-content\/uploads\/2020\/09\/450LT.png\" alt=\"\" width=\"332\" height=\"327\" srcset=\"https:\/\/www.fmsdocumentation.com\/wp-content\/uploads\/2020\/09\/450LT.png 448w, https:\/\/www.fmsdocumentation.com\/wp-content\/uploads\/2020\/09\/450LT-300x295.png 300w\" sizes=\"auto, (max-width: 332px) 100vw, 332px\" \/><\/a><\/figure>\r\n\r\n\r\n<hr class=\"wp-block-separator\" \/>\r\n\r\n\r\n<p><div class=\"alignleft\"><a href=\"https:\/\/www.fmsdocumentation.com\/lt\/pagrindinis-tpvs-langas\/zemelapio-funkcijos-ir-irankiai\/\" title=\"\u017dem\u0117lapio funkcijos ir \u012frankiai\"><span class=\"arrow\">\u2039 &nbsp <\/span> \u017dem\u0117lapio funkcijos ir \u012frankiai <\/a><\/div> <div class=\"alignright\"><a href=\"https:\/\/www.fmsdocumentation.com\/lt\/pagrindinis-tpvs-langas\/paskyros-nustatymai\/\" title=\"Paskyros nustatymai\">Paskyros nustatymai <span class=\"arrow\"> &nbsp\u203a <\/span> <\/a><\/div><\/p>\r\n","protected":false},"excerpt":{"rendered":"<p>\u017diniatinklio vartotoj\u0173 valdymo skydelis pasiekiamas tik vartotojams, turintiems administratoriaus teises. \u0160iame skydelyje galite matyti visus vartotojus susietus su \u0161iuo metu naudojama paskyra. Pagrindinis \u017einiatinklio vartotoj\u0173 valdymo skydelis suteikia \u0161ias galimybes ir informacij\u0105: Naujo \u017einiatinklio vartotojo k\u016brimas \u017diniatinklio vartotoj\u0173 s\u0105ra\u0161as \u017diniatinklio vartotoj\u0173 paie\u0161ka Naujo \u017einiatinklio vartotojo k\u016brimas Norint sukurti nauj\u0105 \u017einiatinklio vartotoj\u0105, spauskite\u00a0Naujas \u017einiatinklio vartotojas.\u00a0De\u0161in\u0117je atsidarys &hellip; <a href=\"https:\/\/www.fmsdocumentation.com\/lt\/pagrindinis-tpvs-langas\/ziniatinklio-vartotoju-sarasas\/\" class=\"more-link\">Skaityti toliau: <span class=\"screen-reader-text\">\u017diniatinklio vartotoj\u0173 s\u0105ra\u0161as<\/span><\/a><\/p>\n","protected":false},"author":1,"featured_media":0,"parent":1205,"menu_order":7,"comment_status":"closed","ping_status":"closed","template":"","meta":{"footnotes":""},"class_list":["post-1245","page","type-page","status-publish","hentry"],"_links":{"self":[{"href":"https:\/\/www.fmsdocumentation.com\/lt\/wp-json\/wp\/v2\/pages\/1245","targetHints":{"allow":["GET"]}}],"collection":[{"href":"https:\/\/www.fmsdocumentation.com\/lt\/wp-json\/wp\/v2\/pages"}],"about":[{"href":"https:\/\/www.fmsdocumentation.com\/lt\/wp-json\/wp\/v2\/types\/page"}],"author":[{"embeddable":true,"href":"https:\/\/www.fmsdocumentation.com\/lt\/wp-json\/wp\/v2\/users\/1"}],"replies":[{"embeddable":true,"href":"https:\/\/www.fmsdocumentation.com\/lt\/wp-json\/wp\/v2\/comments?post=1245"}],"version-history":[{"count":24,"href":"https:\/\/www.fmsdocumentation.com\/lt\/wp-json\/wp\/v2\/pages\/1245\/revisions"}],"predecessor-version":[{"id":10006,"href":"https:\/\/www.fmsdocumentation.com\/lt\/wp-json\/wp\/v2\/pages\/1245\/revisions\/10006"}],"up":[{"embeddable":true,"href":"https:\/\/www.fmsdocumentation.com\/lt\/wp-json\/wp\/v2\/pages\/1205"}],"wp:attachment":[{"href":"https:\/\/www.fmsdocumentation.com\/lt\/wp-json\/wp\/v2\/media?parent=1245"}],"curies":[{"name":"wp","href":"https:\/\/api.w.org\/{rel}","templated":true}]}}