{"id":1255,"date":"2017-10-02T09:54:53","date_gmt":"2017-10-02T09:54:53","guid":{"rendered":"http:\/\/www.fmsdocumentation.com\/?page_id=1255"},"modified":"2021-03-08T17:42:33","modified_gmt":"2021-03-08T14:42:33","slug":"paskyros-nustatymai","status":"publish","type":"page","link":"https:\/\/www.fmsdocumentation.com\/lt\/pagrindinis-tpvs-langas\/paskyros-nustatymai\/","title":{"rendered":"Paskyros nustatymai"},"content":{"rendered":"\r\n<p>Paskyros nustatymuose galima keisti kelet\u0105 bendr\u0173j\u0173 nustatym\u0173, kurie turi \u012ftakos kai kuriems duomenims, rodomiems TPVS. Galima keisti \u0161iuos nustatymus:<\/p>\r\n\r\n\r\n<hr class=\"wp-block-separator\" \/>\r\n\r\n\r\n<h3 class=\"wp-block-heading\">Paskyra<\/h3>\r\n\r\n\r\n\r\n<p>Paskyros puslapyje galima per\u017ei\u016br\u0117ti savo el. pa\u0161t\u0105 ir pasikeisti slapta\u017eod\u012f.<\/p>\r\n\r\n\r\n\r\n<figure class=\"wp-block-image is-resized\"><a href=\"https:\/\/www.fmsdocumentation.com\/wp-content\/uploads\/2020\/11\/433LT.png\"><img loading=\"lazy\" decoding=\"async\" class=\"alignnone wp-image-10466 \" src=\"https:\/\/www.fmsdocumentation.com\/wp-content\/uploads\/2020\/11\/433LT-1024x517.png\" alt=\"\" width=\"650\" height=\"329\" srcset=\"https:\/\/www.fmsdocumentation.com\/wp-content\/uploads\/2020\/11\/433LT-1024x517.png 1024w, https:\/\/www.fmsdocumentation.com\/wp-content\/uploads\/2020\/11\/433LT-300x152.png 300w, https:\/\/www.fmsdocumentation.com\/wp-content\/uploads\/2020\/11\/433LT-768x388.png 768w, https:\/\/www.fmsdocumentation.com\/wp-content\/uploads\/2020\/11\/433LT-1536x776.png 1536w, https:\/\/www.fmsdocumentation.com\/wp-content\/uploads\/2020\/11\/433LT-2048x1034.png 2048w\" sizes=\"auto, (max-width: 650px) 100vw, 650px\" \/><\/a><\/figure>\r\n\r\n\r\n\r\n<p>Norint pasikeisti slapta\u017eod\u012f, spaud\u017eiama <strong>Pakeisti slapta\u017eod\u012f<\/strong> nuoroda. Atsidariusiame naujame lange, vartotojas turi \u012fvesti savo sen\u0105 ir nauj\u0105 slapta\u017eod\u017eius.<\/p>\r\n\r\n\r\n\r\n<ul class=\"wp-block-list\">\r\n<li>Esamas slapta\u017eodis \u2013 \u012fvesti dabar naudojam\u0105 slapta\u017eod\u012f<\/li>\r\n<li>Naujas slapta\u017eodis \u2013 \u012fvesti nauj\u0105 slapta\u017eod\u012f. Jis turi skirtis nuo senojo ir atitikti \u017eemiau nurodytus reikalavimus.<\/li>\r\n<li>I\u0161 naujo \u012fra\u0161ykite nauj\u0105 slapta\u017eod\u012f \u2013 \u012fvesti savo nauj\u0105 slapta\u017eod\u012f i\u0161 naujo. Jis turi atitikti prie\u0161 tai \u012fvest\u0105 nauj\u0105 slapta\u017eod\u012f.<\/li>\r\n<\/ul>\r\n\r\n\r\n\r\n<figure class=\"wp-block-image is-resized\"><a href=\"https:\/\/www.fmsdocumentation.com\/wp-content\/uploads\/2020\/08\/434LT-1.png\"><img loading=\"lazy\" decoding=\"async\" class=\"wp-image-9285\" src=\"https:\/\/www.fmsdocumentation.com\/wp-content\/uploads\/2020\/08\/434LT-1.png\" alt=\"\" width=\"400\" height=\"599\" srcset=\"https:\/\/www.fmsdocumentation.com\/wp-content\/uploads\/2020\/08\/434LT-1.png 487w, https:\/\/www.fmsdocumentation.com\/wp-content\/uploads\/2020\/08\/434LT-1-201x300.png 201w\" sizes=\"auto, (max-width: 400px) 100vw, 400px\" \/><\/a><\/figure>\r\n\r\n\r\n\r\n<p>\u012evedus visus tris laukus, spaud\u017eiamas <strong>Pakeisti slapta\u017eod\u012f<\/strong> mygtukas. Jei \u012fvesta informacija teisinga, pakeitimai slapta\u017eod\u017eiui bus i\u0161saugoti. Paspaudus <strong>U\u017edaryti<\/strong> visi pakeitimai bus atmesti.<\/p>\r\n\r\n\r\n<hr class=\"wp-block-separator\" \/>\r\n\r\n\r\n<h3 class=\"wp-block-heading\">Sistemos konfig\u016bracija<\/h3>\r\n\r\n\r\n\r\n<ul class=\"wp-block-list\">\r\n<li>Sistemos lokalizacija \u2013 galima nustatyti pagal \u0161al\u012f. \u012ediegiama paie\u0161kos juosta, kad b\u016bt\u0173 galima grei\u010diau surasti \u0161al\u012f. Lokalizacija da\u017eniausiai naudojama \u201eGoogle\u201c \u017eem\u0117lapiams, siekiant u\u017etikrinti, kad nustatymai atitikt\u0173 pasirinkt\u0173 \u0161ali\u0173 \u012fstatymus ir reglamentus. Jei n\u0117ra nustatytos \u0161alies, sistema automati\u0161kai gauna lokalizacijos nustatymus i\u0161 prisijungusio kompiuterio kaskart prisijungus. Pasirinkus lokalizacij\u0105, automatinis nustatym\u0173 gavimas nebevyks.<\/li>\r\n<li>Laiko juostos \u2013 vartotojas gali pasirinkti dabartin\u0119 laiko juost\u0105. Pasirinkus laiko juost\u0105, sistema automati\u0161kai koreguoja gautus \u012fra\u0161us pagal pasirinkt\u0105 laiko juosta.<\/li>\r\n<li>Sistemos kalba &#8211; vartotojas gali pasirinkti sistemos rodymo kalb\u0105. Sistema automati\u0161kai pakei\u010dia atitinkam\u0105 datos format\u0105 pagal pasirinkt\u0105 kalb\u0105.<\/li>\r\n<li>Matavimo vienetai \u2013 \u010dia vartotojas gali pasirinkti, kokiu formatu sistemoje bus pateikiami vienetai. Galima pasirinkti imperin\u0119, metrin\u0119, metrin\u0119 su sunaudojimu rodomu km\/l arba JAV \u012fprast\u0173 matavimo vienet\u0173 sistem\u0105.<\/li>\r\n<\/ul>\r\n\r\n\r\n\r\n<figure class=\"wp-block-image is-resized\"><a href=\"https:\/\/www.fmsdocumentation.com\/wp-content\/uploads\/2020\/11\/273LT.png\"><img loading=\"lazy\" decoding=\"async\" class=\"alignnone wp-image-10467 \" src=\"https:\/\/www.fmsdocumentation.com\/wp-content\/uploads\/2020\/11\/273LT-1024x521.png\" alt=\"\" width=\"652\" height=\"332\" srcset=\"https:\/\/www.fmsdocumentation.com\/wp-content\/uploads\/2020\/11\/273LT-1024x521.png 1024w, https:\/\/www.fmsdocumentation.com\/wp-content\/uploads\/2020\/11\/273LT-300x153.png 300w, https:\/\/www.fmsdocumentation.com\/wp-content\/uploads\/2020\/11\/273LT-768x391.png 768w, https:\/\/www.fmsdocumentation.com\/wp-content\/uploads\/2020\/11\/273LT-1536x781.png 1536w, https:\/\/www.fmsdocumentation.com\/wp-content\/uploads\/2020\/11\/273LT-2048x1042.png 2048w\" sizes=\"auto, (max-width: 652px) 100vw, 652px\" \/><\/a><\/figure>\r\n\r\n\r\n\r\n<p>Atlikus keitimus, b\u016btina paspausti mygtuk\u0105 <strong>I\u0161saugoti<\/strong>, kitu atveju keitimai bus atmesti vartotojui i\u0161\u0117jus i\u0161 \u0161io puslapio. Jei vartotojas bando i\u0161eiti i\u0161 puslapio atlik\u0119s keitim\u0173, bet j\u0173 nei\u0161saugoj\u0119s, atsiranda langas, prane\u0161antis apie nei\u0161saugotus keitimus.<\/p>\r\n\r\n\r\n<hr class=\"wp-block-separator\" \/>\r\n\r\n\r\n<h3 class=\"wp-block-heading\">\u017dem\u0117lapio nustatymai<\/h3>\r\n\r\n\r\n\r\n<p>\u017dem\u0117lapio nustatymuose galima keisti kai kuriuos \u017eem\u0117lapio rodini\u0173 nustatymus. Galima keisti \u0161iuos nustatymus:<\/p>\r\n\r\n\r\n\r\n<ul class=\"wp-block-list\">\r\n<li>Grupuoti transporto priemon\u0117s \u017eymeklius \u2013 \u012fjungia \/ i\u0161jungia transporto priemoni\u0173 grupavim\u0105 \u017eem\u0117lapyje<\/li>\r\n<li>Transporto priemon\u0117s sugrupuotos iki \u2013 nustatoma, kokiame priartinimo lygyje transporto priemon\u0117s rodomos kaip grup\u0117, kuo ma\u017eesnis skai\u010dius, tuo didesnis priartinimo lygis. \u0160alia nustatymo yra pavyzdinis \u017eem\u0117lapis, kuriuo vadovaujantis galima pasirinkti norim\u0105 priartinimo lyg\u012f, kuriam esant transporto priemon\u0117s bus grupuojamos.<\/li>\r\n<li>Rodyti piktogram\u0105 transporto priemon\u0117s \u017eymeklyje \u2013 \u012fjungia \/ i\u0161jungia transporto priemon\u0117s r\u016b\u0161ies rodym\u0105 \u017eem\u0117lapyje<\/li>\r\n<li>Rodyti pavadinim\u0105 transporto priemon\u0117s \u017eymeklyje \u2013 \u012fjungia \/ i\u0161jungia transporto priemon\u0117s pavadinimo rodym\u0105 \u017eem\u0117lapyje<\/li>\r\n<li>Sutarti transporto priemon\u0117s \u017eymekliai\u00a0\u2013 \u012fjungia \/ i\u0161jungia kompakti\u0161kesn\u012f transporto priemon\u0117s \u017eymeklio rodym\u0105 \u017eem\u0117lapyje<\/li>\r\n<li>Show geozones markers (Rodyti geozon\u0173 \u017eymeklius) \u2013 \u012fjungia \/ i\u0161jungia pasirinkt\u0173 geozon\u0173 \u017eymekli\u0173 rodym\u0105 \u017eem\u0117lapyje<\/li>\r\n<\/ul>\r\n\r\n\r\n\r\n<p><p class=\"note\"> Pastaba<br \/>Visi poky\u010diai yra matomi pavyzdiniame \u017eem\u0117lapyje, esan\u010diame \u012f kair\u0119 nuo nustatym\u0173.<\/p><\/p>\r\n\r\n\r\n\r\n<figure class=\"wp-block-image is-resized\"><a href=\"https:\/\/www.fmsdocumentation.com\/wp-content\/uploads\/2020\/11\/290LT.png\"><img loading=\"lazy\" decoding=\"async\" class=\"alignnone wp-image-10468 \" src=\"https:\/\/www.fmsdocumentation.com\/wp-content\/uploads\/2020\/11\/290LT-1024x519.png\" alt=\"\" width=\"650\" height=\"329\" srcset=\"https:\/\/www.fmsdocumentation.com\/wp-content\/uploads\/2020\/11\/290LT-1024x519.png 1024w, https:\/\/www.fmsdocumentation.com\/wp-content\/uploads\/2020\/11\/290LT-300x152.png 300w, https:\/\/www.fmsdocumentation.com\/wp-content\/uploads\/2020\/11\/290LT-768x389.png 768w, https:\/\/www.fmsdocumentation.com\/wp-content\/uploads\/2020\/11\/290LT-1536x778.png 1536w, https:\/\/www.fmsdocumentation.com\/wp-content\/uploads\/2020\/11\/290LT-2048x1038.png 2048w\" sizes=\"auto, (max-width: 650px) 100vw, 650px\" \/><\/a><\/figure>\r\n\r\n\r\n\r\n<p>Atlikus keitimus, b\u016btina paspausti <strong>I\u0161saugoti<\/strong>, kitu atveju keitimai bus atmesti vartotojui i\u0161\u0117jus i\u0161 \u0161io puslapio. Jei vartotojas bando i\u0161eiti i\u0161 puslapio atlik\u0119s keitim\u0173, bet j\u0173 nei\u0161saugoj\u0119s, atsiranda langas, prane\u0161antis apie nei\u0161saugotus keitimus.<\/p>\r\n\r\n\r\n<hr class=\"wp-block-separator\" \/>\r\n\r\n\r\n<h3 class=\"wp-block-heading\">Adreso nustatymai<\/h3>\r\n\r\n\r\n\r\n<p>Adreso nustatymuose galima nustatyti, kaip sistema atvaizduos adreso informacij\u0105.<\/p>\r\n\r\n\r\n\r\n<figure class=\"wp-block-image is-resized\"><a href=\"https:\/\/www.fmsdocumentation.com\/wp-content\/uploads\/2020\/11\/320LT.png\"><img loading=\"lazy\" decoding=\"async\" class=\"alignnone wp-image-10469 \" src=\"https:\/\/www.fmsdocumentation.com\/wp-content\/uploads\/2020\/11\/320LT-1024x518.png\" alt=\"\" width=\"656\" height=\"332\" srcset=\"https:\/\/www.fmsdocumentation.com\/wp-content\/uploads\/2020\/11\/320LT-1024x518.png 1024w, https:\/\/www.fmsdocumentation.com\/wp-content\/uploads\/2020\/11\/320LT-300x152.png 300w, https:\/\/www.fmsdocumentation.com\/wp-content\/uploads\/2020\/11\/320LT-768x389.png 768w, https:\/\/www.fmsdocumentation.com\/wp-content\/uploads\/2020\/11\/320LT-1536x778.png 1536w, https:\/\/www.fmsdocumentation.com\/wp-content\/uploads\/2020\/11\/320LT-2048x1037.png 2048w\" sizes=\"auto, (max-width: 656px) 100vw, 656px\" \/><\/a><\/figure>\r\n\r\n\r\n\r\n<p>Vartotojas gali pasirinkti, kaip transporto priemon\u0117s dabartin\u0117 vieta atvaizduojama ataskaitose (ilgasis adresas) bei parko b\u016bsenos meniu esan\u010diame transporto priemoni\u0173 s\u0105ra\u0161e (trumpasis adresas).<\/p>\r\n\r\n\r\n\r\n<p>Ilg\u0105j\u012f adres\u0105 gali sudaryti:<\/p>\r\n\r\n\r\n\r\n<ul class=\"wp-block-list\">\r\n<li>Tik adresas &#8211; ataskaitose bus rodomas tik transporto priemon\u0117s adresas (vieta)<\/li>\r\n<li>Tik geografin\u0117s zonos &#8211; ataskaitose bus rodomos tik transporto priemon\u0117s geozonos. Jei transporto priemon\u0117 nebuvo jokioje geozonoje, ilgojo adreso laukelis bus tu\u0161\u010dias.<\/li>\r\n<li>Adresas ir geografin\u0117s zonos &#8211; ataskaitose bus rodomi ir adresai ir geozonos<\/li>\r\n<\/ul>\r\n\r\n\r\n\r\n<p>Ilgojo adreso atvaizdavimo pavyzdys tai pa\u010diai ataskaitai: <strong>vir\u0161uje atvaizduotas ilgasis adresas tik su adresu, viduryje &#8211; tik su geozonomis, apa\u010dioje &#8211; su adresu ir geozonomis.<\/strong><\/p>\r\n\r\n\r\n\r\n<figure class=\"wp-block-image is-resized\"><a href=\"https:\/\/www.fmsdocumentation.com\/wp-content\/uploads\/2018\/02\/326LT.png\"><img loading=\"lazy\" decoding=\"async\" class=\"wp-image-4441\" src=\"https:\/\/www.fmsdocumentation.com\/wp-content\/uploads\/2018\/02\/326LT-1024x384.png\" alt=\"\" width=\"580\" height=\"217\" srcset=\"https:\/\/www.fmsdocumentation.com\/wp-content\/uploads\/2018\/02\/326LT-1024x384.png 1024w, https:\/\/www.fmsdocumentation.com\/wp-content\/uploads\/2018\/02\/326LT-300x113.png 300w, https:\/\/www.fmsdocumentation.com\/wp-content\/uploads\/2018\/02\/326LT-768x288.png 768w, https:\/\/www.fmsdocumentation.com\/wp-content\/uploads\/2018\/02\/326LT.png 1252w\" sizes=\"auto, (max-width: 580px) 100vw, 580px\" \/><\/a><\/figure>\r\n\r\n\r\n\r\n<p>Trumpaj\u012f adres\u0105 gali sudaryti:<\/p>\r\n\r\n\r\n\r\n<ul class=\"wp-block-list\">\r\n<li>Tik adresas &#8211; transporto priemoni\u0173 s\u0105ra\u0161e bus rodomas dabartinis transporto priemon\u0117s adresas (vieta)<\/li>\r\n<li>Tik geografin\u0117s zonos &#8211; transporto priemoni\u0173 s\u0105ra\u0161e bus rodomas geozonos, kurioje dabar yra transporto priemon\u0117, pavadinimas. Jei transporto priemon\u0117 yra u\u017e geozonos rib\u0173, trumpojo adreso laukelis bus tu\u0161\u010dias.<\/li>\r\n<\/ul>\r\n\r\n\r\n\r\n<p>Trumpojo adreso atvaizdavimo pavyzdys toms pa\u010dioms transporto priemon\u0117ms:\u00a0<strong>kair\u0117je atvaizduotas trumpasis adresas tik su geozonomis, de\u0161in\u0117je &#8211; tik su adresu.<\/strong><\/p>\r\n\r\n\r\n\r\n<figure class=\"wp-block-image is-resized\"><a href=\"https:\/\/www.fmsdocumentation.com\/wp-content\/uploads\/2018\/01\/321LT.png\"><img loading=\"lazy\" decoding=\"async\" class=\"wp-image-4320\" src=\"https:\/\/www.fmsdocumentation.com\/wp-content\/uploads\/2018\/01\/321LT.png\" alt=\"\" width=\"580\" height=\"177\" srcset=\"https:\/\/www.fmsdocumentation.com\/wp-content\/uploads\/2018\/01\/321LT.png 691w, https:\/\/www.fmsdocumentation.com\/wp-content\/uploads\/2018\/01\/321LT-300x92.png 300w\" sizes=\"auto, (max-width: 580px) 100vw, 580px\" \/><\/a><\/figure>\r\n\r\n\r\n<hr class=\"wp-block-separator\" \/>\r\n\r\n\r\n<h3 class=\"wp-block-heading\">API rakt\u0173 nustatymai<\/h3>\r\n\r\n\r\n\r\n<p>API rakt\u0173 nustatymuose galima sugeneruoti API prieigos raktus, kurie gali b\u016bti naudojami integracijai.<\/p>\r\n\r\n\r\n\r\n<p><p class=\"note\"> Pastaba<br \/>API rakt\u0173 generavimas turi b\u016bti \u012fjungtas kiekvienam vartotojui individualiai arba vartotojas netur\u0117s prieigos prie nustatym\u0173. Tai apra\u0161yta\u00a0<a href=\"https:\/\/www.fmsdocumentation.com\/pagrindinis-trusttrack-langas\/vartotojo-valdymo-skydelis\/?lang=lt\" class=\"broken_link\">Vartotojo valdymo skydelyje<\/a>. Pagal nutyl\u0117jim\u0105, prieig\u0105 prie nustatym\u0173 turi administratoriai.<\/p><\/p>\r\n\r\n\r\n\r\n<p>Vartotojas gali sugeneruoti nauj\u0105 API rakt\u0105 paspaud\u0119s <strong>Naujas API raktas\u00a0<\/strong>mygtuk\u0105, esant\u012f vir\u0161utiniame de\u0161iniajame lango kampe. Atsivers <strong>Naujas API raktas<\/strong> langas, kuriame vartotojas turi suteikti API raktui pavadinim\u0105. Paspaudus mygtuk\u0105\u00a0<strong>I\u0161saugoti<\/strong>, raktas yra i\u0161saugomas.<\/p>\r\n\r\n\r\n\r\n<figure class=\"wp-block-image is-resized\"><a href=\"https:\/\/www.fmsdocumentation.com\/wp-content\/uploads\/2020\/11\/387LT.png\"><img loading=\"lazy\" decoding=\"async\" class=\"alignnone wp-image-10470 \" src=\"https:\/\/www.fmsdocumentation.com\/wp-content\/uploads\/2020\/11\/387LT-1024x519.png\" alt=\"\" width=\"628\" height=\"318\" srcset=\"https:\/\/www.fmsdocumentation.com\/wp-content\/uploads\/2020\/11\/387LT-1024x519.png 1024w, https:\/\/www.fmsdocumentation.com\/wp-content\/uploads\/2020\/11\/387LT-300x152.png 300w, https:\/\/www.fmsdocumentation.com\/wp-content\/uploads\/2020\/11\/387LT-768x389.png 768w, https:\/\/www.fmsdocumentation.com\/wp-content\/uploads\/2020\/11\/387LT-1536x778.png 1536w, https:\/\/www.fmsdocumentation.com\/wp-content\/uploads\/2020\/11\/387LT-2048x1038.png 2048w\" sizes=\"auto, (max-width: 628px) 100vw, 628px\" \/><\/a><\/figure>\r\n\r\n\r\n\r\n<p>Visi vartotojo sugeneruoti API raktai yra pateikiami lentel\u0117je. Paspaudus ant paties rakto, atsiras i\u0161\u0161okantysis langas, kuriame bus pateiktas pilnas API raktas. Spustel\u0117jus ant rakto i\u0161\u0161okan\u010diajame lange, jis bus nukopijuotas. Raktai gali b\u016bti i\u0161trinti paspaudus \u0161iuk\u0161liad\u0117\u017e\u0117s piktogram\u0105. Atsivers persp\u0117jimo prane\u0161imas, kuriame paspaudus\u00a0<strong>I\u0161trinti<\/strong>, raktas bus i\u0161trintas.<\/p>\r\n\r\n\r\n\r\n<figure class=\"wp-block-image is-resized\"><a href=\"https:\/\/www.fmsdocumentation.com\/wp-content\/uploads\/2020\/11\/388LT.png\"><img loading=\"lazy\" decoding=\"async\" class=\"alignnone wp-image-10471 \" src=\"https:\/\/www.fmsdocumentation.com\/wp-content\/uploads\/2020\/11\/388LT-1024x519.png\" alt=\"\" width=\"640\" height=\"324\" srcset=\"https:\/\/www.fmsdocumentation.com\/wp-content\/uploads\/2020\/11\/388LT-1024x519.png 1024w, https:\/\/www.fmsdocumentation.com\/wp-content\/uploads\/2020\/11\/388LT-300x152.png 300w, https:\/\/www.fmsdocumentation.com\/wp-content\/uploads\/2020\/11\/388LT-768x389.png 768w, https:\/\/www.fmsdocumentation.com\/wp-content\/uploads\/2020\/11\/388LT-1536x779.png 1536w, https:\/\/www.fmsdocumentation.com\/wp-content\/uploads\/2020\/11\/388LT-2048x1038.png 2048w\" sizes=\"auto, (max-width: 640px) 100vw, 640px\" \/><\/a><\/figure>\r\n\r\n\r\n<hr class=\"wp-block-separator\" \/>\r\n\r\n\r\n<h3 class=\"wp-block-heading\">Tachografo nustatymai<\/h3>\r\n\r\n\r\n\r\n<p><strong>Tachografo nustatym\u0173 <\/strong>skiltis leid\u017eia modifikuoti duomenis susijusius su tachografais.<\/p>\r\n\r\n\r\n\r\n<p><strong>Tachografo bylos pavadinimas<\/strong> \u2013 pasirinkite kaip bus generuojami tachografo fail\u0173 pavadinimai. Galimi \u0161ie pasirinkimo variantai:<\/p>\r\n\r\n\r\n\r\n<ul class=\"wp-block-list\">\r\n<li>Objekto pavadinimas su laiko periodu<\/li>\r\n<li>Europieti\u0161kas<\/li>\r\n<li>Ispani\u0161kas<\/li>\r\n<li>Pranc\u016bzi\u0161kas<\/li>\r\n<\/ul>\r\n\r\n\r\n\r\n<p><strong>Vairuotojai \u2013 <\/strong>vis\u0173 pasirinkt\u0173 vairuotoj\u0173 UNKNOWN b\u016bsenos bus pakeistos \u012f REST. \u0160is nustatymas nepaveikia pa\u010dio DDD failo. Galite pasirinkti <strong>Automati\u0161kai \u012fjungti visiems naujiems vairuotojams, <\/strong>kad \u0161is nustatymas b\u016bt\u0173 pritaikytas kiekvienam naujam sukurtam vairuotojui.<\/p>\r\n\r\n\r\n\r\n<figure class=\"wp-block-image size-large is-resized\"><a href=\"https:\/\/www.fmsdocumentation.com\/wp-content\/uploads\/2020\/11\/454LT-1.png\"><img loading=\"lazy\" decoding=\"async\" class=\"alignnone wp-image-10465 \" src=\"https:\/\/www.fmsdocumentation.com\/wp-content\/uploads\/2020\/11\/454LT-1-1024x519.png\" alt=\"\" width=\"646\" height=\"327\" srcset=\"https:\/\/www.fmsdocumentation.com\/wp-content\/uploads\/2020\/11\/454LT-1-1024x519.png 1024w, https:\/\/www.fmsdocumentation.com\/wp-content\/uploads\/2020\/11\/454LT-1-300x152.png 300w, https:\/\/www.fmsdocumentation.com\/wp-content\/uploads\/2020\/11\/454LT-1-768x389.png 768w, https:\/\/www.fmsdocumentation.com\/wp-content\/uploads\/2020\/11\/454LT-1-1536x778.png 1536w, https:\/\/www.fmsdocumentation.com\/wp-content\/uploads\/2020\/11\/454LT-1-2048x1038.png 2048w\" sizes=\"auto, (max-width: 646px) 100vw, 646px\" \/><\/a><\/figure>\r\n\r\n\r\n<hr class=\"wp-block-separator\" \/>\r\n\r\n\r\n<p><div class=\"alignleft\"><a href=\"https:\/\/www.fmsdocumentation.com\/lt\/pagrindinis-tpvs-langas\/ziniatinklio-vartotoju-sarasas\/\" title=\"\u017diniatinklio vartotoj\u0173 s\u0105ra\u0161as\"><span class=\"arrow\">\u2039 &nbsp <\/span> \u017diniatinklio vartotoj\u0173 s\u0105ra\u0161as <\/a><\/div> <div class=\"alignright\"><a href=\"https:\/\/www.fmsdocumentation.com\/lt\/pagrindinis-tpvs-langas\/sugeneruotos-nuorodos\/\" title=\"Sugeneruotos nuorodos\">Sugeneruotos nuorodos <span class=\"arrow\"> &nbsp\u203a <\/span> <\/a><\/div><\/p>\r\n","protected":false},"excerpt":{"rendered":"<p>Paskyros nustatymuose galima keisti kelet\u0105 bendr\u0173j\u0173 nustatym\u0173, kurie turi \u012ftakos kai kuriems duomenims, rodomiems TPVS. Galima keisti \u0161iuos nustatymus: Paskyra Paskyros puslapyje galima per\u017ei\u016br\u0117ti savo el. pa\u0161t\u0105 ir pasikeisti slapta\u017eod\u012f. Norint pasikeisti slapta\u017eod\u012f, spaud\u017eiama Pakeisti slapta\u017eod\u012f nuoroda. Atsidariusiame naujame lange, vartotojas turi \u012fvesti savo sen\u0105 ir nauj\u0105 slapta\u017eod\u017eius. Esamas slapta\u017eodis \u2013 \u012fvesti dabar naudojam\u0105 slapta\u017eod\u012f &hellip; <a href=\"https:\/\/www.fmsdocumentation.com\/lt\/pagrindinis-tpvs-langas\/paskyros-nustatymai\/\" class=\"more-link\">Skaityti toliau: <span class=\"screen-reader-text\">Paskyros nustatymai<\/span><\/a><\/p>\n","protected":false},"author":1,"featured_media":0,"parent":1205,"menu_order":8,"comment_status":"closed","ping_status":"closed","template":"","meta":{"footnotes":""},"class_list":["post-1255","page","type-page","status-publish","hentry"],"_links":{"self":[{"href":"https:\/\/www.fmsdocumentation.com\/lt\/wp-json\/wp\/v2\/pages\/1255","targetHints":{"allow":["GET"]}}],"collection":[{"href":"https:\/\/www.fmsdocumentation.com\/lt\/wp-json\/wp\/v2\/pages"}],"about":[{"href":"https:\/\/www.fmsdocumentation.com\/lt\/wp-json\/wp\/v2\/types\/page"}],"author":[{"embeddable":true,"href":"https:\/\/www.fmsdocumentation.com\/lt\/wp-json\/wp\/v2\/users\/1"}],"replies":[{"embeddable":true,"href":"https:\/\/www.fmsdocumentation.com\/lt\/wp-json\/wp\/v2\/comments?post=1255"}],"version-history":[{"count":32,"href":"https:\/\/www.fmsdocumentation.com\/lt\/wp-json\/wp\/v2\/pages\/1255\/revisions"}],"predecessor-version":[{"id":10660,"href":"https:\/\/www.fmsdocumentation.com\/lt\/wp-json\/wp\/v2\/pages\/1255\/revisions\/10660"}],"up":[{"embeddable":true,"href":"https:\/\/www.fmsdocumentation.com\/lt\/wp-json\/wp\/v2\/pages\/1205"}],"wp:attachment":[{"href":"https:\/\/www.fmsdocumentation.com\/lt\/wp-json\/wp\/v2\/media?parent=1255"}],"curies":[{"name":"wp","href":"https:\/\/api.w.org\/{rel}","templated":true}]}}