{"id":1277,"date":"2017-10-03T05:03:38","date_gmt":"2017-10-03T05:03:38","guid":{"rendered":"http:\/\/www.fmsdocumentation.com\/?page_id=1277"},"modified":"2021-08-13T10:27:58","modified_gmt":"2021-08-13T07:27:58","slug":"suvestines-apzvalga","status":"publish","type":"page","link":"https:\/\/www.fmsdocumentation.com\/lt\/parko-busenos-meniu\/suvestines-apzvalga\/","title":{"rendered":"Suvestin\u0117s ap\u017evalga"},"content":{"rendered":"<p>Suvestin\u0117s skydelyje rodoma i\u0161samesn\u0117 informacija, taip pat pateikiama daugiau duomen\u0173, toki\u0173 kaip:<\/p>\n<ul>\n<li>Dabartin\u0117 transporto priemon\u0117s vieta<\/li>\n<li>Geozonos pavadinimas &#8211; rodomas tuomet, jei transporto priemon\u0117 yra geozonos ribose<\/li>\n<li>Pirmasis vairuotojas ir b\u016bsena \u2013 rodomas vairuotojas, priskirtas transporto priemonei, bei dabartin\u0117s tachografo b\u016bsenos piktograma (apra\u0161yta \u017eemiau) ir b\u016bsenos trukm\u0117. B\u016bsena ir jos trukm\u0117 rodoma tik toms transporto priemon\u0117ms, kuriose veikia tachografas.<\/li>\n<li>Antrasis vairuotojas ir b\u016bsena \u2013 rodoma, jei tachografu prisiregistrav\u0119 du vairuotojai. Bus rodoma ir esama tachografo b\u016bsenos informacija apie antr\u0105j\u012f vairuotoj\u0105 bei jos trukm\u0117.<\/li>\n<li>Transporto priemon\u0117s pavadinimas<\/li>\n<li>Transporto priemon\u0117s planas<\/li>\n<li>Lik\u0119s vairavimo laikas \u0161iai dienai\/Vir\u0161ytas vairavimo laikas (rodoma jei naudojamas <a href=\"https:\/\/www.fmsdocumentation.com\/lt\/parko-busenos-meniu\/laiko-analizes-apzvalga\/?lang=lt\">laiko analiz\u0117s<\/a> funkcionalumas)<\/li>\n<li>Lik\u0119s vairavimo laikas \u0161iai savaitei\/Vir\u0161ytas vairavimo laikas\u00a0(rodoma jei naudojamas <a href=\"https:\/\/www.fmsdocumentation.com\/lt\/parko-busenos-meniu\/laiko-analizes-apzvalga\/?lang=lt\">laiko analiz\u0117s<\/a> funkcionalumas)<\/li>\n<li>Galimyb\u0117 u\u017eblokuoti transporto priemon\u0119 (jei ji sukonfig\u016bruota FM prietaise)<\/li>\n<li>Dabartin\u0117 b\u016bsena \u2013 b\u016bsenos gali b\u016bti \u0161ios: Va\u017eiuoja, Stovi su \u012fjungtu degimu, Degimas i\u0161jungtas, N\u0117ra ry\u0161io arba Degimas u\u017eblokuotas<\/li>\n<li>Dabartin\u0117s b\u016bsenos trukm\u0117<\/li>\n<li>Paskutin\u0117 signalo sinchronizacija (su informacijos piktograma, kurioje rodomas tikslus paskutin\u0117s sinchronizacijos laikas ir data)<\/li>\n<li>Koordinat\u0117s i\u0161 v\u0117liausios sinchronizacijos<\/li>\n<li>Signalo \u0161altinis \u2013 \u201eHoneywell\u201c \u2013 bus rodomas tik tuomet, jei paskutin\u0117s koordinat\u0117s gautos i\u0161 \u201eHoneywell\u201c tarnybos<\/li>\n<li>Kelion\u0117s tipas<\/li>\n<li>Lik\u0119s bandomojo laikotarpio laikas \u2013 rodoma tik objektams, kurie i\u0161 senesn\u0117s sistemos laikinai perkelti \u012f TPVS, kad susipa\u017einti su nauj\u0105ja sistema arba naujiems objektams tiesiog yra bandomasis laikotarpis<\/li>\n<\/ul>\n<p><a href=\"https:\/\/www.fmsdocumentation.com\/wp-content\/uploads\/2020\/09\/29LT.png\"><img loading=\"lazy\" decoding=\"async\" class=\"alignnone wp-image-9911 size-large\" src=\"https:\/\/www.fmsdocumentation.com\/wp-content\/uploads\/2020\/09\/29LT-1024x503.png\" alt=\"\" width=\"660\" height=\"324\" srcset=\"https:\/\/www.fmsdocumentation.com\/wp-content\/uploads\/2020\/09\/29LT-1024x503.png 1024w, https:\/\/www.fmsdocumentation.com\/wp-content\/uploads\/2020\/09\/29LT-300x147.png 300w, https:\/\/www.fmsdocumentation.com\/wp-content\/uploads\/2020\/09\/29LT-768x377.png 768w, https:\/\/www.fmsdocumentation.com\/wp-content\/uploads\/2020\/09\/29LT-1536x754.png 1536w, https:\/\/www.fmsdocumentation.com\/wp-content\/uploads\/2020\/09\/29LT-2048x1005.png 2048w\" sizes=\"auto, (max-width: 660px) 100vw, 660px\" \/><\/a><\/p>\n<p>Piktogramos parodan\u010dios tachografo b\u016bsen\u0105:<\/p>\n<p><a href=\"https:\/\/www.fmsdocumentation.com\/wp-content\/uploads\/2020\/09\/451LT-3.png\"><img loading=\"lazy\" decoding=\"async\" class=\"alignnone wp-image-10012 size-full\" src=\"https:\/\/www.fmsdocumentation.com\/wp-content\/uploads\/2020\/09\/451LT-3.png\" alt=\"\" width=\"187\" height=\"257\" \/><\/a><\/p>\n<p>Paspaudus rodykl\u0117s ikon\u0105, esan\u010di\u0105 prie transporto priemon\u0117s pavadinimo, vartotojas bus nukreiptas \u012f <a href=\"https:\/\/www.fmsdocumentation.com\/lt\/marsrutai-ir-uzduotys\/?lang=lt\">Mar\u0161ruto ir u\u017eduo\u010di\u0173 meniu<\/a>. Dabartin\u0117 transporto priemon\u0117s vieta bus nustatyta kaip pradinis ta\u0161kas.<\/p>\n<p><a href=\"https:\/\/www.fmsdocumentation.com\/wp-content\/uploads\/2018\/10\/376LT.png\"><img loading=\"lazy\" decoding=\"async\" class=\"alignnone wp-image-5972 size-full\" src=\"https:\/\/www.fmsdocumentation.com\/wp-content\/uploads\/2018\/10\/376LT.png\" alt=\"\" width=\"422\" height=\"267\" srcset=\"https:\/\/www.fmsdocumentation.com\/wp-content\/uploads\/2018\/10\/376LT.png 422w, https:\/\/www.fmsdocumentation.com\/wp-content\/uploads\/2018\/10\/376LT-300x190.png 300w\" sizes=\"auto, (max-width: 422px) 100vw, 422px\" \/><\/a><\/p>\n<p>Tais atvejais, kai pasirinkta priskirta priekaba, skydelio vir\u0161uje atsiranda pasirinkimas, \u010dia vartotojas gali pasirinkti kuri\u0105 informacij\u0105 rodyti &#8211; transporto priemon\u0117s ar priekabos.<\/p>\n<p><a href=\"https:\/\/www.fmsdocumentation.com\/wp-content\/uploads\/2017\/10\/287LT.png\"><img loading=\"lazy\" decoding=\"async\" class=\"alignnone wp-image-1731 size-full\" src=\"https:\/\/www.fmsdocumentation.com\/wp-content\/uploads\/2017\/10\/287LT.png\" alt=\"\" width=\"362\" height=\"470\" srcset=\"https:\/\/www.fmsdocumentation.com\/wp-content\/uploads\/2017\/10\/287LT.png 362w, https:\/\/www.fmsdocumentation.com\/wp-content\/uploads\/2017\/10\/287LT-231x300.png 231w\" sizes=\"auto, (max-width: 362px) 100vw, 362px\" \/><\/a><\/p>\n<p style=\"background-color: #2e67b1; color: #ffffff; padding-left: 10px; padding-right: 10px;\"><p class=\"note\">Pastaba<br \/>\nTransporto priemon\u0117s ir priekabos koordinat\u0117s gali skirtis d\u0117l \u012fvairi\u0173 reljefo faktori\u0173, montavimo vietos ir t.t. \u0160is skirtumas n\u0117ra esminis, ta\u010diau gali atsirasti.<\/p><\/p>\n<p>Be i\u0161pl\u0117stin\u0117s informacijos, vartotojas gali per\u017ei\u016br\u0117ti transporto priemon\u0117s informacij\u0105. Nor\u0117damas tai padaryti, vartotojas turi paspausti mygtuk\u0105 <strong>Duomenys ape transporto priemon\u0119<\/strong>, esant\u012f per\u017ei\u016bros skyriaus apa\u010dioje. Tuomet vir\u0161 \u017eem\u0117lapio atsidarys langas su pasirinktos transporto priemon\u0117s informacija. Jame galima matyti tik pagrindin\u0119 informacij\u0105, \u012fvest\u0105 kuriant objekt\u0105. Redaguojant galima keisti transporto priemon\u0117s informacij\u0105, taip pat galima pasirinkti transporto priemon\u0117s tip\u0105, priskirti \u012fmon\u0117s kortel\u0119 tachografo fail\u0173 parsisiuntimams. Vartotojas taip pat gali \u012fvesti papildomas pastabas, nustatyti krovinio talp\u0105 ar \u012fvesti duomenis apie kuro suvartojim\u0105. Tur\u0117kite omenyje, kad \u012fvesti kuro suvartojimo duomenys bus pateikiami ataskaitose, netgi jeigu transporto priemon\u0117 neteikia CAN duomen\u0173 apie kuro suvartojim\u0105.<\/p>\n<p><p class=\"note\">Pastaba<br \/>\nTaip pat galima per\u017ei\u016br\u0117ti ir priekabos informacij\u0105, priekabos atveju mygtukas vadinsis &#8220;Duomenys apie priekab\u0105&#8221;.<br \/>\n<\/p><\/p>\n<p>Kiekviena skiltis redaguojama atskirai ir turi b\u016bti i\u0161saugojama atlikus pakeitimus. Redaguojama skiltis pa\u017eymima tamsiai pilka spalva. Jei vartotojas nori i\u0161eiti i\u0161 redagavimo nei\u0161saugoj\u0119s pakeitim\u0173, atsiranda patvirtinimo langas.<\/p>\n<p><a href=\"https:\/\/www.fmsdocumentation.com\/wp-content\/uploads\/2020\/09\/282LT.png\"><img loading=\"lazy\" decoding=\"async\" class=\"alignnone wp-image-10088 \" src=\"https:\/\/www.fmsdocumentation.com\/wp-content\/uploads\/2020\/09\/282LT-1024x505.png\" alt=\"\" width=\"646\" height=\"319\" srcset=\"https:\/\/www.fmsdocumentation.com\/wp-content\/uploads\/2020\/09\/282LT-1024x505.png 1024w, https:\/\/www.fmsdocumentation.com\/wp-content\/uploads\/2020\/09\/282LT-300x148.png 300w, https:\/\/www.fmsdocumentation.com\/wp-content\/uploads\/2020\/09\/282LT-768x379.png 768w, https:\/\/www.fmsdocumentation.com\/wp-content\/uploads\/2020\/09\/282LT-1536x758.png 1536w, https:\/\/www.fmsdocumentation.com\/wp-content\/uploads\/2020\/09\/282LT-2048x1010.png 2048w\" sizes=\"auto, (max-width: 646px) 100vw, 646px\" \/><\/a><\/p>\n<p>Tam kad visi TPVS moduliai veikt\u0173 korekti\u0161kai, reikia \u012fvesti kuo tikslesn\u0119 informacij\u0105 apie krovinio talp\u0105. \u010cia \u012fvesti duomenys toliau yra naudojami skai\u010diavimuose, susijuose su kroviniais ir u\u017esakymais.<\/p>\n<p><a href=\"https:\/\/www.fmsdocumentation.com\/wp-content\/uploads\/2017\/12\/314LT-1.png\"><img loading=\"lazy\" decoding=\"async\" class=\"alignnone size-large wp-image-4230\" src=\"https:\/\/www.fmsdocumentation.com\/wp-content\/uploads\/2017\/12\/314LT-1-1024x255.png\" alt=\"\" width=\"660\" height=\"164\" srcset=\"https:\/\/www.fmsdocumentation.com\/wp-content\/uploads\/2017\/12\/314LT-1-1024x255.png 1024w, https:\/\/www.fmsdocumentation.com\/wp-content\/uploads\/2017\/12\/314LT-1-300x75.png 300w, https:\/\/www.fmsdocumentation.com\/wp-content\/uploads\/2017\/12\/314LT-1-768x191.png 768w, https:\/\/www.fmsdocumentation.com\/wp-content\/uploads\/2017\/12\/314LT-1.png 1373w\" sizes=\"auto, (max-width: 660px) 100vw, 660px\" \/><\/a><\/p>\n<p>Vartotojas gali redaguoti transporto priemon\u0117s kilometra\u017e\u0105 bei per\u017ei\u016br\u0117ti pakeitim\u0173 istorij\u0105. Pakeitim\u0173 istorij\u0105 galima per\u017ei\u016br\u0117ti, spustel\u0117jus <strong>Istorija <\/strong>piktogram\u0105, esan\u010di\u0105 \u0161alia <strong>Kilometra\u017eo korekcija<\/strong>. Rodoma iki 5 paskutini\u0173 pakeitim\u0173.<\/p>\n<p><a href=\"https:\/\/www.fmsdocumentation.com\/wp-content\/uploads\/2017\/10\/288LT.png\"><img loading=\"lazy\" decoding=\"async\" class=\"alignnone wp-image-1732 size-full\" src=\"https:\/\/www.fmsdocumentation.com\/wp-content\/uploads\/2017\/10\/288LT.png\" alt=\"\" width=\"1020\" height=\"127\" srcset=\"https:\/\/www.fmsdocumentation.com\/wp-content\/uploads\/2017\/10\/288LT.png 1020w, https:\/\/www.fmsdocumentation.com\/wp-content\/uploads\/2017\/10\/288LT-300x37.png 300w, https:\/\/www.fmsdocumentation.com\/wp-content\/uploads\/2017\/10\/288LT-768x96.png 768w\" sizes=\"auto, (max-width: 1020px) 100vw, 1020px\" \/><\/a><\/p>\n<p>Norint koreguoti kilometra\u017e\u0105, u\u017eveskite pel\u0117s \u017eymekl\u012f vir\u0161 dabartinio kilometra\u017eo ir atsiras redagavimo piktograma. J\u0105 spustel\u0117jus, atsidarys korekcijos meniu, kuriame vartotojas gali nurodyti nauj\u0105 kilometra\u017eo vert\u0119 ir dat\u0105, nuo kurios taikyti nauj\u0105j\u0105 kilometra\u017eo vert\u0119.<\/p>\n<p><a href=\"https:\/\/www.fmsdocumentation.com\/wp-content\/uploads\/2017\/10\/289LT.png\"><img loading=\"lazy\" decoding=\"async\" class=\"alignnone wp-image-1733 size-full\" src=\"https:\/\/www.fmsdocumentation.com\/wp-content\/uploads\/2017\/10\/289LT.png\" alt=\"\" width=\"347\" height=\"317\" srcset=\"https:\/\/www.fmsdocumentation.com\/wp-content\/uploads\/2017\/10\/289LT.png 347w, https:\/\/www.fmsdocumentation.com\/wp-content\/uploads\/2017\/10\/289LT-300x274.png 300w\" sizes=\"auto, (max-width: 347px) 100vw, 347px\" \/><\/a><\/p>\n<p>Atlikus pakeitimus, juos reikia i\u0161saugoti spustel\u0117jant varnel\u0119. Kilometra\u017eo korekcijai galioja \u0161ios taisykl\u0117s:<\/p>\n<ul>\n<li>Transporto priemon\u0117s kilometra\u017e\u0105 galima keisti tik kart\u0105 per 24 valandas<\/li>\n<li>Korekcijos data gali b\u016bti iki 35 dien\u0173 atgal<\/li>\n<li>Kilometra\u017eo korekcij\u0105 gali atlikti tik administratoriaus teises turintys vartotojai<\/li>\n<li>Kilometra\u017eo korekcija galima tik transporto priemon\u0117ms, kurios teikia informacij\u0105 apie kilometra\u017e\u0105 per virtual\u0173 odometr\u0105<\/li>\n<\/ul>\n<p>Nor\u0117dami i\u0161eiti i\u0161 transporto priemon\u0117s informacijos skilties, spauskite ekrano de\u0161in\u0117je pus\u0117je, vir\u0161uje, esant\u012f mygtuk\u0105 <strong>U\u017edaryti<\/strong>.<\/p>\n<p>Kiti skydeliai, kuriuos galima atidaryti parko b\u016bsenos skydelyje:<\/p>\n<ol>\n<li>Suvestin\u0117 (atidaroma pagal nutyl\u0117jim\u0105)<\/li>\n<li>Istorija<\/li>\n<li>\u012evykiai<\/li>\n<li>Kuras<\/li>\n<li>Aptarnavimo u\u017eduotys<\/li>\n<li>Laiko analiz\u0117 (tik transporto priemon\u0117ms, kurios gauna duomenis i\u0161 tachografo)<\/li>\n<\/ol>\n<p>Atidarytas skydelis pa\u017eymimas \u0161viesesniu m\u0117lynos atspalviu.<\/p>\n<p><a href=\"https:\/\/www.fmsdocumentation.com\/wp-content\/uploads\/2018\/12\/30LT.png\"><img loading=\"lazy\" decoding=\"async\" class=\"alignnone wp-image-6319 size-full\" src=\"https:\/\/www.fmsdocumentation.com\/wp-content\/uploads\/2018\/12\/30LT.png\" alt=\"\" width=\"360\" height=\"60\" srcset=\"https:\/\/www.fmsdocumentation.com\/wp-content\/uploads\/2018\/12\/30LT.png 360w, https:\/\/www.fmsdocumentation.com\/wp-content\/uploads\/2018\/12\/30LT-300x50.png 300w\" sizes=\"auto, (max-width: 360px) 100vw, 360px\" \/><\/a><\/p>\n<hr \/>\n<p><div class=\"alignleft\"><a href=\"https:\/\/www.fmsdocumentation.com\/lt\/parko-busenos-meniu\/\" title=\"Parko b\u016bsenos meniu\"><span class=\"arrow\">\u2039 &nbsp <\/span> Parko b\u016bsenos meniu <\/a><\/div> <div class=\"alignright\"><a href=\"https:\/\/www.fmsdocumentation.com\/lt\/parko-busenos-meniu\/istorijos-apzvalga\/\" title=\"Istorijos ap\u017evalga\">Istorijos ap\u017evalga <span class=\"arrow\"> &nbsp\u203a <\/span> <\/a><\/div><\/p>\n<p>&nbsp;<\/p>\n<p>&nbsp;<\/p>\n","protected":false},"excerpt":{"rendered":"<p>Suvestin\u0117s skydelyje rodoma i\u0161samesn\u0117 informacija, taip pat pateikiama daugiau duomen\u0173, toki\u0173 kaip: Dabartin\u0117 transporto priemon\u0117s vieta Geozonos pavadinimas &#8211; rodomas tuomet, jei transporto priemon\u0117 yra geozonos ribose Pirmasis vairuotojas ir b\u016bsena \u2013 rodomas vairuotojas, priskirtas transporto priemonei, bei dabartin\u0117s tachografo b\u016bsenos piktograma (apra\u0161yta \u017eemiau) ir b\u016bsenos trukm\u0117. B\u016bsena ir jos trukm\u0117 rodoma tik toms transporto &hellip; <a href=\"https:\/\/www.fmsdocumentation.com\/lt\/parko-busenos-meniu\/suvestines-apzvalga\/\" class=\"more-link\">Skaityti toliau: <span class=\"screen-reader-text\">Suvestin\u0117s ap\u017evalga<\/span><\/a><\/p>\n","protected":false},"author":1,"featured_media":0,"parent":1258,"menu_order":2,"comment_status":"closed","ping_status":"closed","template":"","meta":{"footnotes":""},"class_list":["post-1277","page","type-page","status-publish","hentry"],"_links":{"self":[{"href":"https:\/\/www.fmsdocumentation.com\/lt\/wp-json\/wp\/v2\/pages\/1277","targetHints":{"allow":["GET"]}}],"collection":[{"href":"https:\/\/www.fmsdocumentation.com\/lt\/wp-json\/wp\/v2\/pages"}],"about":[{"href":"https:\/\/www.fmsdocumentation.com\/lt\/wp-json\/wp\/v2\/types\/page"}],"author":[{"embeddable":true,"href":"https:\/\/www.fmsdocumentation.com\/lt\/wp-json\/wp\/v2\/users\/1"}],"replies":[{"embeddable":true,"href":"https:\/\/www.fmsdocumentation.com\/lt\/wp-json\/wp\/v2\/comments?post=1277"}],"version-history":[{"count":35,"href":"https:\/\/www.fmsdocumentation.com\/lt\/wp-json\/wp\/v2\/pages\/1277\/revisions"}],"predecessor-version":[{"id":10743,"href":"https:\/\/www.fmsdocumentation.com\/lt\/wp-json\/wp\/v2\/pages\/1277\/revisions\/10743"}],"up":[{"embeddable":true,"href":"https:\/\/www.fmsdocumentation.com\/lt\/wp-json\/wp\/v2\/pages\/1258"}],"wp:attachment":[{"href":"https:\/\/www.fmsdocumentation.com\/lt\/wp-json\/wp\/v2\/media?parent=1277"}],"curies":[{"name":"wp","href":"https:\/\/api.w.org\/{rel}","templated":true}]}}