{"id":1320,"date":"2017-10-03T06:05:09","date_gmt":"2017-10-03T06:05:09","guid":{"rendered":"http:\/\/www.fmsdocumentation.com\/?page_id=1320"},"modified":"2017-11-07T06:44:13","modified_gmt":"2017-11-07T06:44:13","slug":"aptarnavimo-uzduociu-apzvalga","status":"publish","type":"page","link":"https:\/\/www.fmsdocumentation.com\/lt\/parko-busenos-meniu\/aptarnavimo-uzduociu-apzvalga\/","title":{"rendered":"Aptarnavimo u\u017eduo\u010di\u0173 ap\u017evalga"},"content":{"rendered":"<p>Aptarnavimo u\u017eduo\u010di\u0173 skirtuke vartotojas gali per\u017ei\u016br\u0117ti aptarnavimo u\u017eduotis, priskirtas transporto priemonei, priskirti nauj\u0173, keisti senas ir pa\u017eym\u0117ti aptarnavimo u\u017eduotis kaip baigtas. Paspaud\u0119s ant aptarnavimo u\u017eduo\u010di\u0173 skirtuko, vartotojas pamatys dvi pagrindines aptarnavimo u\u017eduo\u010di\u0173 modulio dalis:<\/p>\n<ul>\n<li>Prid\u0117ti aptarnavimo u\u017eduot\u012f;<\/li>\n<li>Priskirt\u0173 u\u017eduo\u010di\u0173 s\u0105ra\u0161as.<\/li>\n<\/ul>\n<p><a href=\"https:\/\/www.fmsdocumentation.com\/wp-content\/uploads\/2017\/10\/48LT.png\"><img loading=\"lazy\" decoding=\"async\" class=\"alignnone wp-image-1321 size-full\" src=\"https:\/\/www.fmsdocumentation.com\/wp-content\/uploads\/2017\/10\/48LT.png\" alt=\"\" width=\"360\" height=\"342\" srcset=\"https:\/\/www.fmsdocumentation.com\/wp-content\/uploads\/2017\/10\/48LT.png 360w, https:\/\/www.fmsdocumentation.com\/wp-content\/uploads\/2017\/10\/48LT-300x285.png 300w\" sizes=\"auto, (max-width: 360px) 100vw, 360px\" \/><\/a><\/p>\n<p>Paspaudus mygtuk\u0105 \u201e<strong>Prid\u0117ti aptarnavimo u\u017eduot\u012f\u201c<\/strong>, bus atidaromas naujas langas, pavadintas \u201eSukurti aptarnavimo\u00a0u\u017eduot\u012f &lt;pasirinkto objekto pavadinimas&gt;\u201c.<\/p>\n<p><a href=\"https:\/\/www.fmsdocumentation.com\/wp-content\/uploads\/2017\/10\/49LT.png\"><img loading=\"lazy\" decoding=\"async\" class=\"alignnone wp-image-1322 size-full\" src=\"https:\/\/www.fmsdocumentation.com\/wp-content\/uploads\/2017\/10\/49LT.png\" alt=\"\" width=\"556\" height=\"765\" srcset=\"https:\/\/www.fmsdocumentation.com\/wp-content\/uploads\/2017\/10\/49LT.png 556w, https:\/\/www.fmsdocumentation.com\/wp-content\/uploads\/2017\/10\/49LT-218x300.png 218w\" sizes=\"auto, (max-width: 556px) 100vw, 556px\" \/><\/a><\/p>\n<p>\u0160iame lange taip pat galima objektui priskirti jau esan\u010dias aptarnavimo u\u017eduotis.<\/p>\n<p>Nor\u0117damas <strong>sukurti nauj\u0105 aptarnavimo u\u017eduot\u012f, <\/strong>vartotojas turi pasirinkti \u0161i\u0105 parinkt\u012f. Pasirinkta parinktis \u017eymima m\u0117lynu apskritimu (pagal nutyl\u0117jim\u0105 parenkama \u201ePriskirti esam\u0105 u\u017eduot\u012f\u201c).<\/p>\n<p><a href=\"https:\/\/www.fmsdocumentation.com\/wp-content\/uploads\/2017\/10\/50LT.png\"><img loading=\"lazy\" decoding=\"async\" class=\"alignnone wp-image-1323 size-full\" src=\"https:\/\/www.fmsdocumentation.com\/wp-content\/uploads\/2017\/10\/50LT.png\" alt=\"\" width=\"434\" height=\"61\" srcset=\"https:\/\/www.fmsdocumentation.com\/wp-content\/uploads\/2017\/10\/50LT.png 434w, https:\/\/www.fmsdocumentation.com\/wp-content\/uploads\/2017\/10\/50LT-300x42.png 300w\" sizes=\"auto, (max-width: 434px) 100vw, 434px\" \/><\/a><\/p>\n<p>V\u0117liau vartotojas gali \u012fvesti reikiam\u0105 informacij\u0105 ir sukurti nauj\u0105 aptarnavimo u\u017eduot\u012f. B\u016btina \u012fvesti \u0161i\u0105 informacij\u0105:<\/p>\n<ol>\n<li><strong>Pavadinimas <\/strong>\u2013 rodomas technin\u0117s prie\u017ei\u016bros u\u017eduoties pavadinimas.<\/li>\n<li><strong>Parametro tipas \u2013 <\/strong>apibr\u0117\u017eiama, koks parametras bus naudojamas nustatant aptarnavimo u\u017eduoties laikotarp\u012f. Spustel\u0117jus ma\u017e\u0105 rodykl\u0119, i\u0161skleid\u017eiamas s\u0105ra\u0161as su visais galimais variantais:\n<ul>\n<li><strong>Rida\u00a0<\/strong>\u2013 numatytasis parametras, aptarnavimo u\u017eduoties periodi\u0161kumas nustatomas kilometrais (pavyzd\u017eiui, tepal\u0173 keitimas kas 7 000 km).<\/li>\n<li><strong>Data <\/strong>\u2013 \u0161iuo parametru nustatomas laikotarpis, vartotojas gali \u012fvesti skai\u010di\u0173 ir pasirinkti grupavim\u0105 (dienas, savaites, m\u0117nesius, metus) (pavyzd\u017eiui, tepal\u0173 keitimas kas 3 m\u0117nesius arba 90 dien\u0173).<\/li>\n<li><strong>Darbo valandos <\/strong>\u2013 \u0161iuo parametru laikotarpis nustatomas pagal darbo valandas, j\u012f galima pasirinkti tik sukonfig\u016bruotoms transporto priemon\u0117ms (DIN1, DIN2, DIN3 arba DIN4), kad \u012f parko valdymo sistem\u0105 b\u016bt\u0173 siun\u010diami darbo valand\u0173 duomenys (po parametro tipu pasirodo \u012fvesties rinkiklis, kuriame vartotojas gali pasirinkti DIN (skaitmenin\u0119 \u012fvest\u012f), kuri i\u0161si\u0173s duomenis). Jei transporto priemon\u0117 n\u0117ra sukonfig\u016bruota, kad gal\u0117t\u0173 si\u0173sti darbo valand\u0173 duomenis, \u0161io parametro s\u0105ra\u0161e nebus. Laikotarpis skai\u010diuojamas valandomis (pavyzd\u017eiui, tepal\u0173 keitimas kas 450 darbo valand\u0173).<\/li>\n<\/ul>\n<\/li>\n<li><strong>Prid\u0117ti apra\u0161ym\u0105 <\/strong>\u2013 paspaudus \u0161\u012f mygtuk\u0105, atsidarys apra\u0161ymo teksto laukelis, kuriame vartotojas gali prid\u0117ti aptarnavimo u\u017eduoties apra\u0161ym\u0105. \u0160\u012f apra\u0161ym\u0105 galima matyti, kai s\u0105ra\u0161e paspaud\u017eiama aptarnavimo u\u017eduotis. \u0160is apra\u0161ymas bus rodomas ir redaguojant u\u017eduot\u012f.<\/li>\n<li><strong>\u012evestis <\/strong>\u2013 galima, jei nustatytas parametro tipas \u201eDarbo valandos\u201c. Tai leid\u017eia pasirinkti, i\u0161 kurios \u012fvesties gaunami darbo valand\u0173 duomenys. J\u0105 pasirinkti reik\u0117t\u0173 pagal FM prietaiso konfig\u016bracij\u0105 kiekvienai transporto priemonei atskirai.<\/li>\n<li><strong>\u012evesti paskutini\u0105sias darbo valandas\u00a0<\/strong>\u2013 paspaudus \u0161\u012f \u017eymim\u0105j\u012f langel\u012f, bus sukuriamas tekstinis laukelis, \u012f kur\u012f vartotojas gali \u012fvesti paskutinio aptarnavimo rid\u0105 \/ dat\u0105 \/ darbo valandas (laikotarpis bus skai\u010diuojamas nuo \u0161io ridos ta\u0161ko \/ datos \/ darbo valand\u0173).<\/li>\n<li><strong>Pakartoti u\u017eduot\u012f po\u00a0<\/strong>\u2013 galima \u012fvesti pageidaujam\u0105 laikotarp\u012f (kas XX dien\u0173, XXXX kilometr\u0173, XX darbo valand\u0173), kada tur\u0117t\u0173 b\u016bti atliekamas aptarnavimas, remiantis parametro pasirinkimu (data \/ rida \/ darbo valandos).<\/li>\n<li><strong>Momentin\u0117 rida \/ Momentin\u0117 data \/ Dabartin\u0117s darbo valandos<\/strong> \u2013 rodoma dabartin\u0117 objekto parametr\u0173 reik\u0161m\u0117 pagal pasirinkt\u0105 \u012fvest\u012f.<\/li>\n<li><strong>U\u017eduoties patvirtinimas <\/strong>\u2013\u00a0 vartotojas gali pasirinkti vien\u0105 i\u0161 dviej\u0173 u\u017eduoties patvirtinimo parink\u010di\u0173, kuriomis nustatoma, kada prasid\u0117s aptarnavimo laikotarpis. Galima pasirinkti tik vien\u0105 i\u0161 dviej\u0173:\n<ul>\n<li><strong>Rankiniu b\u016bdu patvirtinti \u0161i\u0105 u\u017eduot\u012f<\/strong><strong>\u00a0kaskart<\/strong>, <strong>kad gal\u0117tum\u0117te prad\u0117ti naujos u\u017eduoties cikl\u0105\u00a0<\/strong>\u2013 tai rei\u0161kia, kad naujas prie\u017ei\u016bros laikotarpis prasideda tik tuomet, kai vartotojas patvirtina, kad ankstesni aptarnavimo darbai baigti;<\/li>\n<li><strong>Automati\u0161kai patvirtinkite \u0161i\u0105 u\u017eduot\u012f, kad gal\u0117tum\u0117te prad\u0117ti naujos u\u017eduoties cikl\u0105<\/strong>\u00a0\u2013 tai rei\u0161kia, kad naujas prie\u017ei\u016bros laikotarpis prasideda i\u0161 karto, kai baigiasi ankstesnis, o vartotojui nereikia patvirtinti, kad aptarnavimas baigtas.<\/li>\n<\/ul>\n<\/li>\n<li><strong>El.pa\u0161to prane\u0161imai<\/strong>\u00a0\u2013 pa\u017eym\u0117jus \u0161\u012f langel\u012f, prane\u0161imai apie b\u016bsimus aptarnavimo darbus bus siun\u010diami el. pa\u0161tu. Galima \u012fvesti daugiau nei vien\u0105 el. pa\u0161to adres\u0105, kiekvien\u0105 adres\u0105 atskiriant kableliu. El. pa\u0161to adres\u0105 galima pa\u0161alinti paspaud\u017eiant \u0161alia adreso esant\u012f ma\u017e\u0105 kry\u017eiuk\u0105.<\/li>\n<li><strong>\u012esp\u0117ti prie\u0161 <\/strong>\u2013 \u0161is laukas rodomas tik tuomet, jei pasirinkti prane\u0161imai el. pa\u0161tu, \u0161iuo parametru nustatoma, kada si\u0173sti prane\u0161imus el. pa\u0161tu (pavyzd\u017eiui, 500 km iki b\u016bsimo aptarnavimo) (vienetai (km per laik\u0105) priklauso nuo pasirinkto parametro tipo).<\/li>\n<li><strong>I\u0161saugoti <\/strong>\u2013 \u0161\u012f mygtuk\u0105 b\u016btina spustel\u0117ti norint sukurti nauj\u0105 aptarnavimo u\u017eduot\u012f \/ priskirti esam\u0105 u\u017eduot\u012f.<\/li>\n<li><strong>U\u017edaryti \u2013 <\/strong>\u0161\u012f mygtuk\u0105 reikia spustel\u0117ti, norint at\u0161aukti naujos aptarnavimo u\u017eduoties k\u016brim\u0105 \/ u\u017eduoties priskyrim\u0105, arba vartotojas gali tiesiog paspausti kur nors u\u017e nustatym\u0173 lango rib\u0173, kad j\u012f u\u017edaryt\u0173.<\/li>\n<\/ol>\n<p><a href=\"https:\/\/www.fmsdocumentation.com\/wp-content\/uploads\/2017\/10\/51LT.png\"><img loading=\"lazy\" decoding=\"async\" class=\"alignnone wp-image-1324 size-large\" src=\"https:\/\/www.fmsdocumentation.com\/wp-content\/uploads\/2017\/10\/51LT-420x1024.png\" alt=\"\" width=\"420\" height=\"1024\" srcset=\"https:\/\/www.fmsdocumentation.com\/wp-content\/uploads\/2017\/10\/51LT-420x1024.png 420w, https:\/\/www.fmsdocumentation.com\/wp-content\/uploads\/2017\/10\/51LT-123x300.png 123w, https:\/\/www.fmsdocumentation.com\/wp-content\/uploads\/2017\/10\/51LT.png 533w\" sizes=\"auto, (max-width: 420px) 100vw, 420px\" \/><\/a><\/p>\n<p>Nor\u0117damas <strong>priskirti esam\u0105 aptarnavimo u\u017eduot\u012f,<\/strong> vartotojas pirmiausia rinkikliu turi pasirinkti \u0161i\u0105 parinkt\u012f. Pasirinkta parinktis \u017eymima m\u0117lynu apskritimu (pagal nutyl\u0117jim\u0105 parenkama \u201ePriskirti esam\u0105 u\u017eduot\u012f\u201c). Tolimesnis procesas pana\u0161us \u012f t\u0105, kai kuriama nauja u\u017eduotis, ta\u010diau yra keletas skirtum\u0173.<\/p>\n<p>\u0160iuo atveju pavadinimo laukelis yra kaip i\u0161skleid\u017eiamas s\u0105ra\u0161as su visomis esamomis ap\u017ei\u016bros u\u017eduotimis, vartotojas tiesiog turi pasirinkti pageidaujam\u0105.<\/p>\n<p><a href=\"https:\/\/www.fmsdocumentation.com\/wp-content\/uploads\/2017\/10\/52LT.png\"><img loading=\"lazy\" decoding=\"async\" class=\"alignnone wp-image-1325 size-full\" src=\"https:\/\/www.fmsdocumentation.com\/wp-content\/uploads\/2017\/10\/52LT.png\" alt=\"\" width=\"503\" height=\"114\" srcset=\"https:\/\/www.fmsdocumentation.com\/wp-content\/uploads\/2017\/10\/52LT.png 503w, https:\/\/www.fmsdocumentation.com\/wp-content\/uploads\/2017\/10\/52LT-300x68.png 300w\" sizes=\"auto, (max-width: 503px) 100vw, 503px\" \/><\/a><\/p>\n<p>Pasirink\u0119s technin\u0117s prie\u017ei\u016bros u\u017eduot\u012f, vartotojas turi u\u017epildyti \u0161iuos laukelius taip pat, kaip kurdamas nauj\u0105 u\u017eduot\u012f :<\/p>\n<ul>\n<li><strong>Apra\u0161ymas;<\/strong><\/li>\n<li><strong>\u012evesti paskutiniosios ap\u017ei\u016bros rid\u0105 \/ dat\u0105 \/ darbo valandas;<\/strong><\/li>\n<li><strong>Pakartoti u\u017eduot\u012f po;<\/strong><\/li>\n<li><strong>U\u017eduoties patvirtinimas;<\/strong><\/li>\n<li><strong>El.pa\u0161to prane\u0161imai.<\/strong><\/li>\n<\/ul>\n<p>Vis\u0173 kit\u0173 esan\u010di\u0173 laukeli\u0173 keisti negalima.<\/p>\n<p><strong>Priskirt\u0173 u\u017eduo\u010di\u0173 s\u0105ra\u0161as <\/strong>\u2013 rodomos visos transporto priemonei priskirtos u\u017eduotys. Vartotojas gali paspausti ant aptarnavimo u\u017eduoties, kad pamatyt\u0173 daugiau informacijos.<\/p>\n<p><a href=\"https:\/\/www.fmsdocumentation.com\/wp-content\/uploads\/2017\/10\/53LT.png\"><img loading=\"lazy\" decoding=\"async\" class=\"alignnone wp-image-1326 size-full\" src=\"https:\/\/www.fmsdocumentation.com\/wp-content\/uploads\/2017\/10\/53LT.png\" alt=\"\" width=\"355\" height=\"183\" srcset=\"https:\/\/www.fmsdocumentation.com\/wp-content\/uploads\/2017\/10\/53LT.png 355w, https:\/\/www.fmsdocumentation.com\/wp-content\/uploads\/2017\/10\/53LT-300x155.png 300w\" sizes=\"auto, (max-width: 355px) 100vw, 355px\" \/><\/a><\/p>\n<p>Kiekvienos u\u017eduoties atveju matoma \u0161i informacija:<\/p>\n<ul>\n<li><strong>Aptarnavimo u\u017eduoties pavadinimas;<\/strong><\/li>\n<li><strong>Aptarnavimo u\u017eduoties periodi\u0161kumas;<\/strong><\/li>\n<li><strong>Laikas \/ atstumas, lik\u0119s iki aptarnavimo + indikacinis apskritimas <\/strong>\u2013 pildosi art\u0117jant prie\u017ei\u016bros laikui, daugiau informacijos galima rasti aptarnavimo u\u017eduo\u010di\u0173 skydelio apra\u0161yme;<\/li>\n<li><strong>Dabartin\u0117 data \/ rida\u00a0<\/strong>ir<strong> kito aptarnavimo data \/ rida.<\/strong><\/li>\n<\/ul>\n<p>U\u017eduoties apa\u010dioje yra trys mygtukai:<\/p>\n<ul>\n<li>Redaguoti\u00a0 \u2013 analogi\u0161kai kaip kuriant nauj\u0105 u\u017eduot\u012f.<\/li>\n<li>Panaikinti priskyrim\u0105.<\/li>\n<li>Patvirtinti \u2013 atstatomas aptarnavimo laikotarpis (galima spustel\u0117ti tik tuomet, kai yra lik\u0119 ma\u017eiau nei 20% pradin\u0117s laikotarpio vert\u0117s).<\/li>\n<\/ul>\n<p>Daugiau informacijos galima rasti <a href=\"https:\/\/www.fmsdocumentation.com\/lt\/aptarnavimo-uzduociu-meniu\/?lang=lt\">aptarnavimo u\u017eduo\u010di\u0173 skydelio<\/a>\u00a0apra\u0161yme.<\/p>\n<hr \/>\n<p><div class=\"alignleft\"><a href=\"https:\/\/www.fmsdocumentation.com\/lt\/parko-busenos-meniu\/kuro-apzvalga\/\" title=\"Kuro ap\u017evalga\"><span class=\"arrow\">\u2039 &nbsp <\/span> Kuro ap\u017evalga <\/a><\/div> <div class=\"alignright\"><a href=\"https:\/\/www.fmsdocumentation.com\/lt\/parko-busenos-meniu\/laiko-analizes-apzvalga\/\" title=\"Laiko analiz\u0117s ap\u017evalga\">Laiko analiz\u0117s ap\u017evalga <span class=\"arrow\"> &nbsp\u203a <\/span> <\/a><\/div><\/p>\n<p>&nbsp;<\/p>\n<p>&nbsp;<\/p>\n","protected":false},"excerpt":{"rendered":"<p>Aptarnavimo u\u017eduo\u010di\u0173 skirtuke vartotojas gali per\u017ei\u016br\u0117ti aptarnavimo u\u017eduotis, priskirtas transporto priemonei, priskirti nauj\u0173, keisti senas ir pa\u017eym\u0117ti aptarnavimo u\u017eduotis kaip baigtas. Paspaud\u0119s ant aptarnavimo u\u017eduo\u010di\u0173 skirtuko, vartotojas pamatys dvi pagrindines aptarnavimo u\u017eduo\u010di\u0173 modulio dalis: Prid\u0117ti aptarnavimo u\u017eduot\u012f; Priskirt\u0173 u\u017eduo\u010di\u0173 s\u0105ra\u0161as. Paspaudus mygtuk\u0105 \u201ePrid\u0117ti aptarnavimo u\u017eduot\u012f\u201c, bus atidaromas naujas langas, pavadintas \u201eSukurti aptarnavimo\u00a0u\u017eduot\u012f &lt;pasirinkto objekto pavadinimas&gt;\u201c. &hellip; <a href=\"https:\/\/www.fmsdocumentation.com\/lt\/parko-busenos-meniu\/aptarnavimo-uzduociu-apzvalga\/\" class=\"more-link\">Skaityti toliau: <span class=\"screen-reader-text\">Aptarnavimo u\u017eduo\u010di\u0173 ap\u017evalga<\/span><\/a><\/p>\n","protected":false},"author":1,"featured_media":0,"parent":1258,"menu_order":6,"comment_status":"closed","ping_status":"closed","template":"","meta":{"footnotes":""},"class_list":["post-1320","page","type-page","status-publish","hentry"],"_links":{"self":[{"href":"https:\/\/www.fmsdocumentation.com\/lt\/wp-json\/wp\/v2\/pages\/1320","targetHints":{"allow":["GET"]}}],"collection":[{"href":"https:\/\/www.fmsdocumentation.com\/lt\/wp-json\/wp\/v2\/pages"}],"about":[{"href":"https:\/\/www.fmsdocumentation.com\/lt\/wp-json\/wp\/v2\/types\/page"}],"author":[{"embeddable":true,"href":"https:\/\/www.fmsdocumentation.com\/lt\/wp-json\/wp\/v2\/users\/1"}],"replies":[{"embeddable":true,"href":"https:\/\/www.fmsdocumentation.com\/lt\/wp-json\/wp\/v2\/comments?post=1320"}],"version-history":[{"count":10,"href":"https:\/\/www.fmsdocumentation.com\/lt\/wp-json\/wp\/v2\/pages\/1320\/revisions"}],"predecessor-version":[{"id":3249,"href":"https:\/\/www.fmsdocumentation.com\/lt\/wp-json\/wp\/v2\/pages\/1320\/revisions\/3249"}],"up":[{"embeddable":true,"href":"https:\/\/www.fmsdocumentation.com\/lt\/wp-json\/wp\/v2\/pages\/1258"}],"wp:attachment":[{"href":"https:\/\/www.fmsdocumentation.com\/lt\/wp-json\/wp\/v2\/media?parent=1320"}],"curies":[{"name":"wp","href":"https:\/\/api.w.org\/{rel}","templated":true}]}}