{"id":1330,"date":"2017-10-03T06:53:00","date_gmt":"2017-10-03T06:53:00","guid":{"rendered":"http:\/\/www.fmsdocumentation.com\/?page_id=1330"},"modified":"2020-06-09T14:21:52","modified_gmt":"2020-06-09T11:21:52","slug":"vairuotoju-meniu","status":"publish","type":"page","link":"https:\/\/www.fmsdocumentation.com\/lt\/vairuotoju-meniu\/","title":{"rendered":"Vairuotoj\u0173 meniu"},"content":{"rendered":"<p>Vairuotoj\u0173 meniu naudojamas norint prid\u0117ti, pa\u0161alinti ar keisti esamus vairuotojus. Skydelis skirtas \u012fvesti bendr\u0105j\u0105 informacij\u0105 apie vairuotoj\u0105, kontaktin\u0119 informacij\u0105, priskirti transporto priemon\u0119 vairuotojui bei tvarkyti program\u0117l\u0117s prisijungimo duomenis. Nor\u0117damas atidaryti vairuotojo meniu, vartotojas turi spustel\u0117ti ant atitinkamos piktogramos kair\u0117je pus\u0117je esan\u010diame valdymo skydelyje.<\/p>\n<p><a href=\"https:\/\/www.fmsdocumentation.com\/wp-content\/uploads\/2017\/10\/54.png\"><img loading=\"lazy\" decoding=\"async\" class=\"alignnone wp-image-1331 size-large\" src=\"https:\/\/www.fmsdocumentation.com\/wp-content\/uploads\/2017\/10\/54-1024x507.png\" alt=\"\" width=\"660\" height=\"327\" srcset=\"https:\/\/www.fmsdocumentation.com\/wp-content\/uploads\/2017\/10\/54-1024x507.png 1024w, https:\/\/www.fmsdocumentation.com\/wp-content\/uploads\/2017\/10\/54-300x148.png 300w, https:\/\/www.fmsdocumentation.com\/wp-content\/uploads\/2017\/10\/54-768x380.png 768w, https:\/\/www.fmsdocumentation.com\/wp-content\/uploads\/2017\/10\/54.png 1920w\" sizes=\"auto, (max-width: 660px) 100vw, 660px\" \/><\/a><\/p>\n<hr \/>\n<p><div class=\"alignleft\"><a href=\"https:\/\/www.fmsdocumentation.com\/lt\/parko-busenos-meniu\/laiko-analizes-apzvalga\/\" title=\"Laiko analiz\u0117s ap\u017evalga\"><span class=\"arrow\">\u2039 &nbsp <\/span> Laiko analiz\u0117s ap\u017evalga <\/a><\/div> <div class=\"alignright\"><a href=\"https:\/\/www.fmsdocumentation.com\/lt\/vairuotoju-meniu\/vairuotoju-sarasas\/\" title=\"Vairuotoj\u0173 s\u0105ra\u0161as\">Vairuotoj\u0173 s\u0105ra\u0161as <span class=\"arrow\"> &nbsp\u203a <\/span> <\/a><\/div><\/p>\n","protected":false},"excerpt":{"rendered":"<p>Vairuotoj\u0173 meniu naudojamas norint prid\u0117ti, pa\u0161alinti ar keisti esamus vairuotojus. Skydelis skirtas \u012fvesti bendr\u0105j\u0105 informacij\u0105 apie vairuotoj\u0105, kontaktin\u0119 informacij\u0105, priskirti transporto priemon\u0119 vairuotojui bei tvarkyti program\u0117l\u0117s prisijungimo duomenis. Nor\u0117damas atidaryti vairuotojo meniu, vartotojas turi spustel\u0117ti ant atitinkamos piktogramos kair\u0117je pus\u0117je esan\u010diame valdymo skydelyje.<\/p>\n","protected":false},"author":1,"featured_media":0,"parent":0,"menu_order":37,"comment_status":"closed","ping_status":"closed","template":"","meta":{"footnotes":""},"class_list":["post-1330","page","type-page","status-publish","hentry"],"_links":{"self":[{"href":"https:\/\/www.fmsdocumentation.com\/lt\/wp-json\/wp\/v2\/pages\/1330","targetHints":{"allow":["GET"]}}],"collection":[{"href":"https:\/\/www.fmsdocumentation.com\/lt\/wp-json\/wp\/v2\/pages"}],"about":[{"href":"https:\/\/www.fmsdocumentation.com\/lt\/wp-json\/wp\/v2\/types\/page"}],"author":[{"embeddable":true,"href":"https:\/\/www.fmsdocumentation.com\/lt\/wp-json\/wp\/v2\/users\/1"}],"replies":[{"embeddable":true,"href":"https:\/\/www.fmsdocumentation.com\/lt\/wp-json\/wp\/v2\/comments?post=1330"}],"version-history":[{"count":3,"href":"https:\/\/www.fmsdocumentation.com\/lt\/wp-json\/wp\/v2\/pages\/1330\/revisions"}],"predecessor-version":[{"id":3250,"href":"https:\/\/www.fmsdocumentation.com\/lt\/wp-json\/wp\/v2\/pages\/1330\/revisions\/3250"}],"wp:attachment":[{"href":"https:\/\/www.fmsdocumentation.com\/lt\/wp-json\/wp\/v2\/media?parent=1330"}],"curies":[{"name":"wp","href":"https:\/\/api.w.org\/{rel}","templated":true}]}}