{"id":1333,"date":"2017-10-03T07:03:03","date_gmt":"2017-10-03T07:03:03","guid":{"rendered":"http:\/\/www.fmsdocumentation.com\/?page_id=1333"},"modified":"2020-05-28T14:44:04","modified_gmt":"2020-05-28T11:44:04","slug":"vairuotoju-sarasas","status":"publish","type":"page","link":"https:\/\/www.fmsdocumentation.com\/lt\/vairuotoju-meniu\/vairuotoju-sarasas\/","title":{"rendered":"Vairuotoj\u0173 s\u0105ra\u0161as"},"content":{"rendered":"<p>Paspaudus atitinkam\u0105 piktogram\u0105 valdymo skydelyje, esamam vartotojui bus atidarytas vairuotoj\u0173 skydelis su vis\u0173 esam\u0173 vairuotoj\u0173 s\u0105ra\u0161u. Norint greitai surasti norimus vairuotojus galima naudotis paie\u0161kos juosta, s\u0105ra\u0161as atnaujinamas automati\u0161kai kaskart \u012fvedus raid\u0119.<\/p>\n<p style=\"background-color: #2e67b1; color: #ffffff; padding-left: 10px; padding-right: 10px;\"><p class=\"note\">Pastaba<br \/>\nParko valdymo sistemoje naudojamas integruotas, automatizuotas vairuotoj\u0173 k\u016brimo ir priskyrimo \u012frankis. \u0160iuo \u012frankiu automati\u0161kai sukuriami nauji vairuotojai pagal vairuotojo kortel\u0117s arba iButton ID duomenis. I\u0161 vieno gauto ID sukuriamas tik vienas vairuotojas (\u012frankiu nebus sukurtas naujas vairuotojas, jei naudojama vis ta pati kortel\u0117 arba iButton. Vairuotojo vardas imamas i\u0161 gautos kortel\u0117s ar ID. Be to, sistema automati\u0161kai priskiria vairuotoj\u0105 tam objektui, i\u0161 kurio gauta kortel\u0117. \u0160i funkcija apra\u0161yta tolesniame skyriuje \u201e<a href=\"https:\/\/www.fmsdocumentation.com\/lt\/vairuotoju-meniu\/vairuotoju-valdymas\/?lang=lt\">Vairuotoj\u0173 valdymas<\/a>\u201c.<\/p><\/p>\n<p>Vairuotojai r\u016b\u0161iuojami pagal ab\u0117c\u0117l\u0119. \u012e kair\u0119 nuo vairuotoj\u0173 vard\u0173 yra pilkas apskritimas su vairuotoj\u0173 inicialais, tai padeda nar\u0161yti po vairuotoj\u0173 s\u0105ra\u0161\u0105. Jei vairuotojui priskirta transporto priemon\u0117, ji po vairuotojo vardu bus pa\u017eym\u0117ta pilka spalva, jei transporto priemon\u0117 nepriskirta, bus pa\u017eym\u0117ta, kad transporto priemon\u0117 nepriskirta.<\/p>\n<p><a href=\"https:\/\/www.fmsdocumentation.com\/wp-content\/uploads\/2017\/10\/55LT.png\"><img loading=\"lazy\" decoding=\"async\" class=\"alignnone wp-image-1334 size-full\" src=\"https:\/\/www.fmsdocumentation.com\/wp-content\/uploads\/2017\/10\/55LT.png\" alt=\"\" width=\"343\" height=\"137\" srcset=\"https:\/\/www.fmsdocumentation.com\/wp-content\/uploads\/2017\/10\/55LT.png 343w, https:\/\/www.fmsdocumentation.com\/wp-content\/uploads\/2017\/10\/55LT-300x120.png 300w\" sizes=\"auto, (max-width: 343px) 100vw, 343px\" \/><\/a><\/p>\n<p>Vairuotoj\u0173 s\u0105ra\u0161\u0105 galima filtruoti pagal keturis kriterijus:<\/p>\n<ul>\n<li>Rodyti visus.<\/li>\n<li>Rodyti su priskyrimu.<\/li>\n<li>Rodyti be priskyrimo.<\/li>\n<li>Rodyti automati\u0161kai sukurtus.<\/li>\n<\/ul>\n<p>Nor\u0117damas pakeisti filtr\u0105, vartotojas turi paspausti laukel\u012f \u201eRodyti vairuotojus\u201c, tuomet atsidarys i\u0161skleid\u017eiamas filtr\u0173 s\u0105ra\u0161as. I\u0161 \u0161io s\u0105ra\u0161o pasirinkite pageidaujam\u0105 filtr\u0105. Pasirinktas filtras bus pa\u017eym\u0117tas \u0161iek tiek tamsesniu pilkos spalvos atspalviu ir m\u0117lyna juosta \u012f de\u0161in\u0119 nuo filtro pavadinimo.<\/p>\n<p><a href=\"https:\/\/www.fmsdocumentation.com\/wp-content\/uploads\/2017\/10\/56.png\"><img loading=\"lazy\" decoding=\"async\" class=\"alignnone wp-image-1335 size-full\" src=\"https:\/\/www.fmsdocumentation.com\/wp-content\/uploads\/2017\/10\/56.png\" alt=\"\" width=\"355\" height=\"203\" srcset=\"https:\/\/www.fmsdocumentation.com\/wp-content\/uploads\/2017\/10\/56.png 355w, https:\/\/www.fmsdocumentation.com\/wp-content\/uploads\/2017\/10\/56-300x172.png 300w\" sizes=\"auto, (max-width: 355px) 100vw, 355px\" \/><\/a><\/p>\n<p style=\"background-color: #2e67b1; color: #ffffff; padding-left: 10px; padding-right: 10px;\"><p class=\"note\">Pastaba<br \/>\nPapildomai, be \u012fprast\u0173 vairuotoj\u0173 priskyrimo \/ nepriskyrimo b\u016bsen\u0173, vartotojas taip pat gali rasti b\u016bsen\u0105 \u201eU\u017eimtas\u201c. \u0160i b\u016bsena b\u016bna tais atvejais, kai vairuotojui priskiriama transporto priemon\u0117, kurios dabartinis vartotojas nemato (ji apribota). Kai \u0161i b\u016bsena aktyvi, vartotojas negali priskirti vairuotojo jokiai transporto priemonei. Pavyzdys pateiktas \u017eemiau.<\/p><\/p>\n<p><a href=\"https:\/\/www.fmsdocumentation.com\/wp-content\/uploads\/2017\/10\/266LT.png\"><img loading=\"lazy\" decoding=\"async\" class=\"alignnone wp-image-1336 size-full\" src=\"https:\/\/www.fmsdocumentation.com\/wp-content\/uploads\/2017\/10\/266LT.png\" alt=\"\" width=\"362\" height=\"210\" srcset=\"https:\/\/www.fmsdocumentation.com\/wp-content\/uploads\/2017\/10\/266LT.png 362w, https:\/\/www.fmsdocumentation.com\/wp-content\/uploads\/2017\/10\/266LT-300x174.png 300w\" sizes=\"auto, (max-width: 362px) 100vw, 362px\" \/><\/a><\/p>\n<p>Nor\u0117damas prie s\u0105ra\u0161o prid\u0117ti nauj\u0173 vairuotoj\u0173, vartotojas turi paspausti laukel\u012f \u201eNaujas vairuotojas\u201c.<\/p>\n<p><a href=\"https:\/\/www.fmsdocumentation.com\/wp-content\/uploads\/2018\/07\/57LT.png\"><img loading=\"lazy\" decoding=\"async\" class=\"alignnone size-full wp-image-5380\" src=\"https:\/\/www.fmsdocumentation.com\/wp-content\/uploads\/2018\/07\/57LT.png\" alt=\"\" width=\"360\" height=\"390\" srcset=\"https:\/\/www.fmsdocumentation.com\/wp-content\/uploads\/2018\/07\/57LT.png 360w, https:\/\/www.fmsdocumentation.com\/wp-content\/uploads\/2018\/07\/57LT-277x300.png 277w\" sizes=\"auto, (max-width: 360px) 100vw, 360px\" \/><\/a><\/p>\n<p>Bus atidaromas naujas langas \u201ePrid\u0117ti nauj\u0105 vairuotoj\u0105\u201c. \u0160iame lange vartotojas turi \u012fvesti vairuotojo informacij\u0105. Privalomas tik vienas laukelis:<\/p>\n<ul>\n<li>Vardas.<\/li>\n<\/ul>\n<p>Kiti laukeliai neprivalomi ir pildomi tik tuomet, jei taip nusprend\u017eia vartotojas. U\u017epild\u0119s privalomus laukus (<em>ir pasirinktinus), <\/em>vartotojas turi paspausti mygtuk\u0105 \u201eI\u0161saugoti\u201c, kad prid\u0117t\u0173 vairuotoj\u0105 prie vairuotoj\u0173 s\u0105ra\u0161o. Jei vartotojas nusprend\u017eia neprid\u0117ti \u0161io vairuotojo prie s\u0105ra\u0161o, reikia tiesiog paspausti mygtuk\u0105 \u201eU\u017edaryti\u201c, arba kur nors u\u017e \u0161io lango rib\u0173.<\/p>\n<p><a href=\"https:\/\/www.fmsdocumentation.com\/wp-content\/uploads\/2017\/10\/58.png\"><img loading=\"lazy\" decoding=\"async\" class=\"alignnone wp-image-1338 size-full\" src=\"https:\/\/www.fmsdocumentation.com\/wp-content\/uploads\/2017\/10\/58.png\" alt=\"\" width=\"754\" height=\"762\" srcset=\"https:\/\/www.fmsdocumentation.com\/wp-content\/uploads\/2017\/10\/58.png 754w, https:\/\/www.fmsdocumentation.com\/wp-content\/uploads\/2017\/10\/58-297x300.png 297w\" sizes=\"auto, (max-width: 754px) 100vw, 754px\" \/><\/a><\/p>\n<p>Paspaudus mygtuk\u0105 \u201eI\u0161saugoti\u201c, s\u0105ra\u0161as bus automati\u0161kai atnaujintas ir sur\u016b\u0161iuotas pagal ab\u0117c\u0117l\u0119, o naujas vairuotojas bus prid\u0117tas prie s\u0105ra\u0161o su u\u017era\u0161u \u201eTransporto priemon\u0117 nepriskirta\u201c.<\/p>\n<hr \/>\n<p><div class=\"alignleft\"><a href=\"https:\/\/www.fmsdocumentation.com\/lt\/vairuotoju-meniu\/\" title=\"Vairuotoj\u0173 meniu\"><span class=\"arrow\">\u2039 &nbsp <\/span> Vairuotoj\u0173 meniu <\/a><\/div> <div class=\"alignright\"><a href=\"https:\/\/www.fmsdocumentation.com\/lt\/vairuotoju-meniu\/vairuotoju-valdymas\/\" title=\"Vairuotoj\u0173 valdymas\">Vairuotoj\u0173 valdymas <span class=\"arrow\"> &nbsp\u203a <\/span> <\/a><\/div><\/p>\n<p>&nbsp;<\/p>\n","protected":false},"excerpt":{"rendered":"<p>Paspaudus atitinkam\u0105 piktogram\u0105 valdymo skydelyje, esamam vartotojui bus atidarytas vairuotoj\u0173 skydelis su vis\u0173 esam\u0173 vairuotoj\u0173 s\u0105ra\u0161u. Norint greitai surasti norimus vairuotojus galima naudotis paie\u0161kos juosta, s\u0105ra\u0161as atnaujinamas automati\u0161kai kaskart \u012fvedus raid\u0119. Pastaba Parko valdymo sistemoje naudojamas integruotas, automatizuotas vairuotoj\u0173 k\u016brimo ir priskyrimo \u012frankis. \u0160iuo \u012frankiu automati\u0161kai sukuriami nauji vairuotojai pagal vairuotojo kortel\u0117s arba iButton ID &hellip; <a href=\"https:\/\/www.fmsdocumentation.com\/lt\/vairuotoju-meniu\/vairuotoju-sarasas\/\" class=\"more-link\">Skaityti toliau: <span class=\"screen-reader-text\">Vairuotoj\u0173 s\u0105ra\u0161as<\/span><\/a><\/p>\n","protected":false},"author":1,"featured_media":0,"parent":1330,"menu_order":1,"comment_status":"closed","ping_status":"closed","template":"","meta":{"footnotes":""},"class_list":["post-1333","page","type-page","status-publish","hentry"],"_links":{"self":[{"href":"https:\/\/www.fmsdocumentation.com\/lt\/wp-json\/wp\/v2\/pages\/1333","targetHints":{"allow":["GET"]}}],"collection":[{"href":"https:\/\/www.fmsdocumentation.com\/lt\/wp-json\/wp\/v2\/pages"}],"about":[{"href":"https:\/\/www.fmsdocumentation.com\/lt\/wp-json\/wp\/v2\/types\/page"}],"author":[{"embeddable":true,"href":"https:\/\/www.fmsdocumentation.com\/lt\/wp-json\/wp\/v2\/users\/1"}],"replies":[{"embeddable":true,"href":"https:\/\/www.fmsdocumentation.com\/lt\/wp-json\/wp\/v2\/comments?post=1333"}],"version-history":[{"count":11,"href":"https:\/\/www.fmsdocumentation.com\/lt\/wp-json\/wp\/v2\/pages\/1333\/revisions"}],"predecessor-version":[{"id":9174,"href":"https:\/\/www.fmsdocumentation.com\/lt\/wp-json\/wp\/v2\/pages\/1333\/revisions\/9174"}],"up":[{"embeddable":true,"href":"https:\/\/www.fmsdocumentation.com\/lt\/wp-json\/wp\/v2\/pages\/1330"}],"wp:attachment":[{"href":"https:\/\/www.fmsdocumentation.com\/lt\/wp-json\/wp\/v2\/media?parent=1333"}],"curies":[{"name":"wp","href":"https:\/\/api.w.org\/{rel}","templated":true}]}}