{"id":1342,"date":"2017-10-03T08:10:17","date_gmt":"2017-10-03T08:10:17","guid":{"rendered":"http:\/\/www.fmsdocumentation.com\/?page_id=1342"},"modified":"2020-05-28T14:52:15","modified_gmt":"2020-05-28T11:52:15","slug":"vairuotoju-valdymas","status":"publish","type":"page","link":"https:\/\/www.fmsdocumentation.com\/lt\/vairuotoju-meniu\/vairuotoju-valdymas\/","title":{"rendered":"Vairuotoj\u0173 valdymas"},"content":{"rendered":"<p>Nor\u0117damas priskirti transporto priemon\u0119 arba redaguoti \/ i\u0161trinti vairuotojo informacij\u0105, vartotojas turi s\u0105ra\u0161e paspausti ant vairuotojo, kur\u012f nori redaguoti.\u00a0Tuomet atsidarys kitas skydelis su vairuotojo informacija. Informacij\u0105 apie vairuotojus galima keisti paspaudus ekrano apa\u010dioje esant\u012f mygtuk\u0105 \u201eTaisyti\u201c. Paspaudus \u0161\u012f mygtuk\u0105, atsidarys naujas langas, pana\u0161us \u012f t\u0105, kai pridedamas naujas vairuotojas, tik laukeliuose jau bus \u012fvesta vairuotojo informacija. Atlikus pakeitimus, b\u016btina paspausti mygtuk\u0105 \u201eI\u0161saugoti\u201c.\u00a0Jei vartotojas nusprend\u017eia i\u0161 s\u0105ra\u0161o i\u0161trinti vairuotoj\u0105, jis turi tiesiog paspausti mygtuk\u0105 \u201eI\u0161trinti\u201c. Tuomet pasirodys patvirtinimo langas (<em>tuo atveju, jei mygtukas paspaustas nety\u010dia),<\/em> o vartotojas tur\u0117s patvirtinti, kad tikrai nori i\u0161trinti vairuotoj\u0105.\u00a0Jei vairuotojas \u0161\u012f mygtuk\u0105 paspaud\u0117 nety\u010dia, jis turi patvirtinimo lange paspausti mygtuk\u0105 \u201eAt\u0161aukti\u201c.<\/p>\n<p><a href=\"https:\/\/www.fmsdocumentation.com\/wp-content\/uploads\/2017\/10\/59-1.png\"><img loading=\"lazy\" decoding=\"async\" class=\"wp-image-1344 alignnone\" src=\"https:\/\/www.fmsdocumentation.com\/wp-content\/uploads\/2017\/10\/59-1.png\" alt=\"\" width=\"452\" height=\"560\" srcset=\"https:\/\/www.fmsdocumentation.com\/wp-content\/uploads\/2017\/10\/59-1.png 719w, https:\/\/www.fmsdocumentation.com\/wp-content\/uploads\/2017\/10\/59-1-242x300.png 242w\" sizes=\"auto, (max-width: 452px) 100vw, 452px\" \/><\/a><\/p>\n<p>Nor\u0117damas priskirti transporto priemon\u0119, vartotojas turi spustel\u0117ti laukel\u012f \u201ePriskirti transporto priemon\u0119\u201c.<\/p>\n<p><a href=\"https:\/\/www.fmsdocumentation.com\/wp-content\/uploads\/2017\/10\/60LT.png\"><img loading=\"lazy\" decoding=\"async\" class=\"alignnone wp-image-1345 size-full\" src=\"https:\/\/www.fmsdocumentation.com\/wp-content\/uploads\/2017\/10\/60LT.png\" alt=\"\" width=\"360\" height=\"206\" srcset=\"https:\/\/www.fmsdocumentation.com\/wp-content\/uploads\/2017\/10\/60LT.png 360w, https:\/\/www.fmsdocumentation.com\/wp-content\/uploads\/2017\/10\/60LT-300x172.png 300w\" sizes=\"auto, (max-width: 360px) 100vw, 360px\" \/><\/a><\/p>\n<p>Spustel\u0117jus laukel\u012f \u201ePriskirti transporto priemon\u0119\u201c, atidaromas naujas langas su paie\u0161kos juosta. Paspaudus ant paie\u0161kos juostos, pasirodys i\u0161skleid\u017eiamasis s\u0105ra\u0161as su si\u016blomomis transporto priemon\u0117mis. Nor\u0117dami filtruoti pasi\u016blymus, tiesiog \u012fveskite pageidaujamos transporto priemon\u0117s pavadinim\u0105 ir s\u0105ra\u0161as bus automati\u0161kai atnaujinamas kaskart \u012fvedus raid\u0119.<\/p>\n<p><a href=\"https:\/\/www.fmsdocumentation.com\/wp-content\/uploads\/2017\/10\/61LT.png\"><img loading=\"lazy\" decoding=\"async\" class=\"wp-image-1346 alignnone\" src=\"https:\/\/www.fmsdocumentation.com\/wp-content\/uploads\/2017\/10\/61LT.png\" alt=\"\" width=\"472\" height=\"228\" srcset=\"https:\/\/www.fmsdocumentation.com\/wp-content\/uploads\/2017\/10\/61LT.png 750w, https:\/\/www.fmsdocumentation.com\/wp-content\/uploads\/2017\/10\/61LT-300x145.png 300w\" sizes=\"auto, (max-width: 472px) 100vw, 472px\" \/><\/a><\/p>\n<p style=\"background-color: #2e67b1; color: #ffffff; padding-left: 10px; padding-right: 10px;\"><p class=\"note\">Pastaba<br \/>\nTransporto priemon\u0117s, kurioms galioja bandomasis laikotarpis, negali b\u016bti priskirtos vairuotojui.<\/p><\/p>\n<p>Pasirink\u0119s transporto priemon\u0119, vartotojas turi paspausti \u201ePriskirti\u201c, kad priskirt\u0173 transporto priemon\u0119 vartotojui; vartotojui persigalvojus, \u012fvest\u0105 transporto priemon\u0119 galima pakeisti v\u0117liau. Jei vartotojas nusprend\u017eia nepriskirti jokios transporto priemon\u0117s, jis turi paspausti mygtuk\u0105 \u201eU\u017edaryti\u201c, arba kur nors u\u017e \u0161io lango rib\u0173.<\/p>\n<p><a href=\"https:\/\/www.fmsdocumentation.com\/wp-content\/uploads\/2017\/10\/62LT.png\"><img loading=\"lazy\" decoding=\"async\" class=\"alignnone wp-image-1347 size-full\" src=\"https:\/\/www.fmsdocumentation.com\/wp-content\/uploads\/2017\/10\/62LT.png\" alt=\"\" width=\"750\" height=\"301\" srcset=\"https:\/\/www.fmsdocumentation.com\/wp-content\/uploads\/2017\/10\/62LT.png 750w, https:\/\/www.fmsdocumentation.com\/wp-content\/uploads\/2017\/10\/62LT-300x120.png 300w\" sizes=\"auto, (max-width: 750px) 100vw, 750px\" \/><\/a><\/p>\n<p>Nor\u0117damas pa\u0161alinti priskirt\u0105 transporto priemon\u0119, vartotojas turi spustel\u0117ti ant \u0161iuk\u0161li\u0173 d\u0117\u017e\u0117s piktogramos, esan\u010dios \u012f de\u0161in\u0119 nuo transporto priemon\u0117s laukelio. Pa\u0161alinant transporto priemon\u0119 n\u0117ra patvirtinimo lango, tod\u0117l ji pa\u0161alinama po vieno spustel\u0117jimo.<\/p>\n<p><a href=\"https:\/\/www.fmsdocumentation.com\/wp-content\/uploads\/2017\/10\/63LT.png\"><img loading=\"lazy\" decoding=\"async\" class=\"alignnone wp-image-1348 size-full\" src=\"https:\/\/www.fmsdocumentation.com\/wp-content\/uploads\/2017\/10\/63LT.png\" alt=\"\" width=\"358\" height=\"69\" srcset=\"https:\/\/www.fmsdocumentation.com\/wp-content\/uploads\/2017\/10\/63LT.png 358w, https:\/\/www.fmsdocumentation.com\/wp-content\/uploads\/2017\/10\/63LT-300x58.png 300w\" sizes=\"auto, (max-width: 358px) 100vw, 358px\" \/><\/a><\/p>\n<p>Priskyrus transporto priemon\u0119, vairuotoj\u0173 meniu esantis transporto priemon\u0117s laukelis bus atnaujintas.<\/p>\n<p>Kai transporto priemon\u0117s priskiriamos automati\u0161kai, yra trys priskyrimo r\u016b\u0161ys:<\/p>\n<ul>\n<li>Priskirta naudojant \u201eiButton\u201c arba RFID.<\/li>\n<li>Priskirta belaid\u017eiu b\u016bdu.<\/li>\n<li>Priskirta tachografu.<\/li>\n<\/ul>\n<p>Bet kokiu atveju, jei transporto priemon\u0117 priskirta automati\u0161kai, jos negalima atskirti nuo TPVS. Priskyrimo pa\u0161alinti negalima, kol vairuotojas nei\u0161ima savo kortel\u0117s i\u0161 tachografo arba kol sistema vairuotojui nepriskiria kitos transporto priemon\u0117s. Tai gali \u012fvykti tuomet, kai laikinai negaunama duomen\u0173 i\u0161 vienos transporto priemon\u0117s, ta\u010diau gaunama i\u0161 kitos, \u012f kuri\u0105 pers\u0117do vairuotojas. Priskyrimo tachografu pavyzdys pateiktas \u017eemiau.<\/p>\n<p><a href=\"https:\/\/www.fmsdocumentation.com\/wp-content\/uploads\/2018\/08\/249LT.png\"><img loading=\"lazy\" decoding=\"async\" class=\"alignnone size-full wp-image-5765\" src=\"https:\/\/www.fmsdocumentation.com\/wp-content\/uploads\/2018\/08\/249LT.png\" alt=\"\" width=\"592\" height=\"210\" srcset=\"https:\/\/www.fmsdocumentation.com\/wp-content\/uploads\/2018\/08\/249LT.png 592w, https:\/\/www.fmsdocumentation.com\/wp-content\/uploads\/2018\/08\/249LT-300x106.png 300w\" sizes=\"auto, (max-width: 592px) 100vw, 592px\" \/><\/a><\/p>\n<p>Belaid\u017eio priskyrimo atveju priskyrimas galioja, kol vairuotojas prisijung\u0119s OnTrack mobili\u0105ja programa. Kol vairuotojui belaid\u017eiu b\u016bdu priskirta transporto priemon\u0117, rankiniu b\u016bdu atskyrimo pa\u0161alinti negalima. Jei vairuotojas prisijungia prie kitos transporto priemon\u0117s, kol galioja ankstesnis priskyrimas, galios tik naujasis priskyrimas.<\/p>\n<p style=\"background-color: #2e67b1; color: #ffffff; padding-left: 10px; padding-right: 10px;\"><p class=\"note\">Pastaba<br \/>\nVien\u0105 transporto priemon\u0119 galima priskirti tik vienam vairuotojui. Jei transporto priemon\u0117 anks\u010diau buvo priskirta vienam vairuotojui, bet dabar priskiriama naujam, ji bus atskirta nuo praeito vairuotojo.<\/p><\/p>\n<p style=\"background-color: #2e67b1; color: #ffffff; padding-left: 10px; padding-right: 10px;\"><p class=\"note\">Pastaba<br \/>\nTachografu transporto priemon\u0119 galima priskirti dviem vairuotojams. Tai galioja tik priskiriant tachografu, kitu b\u016bdu tai negalima. Priskyrimai pa\u0161alinami, jei vairuotojas i\u0161ima kortel\u0119 i\u0161 tachografo arba jei vairuotojo kortel\u0117 u\u017eregistruojama kitoje transporto priemon\u0117je. Dvigubus priskyrimus galima matyti \u201e<a href=\"https:\/\/www.fmsdocumentation.com\/lt\/parko-busenos-meniu\/suvestines-apzvalga\/?lang=lt\">Suvestin\u0117s ap\u017evalga<\/a>\u201c.<\/p><\/p>\n<p>Jei transporto priemon\u0117 priskirta vairuotojui anks\u010diau apra\u0161ytais metodais, vairuotoj\u0173 skydelyje bus papildoma informacija, kaip iButton ar RFID ID, naudotas registracijai, arba vairuotojo vardas pagal vairuotojo kortel\u0119.<\/p>\n<p>Norint vairuotojui priskirti prisijungimo duomenis, vairuotojas turi paspausti vairuotojo vartotojo laukel\u012f.<\/p>\n<p><a href=\"https:\/\/www.fmsdocumentation.com\/wp-content\/uploads\/2017\/10\/64LT.png\"><img loading=\"lazy\" decoding=\"async\" class=\"alignnone wp-image-1350 size-full\" src=\"https:\/\/www.fmsdocumentation.com\/wp-content\/uploads\/2017\/10\/64LT.png\" alt=\"\" width=\"359\" height=\"211\" srcset=\"https:\/\/www.fmsdocumentation.com\/wp-content\/uploads\/2017\/10\/64LT.png 359w, https:\/\/www.fmsdocumentation.com\/wp-content\/uploads\/2017\/10\/64LT-300x176.png 300w\" sizes=\"auto, (max-width: 359px) 100vw, 359px\" \/><\/a><\/p>\n<p>Tuomet pasirodys langas \u201eVairuotojo paskyra\u201c, kuriame vairuotojas tur\u0117s \u012fvesti \u0161iuos prisijungimo duomenis, kad b\u016bt\u0173 sukurta vairuotojo paskyra:<\/p>\n<ul>\n<li>Vartotojo vardas.<\/li>\n<li>Slapta\u017eodis.<\/li>\n<\/ul>\n<p><a href=\"https:\/\/www.fmsdocumentation.com\/wp-content\/uploads\/2017\/10\/65LT.png\"><img loading=\"lazy\" decoding=\"async\" class=\"alignnone wp-image-1351 size-full\" src=\"https:\/\/www.fmsdocumentation.com\/wp-content\/uploads\/2017\/10\/65LT.png\" alt=\"\" width=\"751\" height=\"485\" srcset=\"https:\/\/www.fmsdocumentation.com\/wp-content\/uploads\/2017\/10\/65LT.png 751w, https:\/\/www.fmsdocumentation.com\/wp-content\/uploads\/2017\/10\/65LT-300x194.png 300w\" sizes=\"auto, (max-width: 751px) 100vw, 751px\" \/><\/a><\/p>\n<p>\u012eved\u0119s vis\u0105 informacij\u0105, vartotojas turi paspausti mygtuk\u0105 \u201eI\u0161saugoti\u201c, kitu atveju duomenys nebus i\u0161saugoti. Jei vartotojas nusprend\u017eia nesukurti paskyros, tereikia tiesiog paspausti mygtuk\u0105 \u201eU\u017edaryti\u201c.\u00a0Suk\u016br\u0119s paskyr\u0105, vartotojas gali redaguoti prisijungimo duomenis paspaud\u0119s pie\u0161tuko piktogram\u0105. Bus atidarytas identi\u0161kas langas \u201eVairuotojo prisijungimo duomenys\u201c, kur vartotojas gal\u0117s pakeisti prisijungimo duomenis. Nor\u0117damas i\u0161trinti vairuotojo paskyr\u0105, vartotojas turi paspausti ant \u0161iuk\u0161li\u0173 d\u0117\u017e\u0117s piktogramos.<\/p>\n<p><a href=\"https:\/\/www.fmsdocumentation.com\/wp-content\/uploads\/2017\/10\/66LT.png\"><img loading=\"lazy\" decoding=\"async\" class=\"alignnone wp-image-1352 size-full\" src=\"https:\/\/www.fmsdocumentation.com\/wp-content\/uploads\/2017\/10\/66LT.png\" alt=\"\" width=\"359\" height=\"64\" srcset=\"https:\/\/www.fmsdocumentation.com\/wp-content\/uploads\/2017\/10\/66LT.png 359w, https:\/\/www.fmsdocumentation.com\/wp-content\/uploads\/2017\/10\/66LT-300x53.png 300w\" sizes=\"auto, (max-width: 359px) 100vw, 359px\" \/><\/a><\/p>\n<p>Priskyr\u0119s prisijungimo duomenis, vartotojas gali u\u017evesti pel\u0119 vir\u0161 vairuotojo prisijungimo vardo programoje. Bus pary\u0161kintas kliento ID numeris bei prisijungimo vardas.<\/p>\n<p><a href=\"https:\/\/www.fmsdocumentation.com\/wp-content\/uploads\/2017\/10\/199LT.png\"><img loading=\"lazy\" decoding=\"async\" class=\"alignnone wp-image-1353 size-full\" src=\"https:\/\/www.fmsdocumentation.com\/wp-content\/uploads\/2017\/10\/199LT.png\" alt=\"\" width=\"411\" height=\"129\" srcset=\"https:\/\/www.fmsdocumentation.com\/wp-content\/uploads\/2017\/10\/199LT.png 411w, https:\/\/www.fmsdocumentation.com\/wp-content\/uploads\/2017\/10\/199LT-300x94.png 300w\" sizes=\"auto, (max-width: 411px) 100vw, 411px\" \/><\/a><\/p>\n<hr \/>\n<p><div class=\"alignleft\"><a href=\"https:\/\/www.fmsdocumentation.com\/lt\/vairuotoju-meniu\/vairuotoju-sarasas\/\" title=\"Vairuotoj\u0173 s\u0105ra\u0161as\"><span class=\"arrow\">\u2039 &nbsp <\/span> Vairuotoj\u0173 s\u0105ra\u0161as <\/a><\/div> <div class=\"alignright\"><a href=\"https:\/\/www.fmsdocumentation.com\/lt\/komunikacijos-meniu\/\" title=\"Komunikacijos meniu\">Komunikacijos meniu <span class=\"arrow\"> &nbsp\u203a <\/span> <\/a><\/div><\/p>\n","protected":false},"excerpt":{"rendered":"<p>Nor\u0117damas priskirti transporto priemon\u0119 arba redaguoti \/ i\u0161trinti vairuotojo informacij\u0105, vartotojas turi s\u0105ra\u0161e paspausti ant vairuotojo, kur\u012f nori redaguoti.\u00a0Tuomet atsidarys kitas skydelis su vairuotojo informacija. Informacij\u0105 apie vairuotojus galima keisti paspaudus ekrano apa\u010dioje esant\u012f mygtuk\u0105 \u201eTaisyti\u201c. Paspaudus \u0161\u012f mygtuk\u0105, atsidarys naujas langas, pana\u0161us \u012f t\u0105, kai pridedamas naujas vairuotojas, tik laukeliuose jau bus \u012fvesta vairuotojo &hellip; <a href=\"https:\/\/www.fmsdocumentation.com\/lt\/vairuotoju-meniu\/vairuotoju-valdymas\/\" class=\"more-link\">Skaityti toliau: <span class=\"screen-reader-text\">Vairuotoj\u0173 valdymas<\/span><\/a><\/p>\n","protected":false},"author":1,"featured_media":0,"parent":1330,"menu_order":2,"comment_status":"closed","ping_status":"closed","template":"","meta":{"footnotes":""},"class_list":["post-1342","page","type-page","status-publish","hentry"],"_links":{"self":[{"href":"https:\/\/www.fmsdocumentation.com\/lt\/wp-json\/wp\/v2\/pages\/1342","targetHints":{"allow":["GET"]}}],"collection":[{"href":"https:\/\/www.fmsdocumentation.com\/lt\/wp-json\/wp\/v2\/pages"}],"about":[{"href":"https:\/\/www.fmsdocumentation.com\/lt\/wp-json\/wp\/v2\/types\/page"}],"author":[{"embeddable":true,"href":"https:\/\/www.fmsdocumentation.com\/lt\/wp-json\/wp\/v2\/users\/1"}],"replies":[{"embeddable":true,"href":"https:\/\/www.fmsdocumentation.com\/lt\/wp-json\/wp\/v2\/comments?post=1342"}],"version-history":[{"count":13,"href":"https:\/\/www.fmsdocumentation.com\/lt\/wp-json\/wp\/v2\/pages\/1342\/revisions"}],"predecessor-version":[{"id":9175,"href":"https:\/\/www.fmsdocumentation.com\/lt\/wp-json\/wp\/v2\/pages\/1342\/revisions\/9175"}],"up":[{"embeddable":true,"href":"https:\/\/www.fmsdocumentation.com\/lt\/wp-json\/wp\/v2\/pages\/1330"}],"wp:attachment":[{"href":"https:\/\/www.fmsdocumentation.com\/lt\/wp-json\/wp\/v2\/media?parent=1342"}],"curies":[{"name":"wp","href":"https:\/\/api.w.org\/{rel}","templated":true}]}}