{"id":1355,"date":"2017-10-03T09:26:44","date_gmt":"2017-10-03T09:26:44","guid":{"rendered":"http:\/\/www.fmsdocumentation.com\/?page_id=1355"},"modified":"2020-06-09T14:21:54","modified_gmt":"2020-06-09T11:21:54","slug":"komunikacijos-meniu","status":"publish","type":"page","link":"https:\/\/www.fmsdocumentation.com\/lt\/komunikacijos-meniu\/","title":{"rendered":"Komunikacijos meniu"},"content":{"rendered":"<p>Komunikacijos skydelis leid\u017eia jums bendrauti su vairuotojais, kurie naudojasi OnTrack mobili\u0105ja program\u0117le. Nor\u0117dami pasiekti komunikacijos skydel\u012f, paspauskite atitinkam\u0105 piktogram\u0105 valdymo skydelyje.<\/p>\n<p><a href=\"https:\/\/www.fmsdocumentation.com\/wp-content\/uploads\/2017\/10\/67.png\"><img loading=\"lazy\" decoding=\"async\" class=\"alignnone wp-image-1356 size-large\" src=\"https:\/\/www.fmsdocumentation.com\/wp-content\/uploads\/2017\/10\/67-1024x507.png\" alt=\"\" width=\"660\" height=\"327\" srcset=\"https:\/\/www.fmsdocumentation.com\/wp-content\/uploads\/2017\/10\/67-1024x507.png 1024w, https:\/\/www.fmsdocumentation.com\/wp-content\/uploads\/2017\/10\/67-300x148.png 300w, https:\/\/www.fmsdocumentation.com\/wp-content\/uploads\/2017\/10\/67-768x380.png 768w, https:\/\/www.fmsdocumentation.com\/wp-content\/uploads\/2017\/10\/67.png 1920w\" sizes=\"auto, (max-width: 660px) 100vw, 660px\" \/><\/a><\/p>\n<p>Paspaudus ant piktogramos, bus atidarytas komunikacijos skydelis. Galite bendrauti su vairuotojais, turin\u010diais paskyras ir tik i\u0161 to paties parko<em>. <\/em>\u0160iame skydelyje galite atlikti du veiksmus:<\/p>\n<ul>\n<li>Nusi\u0173sti prane\u0161im\u0105 visiems ar keliems vairuotojams vienu metu.<\/li>\n<li>Bendrauti su atskirais vairuotojais.<\/li>\n<\/ul>\n<p>Nor\u0117dami nusi\u0173sti prane\u0161im\u0105 keliems vairuotojas, paspauskite laukel\u012f <strong>Naujas prane\u0161imas<\/strong>, esant\u012f skydelio vir\u0161uje.<\/p>\n<p><a href=\"https:\/\/www.fmsdocumentation.com\/wp-content\/uploads\/2017\/10\/68LT.png\"><img loading=\"lazy\" decoding=\"async\" class=\"alignnone wp-image-1357 size-full\" src=\"https:\/\/www.fmsdocumentation.com\/wp-content\/uploads\/2017\/10\/68LT.png\" alt=\"\" width=\"361\" height=\"283\" srcset=\"https:\/\/www.fmsdocumentation.com\/wp-content\/uploads\/2017\/10\/68LT.png 361w, https:\/\/www.fmsdocumentation.com\/wp-content\/uploads\/2017\/10\/68LT-300x235.png 300w\" sizes=\"auto, (max-width: 361px) 100vw, 361px\" \/><\/a><\/p>\n<p>Paspaudus laukel\u012f, atsivers naujo prane\u0161imo langas. \u010cia galite pasirinkti, kuriems vairuotojams si\u0173sti prane\u0161im\u0105, paspausdami paie\u0161kos laukel\u012f. Galite ie\u0161koti vairuotoj\u0173 pagal vard\u0105 arba tiesiog pasirinkdami juos i\u0161 i\u0161skleid\u017eiamojo s\u0105ra\u0161o. Jei norite nusi\u0173sti \u0161\u012f prane\u0161im\u0105 visiems vairuotojams, paspauskite mygtuk\u0105 <strong>Prid\u0117ti visus<\/strong>, esant\u012f \u012f de\u0161in\u0119 nuo paie\u0161kos laukelio.<\/p>\n<p>Po vairuotojo pasirinkimo laukeliu yra prane\u0161imo langas, \u012f kur\u012f galite \u012fvesti norim\u0105 prane\u0161im\u0105. Did\u017eiausias vieno prane\u0161imo simboli\u0173 skai\u010dius yra 500. Prie prane\u0161imo galima prid\u0117ti vien\u0105 fail\u0105, kurio dydis iki 10 MB. Para\u0161\u0119 prane\u0161im\u0105, paspauskite <strong>Si\u0173sti<\/strong>. Jei nenorite si\u0173sti prane\u0161imo, paspauskite mygtuk\u0105 <strong>U\u017edaryti <\/strong>arba u\u017e \u0161io lango rib\u0173.<\/p>\n<p><a href=\"https:\/\/www.fmsdocumentation.com\/wp-content\/uploads\/2017\/10\/69LT.png\"><img loading=\"lazy\" decoding=\"async\" class=\"alignnone wp-image-1358 size-full\" src=\"https:\/\/www.fmsdocumentation.com\/wp-content\/uploads\/2017\/10\/69LT.png\" alt=\"\" width=\"753\" height=\"584\" srcset=\"https:\/\/www.fmsdocumentation.com\/wp-content\/uploads\/2017\/10\/69LT.png 753w, https:\/\/www.fmsdocumentation.com\/wp-content\/uploads\/2017\/10\/69LT-300x233.png 300w\" sizes=\"auto, (max-width: 753px) 100vw, 753px\" \/><\/a><\/p>\n<p>I\u0161siunt\u0119 prane\u0161im\u0105, b\u016bsite nukreipti \u012f ankstesn\u012f skydel\u012f. Po langeliu <strong>Naujas prane\u0161imas<\/strong> yra vairuotoj\u0173 s\u0105ra\u0161as. Naudodamiesi paie\u0161kos juosta galite grei\u010diau rasti reikiam\u0105 vairuotoj\u0105. Paspaudus ant vairuotojo i\u0161 s\u0105ra\u0161o, atsidarys pokalbio su tuo vairuotoju langas.<\/p>\n<p><a href=\"https:\/\/www.fmsdocumentation.com\/wp-content\/uploads\/2017\/10\/70LT.png\"><img loading=\"lazy\" decoding=\"async\" class=\"alignnone wp-image-1359 size-full\" src=\"https:\/\/www.fmsdocumentation.com\/wp-content\/uploads\/2017\/10\/70LT.png\" alt=\"\" width=\"358\" height=\"280\" srcset=\"https:\/\/www.fmsdocumentation.com\/wp-content\/uploads\/2017\/10\/70LT.png 358w, https:\/\/www.fmsdocumentation.com\/wp-content\/uploads\/2017\/10\/70LT-300x235.png 300w\" sizes=\"auto, (max-width: 358px) 100vw, 358px\" \/><\/a><\/p>\n<p>Pokalbi\u0173 langui paai\u0161kinimo nereikia ir jis yra labai pana\u0161us \u012f daugel\u012f populiari\u0173 pokalbi\u0173 program\u0173. Teksto \u012fvedimo laukelis yra apa\u010dioje, \u012f kair\u0119 nuo jo paspaudus failo prid\u0117jimo piktogram\u0105 vairuotojui galima nusi\u0173sti fail\u0105.<\/p>\n<p><a href=\"https:\/\/www.fmsdocumentation.com\/wp-content\/uploads\/2020\/05\/72LT-1.png\"><img loading=\"lazy\" decoding=\"async\" class=\"alignnone size-full wp-image-9165\" src=\"https:\/\/www.fmsdocumentation.com\/wp-content\/uploads\/2020\/05\/72LT-1.png\" alt=\"\" width=\"720\" height=\"877\" srcset=\"https:\/\/www.fmsdocumentation.com\/wp-content\/uploads\/2020\/05\/72LT-1.png 720w, https:\/\/www.fmsdocumentation.com\/wp-content\/uploads\/2020\/05\/72LT-1-246x300.png 246w\" sizes=\"auto, (max-width: 720px) 100vw, 720px\" \/><\/a><\/p>\n<p>Prane\u0161imai i\u0161 vairuotojo rodomi kair\u0117je pus\u0117je, o vartotojo prane\u0161imai rodomi de\u0161in\u0117je pus\u0117je. Inicial\u0173 burbulai atspindi vairuotojo ir vartotojo prisijungimo vard\u0173 inicialus.<\/p>\n<hr \/>\n<p><div class=\"alignleft\"><a href=\"https:\/\/www.fmsdocumentation.com\/lt\/vairuotoju-meniu\/vairuotoju-valdymas\/\" title=\"Vairuotoj\u0173 valdymas\"><span class=\"arrow\">\u2039 &nbsp <\/span> Vairuotoj\u0173 valdymas <\/a><\/div> <div class=\"alignright\"><a href=\"https:\/\/www.fmsdocumentation.com\/lt\/geozonu-meniu\/\" title=\"Geozon\u0173 meniu\">Geozon\u0173 meniu <span class=\"arrow\"> &nbsp\u203a <\/span> <\/a><\/div><\/p>\n","protected":false},"excerpt":{"rendered":"<p>Komunikacijos skydelis leid\u017eia jums bendrauti su vairuotojais, kurie naudojasi OnTrack mobili\u0105ja program\u0117le. Nor\u0117dami pasiekti komunikacijos skydel\u012f, paspauskite atitinkam\u0105 piktogram\u0105 valdymo skydelyje. Paspaudus ant piktogramos, bus atidarytas komunikacijos skydelis. Galite bendrauti su vairuotojais, turin\u010diais paskyras ir tik i\u0161 to paties parko. \u0160iame skydelyje galite atlikti du veiksmus: Nusi\u0173sti prane\u0161im\u0105 visiems ar keliems vairuotojams vienu metu. Bendrauti &hellip; <a href=\"https:\/\/www.fmsdocumentation.com\/lt\/komunikacijos-meniu\/\" class=\"more-link\">Skaityti toliau: <span class=\"screen-reader-text\">Komunikacijos meniu<\/span><\/a><\/p>\n","protected":false},"author":1,"featured_media":0,"parent":0,"menu_order":45,"comment_status":"closed","ping_status":"closed","template":"","meta":{"footnotes":""},"class_list":["post-1355","page","type-page","status-publish","hentry"],"_links":{"self":[{"href":"https:\/\/www.fmsdocumentation.com\/lt\/wp-json\/wp\/v2\/pages\/1355","targetHints":{"allow":["GET"]}}],"collection":[{"href":"https:\/\/www.fmsdocumentation.com\/lt\/wp-json\/wp\/v2\/pages"}],"about":[{"href":"https:\/\/www.fmsdocumentation.com\/lt\/wp-json\/wp\/v2\/types\/page"}],"author":[{"embeddable":true,"href":"https:\/\/www.fmsdocumentation.com\/lt\/wp-json\/wp\/v2\/users\/1"}],"replies":[{"embeddable":true,"href":"https:\/\/www.fmsdocumentation.com\/lt\/wp-json\/wp\/v2\/comments?post=1355"}],"version-history":[{"count":7,"href":"https:\/\/www.fmsdocumentation.com\/lt\/wp-json\/wp\/v2\/pages\/1355\/revisions"}],"predecessor-version":[{"id":9166,"href":"https:\/\/www.fmsdocumentation.com\/lt\/wp-json\/wp\/v2\/pages\/1355\/revisions\/9166"}],"wp:attachment":[{"href":"https:\/\/www.fmsdocumentation.com\/lt\/wp-json\/wp\/v2\/media?parent=1355"}],"curies":[{"name":"wp","href":"https:\/\/api.w.org\/{rel}","templated":true}]}}