{"id":1363,"date":"2017-10-03T09:37:19","date_gmt":"2017-10-03T09:37:19","guid":{"rendered":"http:\/\/www.fmsdocumentation.com\/?page_id=1363"},"modified":"2020-06-09T14:21:57","modified_gmt":"2020-06-09T11:21:57","slug":"geozonu-meniu","status":"publish","type":"page","link":"https:\/\/www.fmsdocumentation.com\/lt\/geozonu-meniu\/","title":{"rendered":"Geozon\u0173 meniu"},"content":{"rendered":"<p>Nor\u0117damas atidaryti geozon\u0173 skydel\u012f, vartotojas turi paspausti atitinkam\u0105 piktogram\u0105 valdymo skydelyje, esan\u010diame kair\u0117je ekrano pus\u0117je.<\/p>\n<p><a href=\"https:\/\/www.fmsdocumentation.com\/wp-content\/uploads\/2018\/05\/283LT.png\"><img loading=\"lazy\" decoding=\"async\" class=\"alignnone size-large wp-image-5067\" src=\"https:\/\/www.fmsdocumentation.com\/wp-content\/uploads\/2018\/05\/283LT-1024x506.png\" alt=\"\" width=\"660\" height=\"326\" srcset=\"https:\/\/www.fmsdocumentation.com\/wp-content\/uploads\/2018\/05\/283LT-1024x506.png 1024w, https:\/\/www.fmsdocumentation.com\/wp-content\/uploads\/2018\/05\/283LT-300x148.png 300w, https:\/\/www.fmsdocumentation.com\/wp-content\/uploads\/2018\/05\/283LT-768x380.png 768w, https:\/\/www.fmsdocumentation.com\/wp-content\/uploads\/2018\/05\/283LT.png 1920w\" sizes=\"auto, (max-width: 660px) 100vw, 660px\" \/><\/a><\/p>\n<p>\u0160iame skydelyje vartotojas gali ie\u0161koti esamose geozonose, keisti jas ir kurti naujas.<\/p>\n<p>Puslapio vir\u0161uje vartotojas gali matyti geozon\u0173 grupavimo meniu. I\u0161skleid\u017eiamajame s\u0105ra\u0161e bus rodomos esamos grup\u0117s su priskirta spalva bei geozon\u0173 toje grup\u0117je skai\u010diumi. Vartotojas gali pasirinkti, kurias geozonas rodyti. Taip pat vartotojas gali sukurti nauj\u0105 grup\u0119, paspausdamas tris ta\u0161kus \u0161alia i\u0161skleid\u017eiamojo s\u0105ra\u0161o, tuomet bus rodomas i\u0161pl\u0117stinis pasirinkimo meniu.<\/p>\n<p><a href=\"https:\/\/www.fmsdocumentation.com\/wp-content\/uploads\/2017\/10\/278LT.png\"><img loading=\"lazy\" decoding=\"async\" class=\"alignnone wp-image-1365 size-full\" src=\"https:\/\/www.fmsdocumentation.com\/wp-content\/uploads\/2017\/10\/278LT.png\" alt=\"\" width=\"538\" height=\"550\" srcset=\"https:\/\/www.fmsdocumentation.com\/wp-content\/uploads\/2017\/10\/278LT.png 538w, https:\/\/www.fmsdocumentation.com\/wp-content\/uploads\/2017\/10\/278LT-293x300.png 293w\" sizes=\"auto, (max-width: 538px) 100vw, 538px\" \/><\/a><\/p>\n<p>Paspaudus \u201eSukurti nauj\u0105 grup\u0119\u201c, bus atidarytas grup\u0117s k\u016brimo langas. \u010cia vartotojas turi \u012fvesti grup\u0117s pavadinim\u0105, tuomet pasirinkti grup\u0117s spalv\u0105 bei geozonas, kurias nori prid\u0117ti prie grup\u0117s. Visos geozonos rodomos s\u0105ra\u0161e. Vartotojas, naudodamasis paie\u0161kos juosta, gali greitai ie\u0161koti geozonose arba \u012fgalinti filtr\u0105, kad b\u016bt\u0173 rodomos tik geozonos ar POI (dominantys ta\u0161kai). Visk\u0105 atlik\u0119s, vartotojas turi paspausti mygtuk\u0105 \u201eI\u0161saugoti\u201c, kad i\u0161saugot\u0173 nauj\u0105 grup\u0119.<\/p>\n<p><a href=\"https:\/\/www.fmsdocumentation.com\/wp-content\/uploads\/2017\/10\/279LT.png\"><img loading=\"lazy\" decoding=\"async\" class=\"alignnone wp-image-1366 size-full\" src=\"https:\/\/www.fmsdocumentation.com\/wp-content\/uploads\/2017\/10\/279LT.png\" alt=\"\" width=\"362\" height=\"887\" srcset=\"https:\/\/www.fmsdocumentation.com\/wp-content\/uploads\/2017\/10\/279LT.png 362w, https:\/\/www.fmsdocumentation.com\/wp-content\/uploads\/2017\/10\/279LT-122x300.png 122w\" sizes=\"auto, (max-width: 362px) 100vw, 362px\" \/><\/a><\/p>\n<p>Nor\u0117damas redaguoti ar i\u0161trinti grup\u0119, vartotojas pirmiausia turi pasirinkti geozonos grup\u0119 i\u0161 s\u0105ra\u0161o ir tuomet paspausti tris ta\u0161kus. Dabar bus galima redaguoti arba i\u0161trinti grup\u0119, taip pat keisti geozon\u0173 privatumo (matomumo) nustatymus (tai gali atlikti tik administratoriai).<\/p>\n<p><a href=\"https:\/\/www.fmsdocumentation.com\/wp-content\/uploads\/2018\/05\/280LT-1.png\"><img loading=\"lazy\" decoding=\"async\" class=\"alignnone size-full wp-image-5077\" src=\"https:\/\/www.fmsdocumentation.com\/wp-content\/uploads\/2018\/05\/280LT-1.png\" alt=\"\" width=\"578\" height=\"249\" srcset=\"https:\/\/www.fmsdocumentation.com\/wp-content\/uploads\/2018\/05\/280LT-1.png 578w, https:\/\/www.fmsdocumentation.com\/wp-content\/uploads\/2018\/05\/280LT-1-300x129.png 300w\" sizes=\"auto, (max-width: 578px) 100vw, 578px\" \/><\/a><\/p>\n<p>Pasirinkus keisti geozon\u0173 matomumo nustatymus, atsivers naujas langas, kuriame vartotojas gali pasirinkti, kokie matomumo nustatymai bus taikomi <strong>visai<\/strong> grupei. Galimi \u0161ie matomumo nustatymai:<\/p>\n<ul>\n<li>Galite tik j\u016bs <strong>per\u017ei\u016br\u0117ti<\/strong> ir <strong>redaguoti\u00a0<\/strong>\u2013<strong>\u00a0<\/strong>pasirinkt\u0105 geozon\u0173 grup\u0119 gali matyti ir redaguoti tik esamasis vartotojas su administratoriaus teis\u0117mis;<\/li>\n<li>Gali bet kas <strong>per\u017ei\u016br\u0117ti\u00a0<\/strong>\u2013 pasirinkt\u0105 geozon\u0173 grup\u0119 gali matyti visi vartotojai;<\/li>\n<li>Gali bet kas <strong>per\u017ei\u016br\u0117ti<\/strong> ir <strong>redaguoti\u00a0<\/strong>\u2013 pasirinkt\u0105 geozon\u0173 grup\u0119 gali matyti ir redaguoti visi vartotojai.<\/li>\n<\/ul>\n<p>Pasirink\u0119s matomumo nustatymus, vartotojas turi spustel\u0117ti mygtuk\u0105 &#8220;I\u0161saugoti&#8221;, kitu atveju pakeitimai nebus i\u0161saugoti.<\/p>\n<p><a href=\"https:\/\/www.fmsdocumentation.com\/wp-content\/uploads\/2018\/05\/346LT-1.png\"><img loading=\"lazy\" decoding=\"async\" class=\"alignnone size-full wp-image-5078\" src=\"https:\/\/www.fmsdocumentation.com\/wp-content\/uploads\/2018\/05\/346LT-1.png\" alt=\"\" width=\"750\" height=\"349\" srcset=\"https:\/\/www.fmsdocumentation.com\/wp-content\/uploads\/2018\/05\/346LT-1.png 750w, https:\/\/www.fmsdocumentation.com\/wp-content\/uploads\/2018\/05\/346LT-1-300x140.png 300w\" sizes=\"auto, (max-width: 750px) 100vw, 750px\" \/><\/a><\/p>\n<p>Nor\u0117damas sukurti nauj\u0105 geozon\u0105, vartotojas turi paspausti \u201eNauja geozona\u201c laukel\u012f.<\/p>\n<p><a href=\"https:\/\/www.fmsdocumentation.com\/wp-content\/uploads\/2018\/05\/93LT.png\"><img loading=\"lazy\" decoding=\"async\" class=\"alignnone size-large wp-image-5069\" src=\"https:\/\/www.fmsdocumentation.com\/wp-content\/uploads\/2018\/05\/93LT-1024x506.png\" alt=\"\" width=\"660\" height=\"326\" srcset=\"https:\/\/www.fmsdocumentation.com\/wp-content\/uploads\/2018\/05\/93LT-1024x506.png 1024w, https:\/\/www.fmsdocumentation.com\/wp-content\/uploads\/2018\/05\/93LT-300x148.png 300w, https:\/\/www.fmsdocumentation.com\/wp-content\/uploads\/2018\/05\/93LT-768x380.png 768w, https:\/\/www.fmsdocumentation.com\/wp-content\/uploads\/2018\/05\/93LT.png 1920w\" sizes=\"auto, (max-width: 660px) 100vw, 660px\" \/><\/a><\/p>\n<p>Paspaudus ant \u201eNauja geozona\u201c, atidaromas naujas skydelis su geozon\u0173 tipais. Galimi tik du skirtukai: <strong>Naujas dominantis ta\u0161kas<\/strong> (POI)<strong>\u00a0<\/strong>ir<strong> Nauja geografin\u0117 zona.<\/strong><\/p>\n<p><strong>Naujas dominantis ta\u0161kas <\/strong>\u2013 paspaud\u0119s \u201eNauja geozona\u201c, sukurti dominant\u012f ta\u0161k\u0105 vartotojas gali dviem b\u016bdais.<\/p>\n<p><a href=\"https:\/\/www.fmsdocumentation.com\/wp-content\/uploads\/2018\/05\/94LT.png\"><img loading=\"lazy\" decoding=\"async\" class=\"alignnone size-full wp-image-5070\" src=\"https:\/\/www.fmsdocumentation.com\/wp-content\/uploads\/2018\/05\/94LT.png\" alt=\"\" width=\"360\" height=\"130\" srcset=\"https:\/\/www.fmsdocumentation.com\/wp-content\/uploads\/2018\/05\/94LT.png 360w, https:\/\/www.fmsdocumentation.com\/wp-content\/uploads\/2018\/05\/94LT-300x108.png 300w\" sizes=\"auto, (max-width: 360px) 100vw, 360px\" \/><\/a><\/p>\n<p>Pirmasis b\u016bdas yra tiesiog pa\u017eym\u0117ti norim\u0105 dominant\u012f ta\u0161k\u0105 \u017eem\u0117lapyje, tuomet adreso laukelis ir spindulys bus \u012fvesti automati\u0161kai, taigi vartotojas tur\u0117s tik pavadinti dominant\u012f ta\u0161k\u0105, pasirinkti matomumo nustatymus ir prid\u0117ti pastab\u0173, esant reikalui.<\/p>\n<p>Antrasis b\u016bdas yra ranka \u012fvesti vis\u0105 informacij\u0105. Vartotojas turi u\u017epildyti \u0161iuos laukelius:<\/p>\n<ul>\n<li>Pavadinimas \u2013 dominan\u010dio ta\u0161ko pavadinimas, i\u0161 esm\u0117s skirtas tik vartotojo valdymo tikslais (\u0161is laukelis privalomas);<\/li>\n<li>Adresas \u2013 dominan\u010dio ta\u0161ko adresas, \u0161is laukelis veikia kaip paie\u0161kos juosta ir ie\u0161kant automati\u0161kai si\u016blomi adresai, kaskart \u012fvedant po raid\u0119 (\u0161is laukelis privalomas);<\/li>\n<li>Spindulys \u2013 spindulys apie pasirinkt\u0105 adres\u0105, kuris bus \u012fterpiamas \u012f geozon\u0105. Reik\u0161m\u0117s intervalas yra nuo 5 iki 50 000 metr\u0173 (\u0161is laukas privalomas);<\/li>\n<li>Matomumas\u00a0\u2013 kas gali matyti ir redaguoti dominant\u012f ta\u0161k\u0105, kaip apra\u0161yta anks\u010diau matomumo nustatymuose (\u0161is laukelis galimas tik administratoriams);<\/li>\n<li>Pastabos \u2013 bendros pastabos, kurias, anot vartotojo, reik\u0117t\u0173 prid\u0117ti prie\u00a0dominan\u010dio ta\u0161ko (\u0161is laukelis neprivalomas).<\/li>\n<\/ul>\n<p><a href=\"https:\/\/www.fmsdocumentation.com\/wp-content\/uploads\/2018\/05\/95LT.png\"><img loading=\"lazy\" decoding=\"async\" class=\"alignnone size-full wp-image-5072\" src=\"https:\/\/www.fmsdocumentation.com\/wp-content\/uploads\/2018\/05\/95LT.png\" alt=\"\" width=\"360\" height=\"819\" srcset=\"https:\/\/www.fmsdocumentation.com\/wp-content\/uploads\/2018\/05\/95LT.png 360w, https:\/\/www.fmsdocumentation.com\/wp-content\/uploads\/2018\/05\/95LT-132x300.png 132w\" sizes=\"auto, (max-width: 360px) 100vw, 360px\" \/><\/a><\/p>\n<p>U\u017epild\u017eius visus laukelius, b\u016btina spausti mygtuk\u0105 \u201eI\u0161saugoti\u201c, kitu atveju dominantis ta\u0161kas nebus i\u0161saugotas.<\/p>\n<p><strong>Nauja geografin\u0117 zona <\/strong>\u2013 leid\u017eia \u017eem\u0117lapyje pa\u017eym\u0117ti teritorij\u0105, nuosekliai sujungiant kelet\u0105 ta\u0161k\u0173 \u017eem\u0117lapyje.<\/p>\n<p><a href=\"https:\/\/www.fmsdocumentation.com\/wp-content\/uploads\/2018\/05\/96LT.png\"><img loading=\"lazy\" decoding=\"async\" class=\"alignnone size-full wp-image-5073\" src=\"https:\/\/www.fmsdocumentation.com\/wp-content\/uploads\/2018\/05\/96LT.png\" alt=\"\" width=\"360\" height=\"130\" srcset=\"https:\/\/www.fmsdocumentation.com\/wp-content\/uploads\/2018\/05\/96LT.png 360w, https:\/\/www.fmsdocumentation.com\/wp-content\/uploads\/2018\/05\/96LT-300x108.png 300w\" sizes=\"auto, (max-width: 360px) 100vw, 360px\" \/><\/a><\/p>\n<p>Yra tik vienas b\u016bdas sukurti geozon\u0105. Paspaudus geozonos kortel\u0119, bus galima u\u017epildyti tik tris laukelius:<\/p>\n<ul>\n<li>Pavadinimas \u2013 geozonos pavadinimas, \u0161is laukelis skirtas tik vartotojo valdymo tikslais (laukelis privalomas);<\/li>\n<li>Matomumas\u00a0\u2013 kas gali matyti ir redaguoti geozon\u0105, kaip apra\u0161yta anks\u010diau matomumo nustatymuose (\u0161is laukelis galimas tik administratoriams);<\/li>\n<li>Pastabos \u2013 bendros pastabos, kurias, anot vartotojo, reik\u0117t\u0173 prid\u0117ti prie geozonos (\u0161is laukelis neprivalomas).<\/li>\n<\/ul>\n<p>U\u017epild\u0119s visus laukelius (<em>arba prie\u0161, veiksm\u0173 seka rezultatui \u012ftakos neturi), <\/em>vartotojas turi \u017eem\u0117lapyje pa\u017eym\u0117ti geozon\u0105. Nor\u0117damas prad\u0117ti, vartotojas pirmiausia turi \u017eem\u0117lapyje pad\u0117ti vien\u0105 ta\u0161k\u0105, tuomet dar kelis ta\u0161kus aplink t\u0105 viet\u0105, kuri\u0105 vartotojas nori pa\u017eym\u0117ti. Kiekvienas ta\u0161kas yra sujungtas su gretimais ta\u0161kais. Norint u\u017ebaigti geozon\u0105, reikia sujungti pirm\u0105 ir paskutin\u012f ta\u0161kus. Sujungus paskutinius ta\u0161kus, jie bus pa\u017eym\u0117ti m\u0117lyna spalva.<\/p>\n<p><a href=\"https:\/\/www.fmsdocumentation.com\/wp-content\/uploads\/2018\/05\/97LT.png\"><img loading=\"lazy\" decoding=\"async\" class=\"alignnone size-large wp-image-5074\" src=\"https:\/\/www.fmsdocumentation.com\/wp-content\/uploads\/2018\/05\/97LT-1024x607.png\" alt=\"\" width=\"660\" height=\"391\" srcset=\"https:\/\/www.fmsdocumentation.com\/wp-content\/uploads\/2018\/05\/97LT-1024x607.png 1024w, https:\/\/www.fmsdocumentation.com\/wp-content\/uploads\/2018\/05\/97LT-300x178.png 300w, https:\/\/www.fmsdocumentation.com\/wp-content\/uploads\/2018\/05\/97LT-768x455.png 768w, https:\/\/www.fmsdocumentation.com\/wp-content\/uploads\/2018\/05\/97LT.png 1500w\" sizes=\"auto, (max-width: 660px) 100vw, 660px\" \/><\/a><\/p>\n<p>U\u017epild\u0119s visus laukelius ir pa\u017eym\u0117j\u0119s geozon\u0105, nor\u0117damas j\u0105 i\u0161saugoti, vartotojas turi paspausti mygtuk\u0105 \u201eI\u0161saugoti\u201c.<\/p>\n<p style=\"background-color: #2e67b1; color: #ffffff; padding-left: 10px; padding-right: 10px;\"><p class=\"note\">Pastaba<br \/>\nGeozon\u0105 galima keisti sujungus visus ta\u0161kus, tiesiog reikia paspausti geozonos ta\u0161kus ir juos nutempti per \u017eem\u0117lap\u012f. Tempiantis geozonai, atsiranda papildom\u0173 ta\u0161k\u0173, kurie palengvina geozonos k\u016brim\u0105. Atlikus judes\u012f, pasirodo anuliavimo piktograma, kuri leid\u017eia gr\u0105\u017einti perkelt\u0105 ta\u0161k\u0105 \u012f ankstesn\u0119 viet\u0105. Tai galioja tik v\u0117liausiai perkeltam ta\u0161kui.<\/p><\/p>\n<p>Vietoje to, kad kurti dominan\u010dius ta\u0161kus ar geozonas rankiniu b\u016bdu, vartotojas gali \u012fkelti byl\u0105 su ta\u0161k\u0173 duomenimis spustel\u0117damas bylos piktogram\u0105, kaip parodyta \u017eemiau. Tai leid\u017eia vienu metu sukurti daug dominan\u010di\u0173 ta\u0161k\u0173 ar geozon\u0173.<\/p>\n<p><a href=\"https:\/\/www.fmsdocumentation.com\/wp-content\/uploads\/2018\/05\/347LT.png\"><img loading=\"lazy\" decoding=\"async\" class=\"alignnone size-full wp-image-5075\" src=\"https:\/\/www.fmsdocumentation.com\/wp-content\/uploads\/2018\/05\/347LT.png\" alt=\"\" width=\"360\" height=\"180\" srcset=\"https:\/\/www.fmsdocumentation.com\/wp-content\/uploads\/2018\/05\/347LT.png 360w, https:\/\/www.fmsdocumentation.com\/wp-content\/uploads\/2018\/05\/347LT-300x150.png 300w\" sizes=\"auto, (max-width: 360px) 100vw, 360px\" \/><\/a><\/p>\n<p>Spustel\u0117jus bylos piktogram\u0105 atsivers naujas langas. I\u0161 prad\u017ei\u0173 vartotojas tur\u0117t\u0173 pasirinkti geozon\u0173 grup\u0119(es), \u012f kuri\u0105(as) bus prid\u0117tos \u012fkeltosios geozonos. Yra paie\u0161kos juosta, kuri leid\u017eia greitai ie\u0161koti geozon\u0173 grupi\u0173, rezultatai atnaujinami su kiekviena \u012fvesta raide. Norint pasirinkti\/at\u017eym\u0117ti geozon\u0173 grup\u0119, vartotojas turi pa\u017eym\u0117ti\/at\u017eym\u0117ti laukel\u012f, esant\u012f \u0161alia grup\u0117s. Nepasirinkus grup\u0117s, \u012fkeltosios geozonos nebus prid\u0117tos prie jokios grup\u0117s. Vartotojas gali taip pat tiesiog sukurti nauj\u0105 grup\u0119 tame pa\u010diame lange, spustel\u0117damas &#8220;Kurti geografini\u0173 zon\u0173 grup\u0119&#8221;.<\/p>\n<p>Pasirink\u0119s grup\u0119, vartotojas turi pasirinkti matomumo nustatymus (tai gali atlikti tik administratoriai) ir \u012fkelti byl\u0105 su geozon\u0173 duomenimis (<strong>galima \u012fkelti tik .kml ir .csv tipo bylas!<\/strong>). Galima atsisi\u0173sti pavyzdin\u0119 byl\u0105 spustel\u0117jus &#8220;Atsisi\u0173sti CSV formos pavyzd\u012f&#8221;. U\u017evedus pel\u0117s rodykl\u0119 vir\u0161 informacijos piktogramos rodomas paai\u0161kinimas, kas tur\u0117t\u0173 b\u016bti byloje. Vartotojas turi paspausti mygtuk\u0105 &#8220;Importuoti&#8221;, kitu atveju byla nebus \u012fkelta.<\/p>\n<p><a href=\"https:\/\/www.fmsdocumentation.com\/wp-content\/uploads\/2018\/05\/348LT.png\"><img loading=\"lazy\" decoding=\"async\" class=\"alignnone size-full wp-image-5079\" src=\"https:\/\/www.fmsdocumentation.com\/wp-content\/uploads\/2018\/05\/348LT.png\" alt=\"\" width=\"850\" height=\"543\" srcset=\"https:\/\/www.fmsdocumentation.com\/wp-content\/uploads\/2018\/05\/348LT.png 850w, https:\/\/www.fmsdocumentation.com\/wp-content\/uploads\/2018\/05\/348LT-300x192.png 300w, https:\/\/www.fmsdocumentation.com\/wp-content\/uploads\/2018\/05\/348LT-768x491.png 768w\" sizes=\"auto, (max-width: 850px) 100vw, 850px\" \/><\/a><\/p>\n<p><p class=\"note\">Pastaba<br \/>\nVisi paprasto vartotojo sukurti dominantys ta\u0161kai bei geozonos yra matomi ir gali b\u016bti redaguojami tik to paties vartotojo. Administratoriai bei kiti vartotojai j\u0173 negali nei matyti, nei redaguoti.<\/p><\/p>\n<p><strong>Geozon\u0173 s\u0105ra\u0161as <\/strong>\u2013 rodomos visos konkre\u010diam vartotojui matomos geozonos. Geozon\u0173 s\u0105ra\u0161\u0105 galima filtruoti paspaud\u017eiant laukel\u012f \u201eRodyti geografines zonas\u201c, tuomet bus i\u0161skleid\u017eiamas s\u0105ra\u0161as su galimais filtrais.<\/p>\n<p><a href=\"https:\/\/www.fmsdocumentation.com\/wp-content\/uploads\/2018\/05\/98LT.png\"><img loading=\"lazy\" decoding=\"async\" class=\"alignnone size-full wp-image-5080\" src=\"https:\/\/www.fmsdocumentation.com\/wp-content\/uploads\/2018\/05\/98LT.png\" alt=\"\" width=\"361\" height=\"163\" srcset=\"https:\/\/www.fmsdocumentation.com\/wp-content\/uploads\/2018\/05\/98LT.png 361w, https:\/\/www.fmsdocumentation.com\/wp-content\/uploads\/2018\/05\/98LT-300x135.png 300w\" sizes=\"auto, (max-width: 361px) 100vw, 361px\" \/><\/a><\/p>\n<p>\u0160iuo metu pasirinktas filtras pa\u017eym\u0117tas tamsesniu pilkos spalvos atspalviu bei m\u0117lyna juostele \u012f de\u0161in\u0119 nuo filtro pavadinimo. Pasirinkus filtr\u0105, s\u0105ra\u0161as bus automati\u0161kai atnaujinamas pagal filtro parametrus. Kiekviena geozona pa\u017eym\u0117ta atitinkama piktograma. \u0160alia piktogramos yra geozonos pavadinimas, o po juo \u2013 adresas. Geozonos, kurias gali matyti ir redaguoti kiti vartotojai, de\u0161in\u0117je tur\u0117s papildom\u0105 piktogram\u0105.<\/p>\n<p><a href=\"https:\/\/www.fmsdocumentation.com\/wp-content\/uploads\/2018\/05\/349LT.png\"><img loading=\"lazy\" decoding=\"async\" class=\"alignnone size-full wp-image-5081\" src=\"https:\/\/www.fmsdocumentation.com\/wp-content\/uploads\/2018\/05\/349LT.png\" alt=\"\" width=\"352\" height=\"71\" srcset=\"https:\/\/www.fmsdocumentation.com\/wp-content\/uploads\/2018\/05\/349LT.png 352w, https:\/\/www.fmsdocumentation.com\/wp-content\/uploads\/2018\/05\/349LT-300x61.png 300w\" sizes=\"auto, (max-width: 352px) 100vw, 352px\" \/><\/a><\/p>\n<p>Paspaudus ant geozonos, ji bus parodoma \u017eem\u0117lapyje ir atidaromas skydelis su geozonos informacija. Spustel\u0117jus geozonos koordinates, jos bus nukopijuotos. \u010cia vartotojas gali redaguoti arba i\u0161trinti geozon\u0105, paspausdamas atitinkam\u0105 mygtuk\u0105.<\/p>\n<p><a href=\"https:\/\/www.fmsdocumentation.com\/wp-content\/uploads\/2019\/06\/102LT.png\"><img loading=\"lazy\" decoding=\"async\" class=\"alignnone size-full wp-image-8043\" src=\"https:\/\/www.fmsdocumentation.com\/wp-content\/uploads\/2019\/06\/102LT.png\" alt=\"\" width=\"720\" height=\"488\" srcset=\"https:\/\/www.fmsdocumentation.com\/wp-content\/uploads\/2019\/06\/102LT.png 720w, https:\/\/www.fmsdocumentation.com\/wp-content\/uploads\/2019\/06\/102LT-300x203.png 300w\" sizes=\"auto, (max-width: 720px) 100vw, 720px\" \/><\/a><\/p>\n<p><strong>Taisyti <\/strong>\u2013 bus atidaromas langas, identi\u0161kas naujos geozonos k\u016brimo langui; \u010dia galima redaguoti geozon\u0105. Galima keisti apra\u0161ym\u0105 bei \u017eem\u0117lapio pad\u0117t\u012f. Atlikus pakeitimus, b\u016btina paspausti mygtuk\u0105 \u201eI\u0161saugoti\u201c, kitu atveju pakeitimai nebus i\u0161saugoti. Jei vartotojas nenori i\u0161saugoti pakeitim\u0173, jis turi paspausti mygtuk\u0105 \u201eAt\u0161aukti\u201c.<\/p>\n<p><strong>I\u0161trinti <\/strong>\u2013 paspaudus \u0161\u012f mygtuk\u0105, atsidarys patvirtinimo langas, tai skirta tam atvejui, jei vartotojas mygtuk\u0105 paspaust\u0173 nety\u010dia. \u010cia naudotojas gali patvirtinti i\u0161trynim\u0105 arba j\u012f at\u0161aukti. Geozonas gali i\u0161trinti tik jas suk\u016br\u0119s vartotojas.<\/p>\n<hr \/>\n<p><div class=\"alignleft\"><a href=\"https:\/\/www.fmsdocumentation.com\/lt\/komunikacijos-meniu\/\" title=\"Komunikacijos meniu\"><span class=\"arrow\">\u2039 &nbsp <\/span> Komunikacijos meniu <\/a><\/div> <div class=\"alignright\"><a href=\"https:\/\/www.fmsdocumentation.com\/lt\/ivykiu-meniu\/\" title=\"\u012evyki\u0173 meniu\">\u012evyki\u0173 meniu <span class=\"arrow\"> &nbsp\u203a <\/span> <\/a><\/div><\/p>\n","protected":false},"excerpt":{"rendered":"<p>Nor\u0117damas atidaryti geozon\u0173 skydel\u012f, vartotojas turi paspausti atitinkam\u0105 piktogram\u0105 valdymo skydelyje, esan\u010diame kair\u0117je ekrano pus\u0117je. \u0160iame skydelyje vartotojas gali ie\u0161koti esamose geozonose, keisti jas ir kurti naujas. Puslapio vir\u0161uje vartotojas gali matyti geozon\u0173 grupavimo meniu. I\u0161skleid\u017eiamajame s\u0105ra\u0161e bus rodomos esamos grup\u0117s su priskirta spalva bei geozon\u0173 toje grup\u0117je skai\u010diumi. Vartotojas gali pasirinkti, kurias geozonas rodyti. &hellip; <a href=\"https:\/\/www.fmsdocumentation.com\/lt\/geozonu-meniu\/\" class=\"more-link\">Skaityti toliau: <span class=\"screen-reader-text\">Geozon\u0173 meniu<\/span><\/a><\/p>\n","protected":false},"author":1,"featured_media":0,"parent":0,"menu_order":53,"comment_status":"closed","ping_status":"closed","template":"","meta":{"footnotes":""},"class_list":["post-1363","page","type-page","status-publish","hentry"],"_links":{"self":[{"href":"https:\/\/www.fmsdocumentation.com\/lt\/wp-json\/wp\/v2\/pages\/1363","targetHints":{"allow":["GET"]}}],"collection":[{"href":"https:\/\/www.fmsdocumentation.com\/lt\/wp-json\/wp\/v2\/pages"}],"about":[{"href":"https:\/\/www.fmsdocumentation.com\/lt\/wp-json\/wp\/v2\/types\/page"}],"author":[{"embeddable":true,"href":"https:\/\/www.fmsdocumentation.com\/lt\/wp-json\/wp\/v2\/users\/1"}],"replies":[{"embeddable":true,"href":"https:\/\/www.fmsdocumentation.com\/lt\/wp-json\/wp\/v2\/comments?post=1363"}],"version-history":[{"count":14,"href":"https:\/\/www.fmsdocumentation.com\/lt\/wp-json\/wp\/v2\/pages\/1363\/revisions"}],"predecessor-version":[{"id":8244,"href":"https:\/\/www.fmsdocumentation.com\/lt\/wp-json\/wp\/v2\/pages\/1363\/revisions\/8244"}],"wp:attachment":[{"href":"https:\/\/www.fmsdocumentation.com\/lt\/wp-json\/wp\/v2\/media?parent=1363"}],"curies":[{"name":"wp","href":"https:\/\/api.w.org\/{rel}","templated":true}]}}