{"id":13700,"date":"2025-05-06T15:17:18","date_gmt":"2025-05-06T12:17:18","guid":{"rendered":"https:\/\/www.fmsdocumentation.com\/vaztarastis\/"},"modified":"2025-05-06T15:17:19","modified_gmt":"2025-05-06T12:17:19","slug":"vaztarastis","status":"publish","type":"page","link":"https:\/\/www.fmsdocumentation.com\/lt\/vaztarastis\/","title":{"rendered":"Va\u017etara\u0161tis"},"content":{"rendered":"\n<h2 class=\"wp-block-heading\">\u012evadas<\/h2>\n\n<p>Va\u017etara\u0161tis \u2013 tai vairuotoj\u0173 registravimo sprendimas, padedantis \u012fmon\u0117ms optimizuoti veikl\u0105, sekant transporto priemoni\u0173 va\u017etara\u0161\u010dius, keliones ir i\u0161laidas. \u0160iame dokumente pateikiama pagrindini\u0173 programos funkcij\u0173 ap\u017evalga ir naudotojo gidas, kaip ja naudotis. <\/p>\n\n<h2 class=\"wp-block-heading\">Funkcijos<\/h2>\n\n<ul class=\"wp-block-list\"><li><strong>Va\u017etara\u0161\u010di\u0173 valdymas:<\/strong> kurkite, steb\u0117kite ir u\u017edarykite va\u017etara\u0161\u010dius.<\/li><li><strong>Kelioni\u0173 registravimas: <\/strong>prad\u0117kite, atnaujinkite ir u\u017ebaikite keliones.<\/li><li><strong>I\u0161laid\u0173 sekimas:<\/strong> registruokite su transporto priemone susijusias i\u0161laidas, \u012fskaitant kur\u0105, parkavim\u0105 ir technin\u0119 prie\u017ei\u016br\u0105.<\/li><li><strong>Sienos kirtimo duomenys<\/strong>: dokumentuokite sienos kirtimus ir gr\u012f\u017eimus, siekiant u\u017etikrinti atitikt\u012f reikalavimams.<\/li><li><strong>Ridos ir kuro sekimas<\/strong>: fiksuokite nuva\u017eiuot\u0105 atstum\u0105 ir kuro s\u0105naudas.<\/li><\/ul>\n\n<hr class=\"wp-block-separator has-alpha-channel-opacity\"\/>\n\n<h2 class=\"wp-block-heading\">1. Va\u017etara\u0161\u010di\u0173 valdymas<\/h2>\n\n<p>Va\u017etara\u0161\u010diai program\u0117l\u0117je OnTrack Go veikia kaip skaitmeninis transporto priemon\u0117s naudojimo \u012fra\u0161as. Vartotojai gali kurti ir valdyti va\u017etara\u0161\u010dius kiekvienai kelionei. <\/p>\n\n<figure class=\"wp-block-image size-large is-resized\"><img loading=\"lazy\" decoding=\"async\" src=\"https:\/\/www.fmsdocumentation.com\/wp-content\/uploads\/2025\/03\/Screenshot_20250313_095913_OnTrack-Go-473x1024.jpg\" alt=\"\" class=\"wp-image-13667\" width=\"186\" height=\"403\" srcset=\"https:\/\/www.fmsdocumentation.com\/wp-content\/uploads\/2025\/03\/Screenshot_20250313_095913_OnTrack-Go-473x1024.jpg 473w, https:\/\/www.fmsdocumentation.com\/wp-content\/uploads\/2025\/03\/Screenshot_20250313_095913_OnTrack-Go-138x300.jpg 138w, https:\/\/www.fmsdocumentation.com\/wp-content\/uploads\/2025\/03\/Screenshot_20250313_095913_OnTrack-Go-768x1664.jpg 768w, https:\/\/www.fmsdocumentation.com\/wp-content\/uploads\/2025\/03\/Screenshot_20250313_095913_OnTrack-Go-709x1536.jpg 709w, https:\/\/www.fmsdocumentation.com\/wp-content\/uploads\/2025\/03\/Screenshot_20250313_095913_OnTrack-Go-945x2048.jpg 945w, https:\/\/www.fmsdocumentation.com\/wp-content\/uploads\/2025\/03\/Screenshot_20250313_095913_OnTrack-Go.jpg 1080w\" sizes=\"auto, (max-width: 186px) 100vw, 186px\" \/><\/figure>\n\n<h3 class=\"wp-block-heading\">Va\u017etara\u0161\u010dio k\u016brimas<\/h3>\n\n<ol class=\"wp-block-list\"><li>Atidarykite <strong>Va\u017etara\u0161\u010di\u0173<\/strong> skilt\u012f.<\/li><li>Paspauskite <strong>pliuso (+) mygtuk\u0105<\/strong> nor\u0117dami sukurti nauj\u0105 va\u017etara\u0161t\u012f.<\/li><li>U\u017epildykite \u0161i\u0105 informacij\u0105:<ul><li><strong>Prad\u017eios data ir laikas<\/strong><\/li><li><strong>Pabaigos data ir laikas (neprivaloma)<\/strong><\/li><li><strong>Vairuotojo informacija<\/strong><\/li><li><strong>Transporto priemon\u0117s valstybinis numeris<\/strong><\/li><li><strong>Pradin\u0117 odometro reik\u0161m\u0117<\/strong><\/li><\/ul><\/li><\/ol>\n\n<p>Tarptautin\u0117ms kelion\u0117ms, jei reikia, turi b\u016bti u\u017efiksuoti sienos kirtimo duomenys.<\/p>\n\n<h3 class=\"wp-block-heading\">Sienos kirtimo \u012fra\u0161o prid\u0117jimas<\/h3>\n\n<p><\/p>\n\n<ol class=\"wp-block-list\"><li><strong>Va\u017etara\u0161tyje<\/strong> i\u0161skleiskite <strong>Sienos kirtimo <\/strong>skilt\u012f.<\/li><li>Palieskite <strong>Prid\u0117ti sienos kirtim\u0105.<\/strong><\/li><li>\u012eveskite:<ul><li><strong>Vieta<\/strong><\/li><li><strong>Data ir laikas<\/strong><\/li><li><strong>Gr\u012f\u017eimo \u012f kilm\u0117s \u0161al\u012f duomenys<\/strong> (jei taikoma)<\/li><\/ul><\/li><li>Paspauskite<strong> I\u0161saugoti.<\/strong><\/li><\/ol>\n\n<figure class=\"wp-block-image size-large is-resized\"><img loading=\"lazy\" decoding=\"async\" src=\"https:\/\/www.fmsdocumentation.com\/wp-content\/uploads\/2025\/03\/Screenshot_20250313_095943_OnTrack-Go-473x1024.jpg\" alt=\"\" class=\"wp-image-13673\" width=\"197\" height=\"426\" srcset=\"https:\/\/www.fmsdocumentation.com\/wp-content\/uploads\/2025\/03\/Screenshot_20250313_095943_OnTrack-Go-473x1024.jpg 473w, https:\/\/www.fmsdocumentation.com\/wp-content\/uploads\/2025\/03\/Screenshot_20250313_095943_OnTrack-Go-768x1664.jpg 768w, https:\/\/www.fmsdocumentation.com\/wp-content\/uploads\/2025\/03\/Screenshot_20250313_095943_OnTrack-Go-709x1536.jpg 709w, https:\/\/www.fmsdocumentation.com\/wp-content\/uploads\/2025\/03\/Screenshot_20250313_095943_OnTrack-Go-945x2048.jpg 945w, https:\/\/www.fmsdocumentation.com\/wp-content\/uploads\/2025\/03\/Screenshot_20250313_095943_OnTrack-Go.jpg 1080w\" sizes=\"auto, (max-width: 197px) 100vw, 197px\" \/><\/figure>\n\n<p><\/p>\n\n<h3 class=\"wp-block-heading\">Va\u017etara\u0161\u010dio redagavimas arba u\u017edarymas<\/h3>\n\n<figure class=\"wp-block-image size-large is-resized\"><img loading=\"lazy\" decoding=\"async\" src=\"https:\/\/www.fmsdocumentation.com\/wp-content\/uploads\/2025\/03\/Screenshot_20250313_095929_OnTrack-Go-473x1024.jpg\" alt=\"\" class=\"wp-image-13669\" width=\"201\" height=\"434\" srcset=\"https:\/\/www.fmsdocumentation.com\/wp-content\/uploads\/2025\/03\/Screenshot_20250313_095929_OnTrack-Go-473x1024.jpg 473w, https:\/\/www.fmsdocumentation.com\/wp-content\/uploads\/2025\/03\/Screenshot_20250313_095929_OnTrack-Go-709x1536.jpg 709w\" sizes=\"auto, (max-width: 201px) 100vw, 201px\" \/><\/figure>\n\n<ul class=\"wp-block-list\"><li>Nor\u0117dami redaguoti va\u017etara\u0161t\u012f, paspauskite atidaryt\u0105 \u012fra\u0161\u0105 ir atnaujinkite reikiamus laukus.<\/li><li>Nor\u0117dami u\u017edaryti va\u017etara\u0161t\u012f, pasirinkite j\u012f ir paspauskite <strong>U\u017edaryti va\u017etara\u0161t\u012f,<\/strong> kai visos kelion\u0117s yra u\u017ebaigtos.<\/li><\/ul>\n\n<hr class=\"wp-block-separator has-alpha-channel-opacity\"\/>\n\n<h2 class=\"wp-block-heading\">2. Kelioni\u0173 registravimas<\/h2>\n\n<p>Kelion\u0117s \u2013 tai transporto priemon\u0117s jud\u0117jimo \u012fra\u0161ai, susieti su va\u017etara\u0161\u010diu.<\/p>\n\n<h3 class=\"wp-block-heading\">Kelion\u0117s prad\u0117jimas<\/h3>\n\n<ol class=\"wp-block-list\"><li>Pereikite prie <strong>va\u017etara\u0161\u010dio <\/strong>ir atidarykite j\u012f.<\/li><li>Paspauskite<strong> Prid\u0117ti nauj\u0105 kelion\u0119.<\/strong><\/li><li>U\u017epildykite \u0161i\u0105 informacij\u0105:<ul><li><strong>Prad\u017eios data ir laikas<\/strong><\/li><li><strong>Prad\u017eios vieta<\/strong><\/li><li><strong>Odometro rodmuo<\/strong><\/li><li><strong>Kuro lygis<\/strong><\/li><li><strong>Svoris<\/strong><\/li><\/ul><\/li><li>Paspauskite <strong>Prad\u0117ti kelion\u0119.<\/strong><\/li><\/ol>\n\n<figure class=\"wp-block-image size-large is-resized\"><img loading=\"lazy\" decoding=\"async\" src=\"https:\/\/www.fmsdocumentation.com\/wp-content\/uploads\/2025\/03\/Screenshot_20250313_100035_OnTrack-Go-473x1024.jpg\" alt=\"\" class=\"wp-image-13671\" width=\"206\" height=\"446\" srcset=\"https:\/\/www.fmsdocumentation.com\/wp-content\/uploads\/2025\/03\/Screenshot_20250313_100035_OnTrack-Go-473x1024.jpg 473w, https:\/\/www.fmsdocumentation.com\/wp-content\/uploads\/2025\/03\/Screenshot_20250313_100035_OnTrack-Go-138x300.jpg 138w, https:\/\/www.fmsdocumentation.com\/wp-content\/uploads\/2025\/03\/Screenshot_20250313_100035_OnTrack-Go-768x1664.jpg 768w, https:\/\/www.fmsdocumentation.com\/wp-content\/uploads\/2025\/03\/Screenshot_20250313_100035_OnTrack-Go-709x1536.jpg 709w, https:\/\/www.fmsdocumentation.com\/wp-content\/uploads\/2025\/03\/Screenshot_20250313_100035_OnTrack-Go-945x2048.jpg 945w, https:\/\/www.fmsdocumentation.com\/wp-content\/uploads\/2025\/03\/Screenshot_20250313_100035_OnTrack-Go.jpg 1080w\" sizes=\"auto, (max-width: 206px) 100vw, 206px\" \/><\/figure>\n\n<h3 class=\"wp-block-heading\">Kelion\u0117s atnaujinimas arba u\u017ebaigimas<\/h3>\n\n<ul class=\"wp-block-list\"><li>Atidarykite kelion\u0117s \u012fra\u0161\u0105 ir \u012fveskite <strong>pabaigos dat\u0105 ir laik\u0105.<\/strong><\/li><li>\u012eveskite galutin\u012f <strong>odometro rodmen\u012f<\/strong>, <strong>kuro lyg\u012f <\/strong>ir<strong> svor\u012f<\/strong>.<\/li><li>Paspauskite <strong>U\u017ebaigti kelion\u0119.<\/strong><\/li><\/ul>\n\n<hr class=\"wp-block-separator has-alpha-channel-opacity\"\/>\n\n<h2 class=\"wp-block-heading\">3. I\u0161laid\u0173 sekimas<\/h2>\n\n<p>Vartotojai gali registruoti i\u0161laidas, susijusias su transporto priemon\u0117s naudojimu, tokias kaip kuras, keli\u0173 mokes\u010diai ir technin\u0117 prie\u017ei\u016bra.<\/p>\n\n<h3 class=\"wp-block-heading\">Naujos i\u0161laidos prid\u0117jimas<\/h3>\n\n<figure class=\"wp-block-image size-large is-resized\"><img loading=\"lazy\" decoding=\"async\" src=\"https:\/\/www.fmsdocumentation.com\/wp-content\/uploads\/2025\/03\/Screenshot_20250313_100224_OnTrack-Go-473x1024.jpg\" alt=\"\" class=\"wp-image-13672\" width=\"202\" height=\"439\" srcset=\"https:\/\/www.fmsdocumentation.com\/wp-content\/uploads\/2025\/03\/Screenshot_20250313_100224_OnTrack-Go-138x300.jpg 138w, https:\/\/www.fmsdocumentation.com\/wp-content\/uploads\/2025\/03\/Screenshot_20250313_100224_OnTrack-Go-768x1664.jpg 768w, https:\/\/www.fmsdocumentation.com\/wp-content\/uploads\/2025\/03\/Screenshot_20250313_100224_OnTrack-Go-709x1536.jpg 709w, https:\/\/www.fmsdocumentation.com\/wp-content\/uploads\/2025\/03\/Screenshot_20250313_100224_OnTrack-Go-945x2048.jpg 945w, https:\/\/www.fmsdocumentation.com\/wp-content\/uploads\/2025\/03\/Screenshot_20250313_100224_OnTrack-Go.jpg 1080w\" sizes=\"auto, (max-width: 202px) 100vw, 202px\" \/><\/figure>\n\n<p><\/p>\n\n<ol class=\"wp-block-list\"><li>Atidarykite <strong>va\u017etara\u0161t\u012f <\/strong>ir pereikite \u012f <strong>I\u0161laid\u0173<\/strong> skilt\u012f.<\/li><li>Paspauskite <strong>Prid\u0117ti nauj\u0105 i\u0161laid\u0105.<\/strong><\/li><li>U\u017epildykite \u0161i\u0105 informacij\u0105:<ul><li><strong>Date<\/strong><\/li><li><strong>Vieta<\/strong><\/li><li><strong>I\u0161laidos tipas<\/strong> (kuras, parkavimas, vie\u0161butis ir kt.)<\/li><li><strong>Suma ir valiuta<\/strong><\/li><li><strong>Apmok\u0117jimo b\u016bdas<\/strong><\/li><\/ul><\/li><li>Pasirinktinai galite <strong>\u012fkelti kvit\u0105 \/ nuotrauk\u0105<\/strong> dokumentus<\/li><li>Paspauskite <strong>I\u0161saugoti i\u0161laid\u0105.<\/strong><\/li><\/ol>\n\n<p><\/p>\n\n<hr class=\"wp-block-separator has-alpha-channel-opacity\"\/>\n\n<p>Nor\u0117dami gauti va\u017etara\u0161t\u012f, eikite \u012f <strong>TT2 platform\u0105,<\/strong> kuri suteikia ataskait\u0173 sistem\u0105 u\u017edaryt\u0173 va\u017etara\u0161\u010di\u0173 i\u0161traukimui ir valdymui. Prie\u0161 u\u017ebaigiant va\u017etara\u0161t\u012f, labai svarbu \u012fsitikinti, kad <strong>prad\u017eios ir pabaigos duomenys yra pilnai u\u017efiksuoti.<\/strong> <\/p>\n\n<h3 class=\"wp-block-heading\">Va\u017etara\u0161\u010dio ataskaitos generavimas TT2 platformoje<\/h3>\n\n<ol class=\"wp-block-list\"><li>Pereikite \u012f <strong>Ataskait\u0173<\/strong> skilt\u012f.<\/li><li>I\u0161skleid\u017eiamajame meniu pasirinkite <strong>Va\u017etara\u0161\u010dio ataskait\u0105<\/strong>.<\/li><li>Pasirinkite ataskaitos<strong> dat\u0173 interval\u0105.<\/strong><\/li><li>Pasirinkite<strong> vairuotojus,<\/strong> kuriems reikia ataskaitos.<\/li><li>Suformuokite <strong>stulpeli\u0173 s\u0105ra\u0161\u0105<\/strong>:<ul><li><strong>Kelion\u0117s prad\u017eios vieta, kelion\u0117s pabaigos vieta, rida prad\u017eioje\/pabaigoje, kuro lygiai, vairuotojas, svoris ir kt.<\/strong><\/li><\/ul><\/li><li>(Pasirinktinai) \u012ejunkite <strong>Rodyti i\u0161laidas<\/strong>, kad b\u016bt\u0173 \u012ftraukti ka\u0161t\u0173 duomenys.<\/li><li>Spustel\u0117kite <strong>Generuoti<\/strong>, kad sukurtum\u0117te ataskait\u0105.<\/li><\/ol>\n\n<figure class=\"wp-block-image size-large\"><img loading=\"lazy\" decoding=\"async\" width=\"1024\" height=\"910\" src=\"https:\/\/www.fmsdocumentation.com\/wp-content\/uploads\/2025\/03\/Screenshot-2025-03-13-at-11.34.36-1024x910.png\" alt=\"\" class=\"wp-image-13674\" srcset=\"https:\/\/www.fmsdocumentation.com\/wp-content\/uploads\/2025\/03\/Screenshot-2025-03-13-at-11.34.36-1024x910.png 1024w, https:\/\/www.fmsdocumentation.com\/wp-content\/uploads\/2025\/03\/Screenshot-2025-03-13-at-11.34.36-300x267.png 300w, https:\/\/www.fmsdocumentation.com\/wp-content\/uploads\/2025\/03\/Screenshot-2025-03-13-at-11.34.36-768x683.png 768w, https:\/\/www.fmsdocumentation.com\/wp-content\/uploads\/2025\/03\/Screenshot-2025-03-13-at-11.34.36.png 1431w\" sizes=\"auto, (max-width: 1024px) 100vw, 1024px\" \/><\/figure>\n","protected":false},"excerpt":{"rendered":"<p>\u012evadas Va\u017etara\u0161tis \u2013 tai vairuotoj\u0173 registravimo sprendimas, padedantis \u012fmon\u0117ms optimizuoti veikl\u0105, sekant transporto priemoni\u0173 va\u017etara\u0161\u010dius, keliones ir i\u0161laidas. \u0160iame dokumente pateikiama pagrindini\u0173 programos funkcij\u0173 ap\u017evalga ir naudotojo gidas, kaip ja naudotis. Funkcijos Va\u017etara\u0161\u010di\u0173 valdymas: kurkite, steb\u0117kite ir u\u017edarykite va\u017etara\u0161\u010dius. Kelioni\u0173 registravimas: prad\u0117kite, atnaujinkite ir u\u017ebaikite keliones. I\u0161laid\u0173 sekimas: registruokite su transporto priemone susijusias i\u0161laidas, \u012fskaitant &hellip; <a href=\"https:\/\/www.fmsdocumentation.com\/lt\/vaztarastis\/\" class=\"more-link\">Skaityti toliau: <span class=\"screen-reader-text\">Va\u017etara\u0161tis<\/span><\/a><\/p>\n","protected":false},"author":15,"featured_media":0,"parent":0,"menu_order":0,"comment_status":"closed","ping_status":"closed","template":"","meta":{"footnotes":""},"class_list":["post-13700","page","type-page","status-publish","hentry"],"_links":{"self":[{"href":"https:\/\/www.fmsdocumentation.com\/lt\/wp-json\/wp\/v2\/pages\/13700","targetHints":{"allow":["GET"]}}],"collection":[{"href":"https:\/\/www.fmsdocumentation.com\/lt\/wp-json\/wp\/v2\/pages"}],"about":[{"href":"https:\/\/www.fmsdocumentation.com\/lt\/wp-json\/wp\/v2\/types\/page"}],"author":[{"embeddable":true,"href":"https:\/\/www.fmsdocumentation.com\/lt\/wp-json\/wp\/v2\/users\/15"}],"replies":[{"embeddable":true,"href":"https:\/\/www.fmsdocumentation.com\/lt\/wp-json\/wp\/v2\/comments?post=13700"}],"version-history":[{"count":3,"href":"https:\/\/www.fmsdocumentation.com\/lt\/wp-json\/wp\/v2\/pages\/13700\/revisions"}],"predecessor-version":[{"id":13712,"href":"https:\/\/www.fmsdocumentation.com\/lt\/wp-json\/wp\/v2\/pages\/13700\/revisions\/13712"}],"wp:attachment":[{"href":"https:\/\/www.fmsdocumentation.com\/lt\/wp-json\/wp\/v2\/media?parent=13700"}],"curies":[{"name":"wp","href":"https:\/\/api.w.org\/{rel}","templated":true}]}}