{"id":1380,"date":"2017-10-03T09:48:51","date_gmt":"2017-10-03T09:48:51","guid":{"rendered":"http:\/\/www.fmsdocumentation.com\/?page_id=1380"},"modified":"2020-11-09T09:58:00","modified_gmt":"2020-11-09T06:58:00","slug":"naujo-ivykio-kurimas","status":"publish","type":"page","link":"https:\/\/www.fmsdocumentation.com\/lt\/ivykiu-meniu\/naujo-ivykio-kurimas\/","title":{"rendered":"Naujo \u012fvykio k\u016brimas"},"content":{"rendered":"\r\n<p>Nor\u0117damas sukurti nauj\u0105 \u012fvyk\u012f, vartotojas turi paspausti ant laukelio <strong>Naujas \u012fvykis<\/strong>.<\/p>\r\n\r\n\r\n\r\n<figure class=\"wp-block-image is-resized\"><a href=\"https:\/\/www.fmsdocumentation.com\/wp-content\/uploads\/2017\/10\/104LT.png\"><img loading=\"lazy\" decoding=\"async\" class=\"wp-image-1381\" src=\"https:\/\/www.fmsdocumentation.com\/wp-content\/uploads\/2017\/10\/104LT.png\" alt=\"\" width=\"362\" height=\"142\" srcset=\"https:\/\/www.fmsdocumentation.com\/wp-content\/uploads\/2017\/10\/104LT.png 362w, https:\/\/www.fmsdocumentation.com\/wp-content\/uploads\/2017\/10\/104LT-300x118.png 300w\" sizes=\"auto, (max-width: 362px) 100vw, 362px\" \/><\/a><\/figure>\r\n\r\n\r\n\r\n<p>Bus atidaromas naujas langas.<\/p>\r\n\r\n\r\n\r\n<figure class=\"wp-block-image is-resized\"><a href=\"https:\/\/www.fmsdocumentation.com\/wp-content\/uploads\/2018\/03\/105LT.png\"><img loading=\"lazy\" decoding=\"async\" class=\"wp-image-4618\" src=\"https:\/\/www.fmsdocumentation.com\/wp-content\/uploads\/2018\/03\/105LT.png\" alt=\"\" width=\"580\" height=\"517\" srcset=\"https:\/\/www.fmsdocumentation.com\/wp-content\/uploads\/2018\/03\/105LT.png 850w, https:\/\/www.fmsdocumentation.com\/wp-content\/uploads\/2018\/03\/105LT-300x268.png 300w, https:\/\/www.fmsdocumentation.com\/wp-content\/uploads\/2018\/03\/105LT-768x686.png 768w\" sizes=\"auto, (max-width: 580px) 100vw, 580px\" \/><\/a><\/figure>\r\n\r\n\r\n\r\n<p>\u0160iame lange vartotojas turi \u012fvesti naujo \u012fvykio parametrus. Galima u\u017epildyti \u0161iuos laukelius:<\/p>\r\n\r\n\r\n\r\n<p><strong>\u012evykio b\u016bsena<\/strong> \u2013 slankiojanti \u012fvykio b\u016bsenos juosta. Gali b\u016bti aktyvus arba neaktyvus (<em>apibr\u0117\u017eiama, ar \u012fvykis yra aktyvus ir ar \u012fsp\u0117jimas \u012fjungiamas priskyrus transporto priemon\u0119; tai galima pakeisti v\u0117liau)<\/em><\/p>\r\n\r\n\r\n\r\n<p><strong>\u012evykio pavadinimas <\/strong>\u2013 norimas naujo \u012fvykio pavadinimas<\/p>\r\n\r\n\r\n\r\n<p><strong>Apra\u0161ymas <\/strong>\u2013 trumpas \u012fvykio apra\u0161ymas, \u012fprastai naudojamas kaip priminimas, kod\u0117l ir kokiu tikslu sukurtas \u012fvykis<\/p>\r\n\r\n\r\n\r\n<h2 class=\"wp-block-heading\">S\u0105lygos<\/h2>\r\n\r\n\r\n\r\n<p>\u010cia vartotojas gali nustatyti s\u0105lyg\u0105, kada turi \u012fvykti \u012fvykis. Galima rinktis i\u0161 \u0161i\u0173 s\u0105lyg\u0173:<\/p>\r\n\r\n\r\n\r\n<p><strong>Geografin\u0117 riba <\/strong>\u2013 geozonos apibr\u0117\u017eta s\u0105lyga. Ji konfig\u016bruojama pagal \u0161iuos parametrus:<\/p>\r\n\r\n\r\n\r\n<ul class=\"wp-block-list\">\r\n<li><strong>Viduje <\/strong>\u2013 \u012fsp\u0117jimas suaktyvinamas, kai objektas patenka \u012f geozon\u0105<\/li>\r\n<li><strong>I\u0161or\u0117je <\/strong>\u2013 \u012fsp\u0117jimas suaktyvinamas, kai objektas palieka geozon\u0105<\/li>\r\n<li><strong>Geozona <\/strong>\u2013 \u00a0geozona, pagal kuri\u0105 apibr\u0117\u017eiama s\u0105lyga. Gali b\u016bti pasirinktos kelios geozon\u0173 grup\u0117s.<\/li>\r\n<\/ul>\r\n\r\n\r\n\r\n<figure class=\"wp-block-image\"><a href=\"https:\/\/www.fmsdocumentation.com\/wp-content\/uploads\/2019\/05\/107LT.png\"><img loading=\"lazy\" decoding=\"async\" width=\"815\" height=\"353\" class=\"wp-image-7959\" src=\"https:\/\/www.fmsdocumentation.com\/wp-content\/uploads\/2019\/05\/107LT.png\" alt=\"\" srcset=\"https:\/\/www.fmsdocumentation.com\/wp-content\/uploads\/2019\/05\/107LT.png 815w, https:\/\/www.fmsdocumentation.com\/wp-content\/uploads\/2019\/05\/107LT-300x130.png 300w, https:\/\/www.fmsdocumentation.com\/wp-content\/uploads\/2019\/05\/107LT-768x333.png 768w\" sizes=\"auto, (max-width: 815px) 100vw, 815px\" \/><\/a><\/figure>\r\n<p>&nbsp;<\/p>\r\n\r\n\r\n\r\n<p><strong>Parametr\u0173 s\u0105lyga <\/strong>\u2013 \u012fvesties b\u016bsenos apibr\u0117\u017eta s\u0105lyga. Ji konfig\u016bruojama pagal \u0161iuos parametrus:<\/p>\r\n\r\n\r\n\r\n<ul class=\"wp-block-list\">\r\n<li><strong>\u012evestis <\/strong>\u2013 \u012fvestis parenkama i\u0161 i\u0161skleid\u017eiamojo s\u0105ra\u0161o su standartin\u0117mis \u012fvestimis<\/li>\r\n<li><strong>Lyginimas <\/strong>\u2013 apibr\u0117\u017eiama, kokios turi b\u016bti \u012fvesties ir reik\u0161m\u0117s vert\u0117s viena kitos at\u017evilgiu. Lyginimo variantai yra savaime ai\u0161k\u016bs (lygu, daugiau, ma\u017eiau ir kt.)<\/li>\r\n<li><strong>Reik\u0161m\u0117 <\/strong>\u2013 skaitmenin\u0117 vert\u0117, kurios reikia s\u0105lygai i\u0161pildyti (<em>pavyzd\u017eiui, akumuliatoriaus \u012ftampa \u017eemesn\u0117 nei arba lygi 22000 mV)<\/em><\/li>\r\n<\/ul>\r\n\r\n\r\n\r\n<figure class=\"wp-block-image\"><a href=\"https:\/\/www.fmsdocumentation.com\/wp-content\/uploads\/2018\/03\/108LT.png\"><img loading=\"lazy\" decoding=\"async\" width=\"845\" height=\"103\" class=\"wp-image-4620\" src=\"https:\/\/www.fmsdocumentation.com\/wp-content\/uploads\/2018\/03\/108LT.png\" alt=\"\" srcset=\"https:\/\/www.fmsdocumentation.com\/wp-content\/uploads\/2018\/03\/108LT.png 845w, https:\/\/www.fmsdocumentation.com\/wp-content\/uploads\/2018\/03\/108LT-300x37.png 300w, https:\/\/www.fmsdocumentation.com\/wp-content\/uploads\/2018\/03\/108LT-768x94.png 768w\" sizes=\"auto, (max-width: 845px) 100vw, 845px\" \/><\/a><\/figure>\r\n<p>&nbsp;<\/p>\r\n\r\n\r\n\r\n<p><strong>Degimo s\u0105lyga<\/strong> \u2013 degimo b\u016bsenos apibr\u0117\u017eta s\u0105lyga. \u0160i s\u0105lyga konfig\u016bruojama tik pagal du parametrus:<\/p>\r\n\r\n\r\n\r\n<ul class=\"wp-block-list\">\r\n<li><strong>Degimas \u012fjungtas<\/strong><\/li>\r\n<li><strong>Degimas i\u0161jungtas<\/strong><\/li>\r\n<\/ul>\r\n\r\n\r\n\r\n<figure class=\"wp-block-image\"><a href=\"https:\/\/www.fmsdocumentation.com\/wp-content\/uploads\/2018\/03\/109LT.png\"><img loading=\"lazy\" decoding=\"async\" width=\"845\" height=\"103\" class=\"wp-image-4621\" src=\"https:\/\/www.fmsdocumentation.com\/wp-content\/uploads\/2018\/03\/109LT.png\" alt=\"\" srcset=\"https:\/\/www.fmsdocumentation.com\/wp-content\/uploads\/2018\/03\/109LT.png 845w, https:\/\/www.fmsdocumentation.com\/wp-content\/uploads\/2018\/03\/109LT-300x37.png 300w, https:\/\/www.fmsdocumentation.com\/wp-content\/uploads\/2018\/03\/109LT-768x94.png 768w\" sizes=\"auto, (max-width: 845px) 100vw, 845px\" \/><\/a><\/figure>\r\n<p>&nbsp;<\/p>\r\n\r\n\r\n\r\n<p><strong>Grei\u010dio s\u0105lyga\u00a0<\/strong>\u2013 grei\u010dio apibr\u0117\u017eta s\u0105lyga. \u0160i s\u0105lyga konfig\u016bruojama pagal du parametrus:<\/p>\r\n\r\n\r\n\r\n<ul class=\"wp-block-list\">\r\n<li><strong>Va\u017eiavimo grei\u010dio riba<\/strong>\u00a0\u2013\u00a0<strong>\u00a0<\/strong>s\u0105lyga i\u0161pildoma, jei vir\u0161ijamas kelio grei\u010dio limitas + \u012fvesta paklaidos vert\u0117 (pavyzd\u017eiui, kelio grei\u010dio limitas yra 60 km\/h o paklaida yra 10 km\/h, tuomet \u012fvykis suaktyvinamas transporto priemonei judant grei\u010diau nei 70 km\/h grei\u010diu);<\/li>\r\n<li><strong>Individualaus grei\u010dio riba\u00a0<\/strong>\u2013\u00a0s\u0105lyga i\u0161pildoma vir\u0161ijus nustatyt\u0105 grei\u010dio limit\u0105.<\/li>\r\n<\/ul>\r\n\r\n\r\n\r\n<figure class=\"wp-block-image\"><a href=\"https:\/\/www.fmsdocumentation.com\/wp-content\/uploads\/2018\/03\/315LT.png\"><img loading=\"lazy\" decoding=\"async\" width=\"845\" height=\"101\" class=\"wp-image-4622\" src=\"https:\/\/www.fmsdocumentation.com\/wp-content\/uploads\/2018\/03\/315LT.png\" alt=\"\" srcset=\"https:\/\/www.fmsdocumentation.com\/wp-content\/uploads\/2018\/03\/315LT.png 845w, https:\/\/www.fmsdocumentation.com\/wp-content\/uploads\/2018\/03\/315LT-300x36.png 300w, https:\/\/www.fmsdocumentation.com\/wp-content\/uploads\/2018\/03\/315LT-768x92.png 768w\" sizes=\"auto, (max-width: 845px) 100vw, 845px\" \/><\/a><\/figure>\r\n<p>&nbsp;<\/p>\r\n\r\n\r\n\r\n<p><strong>Laiko ir atstumo s\u0105lyga<\/strong>\u00a0\u2013 per laiko tarp\u0105 nukeliauto atstumo apibr\u0117\u017eta s\u0105lyga. \u0160i s\u0105lyga konfiguruojama pagal \u0161iuos parametrus:<\/p>\r\n\r\n\r\n\r\n<ul class=\"wp-block-list\">\r\n<li><strong>Atstumo \u0161altinis<\/strong> \u2013 gali b\u016bti virtualus odometras arba virtualus GPS odometras;<\/li>\r\n<li><strong>Laiko tarpas<\/strong> \u2013 laiko tarpas, kur\u012f yra matuojamas atstumas;<\/li>\r\n<li><strong>Atstumas<\/strong> \u2013 atstumo vert\u0117, kuri\u0105 pasiekus i\u0161pildoma s\u0105lyga. S\u0105lyga i\u0161pildoma, kuomet atstumas, nukeliautas per apibr\u0117\u017et\u0105 laiko tarp\u0105 yra didesnis arba ma\u017eesnis nei apibr\u0117\u017eta atstumo vert\u0117.<\/li>\r\n<\/ul>\r\n\r\n\r\n\r\n<figure class=\"wp-block-image\"><a href=\"https:\/\/www.fmsdocumentation.com\/wp-content\/uploads\/2018\/08\/366LT-1.png\"><img loading=\"lazy\" decoding=\"async\" width=\"845\" height=\"209\" class=\"wp-image-5820\" src=\"https:\/\/www.fmsdocumentation.com\/wp-content\/uploads\/2018\/08\/366LT-1.png\" alt=\"\" srcset=\"https:\/\/www.fmsdocumentation.com\/wp-content\/uploads\/2018\/08\/366LT-1.png 845w, https:\/\/www.fmsdocumentation.com\/wp-content\/uploads\/2018\/08\/366LT-1-300x74.png 300w, https:\/\/www.fmsdocumentation.com\/wp-content\/uploads\/2018\/08\/366LT-1-768x190.png 768w\" sizes=\"auto, (max-width: 845px) 100vw, 845px\" \/><\/a><\/figure>\r\n<p>&nbsp;<\/p>\r\n\r\n\r\n\r\n<p><strong>Kuro s\u0105lyga <\/strong>\u2013 apibr\u0117\u017eta pagal kuro u\u017epylimo ar nupylimo \u012fvykius. \u0160i s\u0105lyga konfig\u016bruojama pagal \u0161iuos parametrus:<\/p>\r\n\r\n\r\n\r\n<ul class=\"wp-block-list\">\r\n<li><strong>U\u017epylimas<\/strong><\/li>\r\n<li><strong>Nupylimas<\/strong><\/li>\r\n<\/ul>\r\n\r\n\r\n\r\n<figure class=\"wp-block-image size-large is-resized\"><a href=\"https:\/\/www.fmsdocumentation.com\/wp-content\/uploads\/2020\/11\/453LT-1.png\"><img loading=\"lazy\" decoding=\"async\" class=\"alignnone wp-image-10441 \" src=\"https:\/\/www.fmsdocumentation.com\/wp-content\/uploads\/2020\/11\/453LT-1.png\" alt=\"\" width=\"643\" height=\"111\" srcset=\"https:\/\/www.fmsdocumentation.com\/wp-content\/uploads\/2020\/11\/453LT-1.png 670w, https:\/\/www.fmsdocumentation.com\/wp-content\/uploads\/2020\/11\/453LT-1-300x51.png 300w\" sizes=\"auto, (max-width: 643px) 100vw, 643px\" \/><\/a><\/figure>\r\n<p>&nbsp;<\/p>\r\n\r\n\r\n\r\n<p><strong>Papildoma s\u0105lyga <\/strong>\u2013 papildomos s\u0105lygos gali b\u016bti prid\u0117tos spustelint mygtuk\u0105 <strong>Prid\u0117ti s\u0105lyg\u0105<\/strong>, esant\u012f \u017eemiau pirmosios s\u0105lygos.<\/p>\r\n\r\n\r\n\r\n<figure class=\"wp-block-image\"><a href=\"https:\/\/www.fmsdocumentation.com\/wp-content\/uploads\/2018\/03\/110LT.png\"><img loading=\"lazy\" decoding=\"async\" width=\"845\" height=\"186\" class=\"wp-image-4623\" src=\"https:\/\/www.fmsdocumentation.com\/wp-content\/uploads\/2018\/03\/110LT.png\" alt=\"\" srcset=\"https:\/\/www.fmsdocumentation.com\/wp-content\/uploads\/2018\/03\/110LT.png 845w, https:\/\/www.fmsdocumentation.com\/wp-content\/uploads\/2018\/03\/110LT-300x66.png 300w, https:\/\/www.fmsdocumentation.com\/wp-content\/uploads\/2018\/03\/110LT-768x169.png 768w\" sizes=\"auto, (max-width: 845px) 100vw, 845px\" \/><\/a><\/figure>\r\n\r\n\r\n\r\n<p>Prie \u012fvykio bus prid\u0117ta papildoma s\u0105lyga ir loginis s\u0105lyg\u0173 rinkiklis. Vienas \u012fvykis gali tur\u0117ti iki 5 s\u0105lyg\u0173. S\u0105lyg\u0173 logika gali b\u016bti parenkama i\u0161 dviej\u0173 variant\u0173:<\/p>\r\n\r\n\r\n\r\n<ul class=\"wp-block-list\">\r\n<li><strong>IR<\/strong>\u00a0\u2013 \u012fvykis suaktyvinamas tik tuomet, jei tenkinamos visos s\u0105lygos.<\/li>\r\n<li><strong>ARBA\u00a0<\/strong>\u2013 \u012fvykis suaktyvinamas tuomet, kai tenkinama viena i\u0161 s\u0105lyg\u0173.<\/li>\r\n<\/ul>\r\n\r\n\r\n\r\n<p>Nor\u0117damas pa\u0161alinti s\u0105lyg\u0105, vartotojas turi paspausti pa\u0161alinimo mygtuk\u0105, esant\u012f s\u0105lygos de\u0161in\u0117je.<\/p>\r\n\r\n\r\n\r\n<figure class=\"wp-block-image\"><a href=\"https:\/\/www.fmsdocumentation.com\/wp-content\/uploads\/2018\/03\/111LT.png\"><img loading=\"lazy\" decoding=\"async\" width=\"845\" height=\"242\" class=\"wp-image-4624\" src=\"https:\/\/www.fmsdocumentation.com\/wp-content\/uploads\/2018\/03\/111LT.png\" alt=\"\" srcset=\"https:\/\/www.fmsdocumentation.com\/wp-content\/uploads\/2018\/03\/111LT.png 845w, https:\/\/www.fmsdocumentation.com\/wp-content\/uploads\/2018\/03\/111LT-300x86.png 300w, https:\/\/www.fmsdocumentation.com\/wp-content\/uploads\/2018\/03\/111LT-768x220.png 768w\" sizes=\"auto, (max-width: 845px) 100vw, 845px\" \/><\/a><\/figure>\r\n\r\n\r\n\r\n<h2 class=\"wp-block-heading\">Kriterij\u0173 modelis ir \u012fsp\u0117jimai<\/h2>\r\n\r\n\r\n\r\n<p><strong>Kriterij\u0173 modelis<\/strong>\u00a0\u2013 \u0161iame laukelyje nurodoma pasirinkta s\u0105lyg\u0173 logika, kuri\u0105 i\u0161pild\u017eius suaktyvinamas \u012fvykis.<\/p>\r\n\r\n\r\n\r\n<figure class=\"wp-block-image\"><a href=\"https:\/\/www.fmsdocumentation.com\/wp-content\/uploads\/2018\/03\/327LT.png\"><img loading=\"lazy\" decoding=\"async\" width=\"845\" height=\"57\" class=\"wp-image-4625\" src=\"https:\/\/www.fmsdocumentation.com\/wp-content\/uploads\/2018\/03\/327LT.png\" alt=\"\" srcset=\"https:\/\/www.fmsdocumentation.com\/wp-content\/uploads\/2018\/03\/327LT.png 845w, https:\/\/www.fmsdocumentation.com\/wp-content\/uploads\/2018\/03\/327LT-300x20.png 300w, https:\/\/www.fmsdocumentation.com\/wp-content\/uploads\/2018\/03\/327LT-768x52.png 768w, https:\/\/www.fmsdocumentation.com\/wp-content\/uploads\/2018\/03\/327LT-825x57.png 825w\" sizes=\"auto, (max-width: 845px) 100vw, 845px\" \/><\/a><\/figure>\r\n<p>&nbsp;<\/p>\r\n\r\n\r\n\r\n<p><strong>\u012esp\u0117jimo paleidimas\u00a0<\/strong>\u2013 \u0161iame laukelyje nustatoma, kada suaktyvinti \u012fvykio \u012fsp\u0117jim\u0105. Yra trys galimi variantai:<\/p>\r\n\r\n\r\n\r\n<ul class=\"wp-block-list\">\r\n<li><strong>Prad\u017eioje <\/strong>\u2013 \u012fsp\u0117jimas bus suaktyvinamas \u012fvykio prad\u017eioje<\/li>\r\n<li><strong>Pabaigoje <\/strong>\u2013 \u012fsp\u0117jimas bus suaktyvinamas \u012fvykiui baigiantis<\/li>\r\n<li><strong>Abu \u2013 <\/strong>\u012fsp\u0117jimas bus suaktyvintas \u012fvykio prad\u017eioje ir pabaigoje (<em>pavyzd\u017eiui: vairuotojas \u012fva\u017eiuoja \u012f geozon\u0105, suaktyvinamas \u012fsp\u0117jimas, o po kurio laiko, kai vairuotojas palieka geozon\u0105, \u012fsp\u0117jimas v\u0117l suaktyvinamas).<\/em><\/li>\r\n<\/ul>\r\n\r\n\r\n\r\n<figure class=\"wp-block-image\"><a href=\"https:\/\/www.fmsdocumentation.com\/wp-content\/uploads\/2017\/10\/277LT.png\"><img loading=\"lazy\" decoding=\"async\" width=\"707\" height=\"197\" class=\"wp-image-1388\" src=\"https:\/\/www.fmsdocumentation.com\/wp-content\/uploads\/2017\/10\/277LT.png\" alt=\"\" srcset=\"https:\/\/www.fmsdocumentation.com\/wp-content\/uploads\/2017\/10\/277LT.png 707w, https:\/\/www.fmsdocumentation.com\/wp-content\/uploads\/2017\/10\/277LT-300x84.png 300w\" sizes=\"auto, (max-width: 707px) 100vw, 707px\" \/><\/a><\/figure>\r\n<p>&nbsp;<\/p>\r\n\r\n\r\n\r\n<p><strong>\u012esp\u0117jimas <\/strong>\u2013<strong>\u00a0<\/strong>\u0161iame laukelyje nustatomas laikas, kada \u012fvykis gali b\u016bti suaktyvinamas. Galimos \u0161ios parinktys:<\/p>\r\n\r\n\r\n\r\n<ul class=\"wp-block-list\">\r\n<li><strong>Visada <\/strong>\u2013 \u012fvyk\u012f galima suaktyvinti bet kuriuo metu<\/li>\r\n<li><strong>Nustatytomis dienomis ir valandomis <\/strong>\u2013 \u0161iuo atveju vartotojas gali nustatyti, kuriomis dienomis ir valandomis suaktyvinti \u012fvyk\u012f<\/li>\r\n<\/ul>\r\n\r\n\r\n\r\n<figure class=\"wp-block-image\"><a href=\"https:\/\/www.fmsdocumentation.com\/wp-content\/uploads\/2017\/10\/276LT.png\"><img loading=\"lazy\" decoding=\"async\" width=\"698\" height=\"153\" class=\"wp-image-1389\" src=\"https:\/\/www.fmsdocumentation.com\/wp-content\/uploads\/2017\/10\/276LT.png\" alt=\"\" srcset=\"https:\/\/www.fmsdocumentation.com\/wp-content\/uploads\/2017\/10\/276LT.png 698w, https:\/\/www.fmsdocumentation.com\/wp-content\/uploads\/2017\/10\/276LT-300x66.png 300w\" sizes=\"auto, (max-width: 698px) 100vw, 698px\" \/><\/a><\/figure>\r\n\r\n\r\n\r\n<h2 class=\"wp-block-heading\">Prane\u0161im\u0173 pateikimas<\/h2>\r\n\r\n\r\n\r\n<p><strong>Pateikti prane\u0161imus\u00a0<\/strong>\u2013 s\u0105ra\u0161as su variantais, kaip sistema informuos vartotoj\u0105 apie suaktyvint\u0105 \u012fvyk\u012f. Galimi \u0161ie prane\u0161im\u0173 tipai:<\/p>\r\n\r\n\r\n\r\n<ul class=\"wp-block-list\">\r\n<li><strong>Sistemos prane\u0161imas <\/strong>\u2013 jei pasirenkamas \u0161is tipas, tuomet prane\u0161imai bus matomi tik transporto parko valdymo sistemoje. Yra galimyb\u0117 prane\u0161imui nustatyti <strong>labai svarb\u0173 prioritet\u0105<\/strong>. Nusta\u010dius auk\u0161t\u0105 prioritet\u0105 ir suaktyvinus \u012fvyk\u012f, <a href=\"https:\/\/www.fmsdocumentation.com\/lt\/pagrindinis-tpvs-langas\/ispejimai-is-objektu\/?lang=lt\">\u012fsp\u0117jim\u0173 skydelis<\/a> atsivers automati\u0161kai bei bus rodoma informacija apie \u012fvyk\u012f ir j\u012f suaktyvinusi\u0105 transporto priemon\u0119. Nor\u0117damas u\u017edaryti \u012fsp\u0117jim\u0105, vartotojas turi paspausti &#8220;Patvirtinti&#8221; mygtuk\u0105. Be to, nar\u0161ykl\u0117s skirtuko piktograma pasikeis \u012f varpel\u012f. Pasirinkus <strong>labai svarb\u0173 su garsiniu \u012fsp\u0117jimu prioritet\u0105<\/strong>, prane\u0161imai pateikiami analogi\u0161kai kaip esant ir labai svarbiam prioritetui, \u0161iuo atveju suaktyvinus \u012fvyki papildomai suskamb\u0117s garsinis signalas.<\/li>\r\n<li><strong>El. prane\u0161imas<\/strong><b>\u00a0<\/b>\u2013 pasirinkus \u0161\u012f tip\u0105, reik\u0117s u\u017epildyti dar kelis konfig\u016bracijos laukelius, skirtus \u0161iam prane\u0161im\u0173 tipui. Bus rodomi \u0161ie laukeliai:<\/li>\r\n<li><strong>El. pa\u0161to adresas <\/strong>\u2013 el. pa\u0161to adresas (arba adresai), kuriuo bus siun\u010diamas prane\u0161imas. Nor\u0117damas \u012f \u0161\u012f laukel\u012f \u012fvesti kelis el. pa\u0161to adresus, vartotojas turi atskirti juos kableliu. El. pa\u0161tas bus pa\u017eym\u0117tas kaip atskiras objektas, j\u012f galima pa\u0161alinti paspaudus kry\u017eiuk\u0105 jo de\u0161in\u0117je pus\u0117je. <strong>\u0160is laukas yra privalomas.<\/strong><\/li>\r\n<\/ul>\r\n\r\n\r\n\r\n<figure class=\"wp-block-image\"><a href=\"https:\/\/www.fmsdocumentation.com\/wp-content\/uploads\/2017\/10\/106LT.png\"><img loading=\"lazy\" decoding=\"async\" width=\"713\" height=\"184\" class=\"wp-image-1390\" src=\"https:\/\/www.fmsdocumentation.com\/wp-content\/uploads\/2017\/10\/106LT.png\" alt=\"\" srcset=\"https:\/\/www.fmsdocumentation.com\/wp-content\/uploads\/2017\/10\/106LT.png 713w, https:\/\/www.fmsdocumentation.com\/wp-content\/uploads\/2017\/10\/106LT-300x77.png 300w\" sizes=\"auto, (max-width: 713px) 100vw, 713px\" \/><\/a><\/figure>\r\n<p>&nbsp;<\/p>\r\n\r\n\r\n\r\n<ul class=\"wp-block-list\">\r\n<li><strong>SMS <\/strong>\u2013 jei pasirenkamas \u0161is prane\u0161imo tipas, SMS \u017einut\u0117s su prane\u0161imais bus siun\u010diamos \u012fvestu numeriu. Galima \u012fvesti daugiau nei vien\u0105 numer\u012f spaud\u017eiant mygtuk\u0105 <strong>Prid\u0117ti numer\u012f<\/strong>.<\/li>\r\n<\/ul>\r\n\r\n\r\n\r\n<figure class=\"wp-block-image\"><a href=\"https:\/\/www.fmsdocumentation.com\/wp-content\/uploads\/2020\/05\/275LT.png\"><img loading=\"lazy\" decoding=\"async\" width=\"771\" height=\"155\" class=\"wp-image-9181\" src=\"https:\/\/www.fmsdocumentation.com\/wp-content\/uploads\/2020\/05\/275LT.png\" alt=\"\" srcset=\"https:\/\/www.fmsdocumentation.com\/wp-content\/uploads\/2020\/05\/275LT.png 771w, https:\/\/www.fmsdocumentation.com\/wp-content\/uploads\/2020\/05\/275LT-300x60.png 300w, https:\/\/www.fmsdocumentation.com\/wp-content\/uploads\/2020\/05\/275LT-768x154.png 768w\" sizes=\"auto, (max-width: 771px) 100vw, 771px\" \/><\/a><\/figure>\r\n<p>&nbsp;<\/p>\r\n\r\n\r\n\r\n<p><p class=\"note\">Pastaba<br \/>Prane\u0161imai turi \u012ftakos tik patiems prane\u0161imams, suaktyvinti \u012fvykiai vis tiek yra registruojami sistemoje ir juos galima per\u017ei\u016br\u0117ti atitinkamuose transporto parko valdymo sistemos skyriuose.<\/p><\/p>\r\n\r\n\r\n\r\n<p>U\u017epild\u017eius visus laukelius, b\u016btina paspausti mygtuk\u0105 <strong>Kurti<\/strong>, kitu atveju \u012fvykis nebus i\u0161saugotas. Jei vartotojas nenori sukurti \u012fvykio, jis turi paspausti mygtuk\u0105 <strong>U\u017edaryti<\/strong>, arba kur nors u\u017e naujo \u012fvykio k\u016brimo lango rib\u0173.<\/p>\r\n\r\n\r\n\r\n<figure class=\"wp-block-image\"><a href=\"https:\/\/www.fmsdocumentation.com\/wp-content\/uploads\/2017\/10\/112LT.png\"><img loading=\"lazy\" decoding=\"async\" width=\"276\" height=\"69\" class=\"wp-image-1392\" src=\"https:\/\/www.fmsdocumentation.com\/wp-content\/uploads\/2017\/10\/112LT.png\" alt=\"\" \/><\/a><\/figure>\r\n\r\n\r\n<hr class=\"wp-block-separator\" \/>\r\n\r\n\r\n<p><div class=\"alignleft\"><a href=\"https:\/\/www.fmsdocumentation.com\/lt\/ivykiu-meniu\/\" title=\"\u012evyki\u0173 meniu\"><span class=\"arrow\">\u2039 &nbsp <\/span> \u012evyki\u0173 meniu <\/a><\/div> <div class=\"alignright\"><a href=\"https:\/\/www.fmsdocumentation.com\/lt\/ivykiu-meniu\/ivykiu-saraso-redagavimas\/\" title=\"\u012evyki\u0173 s\u0105ra\u0161o redagavimas\">\u012evyki\u0173 s\u0105ra\u0161o redagavimas <span class=\"arrow\"> &nbsp\u203a <\/span> <\/a><\/div><\/p>\r\n","protected":false},"excerpt":{"rendered":"<p>Nor\u0117damas sukurti nauj\u0105 \u012fvyk\u012f, vartotojas turi paspausti ant laukelio Naujas \u012fvykis. Bus atidaromas naujas langas. \u0160iame lange vartotojas turi \u012fvesti naujo \u012fvykio parametrus. Galima u\u017epildyti \u0161iuos laukelius: \u012evykio b\u016bsena \u2013 slankiojanti \u012fvykio b\u016bsenos juosta. Gali b\u016bti aktyvus arba neaktyvus (apibr\u0117\u017eiama, ar \u012fvykis yra aktyvus ir ar \u012fsp\u0117jimas \u012fjungiamas priskyrus transporto priemon\u0119; tai galima pakeisti v\u0117liau) &hellip; <a href=\"https:\/\/www.fmsdocumentation.com\/lt\/ivykiu-meniu\/naujo-ivykio-kurimas\/\" class=\"more-link\">Skaityti toliau: <span class=\"screen-reader-text\">Naujo \u012fvykio k\u016brimas<\/span><\/a><\/p>\n","protected":false},"author":1,"featured_media":0,"parent":1377,"menu_order":1,"comment_status":"closed","ping_status":"closed","template":"","meta":{"footnotes":""},"class_list":["post-1380","page","type-page","status-publish","hentry"],"_links":{"self":[{"href":"https:\/\/www.fmsdocumentation.com\/lt\/wp-json\/wp\/v2\/pages\/1380","targetHints":{"allow":["GET"]}}],"collection":[{"href":"https:\/\/www.fmsdocumentation.com\/lt\/wp-json\/wp\/v2\/pages"}],"about":[{"href":"https:\/\/www.fmsdocumentation.com\/lt\/wp-json\/wp\/v2\/types\/page"}],"author":[{"embeddable":true,"href":"https:\/\/www.fmsdocumentation.com\/lt\/wp-json\/wp\/v2\/users\/1"}],"replies":[{"embeddable":true,"href":"https:\/\/www.fmsdocumentation.com\/lt\/wp-json\/wp\/v2\/comments?post=1380"}],"version-history":[{"count":31,"href":"https:\/\/www.fmsdocumentation.com\/lt\/wp-json\/wp\/v2\/pages\/1380\/revisions"}],"predecessor-version":[{"id":10443,"href":"https:\/\/www.fmsdocumentation.com\/lt\/wp-json\/wp\/v2\/pages\/1380\/revisions\/10443"}],"up":[{"embeddable":true,"href":"https:\/\/www.fmsdocumentation.com\/lt\/wp-json\/wp\/v2\/pages\/1377"}],"wp:attachment":[{"href":"https:\/\/www.fmsdocumentation.com\/lt\/wp-json\/wp\/v2\/media?parent=1380"}],"curies":[{"name":"wp","href":"https:\/\/api.w.org\/{rel}","templated":true}]}}