{"id":1395,"date":"2017-10-03T11:27:08","date_gmt":"2017-10-03T11:27:08","guid":{"rendered":"http:\/\/www.fmsdocumentation.com\/?page_id=1395"},"modified":"2018-12-21T09:12:16","modified_gmt":"2018-12-21T07:12:16","slug":"ivykiu-saraso-redagavimas","status":"publish","type":"page","link":"https:\/\/www.fmsdocumentation.com\/lt\/ivykiu-meniu\/ivykiu-saraso-redagavimas\/","title":{"rendered":"\u012evyki\u0173 s\u0105ra\u0161o redagavimas"},"content":{"rendered":"<p>S\u0105ra\u0161as su visais \u012fvykiais pateikiamas po mygtuku \u201e+ Naujas \u012fvykis\u201c.<\/p>\n<p><a href=\"https:\/\/www.fmsdocumentation.com\/wp-content\/uploads\/2018\/05\/113LT.png\"><img loading=\"lazy\" decoding=\"async\" class=\"alignnone size-full wp-image-5091\" src=\"https:\/\/www.fmsdocumentation.com\/wp-content\/uploads\/2018\/05\/113LT.png\" alt=\"\" width=\"360\" height=\"457\" srcset=\"https:\/\/www.fmsdocumentation.com\/wp-content\/uploads\/2018\/05\/113LT.png 360w, https:\/\/www.fmsdocumentation.com\/wp-content\/uploads\/2018\/05\/113LT-236x300.png 236w\" sizes=\"auto, (max-width: 360px) 100vw, 360px\" \/><\/a><\/p>\n<p>\u012evyki\u0173 s\u0105ra\u0161as automati\u0161kai r\u016b\u0161iuojamas pagal ab\u0117c\u0117l\u0119. Paie\u0161kos juostoje kaskart \u012fvedus simbol\u012f, \u012fvyki\u0173 s\u0105ra\u0161as atnaujinamas automati\u0161kai. Norint supaprastinti \u012fvyki\u0173 paie\u0161k\u0105, gali b\u016bti taikomi filtrai pagal \u012fvyki\u0173 tip\u0105. Nor\u0117damas \u012fgalinti filtr\u0105, vartotojas turi paspausti ant laukelio \u201eRodyti \u012fvykius\u201c, tuomet atsidarys i\u0161skleid\u017eiamasis s\u0105ra\u0161as su visais galimais \u012fvyki\u0173 tipais. Pasirinktas tipas bus pa\u017eym\u0117tas tamsesniu pilkos spalvos atspalviu, o de\u0161in\u0117je pus\u0117je atsiras m\u0117lyna juosta. Galimi \u0161ie \u012fvyki\u0173 tipai:<\/p>\n<ul>\n<li><strong>Visi <\/strong>\u2013 rodomi visi \u012fvykiai;<\/li>\n<li><strong>\u012evestis <\/strong>\u2013 rodomi \u012fvykiai, suaktyvinami pasikeitus \u012fvesties reik\u0161mei;<\/li>\n<li><strong>Degimas <\/strong>\u2013 rodomi \u012fvykiai, suaktyvinami pasikeitus degimo b\u016bsenai;<\/li>\n<li><strong>Geografin\u0117 zona <\/strong>\u2013 rodomi \u012fvykiai, suaktyvinami patekus \u012f geozon\u0105 ar j\u0105 palikus;<\/li>\n<li><strong>Greitis<\/strong>\u00a0\u2013 rodomi \u012fvykiai, suaktyvinami vir\u0161ijus sukonfig\u016bruot\u0105 grei\u010dio limit\u0105;<\/li>\n<li><strong>Laikas ir atstumas<\/strong>\u00a0\u2013 rodomi \u012fvykiai, suaktyvinami nukeliavus tam tikr\u0105 atstum\u0105 per tam tikr\u0105 laiko tarp\u0105;<\/li>\n<li><strong>Mi\u0161rus <\/strong>\u2013 rodomi \u012fvykiai,\u00a0suaktyvinami daugiau nei viena s\u0105lyga.<\/li>\n<\/ul>\n<p>Pasirinkus norim\u0105 \u012fvyki\u0173 tip\u0105, s\u0105ra\u0161as atnaujinamas automati\u0161kai ir rodomi tik pasirinktojo tipo \u012fvykiai. Kiekvienas \u012fvyki\u0173 tipas turi savo piktogram\u0105, skirt\u0105 greitam skirting\u0173 \u012fvyki\u0173 tip\u0173 atpa\u017einimui.<\/p>\n<p><a href=\"https:\/\/www.fmsdocumentation.com\/wp-content\/uploads\/2018\/08\/114LT.png\"><img loading=\"lazy\" decoding=\"async\" class=\"alignnone size-full wp-image-5823\" src=\"https:\/\/www.fmsdocumentation.com\/wp-content\/uploads\/2018\/08\/114LT.png\" alt=\"\" width=\"360\" height=\"321\" srcset=\"https:\/\/www.fmsdocumentation.com\/wp-content\/uploads\/2018\/08\/114LT.png 360w, https:\/\/www.fmsdocumentation.com\/wp-content\/uploads\/2018\/08\/114LT-300x268.png 300w\" sizes=\"auto, (max-width: 360px) 100vw, 360px\" \/><\/a><\/p>\n<p>Aktyv\u016bs \u012fvykiai \u017eymimi m\u0117lynomis piktogramomis, kai neaktyv\u016bs \u012fvykiai \u017eymimi pilkomis piktogramomis.<\/p>\n<p><a href=\"https:\/\/www.fmsdocumentation.com\/wp-content\/uploads\/2018\/03\/328LT.png\"><img loading=\"lazy\" decoding=\"async\" class=\"alignnone size-full wp-image-4630\" src=\"https:\/\/www.fmsdocumentation.com\/wp-content\/uploads\/2018\/03\/328LT.png\" alt=\"\" width=\"352\" height=\"281\" srcset=\"https:\/\/www.fmsdocumentation.com\/wp-content\/uploads\/2018\/03\/328LT.png 352w, https:\/\/www.fmsdocumentation.com\/wp-content\/uploads\/2018\/03\/328LT-300x239.png 300w\" sizes=\"auto, (max-width: 352px) 100vw, 352px\" \/><\/a><\/p>\n<p>Paspaudus ant bet kurio \u012fvykio, bus atidaromas to \u012fvykio informacijos skydelis. \u0160iame skydelyje bus rodoma visa informacija, \u012fvesta kuriant \u012fvyk\u012f. Pirmasis parametras yra \u012fvykio b\u016bsena \u2013 slankiojant \u0161i\u0105 juostel\u0119, galima aktyvinti arba deaktyvuoti \u012fvyk\u012f, atlikus pakeitimus, \u0161is nustatymas i\u0161saugomas automati\u0161kai. Visa kita yra standartin\u0117 informacija. Be to, \u0161iame skydelyje vartotojas gali priskirti \u012fvyk\u012f transporto priemon\u0117ms. Norint tai padaryti, reikia paspausti pliuso \u017eenkl\u0105 \u0161alia transporto priemoni\u0173 laukelio.<\/p>\n<p><a href=\"https:\/\/www.fmsdocumentation.com\/wp-content\/uploads\/2018\/05\/116LT.png\"><img loading=\"lazy\" decoding=\"async\" class=\"alignnone size-full wp-image-5092\" src=\"https:\/\/www.fmsdocumentation.com\/wp-content\/uploads\/2018\/05\/116LT.png\" alt=\"\" width=\"720\" height=\"889\" srcset=\"https:\/\/www.fmsdocumentation.com\/wp-content\/uploads\/2018\/05\/116LT.png 720w, https:\/\/www.fmsdocumentation.com\/wp-content\/uploads\/2018\/05\/116LT-243x300.png 243w\" sizes=\"auto, (max-width: 720px) 100vw, 720px\" \/><\/a><\/p>\n<p>Tuomet atsidarys transporto priemoni\u0173 pasirinkimo s\u0105ra\u0161as, kuriame bus rodomos visos transporto priemon\u0117s ir j\u0173 grup\u0117s. Norint pasirinkti transporto priemon\u0119 ar grup\u0119, vartotojas turi spustel\u0117ti \u0161alia esant\u012f \u017eymim\u0105j\u012f langel\u012f. Gali b\u016bti pasirinktos individualios transporto priemon\u0117s i\u0161 grup\u0117s paspaudus \u0161alia esant\u012f \u201e+\u201c \u017eenkl\u0105. Spustel\u0117jus \u017eymim\u0105j\u012f langel\u012f esant\u012f \u0161alia\u00a0\u201ePasirinkti visas grupes\u201c bus pa\u017eymimos\/at\u017eymimos visos grup\u0117s ir j\u0173 transporto priemon\u0117s. Paie\u0161kos juostoje kaskart \u012fvedus simbol\u012f, s\u0105ra\u0161as yra atnaujinamas automati\u0161kai. Paspaudus \u201eRodyti nepasirinktas&#8221; mygtuk\u0105 bus filtruojamas s\u0105ra\u0161as ir i\u0161skleid\u017eiamos visos grup\u0117s ir rodomos tik nepasirinktos transporto priemon\u0117s.<\/p>\n<p>Po atlikt\u0173 pakeitim\u0173, b\u016btina paspausti\u00a0\u201eTaikyti\u201c mygtuk\u0105, arba pakeitimai nebus i\u0161saugoti. Pakeitimai gali b\u016bti at\u0161aukti\u00a0 paspaudus \u201eAt\u0161aukti\u201c mygtuk\u0105, arba spustel\u0117jus transporto priemoni\u0173 pasirinkimo lango i\u0161or\u0117je.<\/p>\n<p style=\"background-color: #2e67b1; color: #ffffff; padding-left: 10px; padding-right: 10px;\"><p class=\"note\">Pastaba<br \/>\nJei transporto priemon\u0117 s\u0105ra\u0161e yra pilka, tai rei\u0161kia, kad transporto priemon\u0117 nepalaiko \u0161iam \u012fvykiui reikalingo parametro. Pilkos transporto priemon\u0117s pasirinkti nebus galima.<\/p><\/p>\n<p><a href=\"https:\/\/www.fmsdocumentation.com\/wp-content\/uploads\/2018\/12\/117LT-1.png\"><img loading=\"lazy\" decoding=\"async\" class=\"alignnone wp-image-6802 size-full\" src=\"https:\/\/www.fmsdocumentation.com\/wp-content\/uploads\/2018\/12\/117LT-1.png\" alt=\"\" width=\"675\" height=\"514\" srcset=\"https:\/\/www.fmsdocumentation.com\/wp-content\/uploads\/2018\/12\/117LT-1.png 675w, https:\/\/www.fmsdocumentation.com\/wp-content\/uploads\/2018\/12\/117LT-1-300x228.png 300w\" sizes=\"auto, (max-width: 675px) 100vw, 675px\" \/><\/a><\/p>\n<p>Norint redaguoti kit\u0105 \u012fvykio informacij\u0105, spaud\u017eiamas mygtukas \u201eTaisyti\u201c. Atsidarys tokio formato langas, kaip kuriant nauj\u0105 \u012fvyk\u012f. Tai apra\u0161yta ankstesniame skyriuje (\u201e<a href=\"https:\/\/www.fmsdocumentation.com\/lt\/ivykiu-meniu\/naujo-ivykio-kurimas\/?lang=lt\">Naujo \u012fvykio k\u016brimas<\/a>\u201c). Po atlikt\u0173 pakeitim\u0173, b\u016btina paspausti\u00a0\u201eAtnaujinti\u201c mygtuk\u0105, arba pakeitimai nebus i\u0161saugoti.<\/p>\n<p><a href=\"https:\/\/www.fmsdocumentation.com\/wp-content\/uploads\/2018\/03\/118LT.png\"><img loading=\"lazy\" decoding=\"async\" class=\"alignnone size-full wp-image-4632\" src=\"https:\/\/www.fmsdocumentation.com\/wp-content\/uploads\/2018\/03\/118LT.png\" alt=\"\" width=\"850\" height=\"759\" srcset=\"https:\/\/www.fmsdocumentation.com\/wp-content\/uploads\/2018\/03\/118LT.png 850w, https:\/\/www.fmsdocumentation.com\/wp-content\/uploads\/2018\/03\/118LT-300x268.png 300w, https:\/\/www.fmsdocumentation.com\/wp-content\/uploads\/2018\/03\/118LT-768x686.png 768w\" sizes=\"auto, (max-width: 850px) 100vw, 850px\" \/><\/a><\/p>\n<p>Pakeitimai gali b\u016bti at\u0161aukti\u00a0 paspaudus \u201eU\u017edaryti\u201c mygtuk\u0105, arba spustel\u0117jus transporto priemoni\u0173 pasirinkimo lango i\u0161or\u0117je.<\/p>\n<hr \/>\n<p><div class=\"alignleft\"><a href=\"https:\/\/www.fmsdocumentation.com\/lt\/ivykiu-meniu\/naujo-ivykio-kurimas\/\" title=\"Naujo \u012fvykio k\u016brimas\"><span class=\"arrow\">\u2039 &nbsp <\/span> Naujo \u012fvykio k\u016brimas <\/a><\/div> <div class=\"alignright\"><a href=\"https:\/\/www.fmsdocumentation.com\/lt\/marsrutai-ir-uzduotys\/\" title=\"Mar\u0161rut\u0173 ir u\u017eduo\u010di\u0173 meniu\">Mar\u0161rut\u0173 ir u\u017eduo\u010di\u0173 meniu <span class=\"arrow\"> &nbsp\u203a <\/span> <\/a><\/div><\/p>\n","protected":false},"excerpt":{"rendered":"<p>S\u0105ra\u0161as su visais \u012fvykiais pateikiamas po mygtuku \u201e+ Naujas \u012fvykis\u201c. \u012evyki\u0173 s\u0105ra\u0161as automati\u0161kai r\u016b\u0161iuojamas pagal ab\u0117c\u0117l\u0119. Paie\u0161kos juostoje kaskart \u012fvedus simbol\u012f, \u012fvyki\u0173 s\u0105ra\u0161as atnaujinamas automati\u0161kai. Norint supaprastinti \u012fvyki\u0173 paie\u0161k\u0105, gali b\u016bti taikomi filtrai pagal \u012fvyki\u0173 tip\u0105. Nor\u0117damas \u012fgalinti filtr\u0105, vartotojas turi paspausti ant laukelio \u201eRodyti \u012fvykius\u201c, tuomet atsidarys i\u0161skleid\u017eiamasis s\u0105ra\u0161as su visais galimais \u012fvyki\u0173 tipais. &hellip; <a href=\"https:\/\/www.fmsdocumentation.com\/lt\/ivykiu-meniu\/ivykiu-saraso-redagavimas\/\" class=\"more-link\">Skaityti toliau: <span class=\"screen-reader-text\">\u012evyki\u0173 s\u0105ra\u0161o redagavimas<\/span><\/a><\/p>\n","protected":false},"author":1,"featured_media":0,"parent":1377,"menu_order":2,"comment_status":"closed","ping_status":"closed","template":"","meta":{"footnotes":""},"class_list":["post-1395","page","type-page","status-publish","hentry"],"_links":{"self":[{"href":"https:\/\/www.fmsdocumentation.com\/lt\/wp-json\/wp\/v2\/pages\/1395","targetHints":{"allow":["GET"]}}],"collection":[{"href":"https:\/\/www.fmsdocumentation.com\/lt\/wp-json\/wp\/v2\/pages"}],"about":[{"href":"https:\/\/www.fmsdocumentation.com\/lt\/wp-json\/wp\/v2\/types\/page"}],"author":[{"embeddable":true,"href":"https:\/\/www.fmsdocumentation.com\/lt\/wp-json\/wp\/v2\/users\/1"}],"replies":[{"embeddable":true,"href":"https:\/\/www.fmsdocumentation.com\/lt\/wp-json\/wp\/v2\/comments?post=1395"}],"version-history":[{"count":16,"href":"https:\/\/www.fmsdocumentation.com\/lt\/wp-json\/wp\/v2\/pages\/1395\/revisions"}],"predecessor-version":[{"id":6887,"href":"https:\/\/www.fmsdocumentation.com\/lt\/wp-json\/wp\/v2\/pages\/1395\/revisions\/6887"}],"up":[{"embeddable":true,"href":"https:\/\/www.fmsdocumentation.com\/lt\/wp-json\/wp\/v2\/pages\/1377"}],"wp:attachment":[{"href":"https:\/\/www.fmsdocumentation.com\/lt\/wp-json\/wp\/v2\/media?parent=1395"}],"curies":[{"name":"wp","href":"https:\/\/api.w.org\/{rel}","templated":true}]}}