{"id":1419,"date":"2017-10-03T11:45:45","date_gmt":"2017-10-03T11:45:45","guid":{"rendered":"http:\/\/www.fmsdocumentation.com\/?page_id=1419"},"modified":"2017-11-07T07:47:59","modified_gmt":"2017-11-07T07:47:59","slug":"nauju-uzduociu-kurimas","status":"publish","type":"page","link":"https:\/\/www.fmsdocumentation.com\/lt\/nauju-uzduociu-kurimas\/","title":{"rendered":"Nauj\u0173 u\u017eduo\u010di\u0173 k\u016brimas"},"content":{"rendered":"<p>U\u017eduo\u010di\u0173 skydel\u012f galima pasiekti paspaudus ant u\u017eduo\u010di\u0173 skirtuko mar\u0161ruto ir u\u017eduo\u010di\u0173 skydelyje.<\/p>\n<p><a href=\"https:\/\/www.fmsdocumentation.com\/wp-content\/uploads\/2017\/10\/237LT.png\"><img loading=\"lazy\" decoding=\"async\" class=\"alignnone wp-image-1420 size-large\" src=\"https:\/\/www.fmsdocumentation.com\/wp-content\/uploads\/2017\/10\/237LT-1024x507.png\" alt=\"\" width=\"660\" height=\"327\" srcset=\"https:\/\/www.fmsdocumentation.com\/wp-content\/uploads\/2017\/10\/237LT-1024x507.png 1024w, https:\/\/www.fmsdocumentation.com\/wp-content\/uploads\/2017\/10\/237LT-300x148.png 300w, https:\/\/www.fmsdocumentation.com\/wp-content\/uploads\/2017\/10\/237LT-768x380.png 768w, https:\/\/www.fmsdocumentation.com\/wp-content\/uploads\/2017\/10\/237LT.png 1920w\" sizes=\"auto, (max-width: 660px) 100vw, 660px\" \/><\/a><\/p>\n<p>U\u017eduo\u010di\u0173 skydelis atsidarys paspaudus ant u\u017eduo\u010di\u0173 skirtuko. Skydelio vir\u0161uje yra mygtukas \u201eNauja u\u017eduotis\u201c, j\u012f paspaudus bus atidarytas mar\u0161rut\u0173 skirtukas, kur vartotojas pirmiausia tur\u0117s pasirinkti u\u017eduoties prad\u017eios ir tikslo ta\u0161kus.<\/p>\n<p style=\"background-color: #2e67b1; color: #ffffff; padding-left: 10px; padding-right: 10px;\"><p class=\"note\">Pastaba<br \/>\nU\u017eduotis automati\u0161kai priskiriama artimiausiai transporto priemonei arba pasirinktai transporto priemonei i\u0161 rast\u0173j\u0173 artimiausi\u0173 nurodytu spinduliu. Primygtinai rekomenduojama pasirinkti norim\u0105 transporto priemon\u0119 kaip prad\u017eios ta\u0161k\u0105, nes jei transporto priemon\u0117 n\u0117ra pasirinktu spinduliu nuo pradinio ta\u0161ko, kuriant u\u017eduot\u012f jos negalima priskirti. Jei nurodytu spinduliu n\u0117ra joki\u0173 transporto priemoni\u0173, u\u017eduoties sukurti negalima.<\/p><\/p>\n<p>Pasirinkus mar\u0161rut\u0105 ir paspaudus mygtuk\u0105 \u201eKurti u\u017eduot\u012f\u201c, pasirodys naujas langas \u201eKurti nauj\u0105 u\u017eduot\u012f &lt;pasirinkta transporto priemon\u0117&gt;\u201c su \u0161iais laukeliais:<\/p>\n<ul>\n<li><strong>Pavadinimas <\/strong>\u2013 u\u017eduoties pavadinimas, jis taip pat bus rodomas u\u017eduo\u010di\u0173 s\u0105ra\u0161e;<\/li>\n<li><strong>I\u0161\u00a0<\/strong>\u2013 mar\u0161ruto prad\u017eios ta\u0161kas, yra galimyb\u0117 prid\u0117ti papildomos informacijos apie klient\u0105;<\/li>\n<li><strong>\u012e <\/strong>\u2013 mar\u0161ruto tikslo ta\u0161kas, yra galimyb\u0117 prid\u0117ti papildomos informacijos apie klient\u0105;<\/li>\n<li><strong>Numatoma atvykimo diena ir laikas;<\/strong><\/li>\n<li><strong>Pageidaujama atvykimo diena ir laikas;<\/strong><\/li>\n<li><strong>Pastabos\u00a0<\/strong>\u2013 papildoma informacija kaip kaina, svoris, kiekis ir pageidaujama temperat\u016bra.<\/li>\n<\/ul>\n<p><a href=\"https:\/\/www.fmsdocumentation.com\/wp-content\/uploads\/2017\/10\/226LT.png\"><img loading=\"lazy\" decoding=\"async\" class=\"alignnone wp-image-1421 size-full\" src=\"https:\/\/www.fmsdocumentation.com\/wp-content\/uploads\/2017\/10\/226LT.png\" alt=\"\" width=\"752\" height=\"762\" srcset=\"https:\/\/www.fmsdocumentation.com\/wp-content\/uploads\/2017\/10\/226LT.png 752w, https:\/\/www.fmsdocumentation.com\/wp-content\/uploads\/2017\/10\/226LT-296x300.png 296w\" sizes=\"auto, (max-width: 752px) 100vw, 752px\" \/><\/a><\/p>\n<p>Suved\u0119s vis\u0105 reikaling\u0105 informacij\u0105, vartotojas turi paspausti mygtuk\u0105 \u201eI\u0161saugoti\u201c, kad i\u0161saugot\u0173 u\u017eduot\u012f. Jei vartotojas nenori sukurti u\u017eduoties, jis turi paspausti mygtuk\u0105 \u201eU\u017edaryti\u201c, arba tiesiog paspausti kur nors u\u017e lango rib\u0173. Suk\u016brus u\u017eduot\u012f, ji bus prid\u0117ta prie s\u0105ra\u0161o skydelyje ir bus priskirta transporto priemonei.<\/p>\n<hr \/>\n<p><div class=\"alignleft\"><a href=\"https:\/\/www.fmsdocumentation.com\/lt\/vaztarastis\/\" title=\"Va\u017etara\u0161tis\"><span class=\"arrow\">\u2039 &nbsp <\/span> Va\u017etara\u0161tis <\/a><\/div> <div class=\"alignright\"><a href=\"https:\/\/www.fmsdocumentation.com\/lt\/\" title=\"TPVS vartotojo vadovas\">TPVS vartotojo vadovas <span class=\"arrow\"> &nbsp\u203a <\/span> <\/a><\/div><\/p>\n","protected":false},"excerpt":{"rendered":"<p>U\u017eduo\u010di\u0173 skydel\u012f galima pasiekti paspaudus ant u\u017eduo\u010di\u0173 skirtuko mar\u0161ruto ir u\u017eduo\u010di\u0173 skydelyje. U\u017eduo\u010di\u0173 skydelis atsidarys paspaudus ant u\u017eduo\u010di\u0173 skirtuko. Skydelio vir\u0161uje yra mygtukas \u201eNauja u\u017eduotis\u201c, j\u012f paspaudus bus atidarytas mar\u0161rut\u0173 skirtukas, kur vartotojas pirmiausia tur\u0117s pasirinkti u\u017eduoties prad\u017eios ir tikslo ta\u0161kus. Pastaba U\u017eduotis automati\u0161kai priskiriama artimiausiai transporto priemonei arba pasirinktai transporto priemonei i\u0161 rast\u0173j\u0173 artimiausi\u0173 &hellip; <a href=\"https:\/\/www.fmsdocumentation.com\/lt\/nauju-uzduociu-kurimas\/\" class=\"more-link\">Skaityti toliau: <span class=\"screen-reader-text\">Nauj\u0173 u\u017eduo\u010di\u0173 k\u016brimas<\/span><\/a><\/p>\n","protected":false},"author":1,"featured_media":0,"parent":0,"menu_order":2,"comment_status":"closed","ping_status":"closed","template":"","meta":{"footnotes":""},"class_list":["post-1419","page","type-page","status-publish","hentry"],"_links":{"self":[{"href":"https:\/\/www.fmsdocumentation.com\/lt\/wp-json\/wp\/v2\/pages\/1419","targetHints":{"allow":["GET"]}}],"collection":[{"href":"https:\/\/www.fmsdocumentation.com\/lt\/wp-json\/wp\/v2\/pages"}],"about":[{"href":"https:\/\/www.fmsdocumentation.com\/lt\/wp-json\/wp\/v2\/types\/page"}],"author":[{"embeddable":true,"href":"https:\/\/www.fmsdocumentation.com\/lt\/wp-json\/wp\/v2\/users\/1"}],"replies":[{"embeddable":true,"href":"https:\/\/www.fmsdocumentation.com\/lt\/wp-json\/wp\/v2\/comments?post=1419"}],"version-history":[{"count":6,"href":"https:\/\/www.fmsdocumentation.com\/lt\/wp-json\/wp\/v2\/pages\/1419\/revisions"}],"predecessor-version":[{"id":3266,"href":"https:\/\/www.fmsdocumentation.com\/lt\/wp-json\/wp\/v2\/pages\/1419\/revisions\/3266"}],"wp:attachment":[{"href":"https:\/\/www.fmsdocumentation.com\/lt\/wp-json\/wp\/v2\/media?parent=1419"}],"curies":[{"name":"wp","href":"https:\/\/api.w.org\/{rel}","templated":true}]}}