{"id":1453,"date":"2017-10-03T12:07:45","date_gmt":"2017-10-03T12:07:45","guid":{"rendered":"http:\/\/www.fmsdocumentation.com\/?page_id=1453"},"modified":"2020-06-09T14:22:03","modified_gmt":"2020-06-09T11:22:03","slug":"aptarnavimo-uzduociu-meniu","status":"publish","type":"page","link":"https:\/\/www.fmsdocumentation.com\/lt\/aptarnavimo-uzduociu-meniu\/","title":{"rendered":"Aptarnavimo u\u017eduo\u010di\u0173 meniu"},"content":{"rendered":"<p>Nor\u0117damas atidaryti aptarnavimo u\u017eduo\u010di\u0173 skydel\u012f, vartotojas turi paspausti ant atitinkamos piktogramos valdymo skydelyje, esan\u010diame kair\u0117je ekrano pus\u0117je.<\/p>\n<p><a href=\"https:\/\/www.fmsdocumentation.com\/wp-content\/uploads\/2017\/10\/123LT.png\"><img loading=\"lazy\" decoding=\"async\" class=\"alignnone wp-image-1454 size-large\" src=\"https:\/\/www.fmsdocumentation.com\/wp-content\/uploads\/2017\/10\/123LT-1024x351.png\" alt=\"\" width=\"660\" height=\"226\" srcset=\"https:\/\/www.fmsdocumentation.com\/wp-content\/uploads\/2017\/10\/123LT-1024x351.png 1024w, https:\/\/www.fmsdocumentation.com\/wp-content\/uploads\/2017\/10\/123LT-300x103.png 300w, https:\/\/www.fmsdocumentation.com\/wp-content\/uploads\/2017\/10\/123LT-768x264.png 768w, https:\/\/www.fmsdocumentation.com\/wp-content\/uploads\/2017\/10\/123LT.png 1920w\" sizes=\"auto, (max-width: 660px) 100vw, 660px\" \/><\/a><\/p>\n<p>Atsidarys aptarnavimo u\u017eduo\u010di\u0173 skydelis, kuriame vartotojas gal\u0117s:<\/p>\n<ul>\n<li>Kurti naujas aptarnavimo u\u017eduotis transporto priemon\u0117ms;<\/li>\n<li>Per\u017ei\u016br\u0117ti \/ keisti \/ i\u0161trinti esamas aptarnavimo u\u017eduotis.<\/li>\n<\/ul>\n<p>Aptarnavimo u\u017eduotys naudojamos norint nustatyti aptarnavimo laikotarpius transporto priemon\u0117ms. Transporto parko valdymo sistemoje naudojami duomenys, gauti i\u0161 transporto priemoni\u0173, pavyzd\u017eiui rida ir darbo valandos, kurie padeda lengvai steb\u0117ti ir planuoti b\u016bsimus objekt\u0173 remonto ir aptarnavimo darbus.<\/p>\n<p><div class=\"alignleft\"><a href=\"https:\/\/www.fmsdocumentation.com\/lt\/marsrutai-ir-uzduotys\/kelioniu-valdymas\/\" title=\"Kelioni\u0173 valdymas\"><span class=\"arrow\">\u2039 &nbsp <\/span> Kelioni\u0173 valdymas <\/a><\/div> <div class=\"alignright\"><a href=\"https:\/\/www.fmsdocumentation.com\/lt\/aptarnavimo-uzduociu-meniu\/aptarnavimo-uzduoties-kurimas\/\" title=\"Apt. u\u017eduoties k\u016brimas\">Apt. u\u017eduoties k\u016brimas <span class=\"arrow\"> &nbsp\u203a <\/span> <\/a><\/div><\/p>\n","protected":false},"excerpt":{"rendered":"<p>Nor\u0117damas atidaryti aptarnavimo u\u017eduo\u010di\u0173 skydel\u012f, vartotojas turi paspausti ant atitinkamos piktogramos valdymo skydelyje, esan\u010diame kair\u0117je ekrano pus\u0117je. Atsidarys aptarnavimo u\u017eduo\u010di\u0173 skydelis, kuriame vartotojas gal\u0117s: Kurti naujas aptarnavimo u\u017eduotis transporto priemon\u0117ms; Per\u017ei\u016br\u0117ti \/ keisti \/ i\u0161trinti esamas aptarnavimo u\u017eduotis. Aptarnavimo u\u017eduotys naudojamos norint nustatyti aptarnavimo laikotarpius transporto priemon\u0117ms. Transporto parko valdymo sistemoje naudojami duomenys, gauti i\u0161 &hellip; <a href=\"https:\/\/www.fmsdocumentation.com\/lt\/aptarnavimo-uzduociu-meniu\/\" class=\"more-link\">Skaityti toliau: <span class=\"screen-reader-text\">Aptarnavimo u\u017eduo\u010di\u0173 meniu<\/span><\/a><\/p>\n","protected":false},"author":1,"featured_media":0,"parent":0,"menu_order":79,"comment_status":"closed","ping_status":"closed","template":"","meta":{"footnotes":""},"class_list":["post-1453","page","type-page","status-publish","hentry"],"_links":{"self":[{"href":"https:\/\/www.fmsdocumentation.com\/lt\/wp-json\/wp\/v2\/pages\/1453","targetHints":{"allow":["GET"]}}],"collection":[{"href":"https:\/\/www.fmsdocumentation.com\/lt\/wp-json\/wp\/v2\/pages"}],"about":[{"href":"https:\/\/www.fmsdocumentation.com\/lt\/wp-json\/wp\/v2\/types\/page"}],"author":[{"embeddable":true,"href":"https:\/\/www.fmsdocumentation.com\/lt\/wp-json\/wp\/v2\/users\/1"}],"replies":[{"embeddable":true,"href":"https:\/\/www.fmsdocumentation.com\/lt\/wp-json\/wp\/v2\/comments?post=1453"}],"version-history":[{"count":4,"href":"https:\/\/www.fmsdocumentation.com\/lt\/wp-json\/wp\/v2\/pages\/1453\/revisions"}],"predecessor-version":[{"id":3270,"href":"https:\/\/www.fmsdocumentation.com\/lt\/wp-json\/wp\/v2\/pages\/1453\/revisions\/3270"}],"wp:attachment":[{"href":"https:\/\/www.fmsdocumentation.com\/lt\/wp-json\/wp\/v2\/media?parent=1453"}],"curies":[{"name":"wp","href":"https:\/\/api.w.org\/{rel}","templated":true}]}}