{"id":1456,"date":"2017-10-03T12:10:48","date_gmt":"2017-10-03T12:10:48","guid":{"rendered":"http:\/\/www.fmsdocumentation.com\/?page_id=1456"},"modified":"2017-11-07T09:22:49","modified_gmt":"2017-11-07T09:22:49","slug":"aptarnavimo-uzduoties-kurimas","status":"publish","type":"page","link":"https:\/\/www.fmsdocumentation.com\/lt\/aptarnavimo-uzduociu-meniu\/aptarnavimo-uzduoties-kurimas\/","title":{"rendered":"Apt. u\u017eduoties k\u016brimas"},"content":{"rendered":"<p>Nor\u0117damas sukurti nauj\u0105 aptarnavimo u\u017eduot\u012f, vartotojas turi paspausti mygtuk\u0105 \u201eNauja u\u017eduotis\u201c, esant\u012f kair\u0117je skydelio pus\u0117je.<\/p>\n<p><a href=\"https:\/\/www.fmsdocumentation.com\/wp-content\/uploads\/2017\/10\/124LT.png\"><img loading=\"lazy\" decoding=\"async\" class=\"alignnone wp-image-1457 size-large\" src=\"https:\/\/www.fmsdocumentation.com\/wp-content\/uploads\/2017\/10\/124LT-1024x354.png\" alt=\"\" width=\"660\" height=\"228\" srcset=\"https:\/\/www.fmsdocumentation.com\/wp-content\/uploads\/2017\/10\/124LT-1024x354.png 1024w, https:\/\/www.fmsdocumentation.com\/wp-content\/uploads\/2017\/10\/124LT-300x104.png 300w, https:\/\/www.fmsdocumentation.com\/wp-content\/uploads\/2017\/10\/124LT-768x265.png 768w, https:\/\/www.fmsdocumentation.com\/wp-content\/uploads\/2017\/10\/124LT.png 1919w\" sizes=\"auto, (max-width: 660px) 100vw, 660px\" \/><\/a><\/p>\n<p>Tuomet atsidarys naujas langas, kuriame bus galima nustatyti aptarnavimo u\u017eduot\u012f.\u00a0Pirmiausia vartotojas turi pasirinkti transporto priemon\u0119 ar priemones, kurioms galios \u0161i u\u017eduotis. Tai padaryti galima naudojantis:<\/p>\n<ol>\n<li><strong>Paie\u0161kos juosta, <\/strong>greitai paie\u0161kai tarp vis\u0173 parko transporto priemoni\u0173. Paie\u0161kos juostoje \u012fvedant po raid\u0119, visi parko objektai bus filtruojami automati\u0161kai ir rodomi tik tie, kuri\u0173 pavadinimai sutampa su paie\u0161kos juostoje \u012fvestu tekstu.<\/li>\n<li><strong>Pasirinkti visk\u0105\u00a0<\/strong>\u2013 bus pasirenkami visi objektai, <strong>\u0161iuo metu rodomi<\/strong> pasirinkimo langelyje. Tai rei\u0161kia, kad jei paie\u0161kos juosta naudojama siekiant filtruoti objektus ir paspaud\u017eiama \u201ePasirinkti visk\u0105\u201c, pasirenkami tik filtruoti objektai, o pasl\u0117pti objektai n\u0117ra pa\u017eymimi (<strong>norint pasirinkti visus parko objektus, paie\u0161kos juosta turi b\u016bti tu\u0161\u010dia!<\/strong>). \u012e de\u0161in\u0119 nuo mygtuko \u201ePasirinkti visk\u0105\u201c yra skaitiklis, kuriame rodomas \u0161iuo metu pasirinkt\u0173 transporto priemoni\u0173 skai\u010dius.<\/li>\n<li><strong>Pasirinkimo skiltis\u00a0<\/strong>\u2013 pagal nutyl\u0117jim\u0105 (jei paie\u0161kos juosta tu\u0161\u010dia) \u0161ioje skiltyje ab\u0117c\u0117l\u0117s tvarka pateikiamos visos transporto priemon\u0117s, esan\u010dios parke, kurias vartotojas gali prid\u0117ti prie aptarnavimo u\u017eduoties. Nor\u0117damas pasirinkti transporto priemon\u0119, vartotojas turi pa\u017eym\u0117ti ma\u017e\u0105 \u017eymim\u0105j\u012f langel\u012f, esant\u012f \u0161alia transporto priemon\u0117s pavadinimo (pa\u017eym\u0117tas langelis taps m\u0117lynos spalvos su balta varnele).<\/li>\n<\/ol>\n<p><a href=\"https:\/\/www.fmsdocumentation.com\/wp-content\/uploads\/2017\/10\/125LT.png\"><img loading=\"lazy\" decoding=\"async\" class=\"alignnone wp-image-1458 size-full\" src=\"https:\/\/www.fmsdocumentation.com\/wp-content\/uploads\/2017\/10\/125LT.png\" alt=\"\" width=\"802\" height=\"759\" srcset=\"https:\/\/www.fmsdocumentation.com\/wp-content\/uploads\/2017\/10\/125LT.png 802w, https:\/\/www.fmsdocumentation.com\/wp-content\/uploads\/2017\/10\/125LT-300x284.png 300w, https:\/\/www.fmsdocumentation.com\/wp-content\/uploads\/2017\/10\/125LT-768x727.png 768w\" sizes=\"auto, (max-width: 802px) 100vw, 802px\" \/><\/a><\/p>\n<p>Pasirink\u0119s transporto priemon\u0119 ar priemones, kurios bus aptarnaujamos, vartotojas turi \u012fvesti nustatymus ir u\u017eduoties apra\u0161ym\u0105. B\u016btina \u012fvesti \u0161i\u0105 informacij\u0105:<\/p>\n<ol>\n<li><strong>Pavadinimas <\/strong>\u2013 aptarnavimo u\u017eduoties pavadinimas, jis rodomas aptarnavimo u\u017eduo\u010di\u0173 s\u0105ra\u0161e, tai pagrindinis aptarnavimo u\u017eduoties atpa\u017einimo identifikatorius.<\/li>\n<li><strong>Parametro tipas <\/strong>\u2013 nustatoma, koks parametras bus naudojamas nustatant aptarnavimo laikotarp\u012f. Paspaudus ma\u017e\u0105 rodykl\u0119, atsidarys i\u0161skleid\u017eiamasis s\u0105ra\u0161as su visais galimais variantais:\n<ul>\n<li><strong>Rida\u00a0<\/strong>\u2013 numatytasis parametras, technin\u0117s prie\u017ei\u016bros laikotarpis nustatomas kilometrais (pavyzd\u017eiui, tepal\u0173 keitimas kas 7 000 km).<\/li>\n<li><strong>Data <\/strong>\u2013 \u0161iuo parametru nustatomas laikas, vartotojas gali \u012fvesti skai\u010di\u0173 ir pasirinkti grupavim\u0105 (dienas, savaites, m\u0117nesius, metus) (pavyzd\u017eiui, tepal\u0173 keitimas kas 3 m\u0117nesius arba 90 dien\u0173).<\/li>\n<li><strong>Darbo valandos <\/strong>\u2013 \u0161iuo parametru nustatomas laikotarpis pagal darbo valandas; j\u012f galima pasirinkti tik sukonfig\u016bruotoms transporto priemon\u0117ms (DIN1, DIN2, DIN3 arba DIN4), kad duomenys apie darbo valandas b\u016bt\u0173 siun\u010diami transporto parko valdymo sistemai (po parametro tipo dalimi pasirodo \u012fvesties rinkiklis, kur vartotojas gali pasirinkti DIN (skaitmenin\u0119 \u012fvest\u012f), kurios duomenys siun\u010diami). Pasirinkus parametro tip\u0105, transporto priemoni\u0173 s\u0105ra\u0161as bus atnaujintas automati\u0161kai ir bus rodomos tos priemon\u0117s, kurios palaiko \u0161\u012f parametro tip\u0105, pakeitus \u012fvest\u012f (DIN1 \u2013 DIN4), taip pat bus filtruojamas transporto priemoni\u0173 s\u0105ra\u0161as. Laikotarpis skai\u010diuojamas valandomis (pavyzd\u017eiui, tepal\u0173 keitimas kas 450 darbo valand\u0173).<\/li>\n<\/ul>\n<\/li>\n<li><strong>Prid\u0117ti apra\u0161ym\u0105 <\/strong>\u2013 paspaudus \u0161\u012f mygtuk\u0105, atsidarys apra\u0161ymo teksto laukelis, kuriame vartotojas gali prid\u0117ti aptarnavimo u\u017eduoties apra\u0161ym\u0105. \u0160is apra\u0161ymas matomas tik redaguojant transporto priemon\u0117s nustatymus po u\u017eduoties suk\u016brimo.<\/li>\n<li><strong>\u012evestis <\/strong>\u2013 galima, jei nustatytas parametro tipas \u201eDarbo valandos\u201c. Tai leid\u017eia pasirinkti, i\u0161 kurios \u012fvesties gaunami darbo valand\u0173 duomenys, pasirinkti reik\u0117t\u0173 pagal FM prietaiso konfig\u016bracij\u0105 kiekvienai transporto priemonei atskirai.<\/li>\n<li><strong>Paskutinio aptarnavimo ridos \/ datos \/ darbo valand\u0173 \u012fvedimas <\/strong>\u2013 paspaudus \u0161\u012f \u017eymim\u0105j\u012f langel\u012f, bus sukuriamas tekstinis laukelis, \u012f kur\u012f vartotojas gali \u012fvesti paskutinio aptarnavimo rid\u0105 \/ dat\u0105 \/ darbo valandas (laikotarpis bus skai\u010diuojamas nuo \u0161ios ridos \/ datos \/ darbo valand\u0173).<\/li>\n<li><strong>Pakartoti u\u017eduot\u012f po \u2013 <\/strong>galima \u012fvesti pageidaujam\u0105 laikotarp\u012f (kas XX dien\u0173, XXXX kilometr\u0173, XX darbo valand\u0173), kada tur\u0117t\u0173 b\u016bti atliekamas aptarnavimas, remiantis parametro pasirinkimu ( data \/ rida \/ darbo valandos).<\/li>\n<li><strong>U\u017eduoties patvirtinimas <\/strong>\u2013 vartotojas gali pasirinkti vien\u0105 i\u0161 dviej\u0173 u\u017eduoties patvirtinimo parink\u010di\u0173, kuria bus nustatyta, kada prasid\u0117s aptarnavimo laikotarpis. Galima pasirinkti tik vien\u0105 i\u0161 dviej\u0173:\n<ul>\n<li><strong> Rankiniu b\u016bdu kaskart patvirtinti \u0161i\u0105 u\u017eduot\u012f kaskart, kad gal\u0117tum\u0117te prad\u0117ti naujos u\u017eduoties cikl\u0105 \u2013 <\/strong>tai rei\u0161kia, kad naujas aptarnavimo laikotarpis prasideda tik tuomet, kai vartotojas patvirtina, kad ankstesni aptarnavimo darbai baigti;<\/li>\n<li><strong> Automati\u0161kai patvirtinti \u0161i\u0105 u\u017eduot\u012f, kad b\u016bt\u0173 prad\u0117tas naujas ciklas <\/strong>\u2013 tai rei\u0161kia, kad naujas aptarnavimo laikotarpis prasideda i\u0161 karto, kai baigiasi ankstesnis, o vartotojui nereikia patvirtinti, kad aptarnavimas baigtas.<\/li>\n<\/ul>\n<\/li>\n<\/ol>\n<p><strong>El. pa\u0161to prane\u0161imai \u2013 <\/strong>pa\u017eym\u0117jus \u0161\u012f langel\u012f, prane\u0161imai apie b\u016bsimas aptarnavimo u\u017eduotis siun\u010diami el. pa\u0161tu. Galima \u012fvesti daugiau nei vien\u0105 el. pa\u0161to adres\u0105, kiekvien\u0105 adres\u0105 atskiriant kableliu. El. pa\u0161to adres\u0105 galima pa\u0161alinti paspaud\u017eiant \u0161alia adreso esant\u012f ma\u017e\u0105 kry\u017eiuk\u0105 (<em>pavyzdin\u0117je iliustracijoje nerodoma).<\/em><\/p>\n<p><strong>\u012esp\u0117ti prie\u0161 \u2013 <\/strong>\u0161is laukas rodomas tik tuomet, jei pasirinktas prane\u0161imas el. pa\u0161tu. \u0160iuo parametru nustatoma, kada si\u0173sti prane\u0161imus el. pa\u0161tu (pavyzd\u017eiui, likus 500 km iki ap\u017ei\u016bros) (vienetai (km per laik\u0105) priklauso nuo pasirinkto parametro tipo) (<em>pavyzdin\u0117je iliustracijoje nerodoma).<\/em><\/p>\n<ul>\n<li><strong>I\u0161saugoti \u2013 <\/strong>\u0161\u012f mygtuk\u0105 b\u016btina paspausti, norint sukurti aptarnavimo u\u017eduot\u012f.<\/li>\n<li><strong>U\u017edaryti \u2013 <\/strong>nor\u0117damas at\u0161aukti naujos aptarnavimo u\u017eduoties k\u016brim\u0105, vartotojas gali tiesiog paspausti \u0161\u012f mygtuk\u0105 arba kur nors u\u017e \u0161io lango rib\u0173 ir j\u012f u\u017edaryti.<\/li>\n<\/ul>\n<p><a href=\"https:\/\/www.fmsdocumentation.com\/wp-content\/uploads\/2017\/10\/126LT.png\"><img loading=\"lazy\" decoding=\"async\" class=\"alignnone wp-image-1459 size-full\" src=\"https:\/\/www.fmsdocumentation.com\/wp-content\/uploads\/2017\/10\/126LT.png\" alt=\"\" width=\"804\" height=\"761\" srcset=\"https:\/\/www.fmsdocumentation.com\/wp-content\/uploads\/2017\/10\/126LT.png 804w, https:\/\/www.fmsdocumentation.com\/wp-content\/uploads\/2017\/10\/126LT-300x284.png 300w, https:\/\/www.fmsdocumentation.com\/wp-content\/uploads\/2017\/10\/126LT-768x727.png 768w\" sizes=\"auto, (max-width: 804px) 100vw, 804px\" \/><\/a><\/p>\n<p>I\u0161saugojus, u\u017eduotis pridedama prie vis\u0173 ap\u017ei\u016bros darb\u0173.<\/p>\n<hr \/>\n<p><div class=\"alignleft\"><a href=\"https:\/\/www.fmsdocumentation.com\/lt\/aptarnavimo-uzduociu-meniu\/\" title=\"Aptarnavimo u\u017eduo\u010di\u0173 meniu\"><span class=\"arrow\">\u2039 &nbsp <\/span> Aptarnavimo u\u017eduo\u010di\u0173 meniu <\/a><\/div> <div class=\"alignright\"><a href=\"https:\/\/www.fmsdocumentation.com\/lt\/aptarnavimo-uzduociu-meniu\/aptarnavimo-uzduociu-apzvalga\/\" title=\"Apt. u\u017eduo\u010di\u0173 ap\u017evalga\">Apt. u\u017eduo\u010di\u0173 ap\u017evalga <span class=\"arrow\"> &nbsp\u203a <\/span> <\/a><\/div><\/p>\n","protected":false},"excerpt":{"rendered":"<p>Nor\u0117damas sukurti nauj\u0105 aptarnavimo u\u017eduot\u012f, vartotojas turi paspausti mygtuk\u0105 \u201eNauja u\u017eduotis\u201c, esant\u012f kair\u0117je skydelio pus\u0117je. Tuomet atsidarys naujas langas, kuriame bus galima nustatyti aptarnavimo u\u017eduot\u012f.\u00a0Pirmiausia vartotojas turi pasirinkti transporto priemon\u0119 ar priemones, kurioms galios \u0161i u\u017eduotis. Tai padaryti galima naudojantis: Paie\u0161kos juosta, greitai paie\u0161kai tarp vis\u0173 parko transporto priemoni\u0173. Paie\u0161kos juostoje \u012fvedant po raid\u0119, visi &hellip; <a href=\"https:\/\/www.fmsdocumentation.com\/lt\/aptarnavimo-uzduociu-meniu\/aptarnavimo-uzduoties-kurimas\/\" class=\"more-link\">Skaityti toliau: <span class=\"screen-reader-text\">Apt. u\u017eduoties k\u016brimas<\/span><\/a><\/p>\n","protected":false},"author":1,"featured_media":0,"parent":1453,"menu_order":1,"comment_status":"closed","ping_status":"closed","template":"","meta":{"footnotes":""},"class_list":["post-1456","page","type-page","status-publish","hentry"],"_links":{"self":[{"href":"https:\/\/www.fmsdocumentation.com\/lt\/wp-json\/wp\/v2\/pages\/1456","targetHints":{"allow":["GET"]}}],"collection":[{"href":"https:\/\/www.fmsdocumentation.com\/lt\/wp-json\/wp\/v2\/pages"}],"about":[{"href":"https:\/\/www.fmsdocumentation.com\/lt\/wp-json\/wp\/v2\/types\/page"}],"author":[{"embeddable":true,"href":"https:\/\/www.fmsdocumentation.com\/lt\/wp-json\/wp\/v2\/users\/1"}],"replies":[{"embeddable":true,"href":"https:\/\/www.fmsdocumentation.com\/lt\/wp-json\/wp\/v2\/comments?post=1456"}],"version-history":[{"count":10,"href":"https:\/\/www.fmsdocumentation.com\/lt\/wp-json\/wp\/v2\/pages\/1456\/revisions"}],"predecessor-version":[{"id":1807,"href":"https:\/\/www.fmsdocumentation.com\/lt\/wp-json\/wp\/v2\/pages\/1456\/revisions\/1807"}],"up":[{"embeddable":true,"href":"https:\/\/www.fmsdocumentation.com\/lt\/wp-json\/wp\/v2\/pages\/1453"}],"wp:attachment":[{"href":"https:\/\/www.fmsdocumentation.com\/lt\/wp-json\/wp\/v2\/media?parent=1456"}],"curies":[{"name":"wp","href":"https:\/\/api.w.org\/{rel}","templated":true}]}}