{"id":1461,"date":"2017-10-03T12:45:43","date_gmt":"2017-10-03T12:45:43","guid":{"rendered":"http:\/\/www.fmsdocumentation.com\/?page_id=1461"},"modified":"2017-11-07T09:23:01","modified_gmt":"2017-11-07T09:23:01","slug":"aptarnavimo-uzduociu-apzvalga","status":"publish","type":"page","link":"https:\/\/www.fmsdocumentation.com\/lt\/aptarnavimo-uzduociu-meniu\/aptarnavimo-uzduociu-apzvalga\/","title":{"rendered":"Apt. u\u017eduo\u010di\u0173 ap\u017evalga"},"content":{"rendered":"<p>S\u0105ra\u0161e pateikiami visos vartotojo sukurtos aptarnavimo u\u017eduotys. Kiekvienoje u\u017eduotyje pateikiama papildoma informacija, pavyzd\u017eiui:<\/p>\n<ul>\n<li><strong>Aptarnavimo u\u017eduoties pavadinimas.<\/strong><\/li>\n<li><strong>Transporto priemoni\u0173, priskirt\u0173 aptarnavimo u\u017eduo\u010diai, skai\u010dius.<\/strong><\/li>\n<li><strong>Transporto priemoni\u0173 skai\u010dius pagal b\u016bsen\u0105 <\/strong>\u2013 rodomas ma\u017eas grafikas ir vis\u0173 konkre\u010dios b\u016bsenos transporto priemoni\u0173 skai\u010dius. Yra trys b\u016bsenos ir jos visos suskirstytos pagal spalvas:\n<ul>\n<li><strong>\u017dalia <\/strong>\u2013 normali b\u016bsena, papildomo steb\u0117jimo nereikia, laikas arba atstumas iki kitos ap\u017ei\u016bros vis dar didesnis nei 20% nuo pradin\u0117s vert\u0117s.<\/li>\n<li><strong>Geltona <\/strong>\u2013 laukimo b\u016bsena, tai rei\u0161kia, kad transporto priemon\u0117 laukia aptarnavimo, o laikas arba atstumas iki kito aptarnavimo yra ma\u017eesnis nei 20% nuo pradin\u0117s vert\u0117s (Pavyzd\u017eiui, laikotarpis yra 100 dien\u0173, transporto priemon\u0117 jau va\u017eiavo 85 dienas, iki ap\u017ei\u016bros liko 15 dien\u0173. \u0160iuo atveju 15% nuo pradin\u0117s 100 dien\u0173 vert\u0117s yra ma\u017eiau nei 20%).<\/li>\n<li><strong>Raudona \u2013 <\/strong>atid\u0117jimo b\u016bsena, tai rei\u0161kia, kad aptarnavimo laikas ar atstumas jau pra\u0117jo, o aptarnavimo darbai v\u0117luoja.<\/li>\n<\/ul>\n<\/li>\n<\/ul>\n<p><a href=\"https:\/\/www.fmsdocumentation.com\/wp-content\/uploads\/2017\/10\/127LT.png\"><img loading=\"lazy\" decoding=\"async\" class=\"alignnone wp-image-1462 size-full\" src=\"https:\/\/www.fmsdocumentation.com\/wp-content\/uploads\/2017\/10\/127LT.png\" alt=\"\" width=\"363\" height=\"284\" srcset=\"https:\/\/www.fmsdocumentation.com\/wp-content\/uploads\/2017\/10\/127LT.png 363w, https:\/\/www.fmsdocumentation.com\/wp-content\/uploads\/2017\/10\/127LT-300x235.png 300w\" sizes=\"auto, (max-width: 363px) 100vw, 363px\" \/><\/a><\/p>\n<p>Paspaudus ant u\u017eduoties s\u0105ra\u0161e, bus atidaromas aptarnavimo u\u017eduo\u010di\u0173 ap\u017evalgos skydelis; pagal nutyl\u0117jim\u0105, pirmoji aptarnavimo u\u017eduotis s\u0105ra\u0161e jau atidaryta. Ap\u017evalgos skydelio ap\u017evalga:<\/p>\n<ol>\n<li><strong>Ap\u017evalgos u\u017eduoties pavadinimas.<\/strong><\/li>\n<li><strong>Prid\u0117ti transporto priemon\u0119 \u2013 <\/strong>prie pasirinktos u\u017eduoties galima prid\u0117ti transporto priemoni\u0173. Skydelis pana\u0161us \u012f jau anks\u010diau apra\u0161yt\u0105 aptarnavimo u\u017eduo\u010di\u0173 k\u016brimo skydel\u012f. \u010cia vartotojas gali pasirinkti visas transporto priemones, kurias nori prid\u0117ti prie \u0161i\u0173 aptarnavimo u\u017eduo\u010di\u0173. Vartotojas taip pat gali pakeisti u\u017eduoties apra\u0161ym\u0105 ir u\u017epildyti \u0161iuos laukelius:\n<ul>\n<li><strong>Paskutinio aptarnavimo rida \/ data \/ darbo valandos.<\/strong><\/li>\n<li><strong>Pakartoti u\u017eduot\u012f po.<\/strong><\/li>\n<li><strong>U\u017eduoties patvirtinimas.<\/strong><\/li>\n<\/ul>\n<\/li>\n<li><strong>I\u0161trinti u\u017eduot\u012f \u2013 <\/strong>paspaudus bus rodomas patvirtinimo langas, kuriame vartotojas tur\u0117s patvirtinti, kad nori i\u0161trinti ap\u017ei\u016bros u\u017eduot\u012f. Jei mygtukas paspaustas nety\u010dia, vartotojas turi paspausti mygtuk\u0105 \u201eAt\u0161aukti\u201c, arba kur nors u\u017e patvirtinimo lango rib\u0173.<\/li>\n<li><strong>Redaguoti \u2013 <\/strong>galima redaguoti pasirinkt\u0105 (-as) transporto priemon\u0119 (-es) (pa\u017eymint \u017eymim\u0105j\u012f langel\u012f), redagavimo funkcija apra\u0161yta kitame skyriuje.<\/li>\n<li><strong>Pa\u0161alinti transporto priemon\u0119 <\/strong>\u2013 paspaudus \u0161\u012f mygtuk\u0105, pa\u017eym\u0117tos transporto priemon\u0117s bus pa\u0161alintos i\u0161 pasirinktos u\u017eduoties.<\/li>\n<li><strong>Patvirtinti \u2013 <\/strong>\u0161\u012f mygtuk\u0105 reikia spausti norint patvirtinti aptarnavim\u0105. J\u012f paspaudus ap\u017ei\u016bra bus priskirta visoms pa\u017eym\u0117toms transporto priemon\u0117ms. Aptarnavimo darbus galima patvirtinti kiekvienai transporto priemonei atskirai; tai apra\u0161yta \u017eemiau.<strong> (PASTABA: galima patvirtinti tik tas transporto priemones, kuri\u0173 b\u016bsena geltonos arba raudonos spalvos! Transporto priemoni\u0173, kuri\u0173 b\u016bsena \u017ealios spalvos, negalima patvirtinti; jei pasirenkamos kelios transporto priemon\u0117s su skirtingomis spalvomis ir paspaud\u017eiamas patvirtinimo mygtukas, bus patvirtintos tik transporto priemon\u0117s su raudonos ir geltonos spalv\u0173 b\u016bsenomis bei pasirodys \u012fsp\u0117jimo langas, prane\u0161antis, kad kai kuri\u0173 (\u017eali\u0173) transporto priemoni\u0173 patvirtinti nepavyko).<\/strong><\/li>\n<li><strong>Transporto priemoni\u0173 s\u0105ra\u0161as \u2013 <\/strong>s\u0105ra\u0161as su visomis transporto priemon\u0117mis, kurioms parinkti aptarnavimo\u00a0darbai. Papildoma informacija rodoma kiekvienoje eil\u0117je prie kiekvienos transporto priemon\u0117s. \u017dymimasis langelis yra kiekvienos eil\u0117s prad\u017eioje, jis naudojamas norint redaguoti transporto priemon\u0119, pa\u0161alinti j\u0105 i\u0161 aptarnavimo darb\u0173 ar juos patvirtinti. Antra\u0161t\u0117je paspaudus \u017eymim\u0105j\u012f langel\u012f, bus pa\u017eym\u0117tos visos s\u0105ra\u0161e esan\u010dios transporto priemon\u0117s.<\/li>\n<\/ol>\n<p><a href=\"https:\/\/www.fmsdocumentation.com\/wp-content\/uploads\/2017\/10\/128LT.png\"><img loading=\"lazy\" decoding=\"async\" class=\"alignnone wp-image-1463 size-large\" src=\"https:\/\/www.fmsdocumentation.com\/wp-content\/uploads\/2017\/10\/128LT-1024x272.png\" alt=\"\" width=\"660\" height=\"175\" srcset=\"https:\/\/www.fmsdocumentation.com\/wp-content\/uploads\/2017\/10\/128LT-1024x272.png 1024w, https:\/\/www.fmsdocumentation.com\/wp-content\/uploads\/2017\/10\/128LT-300x80.png 300w, https:\/\/www.fmsdocumentation.com\/wp-content\/uploads\/2017\/10\/128LT-768x204.png 768w, https:\/\/www.fmsdocumentation.com\/wp-content\/uploads\/2017\/10\/128LT.png 1500w\" sizes=\"auto, (max-width: 660px) 100vw, 660px\" \/><\/a><\/p>\n<p>Transporto priemoni\u0173 s\u0105ra\u0161e pateikiama visa informacija apie nustatyt\u0105 ap\u017ei\u016br\u0105. S\u0105ra\u0161as gali skirtis pagal pasirinkto parametro tip\u0105. Jei pasirenkama rida, s\u0105ra\u0161e pasirodys papildoma skiltis, kurioje bus pateikiamas dabartin\u0117 kiekvienos transporto priemon\u0117s rida, ta pati taisykl\u0117 galioja darbo valandoms. Jei kaip parametro tipas pasirenkamos darbo valandos, tuomet s\u0105ra\u0161e pasirodys darbo valand\u0173 skiltis. Jei pasirenkama data, papildom\u0173 skil\u010di\u0173 neatsiranda. Kitos skiltys lieka tokios pa\u010dios, o j\u0173 antra\u0161t\u0117ms paai\u0161kinimo nereikia.<\/p>\n<p>Paskutin\u0117 skiltis s\u0105ra\u0161e yra <strong>u\u017eduoties b\u016bsena.\u00a0<\/strong>Prie u\u017eduoties b\u016bsenos rodoma informacijos piktograma, u\u017evedus ant jos rodoma, kaip sistema parenka <span style=\"background-color: #ff0000; color: #ffffff;\">\u201eAtid\u0117jimas\u201c<\/span> ir <span style=\"background-color: #ffff00; color: #000000;\">\u201eLaukiama\u201c<\/span> b\u016bsenas. Prie kiekvienos transporto priemon\u0117s atid\u0117jimo ar laukimo b\u016bsenos bus patvirtinimo mygtukas. Paspaudus \u0161\u012f mygtuk\u0105, bus patvirtinamas aptarnavimas tik tai transporto priemonei, kurios eil\u0117je yra mygtukas.<\/p>\n<p><a href=\"https:\/\/www.fmsdocumentation.com\/wp-content\/uploads\/2017\/10\/129LT.png\"><img loading=\"lazy\" decoding=\"async\" class=\"alignnone wp-image-1464 size-full\" src=\"https:\/\/www.fmsdocumentation.com\/wp-content\/uploads\/2017\/10\/129LT.png\" alt=\"\" width=\"253\" height=\"209\" \/><\/a><\/p>\n<hr \/>\n<p><div class=\"alignleft\"><a href=\"https:\/\/www.fmsdocumentation.com\/lt\/aptarnavimo-uzduociu-meniu\/aptarnavimo-uzduoties-kurimas\/\" title=\"Apt. u\u017eduoties k\u016brimas\"><span class=\"arrow\">\u2039 &nbsp <\/span> Apt. u\u017eduoties k\u016brimas <\/a><\/div> <div class=\"alignright\"><a href=\"https:\/\/www.fmsdocumentation.com\/lt\/aptarnavimo-uzduociu-meniu\/aptarnavimo-uzduociu-redagavimas\/\" title=\"Apt. u\u017eduo\u010di\u0173 redagavimas\">Apt. u\u017eduo\u010di\u0173 redagavimas <span class=\"arrow\"> &nbsp\u203a <\/span> <\/a><\/div><\/p>\n","protected":false},"excerpt":{"rendered":"<p>S\u0105ra\u0161e pateikiami visos vartotojo sukurtos aptarnavimo u\u017eduotys. Kiekvienoje u\u017eduotyje pateikiama papildoma informacija, pavyzd\u017eiui: Aptarnavimo u\u017eduoties pavadinimas. Transporto priemoni\u0173, priskirt\u0173 aptarnavimo u\u017eduo\u010diai, skai\u010dius. Transporto priemoni\u0173 skai\u010dius pagal b\u016bsen\u0105 \u2013 rodomas ma\u017eas grafikas ir vis\u0173 konkre\u010dios b\u016bsenos transporto priemoni\u0173 skai\u010dius. Yra trys b\u016bsenos ir jos visos suskirstytos pagal spalvas: \u017dalia \u2013 normali b\u016bsena, papildomo steb\u0117jimo nereikia, laikas &hellip; <a href=\"https:\/\/www.fmsdocumentation.com\/lt\/aptarnavimo-uzduociu-meniu\/aptarnavimo-uzduociu-apzvalga\/\" class=\"more-link\">Skaityti toliau: <span class=\"screen-reader-text\">Apt. u\u017eduo\u010di\u0173 ap\u017evalga<\/span><\/a><\/p>\n","protected":false},"author":1,"featured_media":0,"parent":1453,"menu_order":2,"comment_status":"closed","ping_status":"closed","template":"","meta":{"footnotes":""},"class_list":["post-1461","page","type-page","status-publish","hentry"],"_links":{"self":[{"href":"https:\/\/www.fmsdocumentation.com\/lt\/wp-json\/wp\/v2\/pages\/1461","targetHints":{"allow":["GET"]}}],"collection":[{"href":"https:\/\/www.fmsdocumentation.com\/lt\/wp-json\/wp\/v2\/pages"}],"about":[{"href":"https:\/\/www.fmsdocumentation.com\/lt\/wp-json\/wp\/v2\/types\/page"}],"author":[{"embeddable":true,"href":"https:\/\/www.fmsdocumentation.com\/lt\/wp-json\/wp\/v2\/users\/1"}],"replies":[{"embeddable":true,"href":"https:\/\/www.fmsdocumentation.com\/lt\/wp-json\/wp\/v2\/comments?post=1461"}],"version-history":[{"count":7,"href":"https:\/\/www.fmsdocumentation.com\/lt\/wp-json\/wp\/v2\/pages\/1461\/revisions"}],"predecessor-version":[{"id":3316,"href":"https:\/\/www.fmsdocumentation.com\/lt\/wp-json\/wp\/v2\/pages\/1461\/revisions\/3316"}],"up":[{"embeddable":true,"href":"https:\/\/www.fmsdocumentation.com\/lt\/wp-json\/wp\/v2\/pages\/1453"}],"wp:attachment":[{"href":"https:\/\/www.fmsdocumentation.com\/lt\/wp-json\/wp\/v2\/media?parent=1461"}],"curies":[{"name":"wp","href":"https:\/\/api.w.org\/{rel}","templated":true}]}}