{"id":1467,"date":"2017-10-04T04:52:38","date_gmt":"2017-10-04T04:52:38","guid":{"rendered":"http:\/\/www.fmsdocumentation.com\/?page_id=1467"},"modified":"2019-02-11T14:11:32","modified_gmt":"2019-02-11T12:11:32","slug":"aptarnavimo-uzduociu-redagavimas","status":"publish","type":"page","link":"https:\/\/www.fmsdocumentation.com\/lt\/aptarnavimo-uzduociu-meniu\/aptarnavimo-uzduociu-redagavimas\/","title":{"rendered":"Apt. u\u017eduo\u010di\u0173 redagavimas"},"content":{"rendered":"<p>Kadangi visa informacija apibendrinama kuriant aptarnavimo u\u017eduot\u012f, tam tikra informacija gali b\u016bti netiksli arba gali reik\u0117ti j\u0105 keisti. T\u0105 galima padaryti naudojantis redagavimo funkcija. Pirmiausia vartotojas turi pasirinkti transporto priemon\u0119 ar priemones, kurias nori redaguoti, pa\u017eym\u0117damas \u017eymimuosius langelius, esan\u010dius transporto priemoni\u0173 s\u0105ra\u0161o kair\u0117je. Po to, vartotojas turi paspausti redagavimo mygtuk\u0105.<\/p>\n<p><a href=\"https:\/\/www.fmsdocumentation.com\/wp-content\/uploads\/2017\/10\/130LT.png\"><img loading=\"lazy\" decoding=\"async\" class=\"alignnone wp-image-1468 size-full\" src=\"https:\/\/www.fmsdocumentation.com\/wp-content\/uploads\/2017\/10\/130LT.png\" alt=\"\" width=\"1495\" height=\"183\" srcset=\"https:\/\/www.fmsdocumentation.com\/wp-content\/uploads\/2017\/10\/130LT.png 1495w, https:\/\/www.fmsdocumentation.com\/wp-content\/uploads\/2017\/10\/130LT-300x37.png 300w, https:\/\/www.fmsdocumentation.com\/wp-content\/uploads\/2017\/10\/130LT-768x94.png 768w, https:\/\/www.fmsdocumentation.com\/wp-content\/uploads\/2017\/10\/130LT-1024x125.png 1024w\" sizes=\"auto, (max-width: 1495px) 100vw, 1495px\" \/><\/a><\/p>\n<p>Atlikus ankstesn\u0119 sek\u0105, pasirodys naujas langas, kuriame vartotojas gal\u0117s redaguoti kai kuriuos transporto priemon\u0117s aptarnavimo nustatymus. De\u0161in\u0117je ekrano pus\u0117je visuomet pasirodo \u012fsp\u0117jamasis langas, prane\u0161antis apie tai, kad u\u017eduoties pakeitimai tur\u0117s \u012ftakos visoms s\u0105ra\u0161e esan\u010dioms pasirinktoms transporto priemon\u0117ms. Nor\u0117damas atrakinti likusius nustatymus, vartotojas turi spustel\u0117ti atrakinimo mygtuk\u0105.<\/p>\n<p><a href=\"https:\/\/www.fmsdocumentation.com\/wp-content\/uploads\/2017\/10\/131LT.png\"><img loading=\"lazy\" decoding=\"async\" class=\"alignnone wp-image-1469 size-full\" src=\"https:\/\/www.fmsdocumentation.com\/wp-content\/uploads\/2017\/10\/131LT.png\" alt=\"\" width=\"803\" height=\"761\" srcset=\"https:\/\/www.fmsdocumentation.com\/wp-content\/uploads\/2017\/10\/131LT.png 803w, https:\/\/www.fmsdocumentation.com\/wp-content\/uploads\/2017\/10\/131LT-300x284.png 300w, https:\/\/www.fmsdocumentation.com\/wp-content\/uploads\/2017\/10\/131LT-768x728.png 768w\" sizes=\"auto, (max-width: 803px) 100vw, 803px\" \/><\/a><\/p>\n<p>Suk\u016brus pirmin\u0119 u\u017eduot\u012f, galima keisti ne visus nustatymus. Atrakinus juos, galima redaguoti \u0161iuos laukelius:<\/p>\n<ul>\n<li>Apra\u0161ym\u0105;<\/li>\n<li>Paskutiniojo aptarnavimo rid\u0105\/dat\u0105\/darbo valandas;<\/li>\n<li>Pakartoti u\u017eduot\u012f po;<\/li>\n<li>U\u017eduoties patvirtinim\u0105;<\/li>\n<li>El. pa\u0161to adres\u0105;<\/li>\n<li>\u012esp\u0117jim\u0105 prie\u0161.<\/li>\n<\/ul>\n<p>Atlikus pakeitimus, b\u016btina paspausti mygtuk\u0105 <strong>I\u0161saugoti<\/strong>, kitu atveju pakeitimai bus atmesti. Jei vartotojas nori atmesti pakeitimus, reikia paspausti mygtuk\u0105 <strong>At\u0161aukti<\/strong>, arba kur nors u\u017e redagavimo lango rib\u0173.<\/p>\n<p><a href=\"https:\/\/www.fmsdocumentation.com\/wp-content\/uploads\/2017\/10\/132LT.png\"><img loading=\"lazy\" decoding=\"async\" class=\"alignnone wp-image-1470 size-full\" src=\"https:\/\/www.fmsdocumentation.com\/wp-content\/uploads\/2017\/10\/132LT.png\" alt=\"\" width=\"382\" height=\"546\" srcset=\"https:\/\/www.fmsdocumentation.com\/wp-content\/uploads\/2017\/10\/132LT.png 382w, https:\/\/www.fmsdocumentation.com\/wp-content\/uploads\/2017\/10\/132LT-210x300.png 210w\" sizes=\"auto, (max-width: 382px) 100vw, 382px\" \/><\/a><\/p>\n<p>Redagavimo funkcija leid\u017eia vartotojui koreguoti pradin\u0119 apibendrint\u0105 \u201epaskutinio aptarnavimo\u201c reik\u0161m\u0119 ir pakeisti aptarnavimo laikotarp\u012f kiekvienai priskirtai transporto priemonei atskirai. Redaguojant negalima pakeisti parametro tipo, taigi vienam laikotarpio parametro tipui (ridos\/datos\/darbo valand\u0173) skiriama viena aptarnavimo u\u017eduotis.<\/p>\n<hr \/>\n<p><div class=\"alignleft\"><a href=\"https:\/\/www.fmsdocumentation.com\/lt\/aptarnavimo-uzduociu-meniu\/aptarnavimo-uzduociu-apzvalga\/\" title=\"Apt. u\u017eduo\u010di\u0173 ap\u017evalga\"><span class=\"arrow\">\u2039 &nbsp <\/span> Apt. u\u017eduo\u010di\u0173 ap\u017evalga <\/a><\/div> <div class=\"alignright\"><a href=\"https:\/\/www.fmsdocumentation.com\/lt\/eco-drive-meniu\/\" title=\"\u201eEco-Drive\u201c meniu\">\u201eEco-Drive\u201c meniu <span class=\"arrow\"> &nbsp\u203a <\/span> <\/a><\/div><\/p>\n","protected":false},"excerpt":{"rendered":"<p>Kadangi visa informacija apibendrinama kuriant aptarnavimo u\u017eduot\u012f, tam tikra informacija gali b\u016bti netiksli arba gali reik\u0117ti j\u0105 keisti. T\u0105 galima padaryti naudojantis redagavimo funkcija. Pirmiausia vartotojas turi pasirinkti transporto priemon\u0119 ar priemones, kurias nori redaguoti, pa\u017eym\u0117damas \u017eymimuosius langelius, esan\u010dius transporto priemoni\u0173 s\u0105ra\u0161o kair\u0117je. Po to, vartotojas turi paspausti redagavimo mygtuk\u0105. Atlikus ankstesn\u0119 sek\u0105, pasirodys naujas &hellip; <a href=\"https:\/\/www.fmsdocumentation.com\/lt\/aptarnavimo-uzduociu-meniu\/aptarnavimo-uzduociu-redagavimas\/\" class=\"more-link\">Skaityti toliau: <span class=\"screen-reader-text\">Apt. u\u017eduo\u010di\u0173 redagavimas<\/span><\/a><\/p>\n","protected":false},"author":1,"featured_media":0,"parent":1453,"menu_order":3,"comment_status":"closed","ping_status":"closed","template":"","meta":{"footnotes":""},"class_list":["post-1467","page","type-page","status-publish","hentry"],"_links":{"self":[{"href":"https:\/\/www.fmsdocumentation.com\/lt\/wp-json\/wp\/v2\/pages\/1467","targetHints":{"allow":["GET"]}}],"collection":[{"href":"https:\/\/www.fmsdocumentation.com\/lt\/wp-json\/wp\/v2\/pages"}],"about":[{"href":"https:\/\/www.fmsdocumentation.com\/lt\/wp-json\/wp\/v2\/types\/page"}],"author":[{"embeddable":true,"href":"https:\/\/www.fmsdocumentation.com\/lt\/wp-json\/wp\/v2\/users\/1"}],"replies":[{"embeddable":true,"href":"https:\/\/www.fmsdocumentation.com\/lt\/wp-json\/wp\/v2\/comments?post=1467"}],"version-history":[{"count":8,"href":"https:\/\/www.fmsdocumentation.com\/lt\/wp-json\/wp\/v2\/pages\/1467\/revisions"}],"predecessor-version":[{"id":7349,"href":"https:\/\/www.fmsdocumentation.com\/lt\/wp-json\/wp\/v2\/pages\/1467\/revisions\/7349"}],"up":[{"embeddable":true,"href":"https:\/\/www.fmsdocumentation.com\/lt\/wp-json\/wp\/v2\/pages\/1453"}],"wp:attachment":[{"href":"https:\/\/www.fmsdocumentation.com\/lt\/wp-json\/wp\/v2\/media?parent=1467"}],"curies":[{"name":"wp","href":"https:\/\/api.w.org\/{rel}","templated":true}]}}