{"id":1492,"date":"2017-10-04T05:05:22","date_gmt":"2017-10-04T05:05:22","guid":{"rendered":"http:\/\/www.fmsdocumentation.com\/?page_id=1492"},"modified":"2020-06-09T14:22:16","modified_gmt":"2020-06-09T11:22:16","slug":"ataskaitu-meniu","status":"publish","type":"page","link":"https:\/\/www.fmsdocumentation.com\/lt\/ataskaitu-meniu\/","title":{"rendered":"Ataskait\u0173 meniu"},"content":{"rendered":"<p>Nor\u0117damas atidaryti ataskait\u0173 skydel\u012f, vartotojas turi paspausti atitinkam\u0105 piktogram\u0105 valdymo skydelyje, esan\u010di\u0105 kair\u0117je ekrano pus\u0117je.<\/p>\n<p><a href=\"https:\/\/www.fmsdocumentation.com\/wp-content\/uploads\/2018\/12\/133LT.png\"><img loading=\"lazy\" decoding=\"async\" class=\"alignnone wp-image-6343 size-large\" src=\"https:\/\/www.fmsdocumentation.com\/wp-content\/uploads\/2018\/12\/133LT-1024x494.png\" alt=\"\" width=\"660\" height=\"318\" srcset=\"https:\/\/www.fmsdocumentation.com\/wp-content\/uploads\/2018\/12\/133LT-1024x494.png 1024w, https:\/\/www.fmsdocumentation.com\/wp-content\/uploads\/2018\/12\/133LT-300x145.png 300w, https:\/\/www.fmsdocumentation.com\/wp-content\/uploads\/2018\/12\/133LT-768x370.png 768w, https:\/\/www.fmsdocumentation.com\/wp-content\/uploads\/2018\/12\/133LT.png 1920w\" sizes=\"auto, (max-width: 660px) 100vw, 660px\" \/><\/a><\/p>\n<p>Bus atidarytas ataskait\u0173 ap\u017evalgos skydelis, kuriame vartotojas gal\u0117s:<\/p>\n<ul>\n<li>Sukurti nauj\u0105 ataskait\u0105;<\/li>\n<li>Per\u017ei\u016br\u0117ti esamas ataskaitas;<\/li>\n<li>Dublikuoti esamas ataskaitas;<\/li>\n<li>I\u0161trinti senas ar nereikalingas ataskaitas;<\/li>\n<li>Sukurti ataskait\u0173 prenumerat\u0105.<\/li>\n<\/ul>\n<p>Kai sukuriama ataskaita, ji saugoma transporto parko valdymo sistemoje. Tai rei\u0161kia, kad sukurta ataskaita bus saugoma tol, kol vartotojas nuspr\u0119s j\u0105 i\u0161trinti, taip pa\u0161alindamas ataskait\u0105 i\u0161 sistemos.<\/p>\n<p><div class=\"alignleft\"><a href=\"https:\/\/www.fmsdocumentation.com\/lt\/vaziavimo-laiko-meniu\/\" title=\"Va\u017eiavimo laiko meniu\"><span class=\"arrow\">\u2039 &nbsp <\/span> Va\u017eiavimo laiko meniu <\/a><\/div> <div class=\"alignright\"><a href=\"https:\/\/www.fmsdocumentation.com\/lt\/ataskaitu-meniu\/naujos-ataskaitos-kurimas\/\" title=\"Naujos ataskaitos k\u016brimas\">Naujos ataskaitos k\u016brimas <span class=\"arrow\"> &nbsp\u203a <\/span> <\/a><\/div><\/p>\n","protected":false},"excerpt":{"rendered":"<p>Nor\u0117damas atidaryti ataskait\u0173 skydel\u012f, vartotojas turi paspausti atitinkam\u0105 piktogram\u0105 valdymo skydelyje, esan\u010di\u0105 kair\u0117je ekrano pus\u0117je. Bus atidarytas ataskait\u0173 ap\u017evalgos skydelis, kuriame vartotojas gal\u0117s: Sukurti nauj\u0105 ataskait\u0105; Per\u017ei\u016br\u0117ti esamas ataskaitas; Dublikuoti esamas ataskaitas; I\u0161trinti senas ar nereikalingas ataskaitas; Sukurti ataskait\u0173 prenumerat\u0105. Kai sukuriama ataskaita, ji saugoma transporto parko valdymo sistemoje. Tai rei\u0161kia, kad sukurta ataskaita bus &hellip; <a href=\"https:\/\/www.fmsdocumentation.com\/lt\/ataskaitu-meniu\/\" class=\"more-link\">Skaityti toliau: <span class=\"screen-reader-text\">Ataskait\u0173 meniu<\/span><\/a><\/p>\n","protected":false},"author":1,"featured_media":0,"parent":0,"menu_order":123,"comment_status":"closed","ping_status":"closed","template":"","meta":{"footnotes":""},"class_list":["post-1492","page","type-page","status-publish","hentry"],"_links":{"self":[{"href":"https:\/\/www.fmsdocumentation.com\/lt\/wp-json\/wp\/v2\/pages\/1492","targetHints":{"allow":["GET"]}}],"collection":[{"href":"https:\/\/www.fmsdocumentation.com\/lt\/wp-json\/wp\/v2\/pages"}],"about":[{"href":"https:\/\/www.fmsdocumentation.com\/lt\/wp-json\/wp\/v2\/types\/page"}],"author":[{"embeddable":true,"href":"https:\/\/www.fmsdocumentation.com\/lt\/wp-json\/wp\/v2\/users\/1"}],"replies":[{"embeddable":true,"href":"https:\/\/www.fmsdocumentation.com\/lt\/wp-json\/wp\/v2\/comments?post=1492"}],"version-history":[{"count":13,"href":"https:\/\/www.fmsdocumentation.com\/lt\/wp-json\/wp\/v2\/pages\/1492\/revisions"}],"predecessor-version":[{"id":6846,"href":"https:\/\/www.fmsdocumentation.com\/lt\/wp-json\/wp\/v2\/pages\/1492\/revisions\/6846"}],"wp:attachment":[{"href":"https:\/\/www.fmsdocumentation.com\/lt\/wp-json\/wp\/v2\/media?parent=1492"}],"curies":[{"name":"wp","href":"https:\/\/api.w.org\/{rel}","templated":true}]}}