{"id":1501,"date":"2017-10-04T05:11:55","date_gmt":"2017-10-04T05:11:55","guid":{"rendered":"http:\/\/www.fmsdocumentation.com\/?page_id=1501"},"modified":"2019-02-11T12:39:16","modified_gmt":"2019-02-11T10:39:16","slug":"naujos-ataskaitos-prenumeratos-kurimas","status":"publish","type":"page","link":"https:\/\/www.fmsdocumentation.com\/lt\/ataskaitu-meniu\/naujos-ataskaitos-prenumeratos-kurimas\/","title":{"rendered":"Ataskait\u0173 prenumeratos"},"content":{"rendered":"<p>Nor\u0117damas atidaryti ataskait\u0173 prenumeratos skilt\u012f, vartotojas turi paspausti ant prenumerat\u0173 skirtuko. \u010cia galima per\u017ei\u016br\u0117ti esamas ataskait\u0173 prenumeratas, jas redaguoti, i\u0161trinti arba kurti naujas. Prenumerat\u0173 atveju nuolat kuriamos nustatyto tipo ataskaitos, o standartini\u0173 ataskait\u0173 atveju sukuriama tik viena ataskaita konkre\u010diam laikotarpiui. Galima nustatyti, kad prenumeruotos ataskaitos b\u016bt\u0173 kuriamos skirtingais laiko intervalais ir b\u016bt\u0173 pateikiamas tam tikras pasirinkto laikotarpio informacijos kiekis. Kuriant ataskait\u0173 prenumeratas, procesas beveik toks pat kaip ir kuriant standartines ataskaitas, ta\u010diau \u0161iuo atveju atsiranda periodo laukelis bei prane\u0161im\u0173 nustatymai. \u012evairi\u0173 ataskait\u0173 konfig\u016bravimas apra\u0161ytas kituose puslapiuose, \u0161iame puslapyje apra\u0161omi tik ataskait\u0173 prenumeratos nustatymai.<\/p>\n<p>Nor\u0117damas sukurti nauj\u0105 prenumerat\u0105, vartotojas pirmiausia turi paspausti mygtuk\u0105 \u201e+ Nauja prenumerata\u201c, esant\u012f de\u0161in\u0117je lango pus\u0117je, vir\u0161uje.<\/p>\n<p><a href=\"https:\/\/www.fmsdocumentation.com\/wp-content\/uploads\/2018\/12\/269LT.png\"><img loading=\"lazy\" decoding=\"async\" class=\"alignnone wp-image-6789 size-large\" src=\"https:\/\/www.fmsdocumentation.com\/wp-content\/uploads\/2018\/12\/269LT-1024x390.png\" alt=\"\" width=\"660\" height=\"251\" srcset=\"https:\/\/www.fmsdocumentation.com\/wp-content\/uploads\/2018\/12\/269LT-1024x390.png 1024w, https:\/\/www.fmsdocumentation.com\/wp-content\/uploads\/2018\/12\/269LT-300x114.png 300w, https:\/\/www.fmsdocumentation.com\/wp-content\/uploads\/2018\/12\/269LT-768x293.png 768w, https:\/\/www.fmsdocumentation.com\/wp-content\/uploads\/2018\/12\/269LT.png 1865w\" sizes=\"auto, (max-width: 660px) 100vw, 660px\" \/><\/a><\/p>\n<hr \/>\n<h3>Prenumeratos k\u016brimas nuo prad\u017ei\u0173<\/h3>\n<p>Jei vartotojas pasirinks prenumeratos k\u016brim\u0105 nuo prad\u017ei\u0173, atsidarys naujas langas, kuris beveik identi\u0161kas naujos ataskaitos k\u016brimo langui. Visi prenumeratos nustatymai yra de\u0161in\u0117je ekrano pus\u0117je. Galimi nustatymai:<\/p>\n<p><strong>Periodas \u2013 <\/strong>nustatytas informacijos, kuri bus pateikiama kiekvienoje ataskaitoje, laikotarpis; \u0161iuo atveju yra i\u0161skleid\u017eiamas s\u0105ra\u0161as su laukeliu, kuriame galima \u012fvesti skai\u010di\u0173. Galimi pasirinkimo variantai:<\/p>\n<ul>\n<li>Dienos;<\/li>\n<li>Savait\u0117s;<\/li>\n<li>M\u0117nesiai;<\/li>\n<\/ul>\n<p><a href=\"https:\/\/www.fmsdocumentation.com\/wp-content\/uploads\/2017\/10\/270LT.png\"><img loading=\"lazy\" decoding=\"async\" class=\"alignnone wp-image-1503 size-large\" src=\"https:\/\/www.fmsdocumentation.com\/wp-content\/uploads\/2017\/10\/270LT-1024x506.png\" alt=\"\" width=\"660\" height=\"326\" srcset=\"https:\/\/www.fmsdocumentation.com\/wp-content\/uploads\/2017\/10\/270LT-1024x506.png 1024w, https:\/\/www.fmsdocumentation.com\/wp-content\/uploads\/2017\/10\/270LT-300x148.png 300w, https:\/\/www.fmsdocumentation.com\/wp-content\/uploads\/2017\/10\/270LT-768x380.png 768w, https:\/\/www.fmsdocumentation.com\/wp-content\/uploads\/2017\/10\/270LT.png 1920w\" sizes=\"auto, (max-width: 660px) 100vw, 660px\" \/><\/a><\/p>\n<p><strong>Pakartojimas \u2013 <\/strong>nustatoma, kaip da\u017enai kuriama ataskaita. \u0160iuo atveju taip pat yra i\u0161skleid\u017eiamas s\u0105ra\u0161as su laukeliu, kuriame galima \u012fvesti skai\u010di\u0173 (arba pasirinkti dat\u0105), priklausomai nuo parinkties. Galimos parinktys:<\/p>\n<ul>\n<li>Kiekvien\u0105 (dien\u0105);<\/li>\n<li>Kas savait\u0119;<\/li>\n<li>T\u0105 pa\u010di\u0105 kiekvieno m\u0117nesio dien\u0105;<\/li>\n<li>Pirm\u0105 m\u0117nesio dien\u0105.<\/li>\n<\/ul>\n<p><a href=\"https:\/\/www.fmsdocumentation.com\/wp-content\/uploads\/2017\/10\/271LT.png\"><img loading=\"lazy\" decoding=\"async\" class=\"alignnone wp-image-1504 size-full\" src=\"https:\/\/www.fmsdocumentation.com\/wp-content\/uploads\/2017\/10\/271LT.png\" alt=\"\" width=\"581\" height=\"285\" srcset=\"https:\/\/www.fmsdocumentation.com\/wp-content\/uploads\/2017\/10\/271LT.png 581w, https:\/\/www.fmsdocumentation.com\/wp-content\/uploads\/2017\/10\/271LT-300x147.png 300w\" sizes=\"auto, (max-width: 581px) 100vw, 581px\" \/><\/a><\/p>\n<p><strong>Periodo<\/strong> ir <strong>pakartojimo<\/strong> laukeliai veikia kartu pagal \u0161i\u0105 logik\u0105: pavyzd\u017eiui, vartotojas nustato 7 dien\u0173 period\u0105 ir pakartojim\u0105 kas 2 dienas. Sistema kas dvi dienas sukurs po ataskait\u0105, kurioje bus pateikiami 7 pastar\u0173j\u0173 dien\u0173 duomenys nuo naujos ataskaitos suk\u016brimo momento. Tai rei\u0161kia, kad kai kuriose ataskaitose bus pateikiami t\u0173 pa\u010di\u0173 dien\u0173 duomenys.<\/p>\n<p>Galiausiai, vartotojas gali nustatyti prane\u0161imus el. pa\u0161tu. Nor\u0117damas tai padaryti, vartotojas turi \u012fvesti el. pa\u0161to adresus, \u012f kuriuos bus siun\u010diami prane\u0161imai. Vienu metu galima \u012fvesti kelis el. pa\u0161to adresus. Kiekvien\u0105 el. pa\u0161to adres\u0105 reikia atskirti kableliu, arba \u012fvedus, paspausti \u201eEnter\u201c.<\/p>\n<p><a href=\"https:\/\/www.fmsdocumentation.com\/wp-content\/uploads\/2017\/10\/272LT.png\"><img loading=\"lazy\" decoding=\"async\" class=\"alignnone wp-image-1505 size-full\" src=\"https:\/\/www.fmsdocumentation.com\/wp-content\/uploads\/2017\/10\/272LT.png\" alt=\"\" width=\"575\" height=\"96\" srcset=\"https:\/\/www.fmsdocumentation.com\/wp-content\/uploads\/2017\/10\/272LT.png 575w, https:\/\/www.fmsdocumentation.com\/wp-content\/uploads\/2017\/10\/272LT-300x50.png 300w\" sizes=\"auto, (max-width: 575px) 100vw, 575px\" \/><\/a><\/p>\n<p>Jei ataskaitos nustatymai baigti, reikia spausti mygtuk\u0105 \u201aSukurti\u201c. Kiekvieno tipo ataskait\u0173 nustatymai atskirai apra\u0161yti tolesniuose puslapiuose.<\/p>\n<hr \/>\n<h3>Prenumeratos k\u016brimas pagal \u0161ablon\u0105<\/h3>\n<p>Jei vartotojas pasirinks kurti prenumerat\u0105 pagal esam\u0105 \u0161ablon\u0105, atsidarys \u0161ablono parinkties langas. Jame yra paie\u0161kos laukas, kuris automati\u0161kai atsinaujina kaskart \u012fvedus simbol\u012f. Taip pat, \u0161ablonai gali b\u016bti filtruojami pagal ataskaitos tip\u0105. Norint pasirinkti \u0161ablon\u0105, vartotojas turi paspausti ant norimo \u0161ablono ir spustel\u0117ti mygtuk\u0105 <i>\u201e<\/i>Atlikta<i>\u201c<\/i>.<\/p>\n<p><p class=\"note\">Pastaba<br \/>\nPrenumeratos k\u016brimas pagal \u0161ablon\u0105 nebus galimas, jei n\u0117ra i\u0161saugot\u0173 \u0161ablon\u0173.<\/p><\/p>\n<p><a href=\"https:\/\/www.fmsdocumentation.com\/wp-content\/uploads\/2018\/12\/380LT-1.png\"><img loading=\"lazy\" decoding=\"async\" class=\"alignnone wp-image-6792 size-full\" src=\"https:\/\/www.fmsdocumentation.com\/wp-content\/uploads\/2018\/12\/380LT-1.png\" alt=\"\" width=\"602\" height=\"752\" srcset=\"https:\/\/www.fmsdocumentation.com\/wp-content\/uploads\/2018\/12\/380LT-1.png 602w, https:\/\/www.fmsdocumentation.com\/wp-content\/uploads\/2018\/12\/380LT-1-240x300.png 240w\" sizes=\"auto, (max-width: 602px) 100vw, 602px\" \/><\/a><\/p>\n<p>Atsidarys naujas prenumeratos k\u016brimo langas, \u012f kur\u012f bus perkelti visi nustatymai i\u0161 pasirinkto \u0161ablono, i\u0161skyrus period\u0105 ir pakartojimus. Atsidariusiame lange bus rodomi keli nustatym\u0173 laukeliai. Siekiant atvaizduoti visus nustatymus, vartotojas gali paspausti\u00a0<strong>Rodyti visus nustatymus<\/strong>.<\/p>\n<p><a href=\"https:\/\/www.fmsdocumentation.com\/wp-content\/uploads\/2019\/02\/390LT-1.png\"><img loading=\"lazy\" decoding=\"async\" class=\"alignnone wp-image-7327 size-full\" src=\"https:\/\/www.fmsdocumentation.com\/wp-content\/uploads\/2019\/02\/390LT-1.png\" alt=\"\" width=\"569\" height=\"665\" srcset=\"https:\/\/www.fmsdocumentation.com\/wp-content\/uploads\/2019\/02\/390LT-1.png 569w, https:\/\/www.fmsdocumentation.com\/wp-content\/uploads\/2019\/02\/390LT-1-257x300.png 257w\" sizes=\"auto, (max-width: 569px) 100vw, 569px\" \/><\/a><\/p>\n<hr \/>\n<p><div class=\"alignleft\"><a href=\"https:\/\/www.fmsdocumentation.com\/lt\/ataskaitu-meniu\/naujos-ataskaitos-kurimas\/\" title=\"Naujos ataskaitos k\u016brimas\"><span class=\"arrow\">\u2039 &nbsp <\/span> Naujos ataskaitos k\u016brimas <\/a><\/div> <div class=\"alignright\"><a href=\"https:\/\/www.fmsdocumentation.com\/lt\/ataskaitu-meniu\/ataskaitu-sablonai\/\" title=\"Ataskait\u0173 \u0161ablonai\">Ataskait\u0173 \u0161ablonai <span class=\"arrow\"> &nbsp\u203a <\/span> <\/a><\/div><\/p>\n","protected":false},"excerpt":{"rendered":"<p>Nor\u0117damas atidaryti ataskait\u0173 prenumeratos skilt\u012f, vartotojas turi paspausti ant prenumerat\u0173 skirtuko. \u010cia galima per\u017ei\u016br\u0117ti esamas ataskait\u0173 prenumeratas, jas redaguoti, i\u0161trinti arba kurti naujas. Prenumerat\u0173 atveju nuolat kuriamos nustatyto tipo ataskaitos, o standartini\u0173 ataskait\u0173 atveju sukuriama tik viena ataskaita konkre\u010diam laikotarpiui. Galima nustatyti, kad prenumeruotos ataskaitos b\u016bt\u0173 kuriamos skirtingais laiko intervalais ir b\u016bt\u0173 pateikiamas tam tikras &hellip; <a href=\"https:\/\/www.fmsdocumentation.com\/lt\/ataskaitu-meniu\/naujos-ataskaitos-prenumeratos-kurimas\/\" class=\"more-link\">Skaityti toliau: <span class=\"screen-reader-text\">Ataskait\u0173 prenumeratos<\/span><\/a><\/p>\n","protected":false},"author":1,"featured_media":0,"parent":1492,"menu_order":2,"comment_status":"closed","ping_status":"closed","template":"","meta":{"footnotes":""},"class_list":["post-1501","page","type-page","status-publish","hentry"],"_links":{"self":[{"href":"https:\/\/www.fmsdocumentation.com\/lt\/wp-json\/wp\/v2\/pages\/1501","targetHints":{"allow":["GET"]}}],"collection":[{"href":"https:\/\/www.fmsdocumentation.com\/lt\/wp-json\/wp\/v2\/pages"}],"about":[{"href":"https:\/\/www.fmsdocumentation.com\/lt\/wp-json\/wp\/v2\/types\/page"}],"author":[{"embeddable":true,"href":"https:\/\/www.fmsdocumentation.com\/lt\/wp-json\/wp\/v2\/users\/1"}],"replies":[{"embeddable":true,"href":"https:\/\/www.fmsdocumentation.com\/lt\/wp-json\/wp\/v2\/comments?post=1501"}],"version-history":[{"count":9,"href":"https:\/\/www.fmsdocumentation.com\/lt\/wp-json\/wp\/v2\/pages\/1501\/revisions"}],"predecessor-version":[{"id":7328,"href":"https:\/\/www.fmsdocumentation.com\/lt\/wp-json\/wp\/v2\/pages\/1501\/revisions\/7328"}],"up":[{"embeddable":true,"href":"https:\/\/www.fmsdocumentation.com\/lt\/wp-json\/wp\/v2\/pages\/1492"}],"wp:attachment":[{"href":"https:\/\/www.fmsdocumentation.com\/lt\/wp-json\/wp\/v2\/media?parent=1501"}],"curies":[{"name":"wp","href":"https:\/\/api.w.org\/{rel}","templated":true}]}}