{"id":1507,"date":"2017-10-04T05:18:43","date_gmt":"2017-10-04T05:18:43","guid":{"rendered":"http:\/\/www.fmsdocumentation.com\/?page_id=1507"},"modified":"2020-08-25T16:45:06","modified_gmt":"2020-08-25T13:45:06","slug":"ivykiu-ataskaita","status":"publish","type":"page","link":"https:\/\/www.fmsdocumentation.com\/lt\/ataskaitu-meniu\/ivykiu-ataskaita\/","title":{"rendered":"\u012evyki\u0173 ataskaita"},"content":{"rendered":"<p><strong>\u012evyki\u0173 ataskaita \u2013 <\/strong>\u0161ioje ataskaitoje d\u0117mesys skiriamas \u012fvykiams, j\u0173 laikui, trukmei bei kitiems parametrams \u012fvykio suaktyvinimo metu. Vartotojas pirmiausia turi pasirinkti, pagal k\u0105 bus sukurta \u0161i ataskaita.<\/p>\n<p><strong>Parengti pagal\u00a0<\/strong>\u2013 \u0161iuo nustatymu apibr\u0117\u017eiamas pagrindinis ataskaitos tikslas. Yra du galimi variantai:<\/p>\n<ul>\n<li>Vairuotojai;<\/li>\n<li>Objektai.<\/li>\n<\/ul>\n<p>\u0160iuo atveju sukurtoje ataskaitoje bus rodoma informacija (<em>parametrai: kelion\u0117s atstumas, darbo prad\u017eios vieta ir kt.), <\/em>skirta pasirinktam ataskaitos \u0161altiniui<em>\u00a0(vairuotojams arba objektams). <\/em>Taigi jei pasirenkami objektai, tuomet bus rodoma informacija apie konkre\u010dius pasirinktus objektus.<\/p>\n<p><strong>Objektai\/Vairuotojai<\/strong>\u00a0(<em>priklauso nuo to, kuo paremta ataskaita)<\/em><strong>\u00a0<\/strong>\u2013<strong>\u00a0<\/strong>vartotojas gali pasirinkti, kuriems objektams ar vairuotojams bus sukurta ataskaita.<\/p>\n<p>Jei pasirenkami\u00a0<em>Objektai,<\/em> s\u0105ra\u0161e taip pat bus\u00a0<strong>grup\u0117s<\/strong>. Vartotojas gali pasirinkti vis\u0105 grup\u0119, pa\u017eym\u0117damas \u017eymim\u0105j\u012f langel\u012f \u0161alia grup\u0117s arba paspausdamas pliuso mygtuk\u0105, kad i\u0161pl\u0117st\u0173 grup\u0119 ir pamatyt\u0173, kokie objektai yra grup\u0117je. Nor\u0117damas suskleisti grup\u0119, vartotojas turi paspausti mygtuk\u0105 su minusu.\u00a0<strong>I\u0161 grup\u0117s galima pasirinkti individualius objektus<\/strong>. Svarbu pa\u017eym\u0117ti, kad jei yra pasirenkamas objektas, esantis keliose grup\u0117se, jis bus pa\u017eym\u0117tas visose grup\u0117se, kaip parodyta \u017eemiau esan\u010diame paveiksl\u0117lyje. Jei pasirenkama visa grup\u0117, \u017eymimasis langelis bus m\u0117lynas, o varnel\u0117 balta. Jei pasirenkama tik dalis grup\u0117s, \u017eymimajame langelyje bus m\u0117lynas kvadratas (pateikta \u017eemiau esan\u010diame paveiksl\u0117lyje). Vartotojas taip pat gali pasinaudoti paie\u0161ka, kad grei\u010diau rast\u0173 objektus ir grupes.<\/p>\n<p><a href=\"https:\/\/www.fmsdocumentation.com\/wp-content\/uploads\/2017\/10\/281LT.png\"><img loading=\"lazy\" decoding=\"async\" class=\"alignnone wp-image-1508 size-full\" src=\"https:\/\/www.fmsdocumentation.com\/wp-content\/uploads\/2017\/10\/281LT.png\" alt=\"\" width=\"573\" height=\"408\" srcset=\"https:\/\/www.fmsdocumentation.com\/wp-content\/uploads\/2017\/10\/281LT.png 573w, https:\/\/www.fmsdocumentation.com\/wp-content\/uploads\/2017\/10\/281LT-300x214.png 300w\" sizes=\"auto, (max-width: 573px) 100vw, 573px\" \/><\/a><\/p>\n<p>Pasirinkus\u00a0<em>Vairuotojai<\/em>, vairuotojai bus pateikti i\u0161skleid\u017eiamajame s\u0105ra\u0161e. Norint pasirinkti vairuotoj\u0105, vartotojas turi pa\u017eym\u0117ti \u017eymim\u0105j\u012f langel\u012f esant\u012f \u0161alia vairuotojo. Spustel\u0117jus \u017eymim\u0105j\u012f langel\u012f esant\u012f \u0161alia\u00a0\u201ePasirinkti visus\u201c bus pa\u017eym\u0117ti\/at\u017eym\u0117ti visi vairuotojai. Paie\u0161kos laukelyje kaskart \u012fvedus simbol\u012f, s\u0105ra\u0161as yra atnaujinamas automati\u0161kai. Pasirinkt\u0173 ir vis\u0173 vairuotoj\u0173 skai\u010dius atvaizduojamas vir\u0161uje, de\u0161iniajame s\u0105ra\u0161o kampe.<\/p>\n<p><a href=\"https:\/\/www.fmsdocumentation.com\/wp-content\/uploads\/2018\/12\/138LT-5.png\"><img loading=\"lazy\" decoding=\"async\" class=\"alignnone wp-image-6841 size-full\" src=\"https:\/\/www.fmsdocumentation.com\/wp-content\/uploads\/2018\/12\/138LT-5.png\" alt=\"\" width=\"495\" height=\"268\" srcset=\"https:\/\/www.fmsdocumentation.com\/wp-content\/uploads\/2018\/12\/138LT-5.png 495w, https:\/\/www.fmsdocumentation.com\/wp-content\/uploads\/2018\/12\/138LT-5-300x162.png 300w\" sizes=\"auto, (max-width: 495px) 100vw, 495px\" \/><\/a><\/p>\n<p>Pasirink\u0119s objektus ar vairuotojus, vartotojas turi pasirinkti ataskaitos gr\u016bpavimo bud\u0105:<\/p>\n<p><strong>Grupuoti pagal <\/strong>\u2013 galima nustatyti, kaip bus grupuojama ataskaita,. Galimi pasirinkimo variantai:<\/p>\n<ul>\n<li>Diena \u2013 duomenys bus grupuojami pagal dienas;<\/li>\n<li>\u012evykiai \u2013 duomenys bus grupuojami pagal \u012fvykius;<\/li>\n<li>Objektai \u2013 duomenys bus grupuojami pagal objektus.<\/li>\n<\/ul>\n<p>Po to vartotojas gali pasirinkti, kuriems <strong>\u012fvykiams <\/strong>bus kuriama \u0161i ataskaita. S\u0105ra\u0161as veikia taip pat, kaip ir vairuotoj\u0173 s\u0105ra\u0161as. \u012evesties langas veikia kaip paie\u0161kos juosta, s\u0105ra\u0161e pasirinkus \u012fvyk\u012f, jis bus prid\u0117tas \u012f juost\u0105 ir pa\u017eym\u0117tas m\u0117lyna spalva. Nor\u0117damas pa\u0161alinti \u012fvyk\u012f i\u0161 s\u0105ra\u0161o, vartotojas turi tiesiog paspausti balt\u0105 kry\u017eiuk\u0105 \u0161alia \u012fvykio pavadinimo. Jei \u012fvykis nepasirenkamas, jo ataskaitoje nebus.<\/p>\n<p><strong>Laikotarpis \u2013 <\/strong>nor\u0117damas pasirinkti laikotarp\u012f, vartotojas turi paspausti \u201ePasirinkite laiko interval\u0105\u201c, tuomet atidaromas kalendoriaus skydelis. Kalendorius identi\u0161kas visoje TPVS. Nor\u0117damas pasirinkti prad\u017eios \/ pabaigos dat\u0105, vartotojas turi pasirinkti vien\u0105 i\u0161 dat\u0173, o tuomet \u2013 kit\u0105. Pasirinktos dienos bus pa\u017eym\u0117tos m\u0117lyna spalva. Dabartin\u0117 diena pa\u017eym\u0117ta ma\u017eu m\u0117lynu trikampiu kair\u0117je dienos langelio pus\u0117je. Jei pasirenkama (pary\u0161kinama) dabartin\u0117 diena, trikampis tampa baltu. Pasirink\u0119s dienas, vartotojas gali nurodyti nuo kurios prad\u017eios datos valandos iki kurios pabaigos datos valandos rodyti duomenis. Norint i\u0161saugoti pakeitimus, vartotojas turi paspausti mygtuk\u0105 &#8220;Taikyti&#8221;, kitu atveju pakeitimai nebus i\u0161saugomi.<\/p>\n<p><a href=\"https:\/\/www.fmsdocumentation.com\/wp-content\/uploads\/2017\/10\/136LT.png\"><img loading=\"lazy\" decoding=\"async\" class=\"alignnone wp-image-1511 size-full\" src=\"https:\/\/www.fmsdocumentation.com\/wp-content\/uploads\/2017\/10\/136LT.png\" alt=\"\" width=\"587\" height=\"556\" srcset=\"https:\/\/www.fmsdocumentation.com\/wp-content\/uploads\/2017\/10\/136LT.png 587w, https:\/\/www.fmsdocumentation.com\/wp-content\/uploads\/2017\/10\/136LT-300x284.png 300w\" sizes=\"auto, (max-width: 587px) 100vw, 587px\" \/><\/a><\/p>\n<p>Trumpiausias laikotarpis yra viena diena. Norint pasirinkti vien\u0105 dien\u0105, reikia tiesiog kairiuoju pel\u0117s mygtuku dukart spustel\u0117ti pageidaujam\u0105 dien\u0105.<\/p>\n<p>Po laikotarpio laukelio seka <strong>stulpeli\u0173<\/strong><strong>\u00a0s\u0105ra\u0161as<\/strong>, kuriame pasirenkami parametrai, kurie bus pateikti ataskaitoje.\u00a0Pagal nutyl\u0117jim\u0105, ataskaitoje pateikiami \u0161ie parametrai:<\/p>\n<ul>\n<li>\u012evykio pavadinimas \u2013 at\u017eym\u0117ti negalima.<\/li>\n<li>\u012evykio prad\u017eios laikas \u2013 laikas, kada prasid\u0117jo \u012fvykis; parametro at\u017eym\u0117ti negalima;<\/li>\n<li>Trukm\u0117 \u2013 trukm\u0117 nuo \u012fvykio prad\u017eios ir pabaigos;<\/li>\n<li>\u012evykio b\u016bkl\u0117 \u2013 parodo, kas suk\u0117l\u0117 \u012fvyk\u012f.<\/li>\n<\/ul>\n<p>Kitus parametrus galima pasirinkti papildomai:<\/p>\n<ul>\n<li>Kelion\u0117s tipas \u2013 kelion\u0117s tipas, jei nustatyta (verslo ar privati).<\/li>\n<li>Koordinat\u0117s pabaigoje \u2013 \u012fvykio pabaigos vietos koordinat\u0117s;<\/li>\n<li>Koordinat\u0117s prad\u017eioje \u2013 \u012fvykio prad\u017eios vietos koordinat\u0117s;<\/li>\n<li>Objekto pavadinimas;<\/li>\n<li>Rida pabaigoje \u2013 rida \u012fvykiui pasibaigus;<\/li>\n<li>Rida prad\u017eioje \u2013 rida \u012fvykiui prasid\u0117jus;<\/li>\n<li>Vairuotojas \u2013 vairuotojo pavard\u0117;<\/li>\n<li>Vieta pabaigoje \u2013 \u012fvykio pabaigos vieta;<\/li>\n<li>Vieta prad\u017eioje \u2013 \u012fvykio prad\u017eios vieta;<\/li>\n<li>\u012evykio pabaigos laikas \u2013 laikas, kada baig\u0117si \u012fvykis.<\/li>\n<\/ul>\n<p>Galiausiai, vartotojas gali pasirinkti, ar \u012fgalinti ataskaitos santrauk\u0105.<\/p>\n<p><strong>Ataskaitos santrauka \u2013 <\/strong>\u012fgalinus \u0161i\u0105 parinkt\u012f, \u012f ataskait\u0105 bus \u012ftraukiama santrauka. Ataskaitoje bus apibendrinama visa informacija (<em>pavyzd\u017eiui, kelioni\u0173 ataskaita \u2013 ilgas vis\u0173 kelioni\u0173 s\u0105ra\u0161as. Santraukoje bus rodoma kiekvieno stulpelio suma, pavyzd\u017eiui, darbo trukm\u0117, sustojimo trukm\u0117 ir pan. tarsi visos kelion\u0117s b\u016bt\u0173 viena ilga kelion\u0117). <\/em>Pagal nutyl\u0117jim\u0105, \u0161i parinktis ne\u012fgalinta.<\/p>\n<p><a href=\"https:\/\/www.fmsdocumentation.com\/wp-content\/uploads\/2020\/08\/201LT.png\"><img loading=\"lazy\" decoding=\"async\" class=\"alignnone wp-image-9502 size-large\" src=\"https:\/\/www.fmsdocumentation.com\/wp-content\/uploads\/2020\/08\/201LT-1024x444.png\" alt=\"\" width=\"660\" height=\"286\" srcset=\"https:\/\/www.fmsdocumentation.com\/wp-content\/uploads\/2020\/08\/201LT-1024x444.png 1024w, https:\/\/www.fmsdocumentation.com\/wp-content\/uploads\/2020\/08\/201LT-300x130.png 300w, https:\/\/www.fmsdocumentation.com\/wp-content\/uploads\/2020\/08\/201LT-768x333.png 768w, https:\/\/www.fmsdocumentation.com\/wp-content\/uploads\/2020\/08\/201LT.png 1500w\" sizes=\"auto, (max-width: 660px) 100vw, 660px\" \/><\/a><\/p>\n<p>Nor\u0117damas u\u017ebaigti ir sukurti ataskait\u0105, vartotojas turi paspausti mygtuk\u0105 \u201eGeneruoti\u201c. Nor\u0117damas at\u0161aukti ataskaitos k\u016brim\u0105, vartotojas turi paspausti mygtuk\u0105 \u201eAt\u0161aukti\u201c, arba kur nors u\u017e ataskait\u0173 k\u016brimo lango rib\u0173.<\/p>\n<p><a href=\"https:\/\/www.fmsdocumentation.com\/wp-content\/uploads\/2017\/10\/202LT.png\"><img loading=\"lazy\" decoding=\"async\" class=\"alignnone wp-image-1513 size-full\" src=\"https:\/\/www.fmsdocumentation.com\/wp-content\/uploads\/2017\/10\/202LT.png\" alt=\"\" width=\"502\" height=\"69\" srcset=\"https:\/\/www.fmsdocumentation.com\/wp-content\/uploads\/2017\/10\/202LT.png 502w, https:\/\/www.fmsdocumentation.com\/wp-content\/uploads\/2017\/10\/202LT-300x41.png 300w\" sizes=\"auto, (max-width: 502px) 100vw, 502px\" \/><\/a><\/p>\n<hr \/>\n<p><div class=\"alignleft\"><a href=\"https:\/\/www.fmsdocumentation.com\/lt\/ataskaitu-meniu\/eco-drive-ataskaita\/\" title=\"&#8220;Eco-Drive&#8221; ataskaita\"><span class=\"arrow\">\u2039 &nbsp <\/span> &#8220;Eco-Drive&#8221; ataskaita <\/a><\/div> <div class=\"alignright\"><a href=\"https:\/\/www.fmsdocumentation.com\/lt\/ataskaitu-meniu\/kuro-bako-ataskaita\/\" title=\"Kuro bako ataskaita\">Kuro bako ataskaita <span class=\"arrow\"> &nbsp\u203a <\/span> <\/a><\/div><\/p>\n","protected":false},"excerpt":{"rendered":"<p>\u012evyki\u0173 ataskaita \u2013 \u0161ioje ataskaitoje d\u0117mesys skiriamas \u012fvykiams, j\u0173 laikui, trukmei bei kitiems parametrams \u012fvykio suaktyvinimo metu. Vartotojas pirmiausia turi pasirinkti, pagal k\u0105 bus sukurta \u0161i ataskaita. Parengti pagal\u00a0\u2013 \u0161iuo nustatymu apibr\u0117\u017eiamas pagrindinis ataskaitos tikslas. Yra du galimi variantai: Vairuotojai; Objektai. \u0160iuo atveju sukurtoje ataskaitoje bus rodoma informacija (parametrai: kelion\u0117s atstumas, darbo prad\u017eios vieta ir &hellip; <a href=\"https:\/\/www.fmsdocumentation.com\/lt\/ataskaitu-meniu\/ivykiu-ataskaita\/\" class=\"more-link\">Skaityti toliau: <span class=\"screen-reader-text\">\u012evyki\u0173 ataskaita<\/span><\/a><\/p>\n","protected":false},"author":1,"featured_media":0,"parent":1492,"menu_order":7,"comment_status":"closed","ping_status":"closed","template":"","meta":{"footnotes":""},"class_list":["post-1507","page","type-page","status-publish","hentry"],"_links":{"self":[{"href":"https:\/\/www.fmsdocumentation.com\/lt\/wp-json\/wp\/v2\/pages\/1507","targetHints":{"allow":["GET"]}}],"collection":[{"href":"https:\/\/www.fmsdocumentation.com\/lt\/wp-json\/wp\/v2\/pages"}],"about":[{"href":"https:\/\/www.fmsdocumentation.com\/lt\/wp-json\/wp\/v2\/types\/page"}],"author":[{"embeddable":true,"href":"https:\/\/www.fmsdocumentation.com\/lt\/wp-json\/wp\/v2\/users\/1"}],"replies":[{"embeddable":true,"href":"https:\/\/www.fmsdocumentation.com\/lt\/wp-json\/wp\/v2\/comments?post=1507"}],"version-history":[{"count":24,"href":"https:\/\/www.fmsdocumentation.com\/lt\/wp-json\/wp\/v2\/pages\/1507\/revisions"}],"predecessor-version":[{"id":9504,"href":"https:\/\/www.fmsdocumentation.com\/lt\/wp-json\/wp\/v2\/pages\/1507\/revisions\/9504"}],"up":[{"embeddable":true,"href":"https:\/\/www.fmsdocumentation.com\/lt\/wp-json\/wp\/v2\/pages\/1492"}],"wp:attachment":[{"href":"https:\/\/www.fmsdocumentation.com\/lt\/wp-json\/wp\/v2\/media?parent=1507"}],"curies":[{"name":"wp","href":"https:\/\/api.w.org\/{rel}","templated":true}]}}