{"id":1515,"date":"2017-10-04T05:22:08","date_gmt":"2017-10-04T05:22:08","guid":{"rendered":"http:\/\/www.fmsdocumentation.com\/?page_id=1515"},"modified":"2019-03-18T11:09:37","modified_gmt":"2019-03-18T09:09:37","slug":"kuro-bako-ataskaita","status":"publish","type":"page","link":"https:\/\/www.fmsdocumentation.com\/lt\/ataskaitu-meniu\/kuro-bako-ataskaita\/","title":{"rendered":"Kuro bako ataskaita"},"content":{"rendered":"<p><strong>Kuro bako ataskaita \u2013 <\/strong>\u0161io tipo ataskaitose d\u0117mesys i\u0161 esm\u0117s skiriamas kuro suvartojimui, pripildymui, nupylimui ir \u012fvairiems svyravimams. Vartotojas pirmiausia turi pasirinkti laikotarp\u012f, kuriam bus sukurta \u0161i ataskaita.<\/p>\n<p><strong>Laikotarpis \u2013 <\/strong>nor\u0117damas pasirinkti laikotarp\u012f, vartotojas turi paspausti \u201ePasirinkite laiko interval\u0105\u201c, tuomet atidaromas kalendoriaus skydelis. Kalendorius identi\u0161kas visoje TPVS. Nor\u0117damas pasirinkti prad\u017eios \/ pabaigos dat\u0105, vartotojas turi pasirinkti vien\u0105 i\u0161 dat\u0173, o tuomet \u2013 kit\u0105. Pasirinktos dienos bus pa\u017eym\u0117tos m\u0117lyna spalva. Dabartin\u0117 diena pa\u017eym\u0117ta ma\u017eu m\u0117lynu trikampiu kair\u0117je dienos langelio pus\u0117je. Jei pasirenkama (pary\u0161kinama) dabartin\u0117 diena, trikampis tampa baltu. Pasirink\u0119s dienas, vartotojas gali nurodyti nuo kurios prad\u017eios datos valandos iki kurios pabaigos datos valandos rodyti duomenis. Norint i\u0161saugoti pakeitimus, vartotojas turi paspausti mygtuk\u0105 \u201eTaikyti\u201c, kitu atveju pakeitimai nebus i\u0161saugomi.<\/p>\n<p><a href=\"https:\/\/www.fmsdocumentation.com\/wp-content\/uploads\/2017\/10\/136LT-1.png\"><img loading=\"lazy\" decoding=\"async\" class=\"alignnone wp-image-1516 size-full\" src=\"https:\/\/www.fmsdocumentation.com\/wp-content\/uploads\/2017\/10\/136LT-1.png\" alt=\"\" width=\"587\" height=\"556\" srcset=\"https:\/\/www.fmsdocumentation.com\/wp-content\/uploads\/2017\/10\/136LT-1.png 587w, https:\/\/www.fmsdocumentation.com\/wp-content\/uploads\/2017\/10\/136LT-1-300x284.png 300w\" sizes=\"auto, (max-width: 587px) 100vw, 587px\" \/><\/a><\/p>\n<p>Trumpiausias laikotarpis yra viena diena. Norint pasirinkti vien\u0105 dien\u0105, reikia tiesiog kairiuoju pel\u0117s mygtuku dukart spustel\u0117ti pageidaujam\u0105 dien\u0105. V\u0117liau vartotojas turi pasirinkti objektus, kuriems bus sukuriama \u0161i ataskaita.<\/p>\n<p>Objektai<strong> \u2013 <\/strong>vartotojas gali pasirinkti, kuriems objektams bus kuriama ataskaita. S\u0105ra\u0161e taip pat bus pateikiamos objekt\u0173 <strong>grup\u0117s<\/strong>. Vartotojas gali pasirinkti vis\u0105 grup\u0119, pa\u017eym\u0117damas \u017eymim\u0105j\u012f langel\u012f \u0161alia grup\u0117s arba paspausdamas pliuso mygtuk\u0105, kad i\u0161pl\u0117st\u0173 grup\u0119 ir pamatyt\u0173, kokie objektai yra grup\u0117je. Nor\u0117damas suskleisti grup\u0119, vartotojas turi paspausti mygtuk\u0105 su minusu.<strong>\u00a0I\u0161 grup\u0117s galima pasirinkti individualius objektus.<\/strong> Svarbu pa\u017eym\u0117ti, kad jei yra pasirenkamas objektas, esantis keliose grup\u0117se, jis bus pa\u017eym\u0117tas visose grup\u0117se, kaip parodyta \u017eemiau esan\u010diame paveiksl\u0117lyje. Jei pasirenkama visa grup\u0117, \u017eymimasis langelis bus m\u0117lynas, o varnel\u0117 balta. Jei pasirenkama tik dalis grup\u0117s, \u017eymimajame langelyje bus m\u0117lynas kvadratas (pateikta \u017eemiau esan\u010diame paveiksl\u0117lyje) Vartotojas taip pat gali pasinaudoti paie\u0161ka, kad grei\u010diau rast\u0173 objektus ir grupes.<\/p>\n<p><a href=\"https:\/\/www.fmsdocumentation.com\/wp-content\/uploads\/2017\/10\/281LT-1.png\"><img loading=\"lazy\" decoding=\"async\" class=\"alignnone wp-image-1517 size-full\" src=\"https:\/\/www.fmsdocumentation.com\/wp-content\/uploads\/2017\/10\/281LT-1.png\" alt=\"\" width=\"573\" height=\"408\" srcset=\"https:\/\/www.fmsdocumentation.com\/wp-content\/uploads\/2017\/10\/281LT-1.png 573w, https:\/\/www.fmsdocumentation.com\/wp-content\/uploads\/2017\/10\/281LT-1-300x214.png 300w\" sizes=\"auto, (max-width: 573px) 100vw, 573px\" \/><\/a><\/p>\n<p><strong>Grafos s\u0105ra\u0161o santrauka \u2013 <\/strong>\u0161iame laukelyje galima pasirinkti, kurios skiltys bus \u012ftrauktos \u012f ataskaitos santrauk\u0105 (ataskaitos santrauka \u0161iam ataskaitos tipui \u012fgalinama pagal nutyl\u0117jim\u0105). Vienai ataskaitai galima pasirinkti iki 9 skil\u010di\u0173.\u00a0Galima pasirinkti i\u0161 28 skil\u010di\u0173, kuri\u0173 turinys ai\u0161kus i\u0161 pavadinim\u0173.<\/p>\n<p>Pasirink\u0119s, kokias skiltis \u012ftraukti, vartotojas turi pasirinkti <strong>grafos s\u0105ra\u0161\u0105. <\/strong>Pagal nutyl\u0117jim\u0105, ataskaitoje bus pateikiami \u0161ie parametrai (juos galima pa\u017eym\u0117ti):<\/p>\n<ul>\n<li>Prad\u017eios data ir laikas \u2013 data ir laikas, kada buvo u\u017eregistruotas kuro lygio pokytis;<\/li>\n<li>Kuro lygis prad\u017eioje \u2013 kuro lygis u\u017eregistruoto kuro lygio poky\u010dio prad\u017eioje;<\/li>\n<li>Kuro lygis pabaigoje \u2013 kuro lygis u\u017eregistruoto kuro lygio poky\u010dio pabaigoje;<\/li>\n<li>Skirtumas \u2013 skirtumas tarp kuro lygio prad\u017eioje ir pabaigoje.<\/li>\n<\/ul>\n<p>Kiti parametrai, kuriuos galima pasirinkti <strong>grafos s\u0105ra\u0161e:<\/strong><\/p>\n<ul>\n<li>Vairuotojas \u2013 vairuotojo pavard\u0117;<\/li>\n<li>Pabaigos data ir laikas \u2013 data ir laikas, kada buvo u\u017eregistruotas kuro lygio pokytis;<\/li>\n<li>Vieta \u012fvykio prad\u017eioje \u2013 \u012fvykio prad\u017eios vieta.<\/li>\n<\/ul>\n<p>Pasirink\u0119s parametrus skiltyse, vartotojas gali aktyvinti arba i\u0161aktyvinti \u0161\u012f ataskaitos turin\u012f:<\/p>\n<ul>\n<li><strong>Rodyti duomenis pagal pl\u016bdes \u2013 <\/strong>pagal nutyl\u0117jim\u0105 i\u0161jungta; ataskaitos informacija bus rodoma atskirai kiekvienam kuro lygio davikliui (jei \u012fdiegti keli kuro lygio davikliai);<\/li>\n<li><strong>Ataskaitos santrauka <\/strong>\u2013 pagal nutyl\u0117jim\u0105 \u012fgalinta; santrauka \u012ftraukiama \u012f ataskait\u0105. Apibendrinama visa ataskaitos informacija ir \u012f santrauk\u0105 \u012fterpiamos anks\u010diau pasirinktos skiltys;<\/li>\n<li><strong>Rodyti kuro lygio grafik\u0105 <\/strong>\u2013 pagal nutyl\u0117jim\u0105 \u012fgalinta; \u012f sukurt\u0105 ataskait\u0105 \u012ftraukiamas kuro lygio grafikas;<\/li>\n<li><strong>Rodyti \u017eem\u0117lap\u012f <\/strong>\u2013 pagal nutyl\u0117jim\u0105 \u012fgalinta; \u012f ataskait\u0105 \u012ftraukiamas \u017eem\u0117lapis, kuriame pa\u017eym\u0117ti visi nupylimo \/ pripildymo \u012fvykiai.<\/li>\n<\/ul>\n<p><a href=\"https:\/\/www.fmsdocumentation.com\/wp-content\/uploads\/2017\/10\/203LT.png\"><img loading=\"lazy\" decoding=\"async\" class=\"alignnone wp-image-1518 size-large\" src=\"https:\/\/www.fmsdocumentation.com\/wp-content\/uploads\/2017\/10\/203LT-1024x459.png\" alt=\"\" width=\"660\" height=\"296\" srcset=\"https:\/\/www.fmsdocumentation.com\/wp-content\/uploads\/2017\/10\/203LT-1024x459.png 1024w, https:\/\/www.fmsdocumentation.com\/wp-content\/uploads\/2017\/10\/203LT-300x134.png 300w, https:\/\/www.fmsdocumentation.com\/wp-content\/uploads\/2017\/10\/203LT-768x344.png 768w, https:\/\/www.fmsdocumentation.com\/wp-content\/uploads\/2017\/10\/203LT.png 1216w\" sizes=\"auto, (max-width: 660px) 100vw, 660px\" \/><\/a><\/p>\n<p>Nor\u0117damas u\u017ebaigti ir sukurti ataskait\u0105, vartotojas turi paspausti mygtuk\u0105 \u201eGeneruoti\u201c. Nor\u0117damas at\u0161aukti ataskaitos k\u016brim\u0105, vartotojas turi paspausti mygtuk\u0105 \u201eAt\u0161aukti\u201c, arba kur nors u\u017e ataskait\u0173 k\u016brimo lango rib\u0173.<\/p>\n<p><a href=\"https:\/\/www.fmsdocumentation.com\/wp-content\/uploads\/2017\/10\/202LT-1.png\"><img loading=\"lazy\" decoding=\"async\" class=\"alignnone wp-image-1519 size-full\" src=\"https:\/\/www.fmsdocumentation.com\/wp-content\/uploads\/2017\/10\/202LT-1.png\" alt=\"\" width=\"502\" height=\"69\" srcset=\"https:\/\/www.fmsdocumentation.com\/wp-content\/uploads\/2017\/10\/202LT-1.png 502w, https:\/\/www.fmsdocumentation.com\/wp-content\/uploads\/2017\/10\/202LT-1-300x41.png 300w\" sizes=\"auto, (max-width: 502px) 100vw, 502px\" \/><\/a><\/p>\n<hr \/>\n<p><div class=\"alignleft\"><a href=\"https:\/\/www.fmsdocumentation.com\/lt\/ataskaitu-meniu\/ivykiu-ataskaita\/\" title=\"\u012evyki\u0173 ataskaita\"><span class=\"arrow\">\u2039 &nbsp <\/span> \u012evyki\u0173 ataskaita <\/a><\/div> <div class=\"alignright\"><a href=\"https:\/\/www.fmsdocumentation.com\/lt\/ataskaitu-meniu\/geozonu-ataskaita\/\" title=\"Geozon\u0173 ataskaita\">Geozon\u0173 ataskaita <span class=\"arrow\"> &nbsp\u203a <\/span> <\/a><\/div><\/p>\n","protected":false},"excerpt":{"rendered":"<p>Kuro bako ataskaita \u2013 \u0161io tipo ataskaitose d\u0117mesys i\u0161 esm\u0117s skiriamas kuro suvartojimui, pripildymui, nupylimui ir \u012fvairiems svyravimams. Vartotojas pirmiausia turi pasirinkti laikotarp\u012f, kuriam bus sukurta \u0161i ataskaita. Laikotarpis \u2013 nor\u0117damas pasirinkti laikotarp\u012f, vartotojas turi paspausti \u201ePasirinkite laiko interval\u0105\u201c, tuomet atidaromas kalendoriaus skydelis. Kalendorius identi\u0161kas visoje TPVS. Nor\u0117damas pasirinkti prad\u017eios \/ pabaigos dat\u0105, vartotojas turi &hellip; <a href=\"https:\/\/www.fmsdocumentation.com\/lt\/ataskaitu-meniu\/kuro-bako-ataskaita\/\" class=\"more-link\">Skaityti toliau: <span class=\"screen-reader-text\">Kuro bako ataskaita<\/span><\/a><\/p>\n","protected":false},"author":1,"featured_media":0,"parent":1492,"menu_order":8,"comment_status":"closed","ping_status":"closed","template":"","meta":{"footnotes":""},"class_list":["post-1515","page","type-page","status-publish","hentry"],"_links":{"self":[{"href":"https:\/\/www.fmsdocumentation.com\/lt\/wp-json\/wp\/v2\/pages\/1515","targetHints":{"allow":["GET"]}}],"collection":[{"href":"https:\/\/www.fmsdocumentation.com\/lt\/wp-json\/wp\/v2\/pages"}],"about":[{"href":"https:\/\/www.fmsdocumentation.com\/lt\/wp-json\/wp\/v2\/types\/page"}],"author":[{"embeddable":true,"href":"https:\/\/www.fmsdocumentation.com\/lt\/wp-json\/wp\/v2\/users\/1"}],"replies":[{"embeddable":true,"href":"https:\/\/www.fmsdocumentation.com\/lt\/wp-json\/wp\/v2\/comments?post=1515"}],"version-history":[{"count":11,"href":"https:\/\/www.fmsdocumentation.com\/lt\/wp-json\/wp\/v2\/pages\/1515\/revisions"}],"predecessor-version":[{"id":7420,"href":"https:\/\/www.fmsdocumentation.com\/lt\/wp-json\/wp\/v2\/pages\/1515\/revisions\/7420"}],"up":[{"embeddable":true,"href":"https:\/\/www.fmsdocumentation.com\/lt\/wp-json\/wp\/v2\/pages\/1492"}],"wp:attachment":[{"href":"https:\/\/www.fmsdocumentation.com\/lt\/wp-json\/wp\/v2\/media?parent=1515"}],"curies":[{"name":"wp","href":"https:\/\/api.w.org\/{rel}","templated":true}]}}