{"id":1521,"date":"2017-10-04T05:31:17","date_gmt":"2017-10-04T05:31:17","guid":{"rendered":"http:\/\/www.fmsdocumentation.com\/?page_id=1521"},"modified":"2021-10-13T11:39:30","modified_gmt":"2021-10-13T08:39:30","slug":"geozonu-ataskaita","status":"publish","type":"page","link":"https:\/\/www.fmsdocumentation.com\/lt\/ataskaitu-meniu\/geozonu-ataskaita\/","title":{"rendered":"Geozon\u0173 ataskaita"},"content":{"rendered":"\n<p><strong>Geozon\u0173 ataskaita <\/strong>\u2013 \u0161ioje ataskaitoje d\u0117mesys skiriamas veiklai konkre\u010diose geozonose ir aplink jas. \u0160ias zonas vartotojas nustato <a href=\"https:\/\/www.fmsdocumentation.com\/lt\/geozonu-meniu\/?lang=lt\">geozon\u0173 meniu<\/a>. Vartotojas pirmiausia turi pasirinkti laikotarp\u012f, kuriam bus sukurta \u0161i ataskaita.<\/p>\n\n\n\n<p><strong>Laikotarpis&nbsp;<\/strong>\u2013 nor\u0117damas pasirinkti laikotarp\u012f, vartotojas turi paspausti \u201ePasirinkite laiko interval\u0105\u201c, tuomet atidaromas kalendoriaus skydelis. Kalendorius identi\u0161kas visoje TPVS. Nor\u0117damas pasirinkti prad\u017eios \/ pabaigos dat\u0105, vartotojas turi pasirinkti vien\u0105 i\u0161 dat\u0173, o tuomet \u2013 kit\u0105. Pasirinktos dienos bus pa\u017eym\u0117tos m\u0117lyna spalva. Dabartin\u0117 diena pa\u017eym\u0117ta ma\u017eu m\u0117lynu trikampiu kair\u0117je dienos langelio pus\u0117je. Jei pasirenkama (pary\u0161kinama) dabartin\u0117 diena, trikampis tampa baltu. Pasirink\u0119s dienas, vartotojas gali nurodyti nuo kurios prad\u017eios datos valandos iki kurios pabaigos datos valandos rodyti duomenis. Norint i\u0161saugoti pakeitimus, vartotojas turi paspausti mygtuk\u0105 \u201eTaikyti\u201c, kitu atveju pakeitimai nebus i\u0161saugomi.<\/p>\n\n\n\n<figure class=\"wp-block-image\"><a href=\"https:\/\/www.fmsdocumentation.com\/wp-content\/uploads\/2017\/10\/136LT-2.png\"><img loading=\"lazy\" decoding=\"async\" width=\"587\" height=\"556\" src=\"https:\/\/www.fmsdocumentation.com\/wp-content\/uploads\/2017\/10\/136LT-2.png\" alt=\"\" class=\"wp-image-1522\" srcset=\"https:\/\/www.fmsdocumentation.com\/wp-content\/uploads\/2017\/10\/136LT-2.png 587w, https:\/\/www.fmsdocumentation.com\/wp-content\/uploads\/2017\/10\/136LT-2-300x284.png 300w\" sizes=\"auto, (max-width: 587px) 100vw, 587px\" \/><\/a><\/figure>\n\n\n\n<p>Trumpiausias laikotarpis yra viena diena. Norint pasirinkti vien\u0105 dien\u0105, reikia tiesiog kairiuoju pel\u0117s mygtuku dukart spustel\u0117ti pageidaujam\u0105 dien\u0105. V\u0117liau vartotojas turi pasirinkti objektus, kuriems bus sukuriama \u0161i ataskaita.<\/p>\n\n\n\n<p><strong>Parengti pagal&nbsp;<\/strong>\u2013 \u0161iuo nustatymu apibr\u0117\u017eiamas pagrindinis ataskaitos tikslas. Yra du galimi variantai:<\/p>\n\n\n\n<ul class=\"wp-block-list\"><li>Vairuotojai;<\/li><li>Objektai.<\/li><\/ul>\n\n\n\n<p>\u0160iuo atveju sukurtoje ataskaitoje bus rodoma informacija <em>(parametrai: kelion\u0117s atstumas, darbo prad\u017eios vieta ir kt.),&nbsp;<\/em>skirta pasirinktam ataskaitos \u0161altiniui<em>&nbsp;(vairuotojams arba objektams).&nbsp;<\/em>Taigi jei pasirenkami objektai, tuomet bus rodoma informacija apie konkre\u010dius pasirinktus objektus.<\/p>\n\n\n\n<p><strong>Objektai\/Vairuotojai<\/strong>&nbsp;(<em>priklauso nuo to, kuo paremta ataskaita)&nbsp;<\/em><strong>&nbsp;\u2013&nbsp;<\/strong>vartotojas gali pasirinkti, kuriems objektams ar vairuotojams bus sukurta ataskaita.<\/p>\n\n\n\n<p>Jei pasirenkami&nbsp;<em>Objektai<\/em>, s\u0105ra\u0161e taip pat bus&nbsp;<strong>grup\u0117s<\/strong>. Vartotojas gali pasirinkti vis\u0105 grup\u0119, pa\u017eym\u0117damas \u017eymim\u0105j\u012f langel\u012f \u0161alia grup\u0117s arba paspausdamas pliuso mygtuk\u0105, kad i\u0161pl\u0117st\u0173 grup\u0119 ir pamatyt\u0173, kokie objektai yra grup\u0117je. Nor\u0117damas suskleisti grup\u0119, vartotojas turi paspausti mygtuk\u0105 su minusu.&nbsp;<strong>I\u0161 grup\u0117s galima pasirinkti individualius objektus<\/strong>. Svarbu pa\u017eym\u0117ti, kad jei yra pasirenkamas objektas, esantis keliose grup\u0117se, jis bus pa\u017eym\u0117tas visose grup\u0117se, kaip parodyta \u017eemiau esan\u010diame paveiksl\u0117lyje. Jei pasirenkama visa grup\u0117, \u017eymimasis langelis bus m\u0117lynas, o varnel\u0117 balta. Jei pasirenkama tik dalis grup\u0117s, \u017eymimajame langelyje bus m\u0117lynas kvadratas (pateikta \u017eemiau esan\u010diame paveiksl\u0117lyje). Vartotojas taip pat gali pasinaudoti paie\u0161ka, kad grei\u010diau rast\u0173 objektus ir grupes.<\/p>\n\n\n\n<figure class=\"wp-block-image\"><a href=\"https:\/\/www.fmsdocumentation.com\/wp-content\/uploads\/2017\/10\/281LT-2.png\"><img loading=\"lazy\" decoding=\"async\" width=\"573\" height=\"408\" src=\"https:\/\/www.fmsdocumentation.com\/wp-content\/uploads\/2017\/10\/281LT-2.png\" alt=\"\" class=\"wp-image-1523\" srcset=\"https:\/\/www.fmsdocumentation.com\/wp-content\/uploads\/2017\/10\/281LT-2.png 573w, https:\/\/www.fmsdocumentation.com\/wp-content\/uploads\/2017\/10\/281LT-2-300x214.png 300w\" sizes=\"auto, (max-width: 573px) 100vw, 573px\" \/><\/a><\/figure>\n\n\n\n<p>Pasirinkus&nbsp;<em>Vairuotojai<\/em>, vairuotojai bus pateikti i\u0161skleid\u017eiamajame s\u0105ra\u0161e. Norint pasirinkti vairuotoj\u0105, vartotojas turi pa\u017eym\u0117ti \u017eymim\u0105j\u012f langel\u012f esant\u012f \u0161alia vairuotojo. Spustel\u0117jus \u017eymim\u0105j\u012f langel\u012f esant\u012f \u0161alia&nbsp;\u201ePasirinkti visus\u201c bus pa\u017eym\u0117ti\/at\u017eym\u0117ti visi vairuotojai. Paie\u0161kos laukelyje kaskart \u012fvedus simbol\u012f, s\u0105ra\u0161as yra atnaujinamas automati\u0161kai. Pasirinkt\u0173 ir vis\u0173 vairuotoj\u0173 skai\u010dius atvaizduojamas vir\u0161uje, de\u0161iniajame s\u0105ra\u0161o kampe.<\/p>\n\n\n\n<figure class=\"wp-block-image\"><a href=\"https:\/\/www.fmsdocumentation.com\/wp-content\/uploads\/2018\/12\/138LT-6.png\"><img loading=\"lazy\" decoding=\"async\" width=\"495\" height=\"268\" src=\"https:\/\/www.fmsdocumentation.com\/wp-content\/uploads\/2018\/12\/138LT-6.png\" alt=\"\" class=\"wp-image-6852\" srcset=\"https:\/\/www.fmsdocumentation.com\/wp-content\/uploads\/2018\/12\/138LT-6.png 495w, https:\/\/www.fmsdocumentation.com\/wp-content\/uploads\/2018\/12\/138LT-6-300x162.png 300w\" sizes=\"auto, (max-width: 495px) 100vw, 495px\" \/><\/a><\/figure>\n\n\n\n<p>Pasirink\u0119s parametrus, vartotojas turi pasirinkti <strong>geozonas<\/strong>, kurioms bus kuriama \u0161i ataskaita, tad ataskaitoje bus rodomi tik su pasirinktomis geozonomis susij\u0119 \u012fvykiai. Galima pasirinkti geozon\u0173 grup\u0119 arba kiekvien\u0105 individualiai. Pasirinkti galima iki 500 geozon\u0173.  \u0160is procesas toks pat kaip ir renkantis vairuotojus \/ objektus.<\/p>\n\n\n\n<p><strong>Grupuoti pagal <\/strong>\u2013 galima nustatyti, kaip bus grupuojama ataskaita. Galimi pasirinkimai:<\/p>\n\n\n\n<ul class=\"wp-block-list\"><li>Geozona<\/li><li>Objektas<\/li><\/ul>\n\n\n\n<p><strong>Rodyti suma\u017eint\u0105 ataskaitos versija<\/strong> \u2013 pagal nutyl\u0117jim\u0105 i\u0161jungta. \u012eprastu atveju visi vienam objektui \/ vairuotojui priklausantys geozon\u0173 duomenys yra pateikiami atskirose lentel\u0117se pagal dien\u0105. \u012egalinus \u0161i\u0105 parinkt\u012f, duomenys bus sutraukti \u012f vien\u0105 santraukos bei detalios informacijos lentel\u0119. \u012egalinus \u0161i\u0105 parinkt\u012f i\u0161jungiama <strong>Ataskaitos santraukos<\/strong> parinktis;<\/p>\n\n\n\n<p>Toliau vartotojas turi sukonfig\u016bruoti <strong>grafos&nbsp;s\u0105ra\u0161\u0105<\/strong>. Ataskaitoje pateikiami \u0161ie numatytieji parametrai:<\/p>\n\n\n\n<ul class=\"wp-block-list\"><li>Geografin\u0117s zonos pavadinimas \u2013 geozonos, \u012f kuri\u0105 patekta ar kuri palikta, pavadinimas. Negalima at\u017eym\u0117ti.<\/li><li>I\u0161vykimo laikas \u2013 data ir laikas, kada vairuotojas \/ transporto priemon\u0117 paliko i\u0161 anksto nustatyt\u0105 geozon\u0105. Negalima at\u017eym\u0117ti.<\/li><li>\u012evedimo laikas \u2013 data ir laikas, kada vairuotojas \/ transporto priemon\u0117 pateko \u012f i\u0161 anksto nustatyt\u0105 geozon\u0105. Negalima at\u017eym\u0117ti.<\/li><\/ul>\n\n\n\n<p>Kiti pasirenkami parametrai, kuriuos galima pa\u017eym\u0117ti <strong>grafos&nbsp;s\u0105ra\u0161e<\/strong>:<\/p>\n\n\n\n<ul class=\"wp-block-list\"><li>Buvimo laikas \u2013 visas geozonoje per dien\u0105 praleistas laikas<\/li><li>DIN X (kai X = 1 ~ 4) darbo trukm\u0117 \u2013 bus rodomas transporto priemon\u0117s darbo laikas (jei degimas nustatytas pagal pasirinkt\u0105 DIN 1 ~ 4)<\/li><li>Nuva\u017eiuota rida \u2013 geozonoje per dien\u0105 nuva\u017eiuota rida<\/li><li>Pabaigos vieta \u2013 vieta, kurioje vairuotojas \/ objektas paliko geozon\u0105<\/li><li>Prad\u017eios vieta \u2013 vieta, kurioje vairuotojas \/ objektas pateko \u012f geozon\u0105<\/li><li>Rida pabaigoje \u2013 rida i\u0161va\u017eiavus i\u0161 geozonos<\/li><li>Rida prad\u017eioje \u2013 rida \u012fva\u017eiavus \u012f geozon\u0105<\/li><li>Sustojimo trukm\u0117 \u2013 laikas, kur\u012f buvo i\u0161jungtas degimas<\/li><li>Suvartota kuro \u2013 geozonoje suvartotas kuras litrais<\/li><li>Vairavimo trukm\u0117 \u2013 laikas, kur\u012f buvo \u012fjungtas degimas<\/li><li>Vairuotojo vardas, pavard\u0117 \u2013 vairuotojo pavadinimas<\/li><li>Vidutin\u0117s kuro s\u0105naudos \u2013 vidutin\u0117s kuro sanaudos geozonoje<\/li><\/ul>\n\n\n\n<p><strong>Ataskaitos santrauka <\/strong>\u2013 pagal nutyl\u0117jim\u0105 \u012fgalinta. Santrauka \u012ftraukiama \u012f ataskait\u0105. Apibendrinama visa ataskaitos informacija ir \u012f santrauk\u0105 \u012fterpiamos anks\u010diau pasirinktos skiltys.<\/p>\n\n\n\n<p>\u0160ie stulpeliai bus automati\u0161kai \u012ftraukti \u012f ataskait\u0105:<\/p>\n\n\n\n<ul class=\"wp-block-list\"><li>Transporto priemon\u0117 \u2013 transporto priemon\u0117s pavadinimas. Negalima at\u017eym\u0117ti.<\/li><\/ul>\n\n\n\n<p>Kiti papildomi parametrai gali b\u016bti pasirenkami i\u0161 <strong>ataskaitos stulpeli\u0173 s\u0105ra\u0161o<\/strong>:<\/p>\n\n\n\n<ul class=\"wp-block-list\"><li>Buvimo laikas \u2013 visas geozonoje per dien\u0105 praleistas laikas<\/li><li>Nuva\u017eiuota rida \u2013 geozonoje per dien\u0105 nuva\u017eiuota rida<\/li><li>Sustojimo trukm\u0117 \u2013 laikas, kur\u012f buvo i\u0161jungtas degimas<\/li><li>Suvartota kuro \u2013 geozonoje suvartotas kuras litrais<\/li><li>Vairavimo trukm\u0117 \u2013 laikas, kur\u012f buvo \u012fjungtas degimas<\/li><li>\u012evesta \u012f geografines zonas \u2013 kiek kart\u0173 vairuotojas\/transporto priemon\u0117 \u012fva\u017eiavo \u012f nustatytas geozonas<\/li><\/ul>\n\n\n\n<figure class=\"wp-block-image\"><a href=\"https:\/\/www.fmsdocumentation.com\/wp-content\/uploads\/2020\/09\/222LT.png\"><img loading=\"lazy\" decoding=\"async\" width=\"1024\" height=\"434\" src=\"https:\/\/www.fmsdocumentation.com\/wp-content\/uploads\/2020\/09\/222LT-1024x434.png\" alt=\"\" class=\"wp-image-9923\" srcset=\"https:\/\/www.fmsdocumentation.com\/wp-content\/uploads\/2020\/09\/222LT-1024x434.png 1024w, https:\/\/www.fmsdocumentation.com\/wp-content\/uploads\/2020\/09\/222LT-300x127.png 300w, https:\/\/www.fmsdocumentation.com\/wp-content\/uploads\/2020\/09\/222LT-768x326.png 768w, https:\/\/www.fmsdocumentation.com\/wp-content\/uploads\/2020\/09\/222LT.png 1493w\" sizes=\"auto, (max-width: 1024px) 100vw, 1024px\" \/><\/a><\/figure>\n\n\n\n<p>Nor\u0117damas u\u017ebaigti ir sukurti ataskait\u0105, vartotojas turi paspausti mygtuk\u0105 \u201eGeneruoti\u201c. Nor\u0117damas at\u0161aukti ataskaitos k\u016brim\u0105, vartotojas turi paspausti mygtuk\u0105 \u201eAt\u0161aukti\u201c, arba kur nors u\u017e ataskait\u0173 k\u016brimo lango rib\u0173.<\/p>\n\n\n\n<figure class=\"wp-block-image\"><a href=\"https:\/\/www.fmsdocumentation.com\/wp-content\/uploads\/2017\/10\/202LT-2.png\"><img loading=\"lazy\" decoding=\"async\" width=\"502\" height=\"69\" src=\"https:\/\/www.fmsdocumentation.com\/wp-content\/uploads\/2017\/10\/202LT-2.png\" alt=\"\" class=\"wp-image-1528\" srcset=\"https:\/\/www.fmsdocumentation.com\/wp-content\/uploads\/2017\/10\/202LT-2.png 502w, https:\/\/www.fmsdocumentation.com\/wp-content\/uploads\/2017\/10\/202LT-2-300x41.png 300w\" sizes=\"auto, (max-width: 502px) 100vw, 502px\" \/><\/a><\/figure>\n\n\n\n<hr class=\"wp-block-separator\"\/>\n\n\n\n<p><div class=\"alignleft\"><a href=\"https:\/\/www.fmsdocumentation.com\/lt\/ataskaitu-meniu\/kuro-bako-ataskaita\/\" title=\"Kuro bako ataskaita\"><span class=\"arrow\">\u2039 &nbsp <\/span> Kuro bako ataskaita <\/a><\/div> <div class=\"alignright\"><a href=\"https:\/\/www.fmsdocumentation.com\/lt\/ataskaitu-meniu\/virsytu-parametru-ataskaita\/\" title=\"Vir\u0161yt\u0173 parametr\u0173 ataskaita\">Vir\u0161yt\u0173 parametr\u0173 ataskaita <span class=\"arrow\"> &nbsp\u203a <\/span> <\/a><\/div><\/p>\n","protected":false},"excerpt":{"rendered":"<p>Geozon\u0173 ataskaita \u2013 \u0161ioje ataskaitoje d\u0117mesys skiriamas veiklai konkre\u010diose geozonose ir aplink jas. \u0160ias zonas vartotojas nustato geozon\u0173 meniu. Vartotojas pirmiausia turi pasirinkti laikotarp\u012f, kuriam bus sukurta \u0161i ataskaita. Laikotarpis&nbsp;\u2013 nor\u0117damas pasirinkti laikotarp\u012f, vartotojas turi paspausti \u201ePasirinkite laiko interval\u0105\u201c, tuomet atidaromas kalendoriaus skydelis. Kalendorius identi\u0161kas visoje TPVS. Nor\u0117damas pasirinkti prad\u017eios \/ pabaigos dat\u0105, vartotojas turi &hellip; <a href=\"https:\/\/www.fmsdocumentation.com\/lt\/ataskaitu-meniu\/geozonu-ataskaita\/\" class=\"more-link\">Skaityti toliau: <span class=\"screen-reader-text\">Geozon\u0173 ataskaita<\/span><\/a><\/p>\n","protected":false},"author":1,"featured_media":0,"parent":1492,"menu_order":9,"comment_status":"closed","ping_status":"closed","template":"","meta":{"footnotes":""},"class_list":["post-1521","page","type-page","status-publish","hentry"],"_links":{"self":[{"href":"https:\/\/www.fmsdocumentation.com\/lt\/wp-json\/wp\/v2\/pages\/1521","targetHints":{"allow":["GET"]}}],"collection":[{"href":"https:\/\/www.fmsdocumentation.com\/lt\/wp-json\/wp\/v2\/pages"}],"about":[{"href":"https:\/\/www.fmsdocumentation.com\/lt\/wp-json\/wp\/v2\/types\/page"}],"author":[{"embeddable":true,"href":"https:\/\/www.fmsdocumentation.com\/lt\/wp-json\/wp\/v2\/users\/1"}],"replies":[{"embeddable":true,"href":"https:\/\/www.fmsdocumentation.com\/lt\/wp-json\/wp\/v2\/comments?post=1521"}],"version-history":[{"count":22,"href":"https:\/\/www.fmsdocumentation.com\/lt\/wp-json\/wp\/v2\/pages\/1521\/revisions"}],"predecessor-version":[{"id":10750,"href":"https:\/\/www.fmsdocumentation.com\/lt\/wp-json\/wp\/v2\/pages\/1521\/revisions\/10750"}],"up":[{"embeddable":true,"href":"https:\/\/www.fmsdocumentation.com\/lt\/wp-json\/wp\/v2\/pages\/1492"}],"wp:attachment":[{"href":"https:\/\/www.fmsdocumentation.com\/lt\/wp-json\/wp\/v2\/media?parent=1521"}],"curies":[{"name":"wp","href":"https:\/\/api.w.org\/{rel}","templated":true}]}}