{"id":1530,"date":"2017-10-04T05:34:57","date_gmt":"2017-10-04T05:34:57","guid":{"rendered":"http:\/\/www.fmsdocumentation.com\/?page_id=1530"},"modified":"2020-09-16T14:07:23","modified_gmt":"2020-09-16T11:07:23","slug":"temperaturu-ataskaita","status":"publish","type":"page","link":"https:\/\/www.fmsdocumentation.com\/lt\/ataskaitu-meniu\/temperaturu-ataskaita\/","title":{"rendered":"Temperat\u016br\u0173 ataskaita"},"content":{"rendered":"<p><strong>Temperat\u016br\u0173 ataskaita<\/strong> \u2013 \u0161iame ataskaitos tipe d\u0117mesys skiriamas duomenims i\u0161 temperat\u016br\u0173 davikli\u0173. Vartotojas pirmiausia turi pasirinkti laikotarp\u012f, kuriam bus sukurta \u0161i ataskaita.<\/p>\n<p><strong>Laikotarpis \u2013\u00a0<\/strong>nor\u0117damas pasirinkti laikotarp\u012f, vartotojas turi paspausti <strong>Pasirinkite laiko interval\u0105<\/strong>, tuomet atidaromas kalendoriaus skydelis. Kalendorius identi\u0161kas visoje TPVS. Nor\u0117damas pasirinkti prad\u017eios \/ pabaigos dat\u0105, vartotojas turi pasirinkti vien\u0105 i\u0161 dat\u0173, o tuomet \u2013 kit\u0105. Pasirinktos dienos bus pa\u017eym\u0117tos m\u0117lyna spalva. Dabartin\u0117 diena pa\u017eym\u0117ta ma\u017eu m\u0117lynu trikampiu kair\u0117je dienos langelio pus\u0117je. Jei pasirenkama (pary\u0161kinama) dabartin\u0117 diena, trikampis tampa baltu. Pasirink\u0119s dienas, vartotojas gali nurodyti nuo kurios prad\u017eios datos valandos iki kurios pabaigos datos valandos rodyti duomenis. Norint i\u0161saugoti pakeitimus, vartotojas turi paspausti mygtuk\u0105 <strong>Taikyti<\/strong>, kitu atveju pakeitimai nebus i\u0161saugomi.<\/p>\n<p><a href=\"https:\/\/www.fmsdocumentation.com\/wp-content\/uploads\/2017\/10\/136LT-3.png\"><img loading=\"lazy\" decoding=\"async\" class=\"alignnone wp-image-1531 size-full\" src=\"https:\/\/www.fmsdocumentation.com\/wp-content\/uploads\/2017\/10\/136LT-3.png\" alt=\"\" width=\"587\" height=\"556\" srcset=\"https:\/\/www.fmsdocumentation.com\/wp-content\/uploads\/2017\/10\/136LT-3.png 587w, https:\/\/www.fmsdocumentation.com\/wp-content\/uploads\/2017\/10\/136LT-3-300x284.png 300w\" sizes=\"auto, (max-width: 587px) 100vw, 587px\" \/><\/a><\/p>\n<p>Trumpiausias laikotarpis yra viena diena. Norint pasirinkti vien\u0105 dien\u0105, reikia tiesiog kairiuoju pel\u0117s mygtuku dukart spustel\u0117ti pageidaujam\u0105 dien\u0105. V\u0117liau vartotojas turi pasirinkti objektus, kuriems bus sukuriama \u0161i ataskaita.<\/p>\n<p><em>Objektai<\/em><strong> \u2013\u00a0<\/strong>vartotojas gali pasirinkti, kuriems objektams bus kuriama ataskaita. S\u0105ra\u0161e taip pat bus pateikiamos objekt\u0173\u00a0<strong>grup\u0117s<\/strong>. Vartotojas gali pasirinkti vis\u0105 grup\u0119, pa\u017eym\u0117damas \u017eymim\u0105j\u012f langel\u012f \u0161alia grup\u0117s arba paspausdamas pliuso mygtuk\u0105, kad i\u0161pl\u0117st\u0173 grup\u0119 ir pamatyt\u0173, kokie objektai yra grup\u0117je. Nor\u0117damas suskleisti grup\u0119, vartotojas turi paspausti mygtuk\u0105 su minusu.<strong>\u00a0I\u0161 grup\u0117s galima pasirinkti individualius objektus.<\/strong>\u00a0Svarbu pa\u017eym\u0117ti, kad jei yra pasirenkamas objektas, esantis keliose grup\u0117se, jis bus pa\u017eym\u0117tas visose grup\u0117se, kaip parodyta \u017eemiau esan\u010diame paveiksl\u0117lyje. Jei pasirenkama visa grup\u0117, \u017eymimasis langelis bus m\u0117lynas, o varnel\u0117 balta. Jei pasirenkama tik dalis grup\u0117s, \u017eymimajame langelyje bus m\u0117lynas kvadratas (pateikta \u017eemiau esan\u010diame paveiksl\u0117lyje) Vartotojas taip pat gali pasinaudoti paie\u0161ka, kad grei\u010diau rast\u0173 objektus ir grupes.<\/p>\n<p><a href=\"https:\/\/www.fmsdocumentation.com\/wp-content\/uploads\/2017\/10\/281LT-3.png\"><img loading=\"lazy\" decoding=\"async\" class=\"alignnone wp-image-1532 size-full\" src=\"https:\/\/www.fmsdocumentation.com\/wp-content\/uploads\/2017\/10\/281LT-3.png\" alt=\"\" width=\"573\" height=\"408\" srcset=\"https:\/\/www.fmsdocumentation.com\/wp-content\/uploads\/2017\/10\/281LT-3.png 573w, https:\/\/www.fmsdocumentation.com\/wp-content\/uploads\/2017\/10\/281LT-3-300x214.png 300w\" sizes=\"auto, (max-width: 573px) 100vw, 573px\" \/><\/a><\/p>\n<p>Pasirink\u0119s objekt\u0105, vartotojas turi nustatyti dalinimo interval\u0105.<\/p>\n<p><strong>Dalinimo intervalas<\/strong> \u2013 vartotojas gali pasirinkti laiko interval\u0105 tarp temperat\u016bros duomen\u0173, tai rei\u0161kia, kad temperat\u016bra bus rodoma pasirinktu laiko intervalu (pavyzd\u017eiui, kas 30 minu\u010di\u0173). \u0160\u012f parametr\u0105 galima nustatyti tik pagal numatytus intervalus:<\/p>\n<ul>\n<li>5 min. \u2013 numatytasis nustatymas<\/li>\n<li>15 min<\/li>\n<li>30 min.<\/li>\n<li>45 min.<\/li>\n<li>1 val.<\/li>\n<li>1 val. 30 min.<\/li>\n<li>2 val.<\/li>\n<\/ul>\n<p>Nustat\u0119s \u0161\u012f interval\u0105, vartotojas turi pasirinkti parametrus <strong>stulpeli\u0173 s\u0105ra\u0161e. <\/strong>Ataskaitoje bus pateikiami \u0161ie numatytieji parametrai:<\/p>\n<ul>\n<li>Laikotarpis \u2013 negalima at\u017eym\u0117ti; rodomas laikotarpis, kurio temperat\u016bros duomenys pateikiami<\/li>\n<li>\u012evesties vidurkis \u2013 rodoma vidutin\u0117 daviklio nustatyta temperat\u016bra<\/li>\n<li>Maks. \u012fvestis \u2013 rodoma did\u017eiausia temperat\u016bros daviklio u\u017eregistruota vert\u0117<\/li>\n<li>Min. \u012fvestis \u2013 rodoma ma\u017eiausia temperat\u016bros daviklio u\u017eregistruota vert\u0117<\/li>\n<\/ul>\n<p>Visos sukonfig\u016bruotos pasirinktin\u0117s \u012fvestys bus automati\u0161kai prid\u0117tos \u012f temperat\u016bros ataskait\u0105. Jutiklio skiltis b\u016btina, kad b\u016bt\u0173 rodomi temperat\u016bros duomenys; Kiekviena \u012fvestis turi 3 parametrus: vidutin\u0117 vert\u0117, did\u017eiausia vert\u0117, ma\u017eiausia vert\u0117:<\/p>\n<ul>\n<li>X-ojo (prasideda nuo 1) jutiklio vidurkis \u2013 jutiklio X vidutin\u0117 u\u017eregistruota temperat\u016bra<\/li>\n<li>X-ojo (prasideda nuo 1) jutiklio maks. \u2013 jutiklio X did\u017eiausia u\u017eregistruota temperat\u016bra<\/li>\n<li>X-ojo (prasideda nuo 1) jutiklio min. \u2013 jutiklio X ma\u017eiausia u\u017eregistruota temperat\u016bra<\/li>\n<li>Temperat\u016bros jutiklio X (prasideda nuo 0) vidurkis \u2013 jutiklio X vidutin\u0117 u\u017eregistruota temperat\u016bra<\/li>\n<li>Temperat\u016bros jutiklio X (prasideda nuo 0) maks. \u2013 jutiklio X did\u017eiausia u\u017eregistruota temperat\u016bra<\/li>\n<li>Temperat\u016bros jutiklio X (prasideda nuo 0) min. \u2013 jutiklio X ma\u017eiausia u\u017eregistruota temperat\u016bra<\/li>\n<\/ul>\n<p>Kiti papildomi parametrai, kuriuos galima pasirinkti <strong>stulpeli\u0173 s\u0105ra\u0161e<\/strong>:<\/p>\n<ul>\n<li>Vairuotojas &#8211; transporto priemonei priskirtas vairuotojas<\/li>\n<li>Pabaigos pad\u0117tis \u2013 paskutiniojo ta\u0161ko koordinat\u0117s pasirinktu laikotarpiu<\/li>\n<li>Prad\u017eios pad\u0117tis \u2013 pirmojo ta\u0161ko koordinat\u0117s pasirinktu laikotarpiu<\/li>\n<\/ul>\n<p>Pasirink\u0119s parametrus grafos s\u0105ra\u0161e, vartotojas gali \u012fgalinti arba i\u0161jungti ataskaitos santrauk\u0105.<\/p>\n<p><strong>Ataskaitos santrauka \u2013 <\/strong>pagal nutyl\u0117jim\u0105 \u012fgalinta; santrauka \u012ftraukiama \u012f ataskait\u0105. Joje apibendrinama visa ataskaitos informacija.<\/p>\n<p><a href=\"https:\/\/www.fmsdocumentation.com\/wp-content\/uploads\/2020\/09\/204LT.png\"><img loading=\"lazy\" decoding=\"async\" class=\"alignnone wp-image-10045 size-large\" src=\"https:\/\/www.fmsdocumentation.com\/wp-content\/uploads\/2020\/09\/204LT-1024x293.png\" alt=\"\" width=\"660\" height=\"189\" srcset=\"https:\/\/www.fmsdocumentation.com\/wp-content\/uploads\/2020\/09\/204LT-1024x293.png 1024w, https:\/\/www.fmsdocumentation.com\/wp-content\/uploads\/2020\/09\/204LT-300x86.png 300w, https:\/\/www.fmsdocumentation.com\/wp-content\/uploads\/2020\/09\/204LT-768x220.png 768w, https:\/\/www.fmsdocumentation.com\/wp-content\/uploads\/2020\/09\/204LT.png 1501w\" sizes=\"auto, (max-width: 660px) 100vw, 660px\" \/><\/a><\/p>\n<p>Nor\u0117damas u\u017ebaigti ir sukurti ataskait\u0105, vartotojas turi paspausti mygtuk\u0105 <strong>Generuoti<\/strong>. Nor\u0117damas at\u0161aukti ataskaitos k\u016brim\u0105, vartotojas turi paspausti mygtuk\u0105 <strong>At\u0161aukti<\/strong>.<\/p>\n<p><a href=\"https:\/\/www.fmsdocumentation.com\/wp-content\/uploads\/2017\/10\/202LT-3.png\"><img loading=\"lazy\" decoding=\"async\" class=\"alignnone wp-image-1534 size-full\" src=\"https:\/\/www.fmsdocumentation.com\/wp-content\/uploads\/2017\/10\/202LT-3.png\" alt=\"\" width=\"502\" height=\"69\" srcset=\"https:\/\/www.fmsdocumentation.com\/wp-content\/uploads\/2017\/10\/202LT-3.png 502w, https:\/\/www.fmsdocumentation.com\/wp-content\/uploads\/2017\/10\/202LT-3-300x41.png 300w\" sizes=\"auto, (max-width: 502px) 100vw, 502px\" \/><\/a><\/p>\n<hr \/>\n<p><div class=\"alignleft\"><a href=\"https:\/\/www.fmsdocumentation.com\/lt\/ataskaitu-meniu\/virsytu-parametru-ataskaita\/\" title=\"Vir\u0161yt\u0173 parametr\u0173 ataskaita\"><span class=\"arrow\">\u2039 &nbsp <\/span> Vir\u0161yt\u0173 parametr\u0173 ataskaita <\/a><\/div> <div class=\"alignright\"><a href=\"https:\/\/www.fmsdocumentation.com\/lt\/ataskaitu-meniu\/keliones-santraukos-ataskaita\/\" title=\"Kelion\u0117s santraukos ataskaita\">Kelion\u0117s santraukos ataskaita <span class=\"arrow\"> &nbsp\u203a <\/span> <\/a><\/div><\/p>\n","protected":false},"excerpt":{"rendered":"<p>Temperat\u016br\u0173 ataskaita \u2013 \u0161iame ataskaitos tipe d\u0117mesys skiriamas duomenims i\u0161 temperat\u016br\u0173 davikli\u0173. Vartotojas pirmiausia turi pasirinkti laikotarp\u012f, kuriam bus sukurta \u0161i ataskaita. Laikotarpis \u2013\u00a0nor\u0117damas pasirinkti laikotarp\u012f, vartotojas turi paspausti Pasirinkite laiko interval\u0105, tuomet atidaromas kalendoriaus skydelis. Kalendorius identi\u0161kas visoje TPVS. Nor\u0117damas pasirinkti prad\u017eios \/ pabaigos dat\u0105, vartotojas turi pasirinkti vien\u0105 i\u0161 dat\u0173, o tuomet \u2013 &hellip; <a href=\"https:\/\/www.fmsdocumentation.com\/lt\/ataskaitu-meniu\/temperaturu-ataskaita\/\" class=\"more-link\">Skaityti toliau: <span class=\"screen-reader-text\">Temperat\u016br\u0173 ataskaita<\/span><\/a><\/p>\n","protected":false},"author":1,"featured_media":0,"parent":1492,"menu_order":11,"comment_status":"closed","ping_status":"closed","template":"","meta":{"footnotes":""},"class_list":["post-1530","page","type-page","status-publish","hentry"],"_links":{"self":[{"href":"https:\/\/www.fmsdocumentation.com\/lt\/wp-json\/wp\/v2\/pages\/1530","targetHints":{"allow":["GET"]}}],"collection":[{"href":"https:\/\/www.fmsdocumentation.com\/lt\/wp-json\/wp\/v2\/pages"}],"about":[{"href":"https:\/\/www.fmsdocumentation.com\/lt\/wp-json\/wp\/v2\/types\/page"}],"author":[{"embeddable":true,"href":"https:\/\/www.fmsdocumentation.com\/lt\/wp-json\/wp\/v2\/users\/1"}],"replies":[{"embeddable":true,"href":"https:\/\/www.fmsdocumentation.com\/lt\/wp-json\/wp\/v2\/comments?post=1530"}],"version-history":[{"count":13,"href":"https:\/\/www.fmsdocumentation.com\/lt\/wp-json\/wp\/v2\/pages\/1530\/revisions"}],"predecessor-version":[{"id":10097,"href":"https:\/\/www.fmsdocumentation.com\/lt\/wp-json\/wp\/v2\/pages\/1530\/revisions\/10097"}],"up":[{"embeddable":true,"href":"https:\/\/www.fmsdocumentation.com\/lt\/wp-json\/wp\/v2\/pages\/1492"}],"wp:attachment":[{"href":"https:\/\/www.fmsdocumentation.com\/lt\/wp-json\/wp\/v2\/media?parent=1530"}],"curies":[{"name":"wp","href":"https:\/\/api.w.org\/{rel}","templated":true}]}}