{"id":1536,"date":"2017-10-04T05:41:37","date_gmt":"2017-10-04T05:41:37","guid":{"rendered":"http:\/\/www.fmsdocumentation.com\/?page_id=1536"},"modified":"2021-10-13T15:17:47","modified_gmt":"2021-10-13T12:17:47","slug":"keliones-santraukos-ataskaita","status":"publish","type":"page","link":"https:\/\/www.fmsdocumentation.com\/lt\/ataskaitu-meniu\/keliones-santraukos-ataskaita\/","title":{"rendered":"Kelion\u0117s santraukos ataskaita"},"content":{"rendered":"\n<p><strong>Kelion\u0117s santraukos ataskaita<\/strong> \u2013 joje apibendrinamos kelion\u0117s, rida, darbo prad\u017eios \/ pabaigos vietos ir pan. Vartotojas pirmiausia turi pasirinkti laikotarp\u012f, kuriam bus sukurta \u0161i ataskaita.<\/p>\n\n\n\n<p><strong>Laikotarpis \u2013&nbsp;<\/strong>nor\u0117damas pasirinkti laikotarp\u012f, vartotojas turi paspausti \u201ePasirinkite laiko interval\u0105\u201c, tuomet atidaromas kalendoriaus skydelis. Kalendorius identi\u0161kas visoje TPVS. Nor\u0117damas pasirinkti prad\u017eios \/ pabaigos dat\u0105, vartotojas turi pasirinkti vien\u0105 i\u0161 dat\u0173, o tuomet \u2013 kit\u0105. Pasirinktos dienos bus pa\u017eym\u0117tos m\u0117lyna spalva. Dabartin\u0117 diena pa\u017eym\u0117ta ma\u017eu m\u0117lynu trikampiu kair\u0117je dienos langelio pus\u0117je. Jei pasirenkama (pary\u0161kinama) dabartin\u0117 diena, trikampis tampa baltu. Pasirinkus laikotarp\u012f, jis rodomas ataskaitos santraukos skydelyje.<\/p>\n\n\n\n<figure class=\"wp-block-image\"><a href=\"https:\/\/www.fmsdocumentation.com\/wp-content\/uploads\/2017\/10\/136-1LT.png\"><img loading=\"lazy\" decoding=\"async\" width=\"520\" height=\"434\" src=\"https:\/\/www.fmsdocumentation.com\/wp-content\/uploads\/2017\/10\/136-1LT.png\" alt=\"\" class=\"wp-image-1537\" srcset=\"https:\/\/www.fmsdocumentation.com\/wp-content\/uploads\/2017\/10\/136-1LT.png 520w, https:\/\/www.fmsdocumentation.com\/wp-content\/uploads\/2017\/10\/136-1LT-300x250.png 300w\" sizes=\"auto, (max-width: 520px) 100vw, 520px\" \/><\/a><\/figure>\n\n\n\n<p>Trumpiausias laikotarpis yra viena diena. Norint pasirinkti vien\u0105 dien\u0105, reikia tiesiog kairiuoju pel\u0117s mygtuku dukart spustel\u0117ti pageidaujam\u0105 dien\u0105. Toliau vartotojas turi pasirinkti, kuo remiantis bus sukurta ataskaita.<\/p>\n\n\n\n<p><strong>Parengti pagal&nbsp;<\/strong>\u2013 \u0161iuo nustatymu apibr\u0117\u017eiamas pagrindinis ataskaitos tikslas. Yra du galimi variantai:<\/p>\n\n\n\n<ul class=\"wp-block-list\"><li>Vairuotojai;<\/li><li>Objektai.<\/li><\/ul>\n\n\n\n<p>\u0160iuo atveju sukurtoje ataskaitoje bus rodoma informacija (<em>parametrai: kelion\u0117s atstumas, darbo prad\u017eios vieta ir kt.),&nbsp;<\/em>skirta pasirinktam ataskaitos \u0161altiniui<em>&nbsp;(vairuotojams arba objektams).&nbsp;<\/em>Taigi jei pasirenkami objektai, tuomet bus rodoma informacija apie konkre\u010dius pasirinktus objektus.<\/p>\n\n\n\n<p><strong>Objektai\/Vairuotojai<\/strong>&nbsp;(<em>priklauso nuo to, kuo paremta ataskaita)&nbsp;<\/em><strong>&nbsp;\u2013&nbsp;<\/strong>vartotojas gali pasirinkti, kuriems objektams ar vairuotojams bus sukurta ataskaita.<\/p>\n\n\n\n<p>Jei pasirenkami&nbsp;<em>Objektai<\/em>, s\u0105ra\u0161e taip pat bus&nbsp;<strong>grup\u0117s<\/strong>. Vartotojas gali pasirinkti vis\u0105 grup\u0119, pa\u017eym\u0117damas \u017eymim\u0105j\u012f langel\u012f \u0161alia grup\u0117s arba paspausdamas pliuso mygtuk\u0105, kad i\u0161pl\u0117st\u0173 grup\u0119 ir pamatyt\u0173, kokie objektai yra grup\u0117je. Nor\u0117damas suskleisti grup\u0119, vartotojas turi paspausti mygtuk\u0105 su minusu.&nbsp;<strong>I\u0161 grup\u0117s galima pasirinkti individualius objektus<\/strong>. Svarbu pa\u017eym\u0117ti, kad jei yra pasirenkamas objektas, esantis keliose grup\u0117se, jis bus pa\u017eym\u0117tas visose grup\u0117se, kaip parodyta \u017eemiau esan\u010diame paveiksl\u0117lyje. Jei pasirenkama visa grup\u0117, \u017eymimasis langelis bus m\u0117lynas, o varnel\u0117 balta. Jei pasirenkama tik dalis grup\u0117s, \u017eymimajame langelyje bus m\u0117lynas kvadratas (pateikta \u017eemiau esan\u010diame paveiksl\u0117lyje). Vartotojas taip pat gali pasinaudoti paie\u0161ka, kad grei\u010diau rast\u0173 objektus ir grupes.<\/p>\n\n\n\n<figure class=\"wp-block-image\"><a href=\"https:\/\/www.fmsdocumentation.com\/wp-content\/uploads\/2017\/10\/281LT-4.png\"><img loading=\"lazy\" decoding=\"async\" width=\"573\" height=\"408\" src=\"https:\/\/www.fmsdocumentation.com\/wp-content\/uploads\/2017\/10\/281LT-4.png\" alt=\"\" class=\"wp-image-1538\" srcset=\"https:\/\/www.fmsdocumentation.com\/wp-content\/uploads\/2017\/10\/281LT-4.png 573w, https:\/\/www.fmsdocumentation.com\/wp-content\/uploads\/2017\/10\/281LT-4-300x214.png 300w\" sizes=\"auto, (max-width: 573px) 100vw, 573px\" \/><\/a><\/figure>\n\n\n\n<p>Pasirinkus&nbsp;<em>Vairuotojai<\/em>, vairuotojai bus pateikti i\u0161skleid\u017eiamajame s\u0105ra\u0161e. Norint pasirinkti vairuotoj\u0105, vartotojas turi pa\u017eym\u0117ti \u017eymim\u0105j\u012f langel\u012f esant\u012f \u0161alia vairuotojo. Spustel\u0117jus \u017eymim\u0105j\u012f langel\u012f esant\u012f \u0161alia&nbsp;\u201ePasirinkti visus\u201c bus pa\u017eym\u0117ti\/at\u017eym\u0117ti visi vairuotojai. Paie\u0161kos laukelyje kaskart \u012fvedus simbol\u012f, s\u0105ra\u0161as yra atnaujinamas automati\u0161kai. Pasirinkt\u0173 ir vis\u0173 vairuotoj\u0173 skai\u010dius atvaizduojamas vir\u0161uje, de\u0161iniajame s\u0105ra\u0161o kampe.<\/p>\n\n\n\n<figure class=\"wp-block-image\"><a href=\"https:\/\/www.fmsdocumentation.com\/wp-content\/uploads\/2018\/12\/138LT-8.png\"><img loading=\"lazy\" decoding=\"async\" width=\"495\" height=\"268\" src=\"https:\/\/www.fmsdocumentation.com\/wp-content\/uploads\/2018\/12\/138LT-8.png\" alt=\"\" class=\"wp-image-6863\" srcset=\"https:\/\/www.fmsdocumentation.com\/wp-content\/uploads\/2018\/12\/138LT-8.png 495w, https:\/\/www.fmsdocumentation.com\/wp-content\/uploads\/2018\/12\/138LT-8-300x162.png 300w\" sizes=\"auto, (max-width: 495px) 100vw, 495px\" \/><\/a><\/figure>\n\n\n\n<p>Pasirink\u0119s objektus \/ vairuotojus, vartotojas turi pasirinkti parametrus <strong>grafos s\u0105ra\u0161e. <\/strong>Ataskaitoje bus pateikiami \u0161ie numatytieji parametrai:<\/p>\n\n\n\n<ul class=\"wp-block-list\"><li>Data \u2013 data ir savait\u0117s diena, kuri\u0105 yra duomen\u0173 apie \u012fra\u0161\u0105; at\u017eym\u0117ti negalima;<\/li><li>Darbo prad\u017eios data \u2013 pirmo degimo \u012fjungimo data ir laikas; galima at\u017eym\u0117ti;<\/li><li>Darbo prad\u017eios vieta \u2013 transporto priemon\u0117s vieta, kai degimas t\u0105 dien\u0105 buvo \u012fjungtas pirm\u0105 kart\u0105; at\u017eym\u0117ti negalima;<\/li><li>Darbo pabaigos data \u2013 paskutinio degimo i\u0161jungimo data ir laikas; galima at\u017eym\u0117ti;<\/li><li>Darbo pabaigos vieta \u2013 transporto priemon\u0117s vieta, kai degimas t\u0105 dien\u0105 buvo i\u0161jungtas paskutin\u012f kart\u0105; at\u017eym\u0117ti negalima;<\/li><li>Rida prad\u017eioje \u2013 rida darbo dienos prad\u017eioje; galima at\u017eym\u0117ti;<\/li><li>Rida pabaigoje \u2013 rida darbo dienos pabaigoje; galima at\u017eym\u0117ti;<\/li><li>Nuva\u017eiuota rida \u2013 atstumas, nuva\u017eiuotas darbo dien\u0105; galima at\u017eym\u0117ti;<\/li><li>Suvartota kuro \u2013 per darbo dien\u0105 suvartotas kuro kiekis litrais; galima at\u017eym\u0117ti;<\/li><li>Vidutin\u0117s kuro s\u0105naudos.<\/li><\/ul>\n\n\n\n<p>Papildomi parametrai, kuriuos galima pasirinkti:<\/p>\n\n\n\n<ul class=\"wp-block-list\"><li>Darbo kelion\u0117s rida;<\/li><li>Vairuotojo para\u0161as \u2013 ataskaitoje \u012fterpiamas tu\u0161\u010dias laukelis, kur vairuotojas gali pad\u0117ti para\u0161\u0105;<\/li><li>Vairuotojai \u2013 vairuotoj\u0173 pavard\u0117s;<\/li><li>Prastovos trukm\u0117;<\/li><li>Asmenin\u0117s kelion\u0117s rida;<\/li><li>Bendra darbo trukm\u0117 \u2013 bendras darbo valand\u0173 skai\u010dius per visas pasirinktas dienas;<\/li><li>Darbo kelion\u0117s rida;<\/li><li>Darbo valandos \u2013 darbo dienos trukm\u0117;<\/li><li>Sustojimo laikas darbo valandomis \u2013 trukm\u0117, kiek laiko buvo i\u0161jungtas degimas darbo valand\u0173 metu.<\/li><\/ul>\n\n\n\n<p>Pasirink\u0119s parametrus grafos s\u0105ra\u0161e, vartotojas gali \u012fgalinti arba i\u0161jungti ataskaitos santrauk\u0105.<\/p>\n\n\n\n<p><strong>Rodyti dienas be \u012fra\u0161\u0173 <\/strong>\u2013 pagal nutyl\u0117jim\u0105 i\u0161jungta; \u012f ataskait\u0105 bus \u012ftraukiamos dienos, kuriomis \u012fra\u0161\u0173 n\u0117ra.<\/p>\n\n\n\n<p><strong>Rodyti valstybini\u0173 numeri\u0173 lentel\u0117s numer\u012f&nbsp;<\/strong>\u2013 pagal nutyl\u0117jim\u0105 i\u0161jungta; \u012fjungus \u012f ataskait\u0105 bus \u012ftraukiamas valstybini\u0173 numeri\u0173 lentel\u0117s numeris.<\/p>\n\n\n\n<p><strong>Ataskaitos santrauka \u2013 <\/strong>pagal nutyl\u0117jim\u0105 \u012fgalinta; santrauka \u012ftraukiama \u012f ataskait\u0105. Joje apibendrinama visa ataskaitos informacija. Pasirink\u0119s ataskaitos santrauk\u0105, vartotojas gali pasirinkti, kad dienos b\u016bt\u0173 rodomos be \u012fra\u0161\u0173.<\/p>\n\n\n\n<figure class=\"wp-block-image\"><a href=\"https:\/\/www.fmsdocumentation.com\/wp-content\/uploads\/2020\/08\/205LT.png\"><img loading=\"lazy\" decoding=\"async\" width=\"1024\" height=\"511\" src=\"https:\/\/www.fmsdocumentation.com\/wp-content\/uploads\/2020\/08\/205LT-1024x511.png\" alt=\"\" class=\"wp-image-9496\" srcset=\"https:\/\/www.fmsdocumentation.com\/wp-content\/uploads\/2020\/08\/205LT-1024x511.png 1024w, https:\/\/www.fmsdocumentation.com\/wp-content\/uploads\/2020\/08\/205LT-300x150.png 300w, https:\/\/www.fmsdocumentation.com\/wp-content\/uploads\/2020\/08\/205LT-768x383.png 768w, https:\/\/www.fmsdocumentation.com\/wp-content\/uploads\/2020\/08\/205LT.png 1494w\" sizes=\"auto, (max-width: 1024px) 100vw, 1024px\" \/><\/a><\/figure>\n\n\n\n<p>Nor\u0117damas u\u017ebaigti ir sukurti ataskait\u0105, vartotojas turi paspausti mygtuk\u0105 <strong>Generuoti<\/strong>. Nor\u0117damas at\u0161aukti ataskaitos k\u016brim\u0105, vartotojas turi paspausti mygtuk\u0105 <strong>At\u0161aukti<\/strong>, arba kur nors u\u017e ataskait\u0173 k\u016brimo lango rib\u0173.<\/p>\n\n\n\n<figure class=\"wp-block-image\"><a href=\"https:\/\/www.fmsdocumentation.com\/wp-content\/uploads\/2017\/10\/202LT-4.png\"><img loading=\"lazy\" decoding=\"async\" width=\"502\" height=\"69\" src=\"https:\/\/www.fmsdocumentation.com\/wp-content\/uploads\/2017\/10\/202LT-4.png\" alt=\"\" class=\"wp-image-1542\" srcset=\"https:\/\/www.fmsdocumentation.com\/wp-content\/uploads\/2017\/10\/202LT-4.png 502w, https:\/\/www.fmsdocumentation.com\/wp-content\/uploads\/2017\/10\/202LT-4-300x41.png 300w\" sizes=\"auto, (max-width: 502px) 100vw, 502px\" \/><\/a><\/figure>\n\n\n\n<hr class=\"wp-block-separator\"\/>\n\n\n\n<p><div class=\"alignleft\"><a href=\"https:\/\/www.fmsdocumentation.com\/lt\/ataskaitu-meniu\/temperaturu-ataskaita\/\" title=\"Temperat\u016br\u0173 ataskaita\"><span class=\"arrow\">\u2039 &nbsp <\/span> Temperat\u016br\u0173 ataskaita <\/a><\/div> <div class=\"alignright\"><a href=\"https:\/\/www.fmsdocumentation.com\/lt\/ataskaitu-meniu\/keliones-ataskaita\/\" title=\"Kelion\u0117s ataskaita\">Kelion\u0117s ataskaita <span class=\"arrow\"> &nbsp\u203a <\/span> <\/a><\/div><\/p>\n","protected":false},"excerpt":{"rendered":"<p>Kelion\u0117s santraukos ataskaita \u2013 joje apibendrinamos kelion\u0117s, rida, darbo prad\u017eios \/ pabaigos vietos ir pan. Vartotojas pirmiausia turi pasirinkti laikotarp\u012f, kuriam bus sukurta \u0161i ataskaita. Laikotarpis \u2013&nbsp;nor\u0117damas pasirinkti laikotarp\u012f, vartotojas turi paspausti \u201ePasirinkite laiko interval\u0105\u201c, tuomet atidaromas kalendoriaus skydelis. Kalendorius identi\u0161kas visoje TPVS. Nor\u0117damas pasirinkti prad\u017eios \/ pabaigos dat\u0105, vartotojas turi pasirinkti vien\u0105 i\u0161 dat\u0173, &hellip; <a href=\"https:\/\/www.fmsdocumentation.com\/lt\/ataskaitu-meniu\/keliones-santraukos-ataskaita\/\" class=\"more-link\">Skaityti toliau: <span class=\"screen-reader-text\">Kelion\u0117s santraukos ataskaita<\/span><\/a><\/p>\n","protected":false},"author":1,"featured_media":0,"parent":1492,"menu_order":12,"comment_status":"closed","ping_status":"closed","template":"","meta":{"footnotes":""},"class_list":["post-1536","page","type-page","status-publish","hentry"],"_links":{"self":[{"href":"https:\/\/www.fmsdocumentation.com\/lt\/wp-json\/wp\/v2\/pages\/1536","targetHints":{"allow":["GET"]}}],"collection":[{"href":"https:\/\/www.fmsdocumentation.com\/lt\/wp-json\/wp\/v2\/pages"}],"about":[{"href":"https:\/\/www.fmsdocumentation.com\/lt\/wp-json\/wp\/v2\/types\/page"}],"author":[{"embeddable":true,"href":"https:\/\/www.fmsdocumentation.com\/lt\/wp-json\/wp\/v2\/users\/1"}],"replies":[{"embeddable":true,"href":"https:\/\/www.fmsdocumentation.com\/lt\/wp-json\/wp\/v2\/comments?post=1536"}],"version-history":[{"count":16,"href":"https:\/\/www.fmsdocumentation.com\/lt\/wp-json\/wp\/v2\/pages\/1536\/revisions"}],"predecessor-version":[{"id":10770,"href":"https:\/\/www.fmsdocumentation.com\/lt\/wp-json\/wp\/v2\/pages\/1536\/revisions\/10770"}],"up":[{"embeddable":true,"href":"https:\/\/www.fmsdocumentation.com\/lt\/wp-json\/wp\/v2\/pages\/1492"}],"wp:attachment":[{"href":"https:\/\/www.fmsdocumentation.com\/lt\/wp-json\/wp\/v2\/media?parent=1536"}],"curies":[{"name":"wp","href":"https:\/\/api.w.org\/{rel}","templated":true}]}}