{"id":1544,"date":"2017-10-04T05:47:40","date_gmt":"2017-10-04T05:47:40","guid":{"rendered":"http:\/\/www.fmsdocumentation.com\/?page_id=1544"},"modified":"2021-03-08T17:19:27","modified_gmt":"2021-03-08T14:19:27","slug":"keliones-ataskaita","status":"publish","type":"page","link":"https:\/\/www.fmsdocumentation.com\/lt\/ataskaitu-meniu\/keliones-ataskaita\/","title":{"rendered":"Kelion\u0117s ataskaita"},"content":{"rendered":"<p><strong>Kelion\u0117s ataskaita <\/strong>\u2013 \u0161io\u00a0 tipo ataskaitose d\u0117mesys skiriamas informacijai apie keliones, pavyzd\u017eiui, kur prasid\u0117jo kelion\u0117, kur ji baig\u0117si, kiek truko, koks atstumas nuva\u017eiuotas kelion\u0117s metu ir pan. Vartotojas pirmiausia turi pasirinkti laikotarp\u012f, kuriam bus sukurta \u0161i ataskaita.<\/p>\n<p><strong>Laikotarpis \u2013\u00a0<\/strong>nor\u0117damas pasirinkti laikotarp\u012f, vartotojas turi paspausti \u201ePasirinkite laiko interval\u0105\u201c, tuomet atidaromas kalendoriaus skydelis. Kalendorius identi\u0161kas visoje TPVS. Nor\u0117damas pasirinkti prad\u017eios \/ pabaigos dat\u0105, vartotojas turi pasirinkti vien\u0105 i\u0161 dat\u0173, o tuomet \u2013 kit\u0105. Pasirinktos dienos bus pa\u017eym\u0117tos m\u0117lyna spalva. Dabartin\u0117 diena pa\u017eym\u0117ta ma\u017eu m\u0117lynu trikampiu kair\u0117je dienos langelio pus\u0117je. Jei pasirenkama (pary\u0161kinama) dabartin\u0117 diena, trikampis tampa baltu. Pasirink\u0119s dienas, vartotojas gali nurodyti nuo kurios prad\u017eios datos valandos iki kurios pabaigos datos valandos rodyti duomenis. Norint i\u0161saugoti pakeitimus, vartotojas turi paspausti mygtuk\u0105 \u201eTaikyti\u201c, kitu atveju pakeitimai nebus i\u0161saugomi.<\/p>\n<p><a href=\"https:\/\/www.fmsdocumentation.com\/wp-content\/uploads\/2017\/10\/136LT-4.png\"><img loading=\"lazy\" decoding=\"async\" class=\"size-full wp-image-1545 alignnone\" src=\"https:\/\/www.fmsdocumentation.com\/wp-content\/uploads\/2017\/10\/136LT-4.png\" alt=\"\" width=\"587\" height=\"556\" srcset=\"https:\/\/www.fmsdocumentation.com\/wp-content\/uploads\/2017\/10\/136LT-4.png 587w, https:\/\/www.fmsdocumentation.com\/wp-content\/uploads\/2017\/10\/136LT-4-300x284.png 300w\" sizes=\"auto, (max-width: 587px) 100vw, 587px\" \/><\/a><\/p>\n<p>Trumpiausias laikotarpis yra viena diena. Norint pasirinkti vien\u0105 dien\u0105, reikia tiesiog kairiuoju pel\u0117s mygtuku dukart spustel\u0117ti pageidaujam\u0105 dien\u0105. Toliau vartotojas turi pasirinkti, kuo remiantis bus sukurta ataskaita.<\/p>\n<p><strong>Parengti pagal\u00a0<\/strong>\u2013 \u0161iuo nustatymu apibr\u0117\u017eiamas pagrindinis ataskaitos tikslas. Yra du galimi variantai:<\/p>\n<ul>\n<li>Vairuotojai;<\/li>\n<li>Objektai.<\/li>\n<\/ul>\n<p>\u0160iuo atveju sukurtoje ataskaitoje bus rodoma informacija (<em>parametrai: kelion\u0117s atstumas, darbo prad\u017eios vieta ir kt.),\u00a0<\/em>skirta pasirinktam ataskaitos \u0161altiniui<em>\u00a0(vairuotojams arba objektams).\u00a0<\/em>Taigi jei pasirenkami objektai, tuomet bus rodoma informacija apie konkre\u010dius pasirinktus objektus.<\/p>\n<p><strong>Objektai\/Vairuotojai<\/strong>\u00a0(<em>priklauso nuo to, kuo paremta ataskaita)\u00a0<\/em><strong>\u00a0\u2013\u00a0<\/strong>vartotojas gali pasirinkti, kuriems objektams ar vairuotojams bus sukurta ataskaita.<\/p>\n<p>Jei pasirenkami\u00a0<em>Objektai<\/em>, s\u0105ra\u0161e taip pat bus\u00a0<strong>grup\u0117s<\/strong>. Vartotojas gali pasirinkti vis\u0105 grup\u0119, pa\u017eym\u0117damas \u017eymim\u0105j\u012f langel\u012f \u0161alia grup\u0117s arba paspausdamas pliuso mygtuk\u0105, kad i\u0161pl\u0117st\u0173 grup\u0119 ir pamatyt\u0173, kokie objektai yra grup\u0117je. Nor\u0117damas suskleisti grup\u0119, vartotojas turi paspausti mygtuk\u0105 su minusu.\u00a0<strong>I\u0161 grup\u0117s galima pasirinkti individualius objektus<\/strong>. Svarbu pa\u017eym\u0117ti, kad jei yra pasirenkamas objektas, esantis keliose grup\u0117se, jis bus pa\u017eym\u0117tas visose grup\u0117se, kaip parodyta \u017eemiau esan\u010diame paveiksl\u0117lyje. Jei pasirenkama visa grup\u0117, \u017eymimasis langelis bus m\u0117lynas, o varnel\u0117 balta. Jei pasirenkama tik dalis grup\u0117s, \u017eymimajame langelyje bus m\u0117lynas kvadratas (pateikta \u017eemiau esan\u010diame paveiksl\u0117lyje). Vartotojas taip pat gali pasinaudoti paie\u0161ka, kad grei\u010diau rast\u0173 objektus ir grupes.<\/p>\n<p><a href=\"https:\/\/www.fmsdocumentation.com\/wp-content\/uploads\/2017\/10\/281LT-5.png\"><img loading=\"lazy\" decoding=\"async\" class=\"size-full wp-image-1546 alignnone\" src=\"https:\/\/www.fmsdocumentation.com\/wp-content\/uploads\/2017\/10\/281LT-5.png\" alt=\"\" width=\"573\" height=\"408\" srcset=\"https:\/\/www.fmsdocumentation.com\/wp-content\/uploads\/2017\/10\/281LT-5.png 573w, https:\/\/www.fmsdocumentation.com\/wp-content\/uploads\/2017\/10\/281LT-5-300x214.png 300w\" sizes=\"auto, (max-width: 573px) 100vw, 573px\" \/><\/a><\/p>\n<p>Pasirinkus\u00a0<em>Vairuotojai<\/em>, vairuotojai bus pateikti i\u0161skleid\u017eiamajame s\u0105ra\u0161e. Norint pasirinkti vairuotoj\u0105, vartotojas turi pa\u017eym\u0117ti \u017eymim\u0105j\u012f langel\u012f esant\u012f \u0161alia vairuotojo. Spustel\u0117jus \u017eymim\u0105j\u012f langel\u012f esant\u012f \u0161alia\u00a0\u201ePasirinkti visus\u201c bus pa\u017eym\u0117ti\/at\u017eym\u0117ti visi vairuotojai. Paie\u0161kos laukelyje kaskart \u012fvedus simbol\u012f, s\u0105ra\u0161as yra atnaujinamas automati\u0161kai. Pasirinkt\u0173 ir vis\u0173 vairuotoj\u0173 skai\u010dius atvaizduojamas vir\u0161uje, de\u0161iniajame s\u0105ra\u0161o kampe.<\/p>\n<p><a href=\"https:\/\/www.fmsdocumentation.com\/wp-content\/uploads\/2018\/12\/138LT-9.png\"><img loading=\"lazy\" decoding=\"async\" class=\"alignnone wp-image-6868 size-full\" src=\"https:\/\/www.fmsdocumentation.com\/wp-content\/uploads\/2018\/12\/138LT-9.png\" alt=\"\" width=\"495\" height=\"268\" srcset=\"https:\/\/www.fmsdocumentation.com\/wp-content\/uploads\/2018\/12\/138LT-9.png 495w, https:\/\/www.fmsdocumentation.com\/wp-content\/uploads\/2018\/12\/138LT-9-300x162.png 300w\" sizes=\"auto, (max-width: 495px) 100vw, 495px\" \/><\/a><\/p>\n<p>Pasirink\u0119s <em>Objektus\/Vairuotojus<\/em>, vartotojas turi pasirinkti parametrus <strong>grafos s\u0105ra\u0161e. <\/strong>Ataskaitoje bus pateikiami \u0161ie numatytieji parametrai:<\/p>\n<ul>\n<li>Darbo prad\u017eios laikas \u2013 pirmojo degimo \u012fjungimo laikas; at\u017eym\u0117ti negalima;<\/li>\n<li>Darbo prad\u017eios vieta \u2013 vieta, kur pirm\u0105 kart\u0105 \u012fjungtas degimas;<\/li>\n<li>Darbo pabaigos laikas \u2013 paskutiniojo degimo i\u0161jungimo laikas;<\/li>\n<li>Darbo pabaigos vieta \u2013 vieta, kur paskutin\u012f kart\u0105 i\u0161jungtas degimas;<\/li>\n<li>Nuva\u017eiuotas kilometra\u017eas \u2013 bendras kelion\u0117s atstumas per dien\u0105 kilometrais;<\/li>\n<li>Kuro s\u0105naudos \u2013 bendras kelion\u0117s metu sunaudoto kuro kiekis;<\/li>\n<li>Rida kelion\u0117s prad\u017eioje \u2013 rida, prasid\u0117jus kelionei;<\/li>\n<li>Rida kelion\u0117s pabaigoje \u2013 rida, pasibaigus kelionei;<\/li>\n<li>Degal\u0173 lygis prad\u017eioje \u2013 bendras degal\u0173 lygis kelion\u0117s prad\u017eioje;<\/li>\n<li>Degal\u0173 lygis pabaigoje \u2013 bendras degal\u0173 lygis kelion\u0117s pabaigoje;<\/li>\n<li>Per valand\u0105 sunaudotas kuro kiekis \u2013 kelion\u0117s metu per valand\u0105 sunaudotas kuras;<\/li>\n<li>Vidutin\u0117s degal\u0173 s\u0105naudos \u2013 kelion\u0117s metu nuva\u017eiavus 100 km atstum\u0105 sunaudotas kuras;<\/li>\n<li>Virtualus odometras \u2013 virtualus odometro rida, apskai\u010diuota at\u0117mus kelion\u0117s prad\u017ei\u0105 i\u0161 pabaigos.<\/li>\n<li>Vairuotojas \u2013 vairuotojo pavard\u0117;<\/li>\n<\/ul>\n<p>Papildomi parametrai, kuriuos galima pasirinkti:<\/p>\n<ul>\n<li>Darbo trukm\u0117 \u2013 bendra transporto priemon\u0117s va\u017eiavimo trukm\u0117;<\/li>\n<li>Degal\u0173 s\u0105naudos prastovos metu &#8211; bendras prastov\u0173 metu sunaudotas kuras;<\/li>\n<li>Did\u017eiausias greitis &#8211; did\u017eiausias greitis kelion\u0117s metu;<\/li>\n<li>Kelion\u0117s tipas \u2013 nurodomas kelion\u0117s tipas, pavyzd\u017eiui: verslo, darbo, asmenin\u0117, jokio;<\/li>\n<li>Kilometra\u017eo ir virtualaus odometro skirtumas &#8211; skirtumas tarp kilometra\u017eo ir virtualaus odometro ver\u010di\u0173;<\/li>\n<li>Nr. \u2013 pridedama skiltis kelioni\u0173 numeracijai;<\/li>\n<li>Pastabos \u2013 tu\u0161\u010dia skiltis, skirta vartotojo informacijai;<\/li>\n<li>Prastovos trukm\u0117 \u2013 transporto priemon\u0117s stov\u0117jimo trukm\u0117;<\/li>\n<li>Sustojimo trukm\u0117 \u2013 bendras laikas, kai transporto priemon\u0117 buvo sustojusi;<\/li>\n<li>Vidutinis greitis &#8211; vidutinis greitis kelion\u0117s metu;<\/li>\n<li>DIN1-4 darbo laikas \u2013 bendras darbo laikas pasirinktam DIN. 4 skirtingi parametrai kiekvienam DIN.<\/li>\n<\/ul>\n<p>Pasirink\u0119s parametrus grafos s\u0105ra\u0161e, vartotojas gali \u012fgalinti arba i\u0161jungti \u0161iuos papildomus nustatymus.<\/p>\n<p><strong>Rodyti suma\u017eintos ataskaitos versija<\/strong>\u00a0\u2013 pagal nutyl\u0117jim\u0105 i\u0161jungta. \u012eprastu atveju visi vienam objektui \/ vairuotojui priklausantys kelioni\u0173 duomenys yra pateikiami atskirose lentel\u0117se pagal dien\u0105.\u00a0\u012egalinus \u0161i\u0105 parinkt\u012f, duomenys bus sutraukti \u012f vien\u0105 santraukos bei detalios informacijos lentel\u0119. \u012egalinus \u0161i\u0105 parinkt\u012f taip pat \u012fgalinama\u00a0<strong>Ataskaitos santraukos<\/strong>\u00a0parinktis bei i\u0161jungiama <strong>Rodyti \u017eem\u0117lap\u012f<\/strong> parinktis.<\/p>\n<p><strong>Rodyti \u017eem\u0117lap\u012f <\/strong>\u2013 pagal nutyl\u0117jim\u0105 \u012fgalinta; \u012f ataskait\u0105 \u012ftraukiamas \u017eem\u0117lapis, kuriame pa\u017eym\u0117ti visi nupylimo \/ pripildymo \u012fvykiai.<\/p>\n<p><strong>Padalinti keliones \u012f atskiras, jeigu jos kerta \u0161alies sien\u0105<\/strong> \u2013 pagal nutyl\u0117jim\u0105 i\u0161jungta; \u012fgalinus kelion\u0117 pasienyje bus padalyta \u012f kelias, jei kertama \u0161alies siena. Taip sukuriamos dvi kelion\u0117s, viena prie\u0161 sien\u0105 ir kita \u2013 u\u017e jos.<\/p>\n<p><strong>Rodyti trumpas keliones <\/strong>\u2013 pagal nutyl\u0117jim\u0105 \u012fgalinta; \u012f ataskait\u0105 bus \u012ftraukiamos kelion\u0117s, kuri\u0173 visas nuva\u017eiuotas atstumas yra trumpesnis nei 50 m.<\/p>\n<p><strong>Rodyti valstybini\u0173 numeri\u0173 lentel\u0117s numer\u012f <\/strong>\u2013 pagal nutyl\u0117jim\u0105 i\u0161jungta; \u012fjungus \u012f ataskait\u0105 bus \u012ftraukiamas valstybini\u0173 numeri\u0173 lentel\u0117s numeris.<\/p>\n<p><strong>Rodyti ataskaitos santrauka <\/strong>\u2013 pagal nutyl\u0117jim\u0105 \u012fgalinta; santrauka \u012ftraukiama\u00a0\u012f ataskait\u0105. Joje apibendrinama visa ataskaitos informacija.<\/p>\n<p><a href=\"https:\/\/www.fmsdocumentation.com\/wp-content\/uploads\/2020\/08\/206LT-1.png\"><img loading=\"lazy\" decoding=\"async\" class=\"alignnone wp-image-9490 size-large\" src=\"https:\/\/www.fmsdocumentation.com\/wp-content\/uploads\/2020\/08\/206LT-1-1024x673.png\" alt=\"\" width=\"660\" height=\"434\" srcset=\"https:\/\/www.fmsdocumentation.com\/wp-content\/uploads\/2020\/08\/206LT-1-1024x673.png 1024w, https:\/\/www.fmsdocumentation.com\/wp-content\/uploads\/2020\/08\/206LT-1-300x197.png 300w, https:\/\/www.fmsdocumentation.com\/wp-content\/uploads\/2020\/08\/206LT-1-768x505.png 768w, https:\/\/www.fmsdocumentation.com\/wp-content\/uploads\/2020\/08\/206LT-1.png 1496w\" sizes=\"auto, (max-width: 660px) 100vw, 660px\" \/><\/a><\/p>\n<p>Nor\u0117damas u\u017ebaigti ir sukurti ataskait\u0105, vartotojas turi paspausti mygtuk\u0105 \u201eGeneruoti\u201c. Nor\u0117damas at\u0161aukti ataskaitos k\u016brim\u0105, vartotojas turi paspausti mygtuk\u0105 \u201eAt\u0161aukti\u201c, arba kur nors u\u017e ataskait\u0173 k\u016brimo lango rib\u0173.<\/p>\n<p><a href=\"https:\/\/www.fmsdocumentation.com\/wp-content\/uploads\/2017\/10\/202LT-5.png\"><img loading=\"lazy\" decoding=\"async\" class=\"alignnone wp-image-1550 size-full\" src=\"https:\/\/www.fmsdocumentation.com\/wp-content\/uploads\/2017\/10\/202LT-5.png\" alt=\"\" width=\"502\" height=\"69\" srcset=\"https:\/\/www.fmsdocumentation.com\/wp-content\/uploads\/2017\/10\/202LT-5.png 502w, https:\/\/www.fmsdocumentation.com\/wp-content\/uploads\/2017\/10\/202LT-5-300x41.png 300w\" sizes=\"auto, (max-width: 502px) 100vw, 502px\" \/><\/a><\/p>\n<hr \/>\n<p><div class=\"alignleft\"><a href=\"https:\/\/www.fmsdocumentation.com\/lt\/ataskaitu-meniu\/keliones-santraukos-ataskaita\/\" title=\"Kelion\u0117s santraukos ataskaita\"><span class=\"arrow\">\u2039 &nbsp <\/span> Kelion\u0117s santraukos ataskaita <\/a><\/div> <div class=\"alignright\"><a href=\"https:\/\/www.fmsdocumentation.com\/lt\/ataskaitu-meniu\/darbo-valandu-ataskaita\/\" title=\"Darbo valand\u0173 ataskaita\">Darbo valand\u0173 ataskaita <span class=\"arrow\"> &nbsp\u203a <\/span> <\/a><\/div><\/p>\n","protected":false},"excerpt":{"rendered":"<p>Kelion\u0117s ataskaita \u2013 \u0161io\u00a0 tipo ataskaitose d\u0117mesys skiriamas informacijai apie keliones, pavyzd\u017eiui, kur prasid\u0117jo kelion\u0117, kur ji baig\u0117si, kiek truko, koks atstumas nuva\u017eiuotas kelion\u0117s metu ir pan. Vartotojas pirmiausia turi pasirinkti laikotarp\u012f, kuriam bus sukurta \u0161i ataskaita. Laikotarpis \u2013\u00a0nor\u0117damas pasirinkti laikotarp\u012f, vartotojas turi paspausti \u201ePasirinkite laiko interval\u0105\u201c, tuomet atidaromas kalendoriaus skydelis. Kalendorius identi\u0161kas visoje TPVS. &hellip; <a href=\"https:\/\/www.fmsdocumentation.com\/lt\/ataskaitu-meniu\/keliones-ataskaita\/\" class=\"more-link\">Skaityti toliau: <span class=\"screen-reader-text\">Kelion\u0117s ataskaita<\/span><\/a><\/p>\n","protected":false},"author":1,"featured_media":0,"parent":1492,"menu_order":13,"comment_status":"closed","ping_status":"closed","template":"","meta":{"footnotes":""},"class_list":["post-1544","page","type-page","status-publish","hentry"],"_links":{"self":[{"href":"https:\/\/www.fmsdocumentation.com\/lt\/wp-json\/wp\/v2\/pages\/1544","targetHints":{"allow":["GET"]}}],"collection":[{"href":"https:\/\/www.fmsdocumentation.com\/lt\/wp-json\/wp\/v2\/pages"}],"about":[{"href":"https:\/\/www.fmsdocumentation.com\/lt\/wp-json\/wp\/v2\/types\/page"}],"author":[{"embeddable":true,"href":"https:\/\/www.fmsdocumentation.com\/lt\/wp-json\/wp\/v2\/users\/1"}],"replies":[{"embeddable":true,"href":"https:\/\/www.fmsdocumentation.com\/lt\/wp-json\/wp\/v2\/comments?post=1544"}],"version-history":[{"count":20,"href":"https:\/\/www.fmsdocumentation.com\/lt\/wp-json\/wp\/v2\/pages\/1544\/revisions"}],"predecessor-version":[{"id":10657,"href":"https:\/\/www.fmsdocumentation.com\/lt\/wp-json\/wp\/v2\/pages\/1544\/revisions\/10657"}],"up":[{"embeddable":true,"href":"https:\/\/www.fmsdocumentation.com\/lt\/wp-json\/wp\/v2\/pages\/1492"}],"wp:attachment":[{"href":"https:\/\/www.fmsdocumentation.com\/lt\/wp-json\/wp\/v2\/media?parent=1544"}],"curies":[{"name":"wp","href":"https:\/\/api.w.org\/{rel}","templated":true}]}}