{"id":1552,"date":"2017-10-04T05:55:11","date_gmt":"2017-10-04T05:55:11","guid":{"rendered":"http:\/\/www.fmsdocumentation.com\/?page_id=1552"},"modified":"2020-09-16T10:06:09","modified_gmt":"2020-09-16T07:06:09","slug":"darbo-valandu-ataskaita","status":"publish","type":"page","link":"https:\/\/www.fmsdocumentation.com\/lt\/ataskaitu-meniu\/darbo-valandu-ataskaita\/","title":{"rendered":"Darbo valand\u0173 ataskaita"},"content":{"rendered":"\n<p><strong>Darbo valand\u0173 ataskaita <\/strong>\u2013 \u0161io tipo ataskaitose d\u0117mesys skiriamas informacijai apie darbo valandas ir kitai su jomis susijusiai informacijai. Vartotojas pirmiausia turi pasirinkti laikotarp\u012f, kuriam bus sukurta \u0161i ataskaita.<\/p>\n\n\n\n<p><strong>Laikotarpis <\/strong>\u2013<strong>&nbsp;<\/strong>nor\u0117damas pasirinkti laikotarp\u012f, vartotojas turi paspausti \u201ePasirinkite laiko interval\u0105\u201c, tuomet atidaromas kalendoriaus skydelis. Kalendorius identi\u0161kas visoje TPVS. Nor\u0117damas pasirinkti prad\u017eios \/ pabaigos dat\u0105, vartotojas turi pasirinkti vien\u0105 i\u0161 dat\u0173, o tuomet \u2013 kit\u0105. Pasirinktos dienos bus pa\u017eym\u0117tos m\u0117lyna spalva. Dabartin\u0117 diena pa\u017eym\u0117ta ma\u017eu m\u0117lynu trikampiu kair\u0117je dienos langelio pus\u0117je. Jei pasirenkama (pary\u0161kinama) dabartin\u0117 diena, trikampis tampa baltu. Pasirink\u0119s dienas, vartotojas gali nurodyti nuo kurios prad\u017eios datos valandos iki kurios pabaigos datos valandos rodyti duomenis. Norint i\u0161saugoti pakeitimus, vartotojas turi paspausti mygtuk\u0105 <strong>Taikyti<\/strong>, kitu atveju pakeitimai nebus i\u0161saugomi.<\/p>\n\n\n\n<figure class=\"wp-block-image is-resized\"><a href=\"https:\/\/www.fmsdocumentation.com\/wp-content\/uploads\/2017\/10\/136LT-5.png\"><img loading=\"lazy\" decoding=\"async\" src=\"https:\/\/www.fmsdocumentation.com\/wp-content\/uploads\/2017\/10\/136LT-5.png\" alt=\"\" class=\"wp-image-1559\" width=\"580\" height=\"549\" srcset=\"https:\/\/www.fmsdocumentation.com\/wp-content\/uploads\/2017\/10\/136LT-5.png 587w, https:\/\/www.fmsdocumentation.com\/wp-content\/uploads\/2017\/10\/136LT-5-300x284.png 300w\" sizes=\"auto, (max-width: 580px) 100vw, 580px\" \/><\/a><\/figure>\n\n\n\n<p>Trumpiausias laikotarpis yra viena diena. Norint pasirinkti vien\u0105 dien\u0105, reikia tiesiog kairiuoju pel\u0117s mygtuku dukart spustel\u0117ti pageidaujam\u0105 dien\u0105.<br>Ilgiausias laikotarpis pasirinkus ma\u017eiau nei 10 objekt\u0173 yra trys m\u0117nesiai (90 dien\u0173). Pasirinkus daugiau nei 10 objekt\u0173, \u0161is laikotarpis sutrump\u0117ja iki 1 m\u0117nesio. Negalima pasirinkti ilgesnio laikotarpio.<\/p>\n\n\n\n<p><strong>Parengti pagal&nbsp;<\/strong>\u2013 \u0161iuo nustatymu apibr\u0117\u017eiamas pagrindinis ataskaitos tikslas. Yra du galimi variantai:<\/p>\n\n\n\n<ul class=\"wp-block-list\"><li>Vairuotojai;<\/li><li>Objektai.<\/li><\/ul>\n\n\n\n<p>\u0160iuo atveju sukurtoje ataskaitoje bus rodoma informacija (<em>parametrai: kelion\u0117s atstumas, darbo prad\u017eios vieta ir kt.),&nbsp;<\/em>skirta pasirinktam ataskaitos \u0161altiniui<em>&nbsp;(vairuotojams arba objektams).&nbsp;<\/em>Taigi jei pasirenkami objektai, tuomet bus rodoma informacija apie konkre\u010dius pasirinktus objektus.<\/p>\n\n\n\n<p><strong>Pateikti duomenis kaip<\/strong>&nbsp;\u2013 nustato, kaip atvaizduojami duomenys. Galimos \u0161ios parinktys:<\/p>\n\n\n\n<ul class=\"wp-block-list\"><li>Dien\u0173 informacija, \u012fskaitant santraukas ir keliones&nbsp;\u2013 atvaizduojami detal\u016bs kiekvienos dienos darbo valand\u0173 duomenys;<\/li><li>I\u0161samios kelion\u0117s \u2013 atvaizduojami detal\u016bs darbo valand\u0173 duomenys;<\/li><li>Dien\u0173 santraukos \u2013 atvaizduojama kiekvienos dienos darbo valand\u0173 santrauka;<\/li><\/ul>\n\n\n\n<p><strong>Objektai\/Vairuotojai<\/strong>&nbsp;(<em>priklauso nuo to, kuo paremta ataskaita)<\/em><strong>&nbsp;<\/strong>\u2013<strong>&nbsp;<\/strong>vartotojas gali pasirinkti, kuriems objektams ar vairuotojams bus sukurta ataskaita.<\/p>\n\n\n\n<p>Jei pasirenkami&nbsp;<em>Objektai<\/em>, s\u0105ra\u0161e taip pat bus&nbsp;<strong>grup\u0117s<\/strong>. Vartotojas gali pasirinkti vis\u0105 grup\u0119, pa\u017eym\u0117damas \u017eymim\u0105j\u012f langel\u012f \u0161alia grup\u0117s arba paspausdamas pliuso mygtuk\u0105, kad i\u0161pl\u0117st\u0173 grup\u0119 ir pamatyt\u0173, kokie objektai yra grup\u0117je. Nor\u0117damas suskleisti grup\u0119, vartotojas turi paspausti mygtuk\u0105 su minusu.&nbsp;<strong>I\u0161 grup\u0117s galima pasirinkti individualius objektus<\/strong>. Svarbu pa\u017eym\u0117ti, kad jei yra pasirenkamas objektas, esantis keliose grup\u0117se, jis bus pa\u017eym\u0117tas visose grup\u0117se, kaip parodyta \u017eemiau esan\u010diame paveiksl\u0117lyje. Jei pasirenkama visa grup\u0117, \u017eymimasis langelis bus m\u0117lynas, o varnel\u0117 balta. Jei pasirenkama tik dalis grup\u0117s, \u017eymimajame langelyje bus m\u0117lynas kvadratas (pateikta \u017eemiau esan\u010diame paveiksl\u0117lyje). Vartotojas taip pat gali pasinaudoti paie\u0161ka, kad grei\u010diau rast\u0173 objektus ir grupes.<\/p>\n\n\n\n<figure class=\"wp-block-image is-resized\"><a href=\"https:\/\/www.fmsdocumentation.com\/wp-content\/uploads\/2017\/10\/281LT-6.png\"><img loading=\"lazy\" decoding=\"async\" src=\"https:\/\/www.fmsdocumentation.com\/wp-content\/uploads\/2017\/10\/281LT-6.png\" alt=\"\" class=\"wp-image-1553\" width=\"573\" height=\"408\" srcset=\"https:\/\/www.fmsdocumentation.com\/wp-content\/uploads\/2017\/10\/281LT-6.png 573w, https:\/\/www.fmsdocumentation.com\/wp-content\/uploads\/2017\/10\/281LT-6-300x214.png 300w\" sizes=\"auto, (max-width: 573px) 100vw, 573px\" \/><\/a><\/figure>\n\n\n\n<p>Pasirinkus&nbsp;<em>Vairuotojai<\/em>, vairuotojai bus pateikti i\u0161skleid\u017eiamajame s\u0105ra\u0161e. Norint pasirinkti vairuotoj\u0105, vartotojas turi pa\u017eym\u0117ti \u017eymim\u0105j\u012f langel\u012f esant\u012f \u0161alia vairuotojo. Spustel\u0117jus \u017eymim\u0105j\u012f langel\u012f esant\u012f \u0161alia&nbsp;\u201ePasirinkti visus\u201c bus pa\u017eym\u0117ti\/at\u017eym\u0117ti visi vairuotojai. Paie\u0161kos laukelyje kaskart \u012fvedus simbol\u012f, s\u0105ra\u0161as yra atnaujinamas automati\u0161kai. Pasirinkt\u0173 ir vis\u0173 vairuotoj\u0173 skai\u010dius atvaizduojamas vir\u0161uje, de\u0161iniajame s\u0105ra\u0161o kampe.<\/p>\n\n\n\n<figure class=\"wp-block-image is-resized\"><a href=\"https:\/\/www.fmsdocumentation.com\/wp-content\/uploads\/2018\/12\/138LT-10.png\"><img loading=\"lazy\" decoding=\"async\" src=\"https:\/\/www.fmsdocumentation.com\/wp-content\/uploads\/2018\/12\/138LT-10.png\" alt=\"\" class=\"wp-image-6871\" width=\"495\" height=\"268\" srcset=\"https:\/\/www.fmsdocumentation.com\/wp-content\/uploads\/2018\/12\/138LT-10.png 495w, https:\/\/www.fmsdocumentation.com\/wp-content\/uploads\/2018\/12\/138LT-10-300x162.png 300w\" sizes=\"auto, (max-width: 495px) 100vw, 495px\" \/><\/a><\/figure>\n\n\n\n<p>Pasirink\u0119s <em>Objektus\/Vairuotojus<\/em>,&nbsp;<strong>grafos s\u0105ra\u0161e&nbsp;<\/strong>vartotojas tur\u0117t\u0173 pasirinkti, kurios skiltys bus visoje ataskaitoje. Vienu metu galima pasirinkti tik&nbsp;<strong>10 skil\u010di\u0173<\/strong>. Ataskaitoje bus pateikiami \u0161ie numatytieji parametrai:<\/p>\n\n\n\n<ul class=\"wp-block-list\"><li>Darbo prad\u017eios laikas \u2013 pirmojo degimo \u012fjungimo laikas, \u0161io parametro at\u017eym\u0117ti negalima;<\/li><li>Darbo prad\u017eios vietov\u0117 \u2013 vieta, kur pirm\u0105 kart\u0105 \u012fjungtas degimas;<\/li><li>Darbo pabaigos laikas \u2013 paskutiniojo degimo i\u0161jungimo laikas;<\/li><li>Darbo pabaigos vietov\u0117 \u2013 vieta, kur paskutin\u012f kart\u0105 i\u0161jungtas degimas;<\/li><li>Darbo trukm\u0117 ne darbo valand\u0173 metu \u2013 trukm\u0117, kai degimas buvo \u012fjungtas ne darbo valand\u0173 metu (darbo valandas vartotojas nustato po grafos s\u0105ra\u0161o);<\/li><li>Darbo trukm\u0117 darbo valandomis \u2013 trukm\u0117, kai degimas buvo \u012fjungtas darbo valandomis (darbo valandas vartotojas nustato po grafos s\u0105ra\u0161o);<\/li><\/ul>\n\n\n\n<p>Kiti papildomi parametrai, kuriuos galima pasirinkti:<\/p>\n\n\n\n<ul class=\"wp-block-list\"><li>Prastovos trukm\u0117 \u2013 transporto priemon\u0117s stov\u0117jimo trukm\u0117;<\/li><li>Rida pabaigoje \u2013 rida kelion\u0117s pabaigoje (paskutiniojo degimo i\u0161jungimo metu);<\/li><li>Rida prad\u017eioje \u2013 rida kelion\u0117s prad\u017eioje (pirmojo degimo \u012fjungimo metu);<\/li><li>Suminis nuva\u017eiuotas atstumas \u2013 bendras atstumas nuo kelion\u0117s prad\u017eios iki pabaigos (nuo degimo \u012fjungimo iki i\u0161jungimo);<\/li><li>Sumin\u0117 darbo laiko trukm\u0117 \u2013 bendra trukm\u0117 nuo kelion\u0117s prad\u017eios iki pabaigos (nuo degimo \u012fjungimo iki i\u0161jungimo);<\/li><li>Sunaudota kuro \u2013 kelion\u0117s metu sunaudotas kuras;<\/li><li>Va\u017eiuota darbo valandomis \u2013 bendras darbo valandomis nuva\u017eiuotas atstumas (darbo valandas vartotojas nustato po grafos s\u0105ra\u0161o);<\/li><li>Va\u017eiuota ne darbo valandomis \u2013 bendras ne darbo valandomis nuva\u017eiuotas atstumas (darbo valandas vartotojas nustato po grafos s\u0105ra\u0161o);<\/li><li>Virtualus odometras \u2013 virtualaus odometro kelion\u0117s rida, apskai\u010diuota at\u0117mus kelion\u0117s prad\u017ei\u0105 i\u0161 pabaigos.<\/li><\/ul>\n\n\n\n<p>Pasirink\u0119s parametrus grafos s\u0105ra\u0161e, vartotojas turi nustatyti<strong> darbo dienas bei valandas<\/strong>. Pagal nutyl\u0117jim\u0105 darbo dienos ir valandos yra nuo 8 iki 17h, kiekvien\u0105 savait\u0117s dien\u0105. Darbo dienos (m\u0117lynos) nustatomos spustel\u0117jant savait\u0117s dienas, spustel\u0117jus dien\u0105 ji tampa ne darbo diena (\u0161viesiai pilka). Spustel\u0117jus ne darbo dien\u0105 dar kart\u0105, ji tampa darbo diena. Darbo valandos nustatomos \u012fvedant jas (valandas ir minutes) \u012f atitinkamus laukelius. Galimas valand\u0173 intervalas yra nuo 0 iki 24, galimas minu\u010di\u0173 intervalas yra nuo 0 iki 60 ir &#8220;nuo&#8221; laikas negali b\u016bti v\u0117lesnis u\u017e &#8220;iki&#8221; laik\u0105.<\/p>\n\n\n\n<figure class=\"wp-block-image is-resized\"><a href=\"https:\/\/www.fmsdocumentation.com\/wp-content\/uploads\/2018\/04\/344LT.png\"><img loading=\"lazy\" decoding=\"async\" src=\"https:\/\/www.fmsdocumentation.com\/wp-content\/uploads\/2018\/04\/344LT.png\" alt=\"\" class=\"wp-image-4876\" width=\"511\" height=\"176\" srcset=\"https:\/\/www.fmsdocumentation.com\/wp-content\/uploads\/2018\/04\/344LT.png 511w, https:\/\/www.fmsdocumentation.com\/wp-content\/uploads\/2018\/04\/344LT-300x103.png 300w\" sizes=\"auto, (max-width: 511px) 100vw, 511px\" \/><\/a><\/figure>\n\n\n\n<p>Pasirinktas laikotarpis bus skai\u010diuojamas kaip darbo valandos, o lik\u0119s \u2013 kaip ne darbo valandos (<em>pavyzd\u017eiui, darbo valandos nustatytos nuo 8 iki 17 val. nuo pirmadienio iki penktadienio, tuomet ne darbo valandos nustatomos nuo 0 iki 8 val. bei nuo 17 iki 24 val. nuo pirmadienio iki penktadienio ir vis\u0105 dien\u0105 savaitgaliais).<\/em><\/p>\n\n\n\n<p>Nustat\u0119s darbo valandas, vartotojas gali pasirinkti, kokias keliones rodyti ataskaitoje:<\/p>\n\n\n\n<ul class=\"wp-block-list\"><li>Rodyti tik keliones, vykdytas darbo valandomis;<\/li><li>Rodyti tik keliones, vykdytas nedarbo valandomis;<\/li><li>Rodyti visas keliones.<\/li><\/ul>\n\n\n\n<p>Tuomet vartotojas gali \u012fgalinti kelet\u0105 papildom\u0173 nustatym\u0173.<\/p>\n\n\n\n<p><strong>Ataskaitos santrauka&nbsp;<\/strong>\u2013<strong>&nbsp;<\/strong>pagal nutyl\u0117jim\u0105 i\u0161jungta; santrauka \u012ftraukiama&nbsp;\u012f ataskait\u0105. Joje apibendrinama visa ataskaitos informacija.&nbsp;Santraukoje pateikiami \u0161ie numatytieji parametrai:<\/p>\n\n\n\n<ul class=\"wp-block-list\"><li>Objekto pavadinimas \u2013 \u0161io parametro at\u017eym\u0117ti negalima;<\/li><li>Darbo trukm\u0117 ne darbo valand\u0173 metu;<\/li><li>Sumin\u0117 darbo laiko trukm\u0117;<\/li><li>Darbo trukm\u0117 darbo valandomis.<\/li><\/ul>\n\n\n\n<p>Kitos skiltys yra pasirinktinos:<\/p>\n\n\n\n<ul class=\"wp-block-list\"><li>Asmenin\u0117s kelion\u0117s rida;<\/li><li>Darbo kelion\u0117s rida;<\/li><li>Suminis nuva\u017eiuotas atstumas;<\/li><li>Sunaudota kuro;<\/li><li>Va\u017eiuota darbo valandomis;<\/li><li>Va\u017eiuota ne darbo valandomis;<\/li><li>Verslo kelion\u0117s rida;<\/li><li>\u0160alis, kurioje kelion\u0117 baig\u0117si;<\/li><li>\u0160alis, kurioje kelion\u0117 prasid\u0117jo.<\/li><\/ul>\n\n\n\n<p><strong>Rodyti \u017eem\u0117lap\u012f&nbsp;<\/strong>\u2013<strong>&nbsp;<\/strong>pagal nutyl\u0117jim\u0105 i\u0161jungta; \u012f ataskait\u0105 \u012ftraukiamas \u017eem\u0117lapis, kuriame pa\u017eym\u0117ti visi nupylimo \/ pripildymo \u012fvykiai.<\/p>\n\n\n\n<p><strong>Padalinti keliones \u012f atskiras, jeigu jos kerta \u0161alies sien\u0105<\/strong>&nbsp;\u2013 pagal nutyl\u0117jim\u0105 i\u0161jungta; \u012fgalinus kelion\u0117 pasienyje bus padalyta \u012f kelias, jei kertama \u0161alies siena. Taip sukuriamos dvi kelion\u0117s, viena prie\u0161 sien\u0105 ir kita \u2013 u\u017e jos.<\/p>\n\n\n\n<p><strong>Rodyti trumpas keliones&nbsp;<\/strong>\u2013<strong>&nbsp;<\/strong>pagal nutyl\u0117jim\u0105 \u012fgalinta; \u012fjungus \u012f ataskait\u0105 bus \u012ftraukiamos kelion\u0117s, kuri\u0173 visas nuva\u017eiuotas atstumas yra trumpesnis nei 50 m.<\/p>\n\n\n\n<figure class=\"wp-block-image is-resized\"><a href=\"https:\/\/www.fmsdocumentation.com\/wp-content\/uploads\/2018\/06\/207LT.png\"><img loading=\"lazy\" decoding=\"async\" src=\"https:\/\/www.fmsdocumentation.com\/wp-content\/uploads\/2018\/06\/207LT.png\" alt=\"\" class=\"wp-image-5313\" width=\"580\" height=\"307\" srcset=\"https:\/\/www.fmsdocumentation.com\/wp-content\/uploads\/2018\/06\/207LT.png 1224w, https:\/\/www.fmsdocumentation.com\/wp-content\/uploads\/2018\/06\/207LT-300x159.png 300w, https:\/\/www.fmsdocumentation.com\/wp-content\/uploads\/2018\/06\/207LT-768x407.png 768w, https:\/\/www.fmsdocumentation.com\/wp-content\/uploads\/2018\/06\/207LT-1024x542.png 1024w\" sizes=\"auto, (max-width: 580px) 100vw, 580px\" \/><\/a><\/figure>\n\n\n\n<p>Nor\u0117damas u\u017ebaigti ir sukurti ataskait\u0105, vartotojas turi paspausti mygtuk\u0105 <strong>Generuoti<\/strong>. Nor\u0117damas at\u0161aukti ataskaitos k\u016brim\u0105, vartotojas turi paspausti mygtuk\u0105 <strong>At\u0161aukti<\/strong>.<\/p>\n\n\n\n<figure class=\"wp-block-image is-resized\"><a href=\"https:\/\/www.fmsdocumentation.com\/wp-content\/uploads\/2017\/10\/202LT-6.png\"><img loading=\"lazy\" decoding=\"async\" src=\"https:\/\/www.fmsdocumentation.com\/wp-content\/uploads\/2017\/10\/202LT-6.png\" alt=\"\" class=\"wp-image-1560\" width=\"502\" height=\"69\" srcset=\"https:\/\/www.fmsdocumentation.com\/wp-content\/uploads\/2017\/10\/202LT-6.png 502w, https:\/\/www.fmsdocumentation.com\/wp-content\/uploads\/2017\/10\/202LT-6-300x41.png 300w\" sizes=\"auto, (max-width: 502px) 100vw, 502px\" \/><\/a><\/figure>\n\n\n\n<hr class=\"wp-block-separator\"\/>\n\n\n\n<p><div class=\"alignleft\"><a href=\"https:\/\/www.fmsdocumentation.com\/lt\/ataskaitu-meniu\/keliones-ataskaita\/\" title=\"Kelion\u0117s ataskaita\"><span class=\"arrow\">\u2039 &nbsp <\/span> Kelion\u0117s ataskaita <\/a><\/div> <div class=\"alignright\"><a href=\"https:\/\/www.fmsdocumentation.com\/lt\/ataskaitu-meniu\/ataskaitu-valdymas\/\" title=\"Ataskait\u0173 valdymas\">Ataskait\u0173 valdymas <span class=\"arrow\"> &nbsp\u203a <\/span> <\/a><\/div><\/p>\n","protected":false},"excerpt":{"rendered":"<p>Darbo valand\u0173 ataskaita \u2013 \u0161io tipo ataskaitose d\u0117mesys skiriamas informacijai apie darbo valandas ir kitai su jomis susijusiai informacijai. Vartotojas pirmiausia turi pasirinkti laikotarp\u012f, kuriam bus sukurta \u0161i ataskaita. Laikotarpis \u2013&nbsp;nor\u0117damas pasirinkti laikotarp\u012f, vartotojas turi paspausti \u201ePasirinkite laiko interval\u0105\u201c, tuomet atidaromas kalendoriaus skydelis. Kalendorius identi\u0161kas visoje TPVS. Nor\u0117damas pasirinkti prad\u017eios \/ pabaigos dat\u0105, vartotojas turi &hellip; <a href=\"https:\/\/www.fmsdocumentation.com\/lt\/ataskaitu-meniu\/darbo-valandu-ataskaita\/\" class=\"more-link\">Skaityti toliau: <span class=\"screen-reader-text\">Darbo valand\u0173 ataskaita<\/span><\/a><\/p>\n","protected":false},"author":1,"featured_media":0,"parent":1492,"menu_order":14,"comment_status":"closed","ping_status":"closed","template":"","meta":{"footnotes":""},"class_list":["post-1552","page","type-page","status-publish","hentry"],"_links":{"self":[{"href":"https:\/\/www.fmsdocumentation.com\/lt\/wp-json\/wp\/v2\/pages\/1552","targetHints":{"allow":["GET"]}}],"collection":[{"href":"https:\/\/www.fmsdocumentation.com\/lt\/wp-json\/wp\/v2\/pages"}],"about":[{"href":"https:\/\/www.fmsdocumentation.com\/lt\/wp-json\/wp\/v2\/types\/page"}],"author":[{"embeddable":true,"href":"https:\/\/www.fmsdocumentation.com\/lt\/wp-json\/wp\/v2\/users\/1"}],"replies":[{"embeddable":true,"href":"https:\/\/www.fmsdocumentation.com\/lt\/wp-json\/wp\/v2\/comments?post=1552"}],"version-history":[{"count":26,"href":"https:\/\/www.fmsdocumentation.com\/lt\/wp-json\/wp\/v2\/pages\/1552\/revisions"}],"predecessor-version":[{"id":10074,"href":"https:\/\/www.fmsdocumentation.com\/lt\/wp-json\/wp\/v2\/pages\/1552\/revisions\/10074"}],"up":[{"embeddable":true,"href":"https:\/\/www.fmsdocumentation.com\/lt\/wp-json\/wp\/v2\/pages\/1492"}],"wp:attachment":[{"href":"https:\/\/www.fmsdocumentation.com\/lt\/wp-json\/wp\/v2\/media?parent=1552"}],"curies":[{"name":"wp","href":"https:\/\/api.w.org\/{rel}","templated":true}]}}