{"id":1562,"date":"2017-10-04T06:10:07","date_gmt":"2017-10-04T06:10:07","guid":{"rendered":"http:\/\/www.fmsdocumentation.com\/?page_id=1562"},"modified":"2019-02-11T12:50:31","modified_gmt":"2019-02-11T10:50:31","slug":"ataskaitu-valdymas","status":"publish","type":"page","link":"https:\/\/www.fmsdocumentation.com\/lt\/ataskaitu-meniu\/ataskaitu-valdymas\/","title":{"rendered":"Ataskait\u0173 valdymas"},"content":{"rendered":"<p>Paspaudus ataskaitos k\u016brimo mygtuk\u0105, ataskaita bus sukurta, o vartotojo lange bus pateiktas vaizdas, parodytas \u017eemiau.<\/p>\n<p><a href=\"https:\/\/www.fmsdocumentation.com\/wp-content\/uploads\/2019\/02\/143LT.png\"><img loading=\"lazy\" decoding=\"async\" class=\"alignnone wp-image-7331 size-large\" src=\"https:\/\/www.fmsdocumentation.com\/wp-content\/uploads\/2019\/02\/143LT-1024x459.png\" alt=\"\" width=\"660\" height=\"296\" srcset=\"https:\/\/www.fmsdocumentation.com\/wp-content\/uploads\/2019\/02\/143LT-1024x459.png 1024w, https:\/\/www.fmsdocumentation.com\/wp-content\/uploads\/2019\/02\/143LT-300x135.png 300w, https:\/\/www.fmsdocumentation.com\/wp-content\/uploads\/2019\/02\/143LT-768x345.png 768w, https:\/\/www.fmsdocumentation.com\/wp-content\/uploads\/2019\/02\/143LT.png 1861w\" sizes=\"auto, (max-width: 660px) 100vw, 660px\" \/><\/a><\/p>\n<p>Nor\u0117damas i\u0161trinti ataskait\u0105, vartotojas turi paspausti \u017eymim\u0105j\u012f langel\u012f ataskaitos prad\u017eioje, tuomet pasirodys mygtukas \u201eI\u0161trinti pa\u017eym\u0117tus\u201c.<\/p>\n<p><a href=\"https:\/\/www.fmsdocumentation.com\/wp-content\/uploads\/2019\/02\/145LT.png\"><img loading=\"lazy\" decoding=\"async\" class=\"alignnone wp-image-7332 size-large\" src=\"https:\/\/www.fmsdocumentation.com\/wp-content\/uploads\/2019\/02\/145LT-1024x309.png\" alt=\"\" width=\"660\" height=\"199\" srcset=\"https:\/\/www.fmsdocumentation.com\/wp-content\/uploads\/2019\/02\/145LT-1024x309.png 1024w, https:\/\/www.fmsdocumentation.com\/wp-content\/uploads\/2019\/02\/145LT-300x90.png 300w, https:\/\/www.fmsdocumentation.com\/wp-content\/uploads\/2019\/02\/145LT-768x232.png 768w, https:\/\/www.fmsdocumentation.com\/wp-content\/uploads\/2019\/02\/145LT.png 1860w\" sizes=\"auto, (max-width: 660px) 100vw, 660px\" \/><\/a><\/p>\n<p>Paspaudus mygtuk\u0105 \u201eI\u0161trinti pa\u017eym\u0117tus\u201c, atsidarys patvirtinimo langas, kuriame vartotojas tur\u0117s patvirtinti i\u0161trynimo proces\u0105.<\/p>\n<p>Vartotojas gali pa\u017eym\u0117ti visas ataskaitas vienu metu, paspausdamas ant antra\u0161t\u0117je esan\u010dio \u017eymimojo langelio. Tai apima jau pa\u017eym\u0117tus langelius (<em>pasirinkimas n\u0117ra invertuojamas),<\/em> taip pat galima j\u012f paspausti norint pa\u017eym\u0117ti visas ataskaitas, tuomet vartotojas turi tiesiog dukart spustel\u0117ti \u017eymim\u0105j\u012f langel\u012f (po pirmojo spustel\u0117jimo bus pasirinktos visos ataskaitos, o po antrojo \u2013 visos pasirinktos bus pa\u017eym\u0117tos). Jei vartotojas ranka pasirenka visas ataskaitas, antra\u0161t\u0117s \u017eymimasis langelis bus pa\u017eym\u0117tas automati\u0161kai.<\/p>\n<p><a href=\"https:\/\/www.fmsdocumentation.com\/wp-content\/uploads\/2017\/10\/146LT.png\"><img loading=\"lazy\" decoding=\"async\" class=\"aligncenter wp-image-1566 size-full\" src=\"https:\/\/www.fmsdocumentation.com\/wp-content\/uploads\/2017\/10\/146LT.png\" alt=\"\" width=\"1866\" height=\"895\" srcset=\"https:\/\/www.fmsdocumentation.com\/wp-content\/uploads\/2017\/10\/146LT.png 1866w, https:\/\/www.fmsdocumentation.com\/wp-content\/uploads\/2017\/10\/146LT-300x144.png 300w, https:\/\/www.fmsdocumentation.com\/wp-content\/uploads\/2017\/10\/146LT-768x368.png 768w, https:\/\/www.fmsdocumentation.com\/wp-content\/uploads\/2017\/10\/146LT-1024x491.png 1024w\" sizes=\"auto, (max-width: 1866px) 100vw, 1866px\" \/><\/a><\/p>\n<hr \/>\n<p><div class=\"alignleft\"><a href=\"https:\/\/www.fmsdocumentation.com\/lt\/ataskaitu-meniu\/darbo-valandu-ataskaita\/\" title=\"Darbo valand\u0173 ataskaita\"><span class=\"arrow\">\u2039 &nbsp <\/span> Darbo valand\u0173 ataskaita <\/a><\/div> <div class=\"alignright\"><a href=\"https:\/\/www.fmsdocumentation.com\/lt\/ataskaitu-meniu\/ataskaitu-apzvalga\/\" title=\"Ataskait\u0173 ap\u017evalga\">Ataskait\u0173 ap\u017evalga <span class=\"arrow\"> &nbsp\u203a <\/span> <\/a><\/div><\/p>\n","protected":false},"excerpt":{"rendered":"<p>Paspaudus ataskaitos k\u016brimo mygtuk\u0105, ataskaita bus sukurta, o vartotojo lange bus pateiktas vaizdas, parodytas \u017eemiau. Nor\u0117damas i\u0161trinti ataskait\u0105, vartotojas turi paspausti \u017eymim\u0105j\u012f langel\u012f ataskaitos prad\u017eioje, tuomet pasirodys mygtukas \u201eI\u0161trinti pa\u017eym\u0117tus\u201c. Paspaudus mygtuk\u0105 \u201eI\u0161trinti pa\u017eym\u0117tus\u201c, atsidarys patvirtinimo langas, kuriame vartotojas tur\u0117s patvirtinti i\u0161trynimo proces\u0105. Vartotojas gali pa\u017eym\u0117ti visas ataskaitas vienu metu, paspausdamas ant antra\u0161t\u0117je esan\u010dio \u017eymimojo &hellip; <a href=\"https:\/\/www.fmsdocumentation.com\/lt\/ataskaitu-meniu\/ataskaitu-valdymas\/\" class=\"more-link\">Skaityti toliau: <span class=\"screen-reader-text\">Ataskait\u0173 valdymas<\/span><\/a><\/p>\n","protected":false},"author":1,"featured_media":0,"parent":1492,"menu_order":15,"comment_status":"closed","ping_status":"closed","template":"","meta":{"footnotes":""},"class_list":["post-1562","page","type-page","status-publish","hentry"],"_links":{"self":[{"href":"https:\/\/www.fmsdocumentation.com\/lt\/wp-json\/wp\/v2\/pages\/1562","targetHints":{"allow":["GET"]}}],"collection":[{"href":"https:\/\/www.fmsdocumentation.com\/lt\/wp-json\/wp\/v2\/pages"}],"about":[{"href":"https:\/\/www.fmsdocumentation.com\/lt\/wp-json\/wp\/v2\/types\/page"}],"author":[{"embeddable":true,"href":"https:\/\/www.fmsdocumentation.com\/lt\/wp-json\/wp\/v2\/users\/1"}],"replies":[{"embeddable":true,"href":"https:\/\/www.fmsdocumentation.com\/lt\/wp-json\/wp\/v2\/comments?post=1562"}],"version-history":[{"count":6,"href":"https:\/\/www.fmsdocumentation.com\/lt\/wp-json\/wp\/v2\/pages\/1562\/revisions"}],"predecessor-version":[{"id":7333,"href":"https:\/\/www.fmsdocumentation.com\/lt\/wp-json\/wp\/v2\/pages\/1562\/revisions\/7333"}],"up":[{"embeddable":true,"href":"https:\/\/www.fmsdocumentation.com\/lt\/wp-json\/wp\/v2\/pages\/1492"}],"wp:attachment":[{"href":"https:\/\/www.fmsdocumentation.com\/lt\/wp-json\/wp\/v2\/media?parent=1562"}],"curies":[{"name":"wp","href":"https:\/\/api.w.org\/{rel}","templated":true}]}}