{"id":1571,"date":"2017-10-04T07:59:26","date_gmt":"2017-10-04T07:59:26","guid":{"rendered":"http:\/\/www.fmsdocumentation.com\/?page_id=1571"},"modified":"2018-12-06T10:57:12","modified_gmt":"2018-12-06T08:57:12","slug":"ataskaitu-apzvalga","status":"publish","type":"page","link":"https:\/\/www.fmsdocumentation.com\/lt\/ataskaitu-meniu\/ataskaitu-apzvalga\/","title":{"rendered":"Ataskait\u0173 ap\u017evalga"},"content":{"rendered":"<p>Ataskaitas galima filtruoti pagal kelis kriterijus:<\/p>\n<ul>\n<li>Prenumeratos pavadinimas \u2013 paie\u0161kos juosta, kurioje bus filtruojamos ataskaitos, paremtos prenumerata;<\/li>\n<li>Ataskaitos tipas;<\/li>\n<li>Ataskaita pagr\u012fsta (objektais \/ vairuotojais);<\/li>\n<li>Datos intervalas \u2013 vartotojas gali pasirinkti, kad b\u016bt\u0173 rodomos tik tam tikro laikotarpio ataskaitos.<\/li>\n<\/ul>\n<p>Visi \u0161ie filtrai yra puslapio vir\u0161uje.<\/p>\n<p><a href=\"https:\/\/www.fmsdocumentation.com\/wp-content\/uploads\/2018\/12\/274LT.png\"><img loading=\"lazy\" decoding=\"async\" class=\"alignnone wp-image-6384 size-large\" src=\"https:\/\/www.fmsdocumentation.com\/wp-content\/uploads\/2018\/12\/274LT-1024x205.png\" alt=\"\" width=\"660\" height=\"132\" srcset=\"https:\/\/www.fmsdocumentation.com\/wp-content\/uploads\/2018\/12\/274LT-1024x205.png 1024w, https:\/\/www.fmsdocumentation.com\/wp-content\/uploads\/2018\/12\/274LT-300x60.png 300w, https:\/\/www.fmsdocumentation.com\/wp-content\/uploads\/2018\/12\/274LT-768x154.png 768w, https:\/\/www.fmsdocumentation.com\/wp-content\/uploads\/2018\/12\/274LT.png 1861w\" sizes=\"auto, (max-width: 660px) 100vw, 660px\" \/><\/a><\/p>\n<p>Ataskaitos s\u0105ra\u0161e rodomos chronologi\u0161kai, vir\u0161uje pateikiamos naujausios (v\u0117liausiai sukurtos).\u00a0Prie kiekvienos ataskaitos pateikiama pagrindin\u0117 informacija apie jos turin\u012f. \u0160i informacija yra:<\/p>\n<ul>\n<li><strong>Ataskaitos tipas;<\/strong><\/li>\n<li><strong>Ataskaitos informacija;<\/strong><\/li>\n<li><strong>Prenumeratos pavadinimas;<\/strong><\/li>\n<li><strong>Ataskaita pagr\u012fsta;<\/strong><\/li>\n<li><strong>Sukurta (ataskaitos suk\u016brimo data).<\/strong><\/li>\n<\/ul>\n<p><a href=\"https:\/\/www.fmsdocumentation.com\/wp-content\/uploads\/2018\/12\/147LT.png\"><img loading=\"lazy\" decoding=\"async\" class=\"alignnone wp-image-6386 size-large\" src=\"https:\/\/www.fmsdocumentation.com\/wp-content\/uploads\/2018\/12\/147LT-1024x127.png\" alt=\"\" width=\"660\" height=\"82\" srcset=\"https:\/\/www.fmsdocumentation.com\/wp-content\/uploads\/2018\/12\/147LT-1024x127.png 1024w, https:\/\/www.fmsdocumentation.com\/wp-content\/uploads\/2018\/12\/147LT-300x37.png 300w, https:\/\/www.fmsdocumentation.com\/wp-content\/uploads\/2018\/12\/147LT-768x95.png 768w, https:\/\/www.fmsdocumentation.com\/wp-content\/uploads\/2018\/12\/147LT.png 1861w\" sizes=\"auto, (max-width: 660px) 100vw, 660px\" \/><\/a><\/p>\n<p>Nor\u0117damas atidaryti ataskait\u0105, vartotojas turi spausti mygtuk\u0105 \u201eRodyti ataskait\u0105\u201c,\u00a0 esant\u012f \u012f de\u0161in\u0119 nuo kiekvienos ataskaitos apra\u0161ymo.<\/p>\n<p><a href=\"https:\/\/www.fmsdocumentation.com\/wp-content\/uploads\/2018\/12\/148LT.png\"><img loading=\"lazy\" decoding=\"async\" class=\"alignnone wp-image-6387 size-large\" src=\"https:\/\/www.fmsdocumentation.com\/wp-content\/uploads\/2018\/12\/148LT-1024x100.png\" alt=\"\" width=\"660\" height=\"64\" srcset=\"https:\/\/www.fmsdocumentation.com\/wp-content\/uploads\/2018\/12\/148LT-1024x100.png 1024w, https:\/\/www.fmsdocumentation.com\/wp-content\/uploads\/2018\/12\/148LT-300x29.png 300w, https:\/\/www.fmsdocumentation.com\/wp-content\/uploads\/2018\/12\/148LT-768x75.png 768w, https:\/\/www.fmsdocumentation.com\/wp-content\/uploads\/2018\/12\/148LT.png 1854w\" sizes=\"auto, (max-width: 660px) 100vw, 660px\" \/><\/a><\/p>\n<p>Ataskaita bus atidaroma naujame lange, o vartotojas bus nukreiptas \u012f t\u0105 lang\u0105. Vienu metu galima atidaryti daugiau nei vien\u0105 ataskait\u0105; kiekviena ataskaita bus atidaroma naujame lange. Jei ataskaita didel\u0117, gali u\u017etrukti, kol bus atidaromas jos puslapis.<\/p>\n<p>\u017demiau pateikiama ataskaitos per\u017ei\u016bra. Ataskaitoje bus pateikiami visi parametrai, kuriuos vartotojas pa\u017eym\u0117jo ataskaitos nustatymuose.\u00a0Nor\u0117damas atsispausdinti ataskait\u0105, vartotojas turi paspausti spausdintuvo mygtuk\u0105, esant\u012f de\u0161in\u0117je ataskaitos pus\u0117je. Ataskaitos ap\u017evalga:<\/p>\n<p><a href=\"https:\/\/www.fmsdocumentation.com\/wp-content\/uploads\/2017\/10\/149LT.png\"><img loading=\"lazy\" decoding=\"async\" class=\"alignnone wp-image-1579 size-full\" src=\"https:\/\/www.fmsdocumentation.com\/wp-content\/uploads\/2017\/10\/149LT.png\" alt=\"\" width=\"976\" height=\"921\" srcset=\"https:\/\/www.fmsdocumentation.com\/wp-content\/uploads\/2017\/10\/149LT.png 976w, https:\/\/www.fmsdocumentation.com\/wp-content\/uploads\/2017\/10\/149LT-300x283.png 300w, https:\/\/www.fmsdocumentation.com\/wp-content\/uploads\/2017\/10\/149LT-768x725.png 768w\" sizes=\"auto, (max-width: 976px) 100vw, 976px\" \/><\/a><\/p>\n<p>Vartotojas taip pat gali atsisi\u0173sti ataskait\u0105 PDF ar EXCEL formatu, paspausdamas atitinkam\u0105 piktogram\u0105 de\u0161in\u0117je ataskait\u0173 ekrano pus\u0117je.<\/p>\n<p><a href=\"https:\/\/www.fmsdocumentation.com\/wp-content\/uploads\/2017\/10\/150LT.png\"><img loading=\"lazy\" decoding=\"async\" class=\"alignnone wp-image-1580 size-full\" src=\"https:\/\/www.fmsdocumentation.com\/wp-content\/uploads\/2017\/10\/150LT.png\" alt=\"\" width=\"1866\" height=\"242\" srcset=\"https:\/\/www.fmsdocumentation.com\/wp-content\/uploads\/2017\/10\/150LT.png 1866w, https:\/\/www.fmsdocumentation.com\/wp-content\/uploads\/2017\/10\/150LT-300x39.png 300w, https:\/\/www.fmsdocumentation.com\/wp-content\/uploads\/2017\/10\/150LT-768x100.png 768w, https:\/\/www.fmsdocumentation.com\/wp-content\/uploads\/2017\/10\/150LT-1024x133.png 1024w\" sizes=\"auto, (max-width: 1866px) 100vw, 1866px\" \/><\/a><\/p>\n<hr \/>\n<p><div class=\"alignleft\"><a href=\"https:\/\/www.fmsdocumentation.com\/lt\/ataskaitu-meniu\/ataskaitu-valdymas\/\" title=\"Ataskait\u0173 valdymas\"><span class=\"arrow\">\u2039 &nbsp <\/span> Ataskait\u0173 valdymas <\/a><\/div> <div class=\"alignright\"><a href=\"https:\/\/www.fmsdocumentation.com\/lt\/ontrack-programa\/\" title=\"OnTrack programa\">OnTrack programa <span class=\"arrow\"> &nbsp\u203a <\/span> <\/a><\/div><\/p>\n","protected":false},"excerpt":{"rendered":"<p>Ataskaitas galima filtruoti pagal kelis kriterijus: Prenumeratos pavadinimas \u2013 paie\u0161kos juosta, kurioje bus filtruojamos ataskaitos, paremtos prenumerata; Ataskaitos tipas; Ataskaita pagr\u012fsta (objektais \/ vairuotojais); Datos intervalas \u2013 vartotojas gali pasirinkti, kad b\u016bt\u0173 rodomos tik tam tikro laikotarpio ataskaitos. Visi \u0161ie filtrai yra puslapio vir\u0161uje. Ataskaitos s\u0105ra\u0161e rodomos chronologi\u0161kai, vir\u0161uje pateikiamos naujausios (v\u0117liausiai sukurtos).\u00a0Prie kiekvienos ataskaitos &hellip; <a href=\"https:\/\/www.fmsdocumentation.com\/lt\/ataskaitu-meniu\/ataskaitu-apzvalga\/\" class=\"more-link\">Skaityti toliau: <span class=\"screen-reader-text\">Ataskait\u0173 ap\u017evalga<\/span><\/a><\/p>\n","protected":false},"author":1,"featured_media":0,"parent":1492,"menu_order":16,"comment_status":"closed","ping_status":"closed","template":"","meta":{"footnotes":""},"class_list":["post-1571","page","type-page","status-publish","hentry"],"_links":{"self":[{"href":"https:\/\/www.fmsdocumentation.com\/lt\/wp-json\/wp\/v2\/pages\/1571","targetHints":{"allow":["GET"]}}],"collection":[{"href":"https:\/\/www.fmsdocumentation.com\/lt\/wp-json\/wp\/v2\/pages"}],"about":[{"href":"https:\/\/www.fmsdocumentation.com\/lt\/wp-json\/wp\/v2\/types\/page"}],"author":[{"embeddable":true,"href":"https:\/\/www.fmsdocumentation.com\/lt\/wp-json\/wp\/v2\/users\/1"}],"replies":[{"embeddable":true,"href":"https:\/\/www.fmsdocumentation.com\/lt\/wp-json\/wp\/v2\/comments?post=1571"}],"version-history":[{"count":7,"href":"https:\/\/www.fmsdocumentation.com\/lt\/wp-json\/wp\/v2\/pages\/1571\/revisions"}],"predecessor-version":[{"id":6388,"href":"https:\/\/www.fmsdocumentation.com\/lt\/wp-json\/wp\/v2\/pages\/1571\/revisions\/6388"}],"up":[{"embeddable":true,"href":"https:\/\/www.fmsdocumentation.com\/lt\/wp-json\/wp\/v2\/pages\/1492"}],"wp:attachment":[{"href":"https:\/\/www.fmsdocumentation.com\/lt\/wp-json\/wp\/v2\/media?parent=1571"}],"curies":[{"name":"wp","href":"https:\/\/api.w.org\/{rel}","templated":true}]}}