{"id":1584,"date":"2017-10-04T08:41:34","date_gmt":"2017-10-04T08:41:34","guid":{"rendered":"http:\/\/www.fmsdocumentation.com\/?page_id=1584"},"modified":"2019-07-12T10:37:35","modified_gmt":"2019-07-12T08:37:35","slug":"objektu-koordinaciu-istorijos-api","status":"publish","type":"page","link":"https:\/\/www.fmsdocumentation.com\/lt\/api\/objektu-koordinaciu-istorijos-api\/","title":{"rendered":"Objekt\u0173 koordina\u010di\u0173 istorijos API"},"content":{"rendered":"\n<p>Objekt\u0173 koordina\u010di\u0173 istorijos API pagrindinis tikslas yra i\u0161vesti klient\u0173 objekt\u0173 istorinius duomenis (koordinates). Objekt\u0173 koordina\u010di\u0173 istorijos API turi du galutinius ta\u0161kus, tod\u0117l yra du u\u017eklaus\u0173 tipai. Pirmasis u\u017eklausos tipas yra vienam objektui su konkre\u010dia data ir laiku. Rodomi tik duomenys, \u012fra\u0161yti nurodytu laiku.<\/p>\n\n\n\n<p>Konkre\u010dios datos u\u017eklausos pavyzdys:<\/p>\n\n\n\n<p>GET \/objects\/{object_id}\/coordinates\/{datetime}?version=1&amp;api_key=&lt;&#8230;&gt;<br>HOST:api.fm-track.com<br>Content-Type:application\/json;charset=UTF-8<\/p>\n\n\n\n<p>\u0160iam u\u017eklausos tipui reikia trij\u0173 parametr\u0173 (neskaitant API rakto), kuriuos reikia nurodyti, kad API pra\u0161ymas veikt\u0173:<\/p>\n\n\n\n<table id=\"tablepress-17\" class=\"tablepress tablepress-id-17\">\n<thead>\n<tr class=\"row-1\">\n\t<th class=\"column-1\">Parametras<\/th><th class=\"column-2\">Tipas<\/th><th class=\"column-3\">Apra\u0161ymas<\/th>\n<\/tr>\n<\/thead>\n<tbody>\n<tr class=\"row-2\">\n\t<td class=\"column-1\">object_id<\/td><td class=\"column-2\">Tekstas<\/td><td class=\"column-3\">I\u0161orinio objekto ID<\/td>\n<\/tr>\n<tr class=\"row-3\">\n\t<td class=\"column-1\">datetime<\/td><td class=\"column-2\">Data ir laikas<\/td><td class=\"column-3\">U\u017eklaustas konkre\u010dios datos ir laiko \u012fra\u0161as. Datos ir laiko pavyzdys pagal ISO-8601 standart\u0105: \u201c2017-04-13T06:58:48.090Z\u201d<\/td>\n<\/tr>\n<tr class=\"row-4\">\n\t<td class=\"column-1\">version<\/td><td class=\"column-2\">Tekstas<\/td><td class=\"column-3\">API versija, \u0161iuo metu galima tik version=1<\/td>\n<\/tr>\n<tr class=\"row-5\">\n\t<td class=\"column-1\">api_key<\/td><td class=\"column-2\">Tekstas<\/td><td class=\"column-3\">Vartotojo identifikacinis raktas<\/td>\n<\/tr>\n<\/tbody>\n<\/table>\n<!-- #tablepress-17 from cache -->\n\n\n\n<p style=\"background-color: #2e67b1; color: #ffffff; padding-left: 10px; padding-right: 10px;\"><p class=\"note\">Pastaba<br \/>Rekomenduojama naudoti datetime parametr\u0105 i\u0161 antrojo objekt\u0173 koordina\u010di\u0173 istorijos API galinio ta\u0161ko, sistema neie\u0161ko duomen\u0173 aplink nurodyt\u0105 dat\u0105, o pateikia koordinat\u0119 nurodytu laiku.<\/p><\/p>\n\n\n\n<p>U\u017eklausos pavyzdys, kai \u012ftraukiami visi parametrai, o API raktas galiojantis: <\/p>\n\n\n\n<div class=\"wp-block-codemirror-blocks-code-block code-block\">\n<pre class=\"CodeMirror cm-s-dracula\" data-setting=\"{&quot;mode&quot;:&quot;javascript&quot;,&quot;mime&quot;:&quot;application\/json&quot;,&quot;theme&quot;:&quot;dracula&quot;,&quot;lineNumbers&quot;:true,&quot;lineWrapping&quot;:false,&quot;readOnly&quot;:true}\">{\n    \"object_id\" : \"abc123\",\n    \"datetime\" : \"2017-04-13T06:58:48.090Z\",\n    \"ignition_status\" : \"UNKNOWN\",\n    \"position\" : {\n        \"altitude\" : 0,\n        \"direction\" : 0,\n        \"latitude\" : 0,\n        \"longitude\" : 0,\n        \"hdop\": 0,\n        \"satellites_count\" : 0,\n        \"speed\" : 0\n    },\n    \"device_inputs\" : {\n        \"digital_input_1\" : true,\n        \"digital_input_2\" : true,\n        \"digital_input_3\" : true,\n        \"digital_input_4\" : true,\n        \"power_supply_voltage\" : 0,\n        \"ibutton\" : \"xxxxxxxxxx\",\n        \"first_driver_id\" : \"xxxxxxxxxx\",\n        \"second_driver_id\" : \"xxxxxxxxxx\",\n         \"temperature_sensor_0\": 0,\n         \"temperature_sensor_1\": 0,\n         \"temperature_sensor_2\": 0,\n         \"temperature_sensor_3\": 0,\n         \"temperature_sensor_0_id\": \"xxxxxxxxxx\"\n    },\n    \"calculated_inputs\":{\n        \"mileage\" : 0\n    }\n}<\/pre>\n<\/div>\n\n\n\n<p>Jei parametras arba API raktas \u012fvestas neteisingai, sistema pateiks klaidos kod\u0105, visi klaid\u0173 kodai apra\u0161yti API skyriuje. Parametrai apra\u0161yti \u0161io skyriaus pabaigoje.<\/p>\n\n\n\n<p>Antrojo istorijos API galinio ta\u0161ko atveju rodomi nurodyto laikotarpio duomenys. Kiekvienas duomen\u0173 komplektas turi nurodyt\u0105 laikotarp\u012f, kur\u012f galima naudoti siun\u010diant pirmojo tipo istorijos API u\u017eklaus\u0105.<\/p>\n\n\n\n<p>Konkretaus laikotarpio u\u017eklausos pavyzdys:<\/p>\n\n\n\n<p style=\"background-color: #000000; color: #bbbdc0; font-family: Lucida Console; padding-left: 10px; padding-right: 10px;\">GET \/objects\/{object_id}\/coordinates?version=1{&amp;from_datetime,to_datetime,continuation_token,limit}&amp;api_key=&lt;&#8230;&gt;<br \/>HOST:api.fm-track.com<br \/>Content-Type:application\/json;charset=UTF-8<\/p>\n\n\n\n<p>\u0160iam u\u017eklausos tipui reikia trij\u0173 parametr\u0173 (neskaitant API rakto), kuriuos reikia nurodyti, kad API u\u017eklausa veikt\u0173:<\/p>\n\n\n\n<table id=\"tablepress-18\" class=\"tablepress tablepress-id-18\">\n<thead>\n<tr class=\"row-1\">\n\t<th class=\"column-1\">Parametras<\/th><th class=\"column-2\">Tipas<\/th><th class=\"column-3\">Apra\u0161ymas<\/th>\n<\/tr>\n<\/thead>\n<tbody>\n<tr class=\"row-2\">\n\t<td class=\"column-1\">objectId<\/td><td class=\"column-2\">Tekstas<\/td><td class=\"column-3\">I\u0161orinio objekto ID<\/td>\n<\/tr>\n<tr class=\"row-3\">\n\t<td class=\"column-1\">fromDatetime<\/td><td class=\"column-2\">Data ir laikas<\/td><td class=\"column-3\">Randa \u012fra\u0161us nuo konkre\u010dios datos ir laiko. Datos ir laiko pavyzdys pagal ISO-8601 standart\u0105: \u201c2017-04-13T06:58:48.090Z\u201d<\/td>\n<\/tr>\n<tr class=\"row-4\">\n\t<td class=\"column-1\">version<\/td><td class=\"column-2\">Tekstas<\/td><td class=\"column-3\">API versija<\/td>\n<\/tr>\n<tr class=\"row-5\">\n\t<td class=\"column-1\">api_key<\/td><td class=\"column-2\">Tekstas<\/td><td class=\"column-3\">Vartotojo identifikacinis raktas<\/td>\n<\/tr>\n<\/tbody>\n<\/table>\n<!-- #tablepress-18 from cache -->\n\n\n\n<p>Pasirenkamieji parametrai, kurie n\u0117ra privalomi, ta\u010diau juos galima \u012fterpti \u012f u\u017eklaus\u0105:<\/p>\n\n\n\n<table id=\"tablepress-19\" class=\"tablepress tablepress-id-19\">\n<thead>\n<tr class=\"row-1\">\n\t<th class=\"column-1\">Parametras<\/th><th class=\"column-2\">Tipas<\/th><th class=\"column-3\">Apra\u0161ymas<\/th>\n<\/tr>\n<\/thead>\n<tbody>\n<tr class=\"row-2\">\n\t<td class=\"column-1\">toDatetime<\/td><td class=\"column-2\">Data ir laikas<\/td><td class=\"column-3\">Randa \u012fra\u0161us iki konkre\u010dios datos ir laiko. Jei konkre\u010diai nenurodyta, sistema ie\u0161ko \u012fra\u0161\u0173 iki dabartin\u0117s datos, kol nepasiektas \u012fra\u0161\u0173 limitas. Datos ir laiko pavyzdys pagal ISO-8601 standart\u0105: \u201c2017-04-13T06:58:48.090Z\u201d<\/td>\n<\/tr>\n<tr class=\"row-3\">\n\t<td class=\"column-1\">continuationToken<\/td><td class=\"column-2\">Data ir laikas<\/td><td class=\"column-3\">\u012eterpia t\u0119stinumo simbol\u012f bei rodo sekant\u012f duomen\u0173 komplekt\u0105, pasiekus praeit\u0105 \u012fra\u0161\u0173 limit\u0105.<\/td>\n<\/tr>\n<tr class=\"row-4\">\n\t<td class=\"column-1\">limit<\/td><td class=\"column-2\">Sveikasis skai\u010dius<\/td><td class=\"column-3\">Nustato \u012fra\u0161\u0173 limit\u0105 sistemos atsakyme (numatytoji vert\u0117 - 100 \u012fra\u0161\u0173, maksimali vert\u0117 - 1000)<\/td>\n<\/tr>\n<tr class=\"row-5\">\n\t<td class=\"column-1\">api_key<\/td><td class=\"column-2\">Tekstas<\/td><td class=\"column-3\">Vartotojo identifikacinis kodas<\/td>\n<\/tr>\n<\/tbody>\n<\/table>\n<!-- #tablepress-19 from cache -->\n\n\n\n<p>Atsakymo pavyzdys pateikiamas \u017eemiau:<\/p>\n\n\n\n<div class=\"wp-block-codemirror-blocks-code-block code-block\">\n<pre class=\"CodeMirror cm-s-dracula\" data-setting=\"{&quot;mode&quot;:&quot;javascript&quot;,&quot;mime&quot;:&quot;application\/json&quot;,&quot;theme&quot;:&quot;dracula&quot;,&quot;lineNumbers&quot;:true,&quot;lineWrapping&quot;:false,&quot;readOnly&quot;:true}\">{\n  \"continuation_token\": \"2017-04-13T06:58:48.121Z\",\n  \"items\": [\n    {\n     \"object_id\" : \"abc123\",\n     \"datetime\" : \"2017-04-13T06:58:48.090Z\",\n     \"ignition_status\" : \"UNKNOWN\",\n     \"position\" : {\n         \"altitude\" : 0,\n         \"direction\" : 0,\n         \"latitude\" : 0,\n         \"longitude\" : 0,\n         \"hdop\": 0,\n         \"satellites_count\" : 0,\n         \"speed\" : 0\n     },\n     \"device_inputs\" : {\n         \"digital_input_1\" : true,\n         \"digital_input_2\" : true,\n         \"digital_input_3\" : true,\n         \"digital_input_4\" : true,\n         \"power_supply_voltage\" : 0,\n         \"ibutton\" : \"xxxxxxxxxx\",\n         \"first_driver_id\" : \"xxxxxxxxxx\",\n         \"second_driver_id\" : \"xxxxxxxxxx\",\n         \"temperature_sensor_0\": 0,\n         \"temperature_sensor_1\": 0,\n         \"temperature_sensor_2\": 0,\n         \"temperature_sensor_3\": 0,\n         \"temperature_sensor_0_id\": \"xxxxxxxxxx\"\n     },\n     \"calculated_inputs\":{\n         \"mileage\" : 0\n     }\n    }\n  ]\n}<\/pre>\n<\/div>\n\n\n\n<p>Visi atsakym\u0173, kuriuos galima gauti su kiekvienu parametro tipu, laukeliai yra apra\u0161yti \u0161ioje lentel\u0117je:<\/p>\n\n\n\n<table id=\"tablepress-20\" class=\"tablepress tablepress-id-20\">\n<thead>\n<tr class=\"row-1\">\n\t<th class=\"column-1\">Parametras<\/th><th class=\"column-2\">Tipas<\/th><th class=\"column-3\">Apra\u0161ymas<\/th><th class=\"column-4\">Matavimo vienetai<\/th>\n<\/tr>\n<\/thead>\n<tbody>\n<tr class=\"row-2\">\n\t<td class=\"column-1\">continuation_token<\/td><td class=\"column-2\"><\/td><td class=\"column-3\">T\u0119stinumo simbolis gaunamas, kai u\u017eklausiamas didelis \u012fra\u0161\u0173 kiekis ilgam laikotarpiui, kuomet vir\u0161ijamas nustatytas \u012fra\u0161\u0173 limitas. Tuomet atsakymo gale rodomas t\u0119stinumo simbolis. J\u012f po to galima naudoti norint atvaizduoti sekant\u012f duomen\u0173 komplekt\u0105 pasirinktam laikotarpiui. Jei po simbolio neb\u0117ra daugiau duomen\u0173, atsakymas bus tu\u0161\u010dias<\/td><td class=\"column-4\">Data ir laikas<\/td>\n<\/tr>\n<tr class=\"row-3\">\n\t<td class=\"column-1\">items<\/td><td class=\"column-2\">Masyvas<\/td><td class=\"column-3\">Talpina visus parametrus, priklausomai nuo u\u017eklausos<\/td><td class=\"column-4\"><\/td>\n<\/tr>\n<tr class=\"row-4\">\n\t<td class=\"column-1\">object_id<\/td><td class=\"column-2\">Tekstas<\/td><td class=\"column-3\">Objekto identifikatorius (i\u0161orinis)<\/td><td class=\"column-4\">Tekstas<\/td>\n<\/tr>\n<tr class=\"row-5\">\n\t<td class=\"column-1\">datetime<\/td><td class=\"column-2\">Data ir laikas<\/td><td class=\"column-3\">\u012erangos sugeneruota koordina\u010di\u0173 data ir laikas<br \/>\nFormatas: \"yyyy-mm-ddThh:mm:ss.sssZ\"<br \/>\n<\/td><td class=\"column-4\">Pagal ISO-8601<\/td>\n<\/tr>\n<tr class=\"row-6\">\n\t<td class=\"column-1\">ignition_status<\/td><td class=\"column-2\">Enum<\/td><td class=\"column-3\">Nurodo, ar objekto degimas \u012fjungtas:<br \/>\n\"ON\" - degimas \u012fjungtas <br \/>\n\"OFF\" - degimas i\u0161jungtas<br \/>\n\"UNKNOWN\" - n\u0117ra duomen\u0173 apie degim\u0105<\/td><td class=\"column-4\">ON- OFF <\/td>\n<\/tr>\n<tr class=\"row-7\">\n\t<td class=\"column-1\">position<\/td><td class=\"column-2\">Masyvas<\/td><td class=\"column-3\">Talpina GPS \u012fra\u0161\u0173 parametrus<\/td><td class=\"column-4\"><\/td>\n<\/tr>\n<tr class=\"row-8\">\n\t<td class=\"column-1\">latitude<\/td><td class=\"column-2\">Slenkan\u010dio kablelio<\/td><td class=\"column-3\">GPS koordinat\u0117 - platumos vert\u0117<\/td><td class=\"column-4\">Laipsniai<\/td>\n<\/tr>\n<tr class=\"row-9\">\n\t<td class=\"column-1\">longitude<\/td><td class=\"column-2\">Slenkan\u010dio kablelio<\/td><td class=\"column-3\">GPS koordinat\u0117 - ilgumos vert\u0117<\/td><td class=\"column-4\">Laipsniai<\/td>\n<\/tr>\n<tr class=\"row-10\">\n\t<td class=\"column-1\">altitude<\/td><td class=\"column-2\">Sveikasis skai\u010dius<\/td><td class=\"column-3\">GPS koordinat\u0117 - auk\u0161\u010dio vert\u0117<\/td><td class=\"column-4\">Skai\u010dius<\/td>\n<\/tr>\n<tr class=\"row-11\">\n\t<td class=\"column-1\">direction<\/td><td class=\"column-2\">Sveikasis skai\u010dius<\/td><td class=\"column-3\">Jud\u0117jimo kryptis laipsniais<\/td><td class=\"column-4\">0 = \u0161iaur\u0117, did\u0117ja pagal laikrod\u017eio rodykl\u0119<\/td>\n<\/tr>\n<tr class=\"row-12\">\n\t<td class=\"column-1\">speed<\/td><td class=\"column-2\">Sveikasis skai\u010dius<\/td><td class=\"column-3\">Objekto jud\u0117jimo greitis<\/td><td class=\"column-4\">km\/h<\/td>\n<\/tr>\n<tr class=\"row-13\">\n\t<td class=\"column-1\">satellites_count<\/td><td class=\"column-2\">Sveikasis skai\u010dius<\/td><td class=\"column-3\">Matom\u0173 GPS ar GLONASS palydov\u0173 skai\u010dius (priklauso nuo prietaiso konfig\u016bracijos), prietaise vykstant \u012fra\u0161o generacijai<\/td><td class=\"column-4\">Skai\u010dius<\/td>\n<\/tr>\n<tr class=\"row-14\">\n\t<td class=\"column-1\">device_inputs<\/td><td class=\"column-2\">Masyvas<\/td><td class=\"column-3\">I\u0161 \u012frangos gaut\u0173 parametr\u0173 talpykla<\/td><td class=\"column-4\"><\/td>\n<\/tr>\n<tr class=\"row-15\">\n\t<td class=\"column-1\">power_supply_voltage<\/td><td class=\"column-2\">Sveikasis skai\u010dius<\/td><td class=\"column-3\">Objekto maitinimo \u0161altinio \u012ftampa<\/td><td class=\"column-4\">mV<\/td>\n<\/tr>\n<tr class=\"row-16\">\n\t<td class=\"column-1\">ibutton<\/td><td class=\"column-2\">Tekstas<\/td><td class=\"column-3\">Vairuotojo, priskirto prie transporto priemon\u0117s, iButton arba RFID kortel\u0117s kodas<\/td><td class=\"column-4\">Tekstas<\/td>\n<\/tr>\n<tr class=\"row-17\">\n\t<td class=\"column-1\">hdop<\/td><td class=\"column-2\">Slenkan\u010dio kablelio<\/td><td class=\"column-3\">GPS koordinat\u0117s tikslumas<\/td><td class=\"column-4\">Skai\u010dius<\/td>\n<\/tr>\n<tr class=\"row-18\">\n\t<td class=\"column-1\">first_driver_id<\/td><td class=\"column-2\">Tekstas<\/td><td class=\"column-3\">Pirmojo vairuotojo tachografo kodas<\/td><td class=\"column-4\">Tekstas<\/td>\n<\/tr>\n<tr class=\"row-19\">\n\t<td class=\"column-1\">second_driver_id<\/td><td class=\"column-2\">Tekstas<\/td><td class=\"column-3\">Antrojo vairuotojo tachografo kodas<\/td><td class=\"column-4\">Tekstas<\/td>\n<\/tr>\n<tr class=\"row-20\">\n\t<td class=\"column-1\">digital_input_1<\/td><td class=\"column-2\">Login\u0117 reik\u0161m\u0117<\/td><td class=\"column-3\">Sukonfig\u016bruoto objekto ar jo \u012frangos b\u016bsena:<br \/>\ntrue - status = aktyvus <br \/>\nfalse - status = neaktyvus<br \/>\n<\/td><td class=\"column-4\">True (Tiesa) - False (Netiesa)<\/td>\n<\/tr>\n<tr class=\"row-21\">\n\t<td class=\"column-1\">digital_input_2<\/td><td class=\"column-2\">Login\u0117 reik\u0161m\u0117<\/td><td class=\"column-3\">Sukonfig\u016bruoto objekto ar jo \u012frangos b\u016bsena:<br \/>\ntrue - status = aktyvus <br \/>\nfalse - status = neaktyvus<br \/>\n<\/td><td class=\"column-4\">True (Tiesa) - False (Netiesa)<\/td>\n<\/tr>\n<tr class=\"row-22\">\n\t<td class=\"column-1\">digital_input_3<\/td><td class=\"column-2\">Login\u0117 reik\u0161m\u0117<\/td><td class=\"column-3\">Sukonfig\u016bruoto objekto ar jo \u012frangos b\u016bsena:<br \/>\ntrue - status = aktyvus <br \/>\nfalse - status = neaktyvus<\/td><td class=\"column-4\">True (Tiesa) - False (Netiesa)<\/td>\n<\/tr>\n<tr class=\"row-23\">\n\t<td class=\"column-1\">digital_input_4<\/td><td class=\"column-2\">Login\u0117 reik\u0161m\u0117<\/td><td class=\"column-3\">Sukonfig\u016bruoto objekto ar jo \u012frangos b\u016bsena:<br \/>\ntrue - status = aktyvus <br \/>\nfalse - status = neaktyvus<br \/>\n<\/td><td class=\"column-4\">True (Tiesa) - False (Netiesa)<\/td>\n<\/tr>\n<tr class=\"row-24\">\n\t<td class=\"column-1\">temperature_sensor_0<\/td><td class=\"column-2\">Slenkan\u010dio kablelio<\/td><td class=\"column-3\">Temperat\u016brinio jutiklio duomenys<\/td><td class=\"column-4\">\u00b0C<\/td>\n<\/tr>\n<tr class=\"row-25\">\n\t<td class=\"column-1\">temperature_sensor_1<\/td><td class=\"column-2\">Slenkan\u010dio kablelio<\/td><td class=\"column-3\">Temperat\u016brinio jutiklio duomenys<\/td><td class=\"column-4\">\u00b0C<\/td>\n<\/tr>\n<tr class=\"row-26\">\n\t<td class=\"column-1\">temperature_sensor_2<\/td><td class=\"column-2\">Slenkan\u010dio kablelio<\/td><td class=\"column-3\">Temperat\u016brinio jutiklio duomenys<\/td><td class=\"column-4\">\u00b0C<\/td>\n<\/tr>\n<tr class=\"row-27\">\n\t<td class=\"column-1\">temperature_sensor_3<\/td><td class=\"column-2\">Slenkan\u010dio kablelio<\/td><td class=\"column-3\">Temperat\u016brinio jutiklio duomenys<\/td><td class=\"column-4\">\u00b0C<\/td>\n<\/tr>\n<tr class=\"row-28\">\n\t<td class=\"column-1\">temperature_sensor_0_id<\/td><td class=\"column-2\">Tekstas<\/td><td class=\"column-3\">Temperat\u016brinio jutiklio identifikatorius<\/td><td class=\"column-4\">Tekstas<\/td>\n<\/tr>\n<tr class=\"row-29\">\n\t<td class=\"column-1\">calculated_inputs<\/td><td class=\"column-2\">Masyvas<\/td><td class=\"column-3\">I\u0161 kit\u0173 parametr\u0173 pagal konfig\u016bracij\u0105 apskai\u010diuot\u0173 parametr\u0173 talpykla<\/td><td class=\"column-4\"><\/td>\n<\/tr>\n<tr class=\"row-30\">\n\t<td class=\"column-1\">mileage<\/td><td class=\"column-2\">Slenkan\u010dio kablelio<\/td><td class=\"column-3\">Objekto nuva\u017eiuotas atstumas (priklauso nuo objekto konfig\u016bracijos)<\/td><td class=\"column-4\">km<\/td>\n<\/tr>\n<\/tbody>\n<\/table>\n<!-- #tablepress-20 from cache -->\n\n\n\n<p>API rezultatus, u\u017eklaus\u0173 parametrus ir atsakymus galima per\u017ei\u016br\u0117ti \u201eSwagger\u201c programoje, naudojantis \u0161ia nuoroda:<a href=\"https:\/\/api.fm-track.com\">https:\/\/api.fm-track.com<\/a><\/p>\n\n\n\n<hr class=\"wp-block-separator\"\/>\n\n\n<div class=\"alignleft\"><a href=\"https:\/\/www.fmsdocumentation.com\/lt\/api\/\" title=\"API\"><span class=\"arrow\">\u2039 &nbsp <\/span> API <\/a><\/div>\n\n\n\n<p> <div class=\"alignleft\"><a href=\"https:\/\/www.fmsdocumentation.com\/lt\/api\/\" title=\"API\"><span class=\"arrow\">\u2039 &nbsp <\/span> API <\/a><\/div> <div class=\"alignright\"><a href=\"https:\/\/www.fmsdocumentation.com\/lt\/api\/objektu-koordinaciu-istorijos-api-v2\/\" title=\"Objekt\u0173 koordina\u010di\u0173 istorijos API v2\">Objekt\u0173 koordina\u010di\u0173 istorijos API v2 <span class=\"arrow\"> &nbsp\u203a <\/span> <\/a><\/div> <\/p>\n","protected":false},"excerpt":{"rendered":"<p>Objekt\u0173 koordina\u010di\u0173 istorijos API pagrindinis tikslas yra i\u0161vesti klient\u0173 objekt\u0173 istorinius duomenis (koordinates). Objekt\u0173 koordina\u010di\u0173 istorijos API turi du galutinius ta\u0161kus, tod\u0117l yra du u\u017eklaus\u0173 tipai. Pirmasis u\u017eklausos tipas yra vienam objektui su konkre\u010dia data ir laiku. Rodomi tik duomenys, \u012fra\u0161yti nurodytu laiku. Konkre\u010dios datos u\u017eklausos pavyzdys: GET \/objects\/{object_id}\/coordinates\/{datetime}?version=1&amp;api_key=&lt;&#8230;&gt;HOST:api.fm-track.comContent-Type:application\/json;charset=UTF-8 \u0160iam u\u017eklausos tipui reikia trij\u0173 parametr\u0173 &hellip; <a href=\"https:\/\/www.fmsdocumentation.com\/lt\/api\/objektu-koordinaciu-istorijos-api\/\" class=\"more-link\">Skaityti toliau: <span class=\"screen-reader-text\">Objekt\u0173 koordina\u010di\u0173 istorijos API<\/span><\/a><\/p>\n","protected":false},"author":1,"featured_media":0,"parent":1582,"menu_order":1,"comment_status":"closed","ping_status":"closed","template":"","meta":{"footnotes":""},"class_list":["post-1584","page","type-page","status-publish","hentry"],"_links":{"self":[{"href":"https:\/\/www.fmsdocumentation.com\/lt\/wp-json\/wp\/v2\/pages\/1584","targetHints":{"allow":["GET"]}}],"collection":[{"href":"https:\/\/www.fmsdocumentation.com\/lt\/wp-json\/wp\/v2\/pages"}],"about":[{"href":"https:\/\/www.fmsdocumentation.com\/lt\/wp-json\/wp\/v2\/types\/page"}],"author":[{"embeddable":true,"href":"https:\/\/www.fmsdocumentation.com\/lt\/wp-json\/wp\/v2\/users\/1"}],"replies":[{"embeddable":true,"href":"https:\/\/www.fmsdocumentation.com\/lt\/wp-json\/wp\/v2\/comments?post=1584"}],"version-history":[{"count":18,"href":"https:\/\/www.fmsdocumentation.com\/lt\/wp-json\/wp\/v2\/pages\/1584\/revisions"}],"predecessor-version":[{"id":8075,"href":"https:\/\/www.fmsdocumentation.com\/lt\/wp-json\/wp\/v2\/pages\/1584\/revisions\/8075"}],"up":[{"embeddable":true,"href":"https:\/\/www.fmsdocumentation.com\/lt\/wp-json\/wp\/v2\/pages\/1582"}],"wp:attachment":[{"href":"https:\/\/www.fmsdocumentation.com\/lt\/wp-json\/wp\/v2\/media?parent=1584"}],"curies":[{"name":"wp","href":"https:\/\/api.w.org\/{rel}","templated":true}]}}