{"id":1589,"date":"2017-10-04T08:44:47","date_gmt":"2017-10-04T05:44:47","guid":{"rendered":"http:\/\/www.fmsdocumentation.com\/?page_id=1589"},"modified":"2020-09-03T13:56:17","modified_gmt":"2020-09-03T10:56:17","slug":"objekto-api","status":"publish","type":"page","link":"https:\/\/www.fmsdocumentation.com\/lt\/api\/objekto-api\/","title":{"rendered":"Objekto API"},"content":{"rendered":"\r\n<p>Objekto API s\u0105sajos pagrindinis tikslas yra pateikti pagrindin\u0119 informacij\u0105 apie vien\u0105 ar kelis klient\u0173 objektus. Objekt\u0173 API galima gauti vienam konkre\u010diam objektui arba, jei objektai n\u0117ra nurodyti, API pateiks visus esan\u010dius kliento objektus.<\/p>\r\n\r\n\r\n\r\n<p>API u\u017eklausos pavyzdys konkre\u010diam objektui:<\/p>\r\n\r\n\r\n\r\n<p style=\"background-color: #000000; color: #bbbdc0; font-family: Lucida Console; padding-left: 10px; padding-right: 10px;\">GET \/objects\/{object_id}?version=1&amp;api_key=&lt;&#8230;&gt;<br \/>HOST: api.fm-track.com<br \/>Content-Type:application\/json;charset=UTF-8<\/p>\r\n\r\n\r\n\r\n<p>Kad \u0161i API u\u017eklausa veikt\u0173, privalomi du parametrai (neskai\u010diuojant API rakto):<\/p>\r\n\r\n\r\n\n<table id=\"tablepress-24\" class=\"tablepress tablepress-id-24\">\n<thead>\n<tr class=\"row-1\">\n\t<th class=\"column-1\">Parametras<\/th><th class=\"column-2\">Tipas<\/th><th class=\"column-3\">Apra\u0161ymas<\/th>\n<\/tr>\n<\/thead>\n<tbody>\n<tr class=\"row-2\">\n\t<td class=\"column-1\">objectId<\/td><td class=\"column-2\">Tekstas<\/td><td class=\"column-3\">Objekto identifikatorius (\u0160\u012f ID galima gauti siun\u010diant API u\u017eklaus\u0105 visiems galimiems kliento objektams)<\/td>\n<\/tr>\n<tr class=\"row-3\">\n\t<td class=\"column-1\">version<\/td><td class=\"column-2\">Tekstas<\/td><td class=\"column-3\">API versija, \u0161iuo metu galima tik version=1<\/td>\n<\/tr>\n<tr class=\"row-4\">\n\t<td class=\"column-1\">api_key<\/td><td class=\"column-2\">Tekstas<\/td><td class=\"column-3\">Vartotojo identifikacinis raktas<\/td>\n<\/tr>\n<\/tbody>\n<\/table>\n<!-- #tablepress-24 from cache -->\n\r\n\r\n\r\n<div class=\"wp-block-codemirror-blocks-code-block code-block\">\r\n<pre class=\"CodeMirror\" data-setting=\"{&quot;mode&quot;:&quot;javascript&quot;,&quot;mime&quot;:&quot;application\/json&quot;,&quot;theme&quot;:&quot;dracula&quot;,&quot;lineNumbers&quot;:true,&quot;styleActiveLine&quot;:false,&quot;lineWrapping&quot;:false,&quot;readOnly&quot;:true,&quot;language&quot;:&quot;JSON&quot;,&quot;modeName&quot;:&quot;json&quot;}\">{\r\n            \"id\": \"abc123\",\r\n            \"name\": \"AAA 000\",\r\n            \"imei\": \"123456789123\",\r\n            \"vehicle_params\": {\r\n                \"vin\": null,\r\n                \"make\": null,\r\n                \"model\": null,\r\n              \t\"plate_number\": null\r\n            }\r\n}<\/pre>\r\n<\/div>\r\n\r\n\r\n\r\n<p>API u\u017eklausos pavyzdys visiems klient\u0173 objektams:<\/p>\r\n\r\n\r\n\r\n<p style=\"background-color: #000000; color: #bbbdc0; font-family: Lucida Console; padding-left: 10px; padding-right: 10px;\">GET \/objects?version=1&amp;api_key=&lt;&#8230;&gt;<br \/>HOST: api.fm-track.com<br \/>Content-Type:application\/json;charset=UTF-8<\/p>\r\n\r\n<p>Kad \u0161i API u\u017eklausa veikt\u0173, privalomas vienas parametras (neskai\u010diuojant API rakto);<\/p>\r\n\n<table id=\"tablepress-25\" class=\"tablepress tablepress-id-25\">\n<thead>\n<tr class=\"row-1\">\n\t<th class=\"column-1\">Parametras<\/th><th class=\"column-2\">Tipas<\/th><th class=\"column-3\">Apra\u0161ymas<\/th>\n<\/tr>\n<\/thead>\n<tbody>\n<tr class=\"row-2\">\n\t<td class=\"column-1\">version<\/td><td class=\"column-2\">Tekstas<\/td><td class=\"column-3\">API versija, \u0161iuo metu galima tik version=1<\/td>\n<\/tr>\n<tr class=\"row-3\">\n\t<td class=\"column-1\">api_key<\/td><td class=\"column-2\">Tekstas<\/td><td class=\"column-3\">Vartotojo identifikacinis raktas<\/td>\n<\/tr>\n<\/tbody>\n<\/table>\n<!-- #tablepress-25 from cache -->\r\n<p>Serverio atsakymas yra identi\u0161kas atsakymui, kai pasirenkamas vienas objektas, ta\u010diau s\u0105ra\u0161e pateikiami visi klient\u0173 objektai.<\/p>\r\n<p>Visi atsakym\u0173 laukeliai\u00a0, kuriuos galima gauti su kiekvienu parametro tipu, apra\u0161yti sekan\u010dioje lentel\u0117je:<\/p>\r\n\n<table id=\"tablepress-26\" class=\"tablepress tablepress-id-26\">\n<thead>\n<tr class=\"row-1\">\n\t<th class=\"column-1\">Parametras<\/th><th class=\"column-2\">Tipas<\/th><th class=\"column-3\">Apra\u0161ymas<\/th>\n<\/tr>\n<\/thead>\n<tbody>\n<tr class=\"row-2\">\n\t<td class=\"column-1\">name<\/td><td class=\"column-2\">Tekstas<\/td><td class=\"column-3\">Transporto priemon\u0117s pavadinimas<\/td>\n<\/tr>\n<tr class=\"row-3\">\n\t<td class=\"column-1\">imei<\/td><td class=\"column-2\">Tekstas<\/td><td class=\"column-3\">Transporto priemon\u0117s IMEI kodas<\/td>\n<\/tr>\n<tr class=\"row-4\">\n\t<td class=\"column-1\">make<\/td><td class=\"column-2\">Tekstas<\/td><td class=\"column-3\">Transporto priemon\u0117s mark\u0117<\/td>\n<\/tr>\n<tr class=\"row-5\">\n\t<td class=\"column-1\">model<\/td><td class=\"column-2\">Tekstas<\/td><td class=\"column-3\">Transporto priemon\u0117s modelis<\/td>\n<\/tr>\n<tr class=\"row-6\">\n\t<td class=\"column-1\">object_id<\/td><td class=\"column-2\">Tekstas<\/td><td class=\"column-3\">Objekto identifikatorius (i\u0161orinis)<\/td>\n<\/tr>\n<tr class=\"row-7\">\n\t<td class=\"column-1\">vin<\/td><td class=\"column-2\">Tekstas<\/td><td class=\"column-3\">Objekto VIN numeris<\/td>\n<\/tr>\n<tr class=\"row-8\">\n\t<td class=\"column-1\">plate_number<\/td><td class=\"column-2\">Tekstas<\/td><td class=\"column-3\">Objekto valstybinis numeris<\/td>\n<\/tr>\n<\/tbody>\n<\/table>\n<!-- #tablepress-26 from cache -->\r\n<p>API rezultatus, u\u017eklaus\u0173 parametrus ir atsakymus galima per\u017ei\u016br\u0117ti \u201eSwagger\u201c programoje, naudojantis \u0161ia nuoroda: <a href=\"https:\/\/api.fm-track.com\">https:\/\/api.fm-track.com<\/a><\/p>\r\n<hr \/>\r\n<p><div class=\"alignleft\"><a href=\"https:\/\/www.fmsdocumentation.com\/lt\/api\/objektu-koordinaciu-pateikimo-api-v2\/\" title=\"Objekt\u0173 koordina\u010di\u0173 pateikimo API v2\"><span class=\"arrow\">\u2039 &nbsp <\/span> Objekt\u0173 koordina\u010di\u0173 pateikimo API v2 <\/a><\/div> <div class=\"alignright\"><a href=\"https:\/\/www.fmsdocumentation.com\/lt\/api\/objektu-koordinaciu-pateikimo-api-v3\/\" title=\"Objekt\u0173 koordina\u010di\u0173 pateikimo API v3\">Objekt\u0173 koordina\u010di\u0173 pateikimo API v3 <span class=\"arrow\"> &nbsp\u203a <\/span> <\/a><\/div><\/p>","protected":false},"excerpt":{"rendered":"<p>Objekto API s\u0105sajos pagrindinis tikslas yra pateikti pagrindin\u0119 informacij\u0105 apie vien\u0105 ar kelis klient\u0173 objektus. Objekt\u0173 API galima gauti vienam konkre\u010diam objektui arba, jei objektai n\u0117ra nurodyti, API pateiks visus esan\u010dius kliento objektus. API u\u017eklausos pavyzdys konkre\u010diam objektui: GET \/objects\/{object_id}?version=1&amp;api_key=&lt;&#8230;&gt;HOST: api.fm-track.comContent-Type:application\/json;charset=UTF-8 Kad \u0161i API u\u017eklausa veikt\u0173, privalomi du parametrai (neskai\u010diuojant API rakto): API u\u017eklausos pavyzdys &hellip; <a href=\"https:\/\/www.fmsdocumentation.com\/lt\/api\/objekto-api\/\" class=\"more-link\">Skaityti toliau: <span class=\"screen-reader-text\">Objekto API<\/span><\/a><\/p>\n","protected":false},"author":1,"featured_media":0,"parent":1582,"menu_order":5,"comment_status":"closed","ping_status":"closed","template":"","meta":{"footnotes":""},"class_list":["post-1589","page","type-page","status-publish","hentry"],"_links":{"self":[{"href":"https:\/\/www.fmsdocumentation.com\/lt\/wp-json\/wp\/v2\/pages\/1589","targetHints":{"allow":["GET"]}}],"collection":[{"href":"https:\/\/www.fmsdocumentation.com\/lt\/wp-json\/wp\/v2\/pages"}],"about":[{"href":"https:\/\/www.fmsdocumentation.com\/lt\/wp-json\/wp\/v2\/types\/page"}],"author":[{"embeddable":true,"href":"https:\/\/www.fmsdocumentation.com\/lt\/wp-json\/wp\/v2\/users\/1"}],"replies":[{"embeddable":true,"href":"https:\/\/www.fmsdocumentation.com\/lt\/wp-json\/wp\/v2\/comments?post=1589"}],"version-history":[{"count":10,"href":"https:\/\/www.fmsdocumentation.com\/lt\/wp-json\/wp\/v2\/pages\/1589\/revisions"}],"predecessor-version":[{"id":9602,"href":"https:\/\/www.fmsdocumentation.com\/lt\/wp-json\/wp\/v2\/pages\/1589\/revisions\/9602"}],"up":[{"embeddable":true,"href":"https:\/\/www.fmsdocumentation.com\/lt\/wp-json\/wp\/v2\/pages\/1582"}],"wp:attachment":[{"href":"https:\/\/www.fmsdocumentation.com\/lt\/wp-json\/wp\/v2\/media?parent=1589"}],"curies":[{"name":"wp","href":"https:\/\/api.w.org\/{rel}","templated":true}]}}