{"id":1591,"date":"2017-10-04T09:54:15","date_gmt":"2017-10-04T09:54:15","guid":{"rendered":"http:\/\/www.fmsdocumentation.com\/?page_id=1591"},"modified":"2020-06-09T14:22:05","modified_gmt":"2020-06-09T11:22:05","slug":"eco-drive-meniu","status":"publish","type":"page","link":"https:\/\/www.fmsdocumentation.com\/lt\/eco-drive-meniu\/","title":{"rendered":"\u201eEco-Drive\u201c meniu"},"content":{"rendered":"<p>\u201eEco-Drive\u201c (ekologi\u0161kas vairavimas) yra visko, kas susij\u0119 su vairuotoj\u0173 ir transporto priemoni\u0173 ekonominio ir draugi\u0161ko vairavimo stiliais, analiz\u0117s ap\u017evalga. Nor\u0117dami atidaryti \u201eEco-Drive\u201c skirtuk\u0105, spauskite atitinkam\u0105 piktogram\u0105 kairiajame valdymo skydelyje, kaip parodyta \u017eemiau.<\/p>\n<p><a href=\"https:\/\/www.fmsdocumentation.com\/wp-content\/uploads\/2017\/10\/151LT.png\"><img loading=\"lazy\" decoding=\"async\" class=\"alignnone wp-image-1600 size-large\" src=\"https:\/\/www.fmsdocumentation.com\/wp-content\/uploads\/2017\/10\/151LT-1024x506.png\" alt=\"\" width=\"660\" height=\"326\" srcset=\"https:\/\/www.fmsdocumentation.com\/wp-content\/uploads\/2017\/10\/151LT-1024x506.png 1024w, https:\/\/www.fmsdocumentation.com\/wp-content\/uploads\/2017\/10\/151LT-300x148.png 300w, https:\/\/www.fmsdocumentation.com\/wp-content\/uploads\/2017\/10\/151LT-768x380.png 768w, https:\/\/www.fmsdocumentation.com\/wp-content\/uploads\/2017\/10\/151LT.png 1920w\" sizes=\"auto, (max-width: 660px) 100vw, 660px\" \/><\/a><\/p>\n<p>\u201eEco-Drive\u201c ap\u017evalgoje yra trys skirtukai, kuriuos galima pasirinkti ekrano vir\u0161uje. \u0160iuo metu galimi \u0161ie skirtukai:<\/p>\n<ol>\n<li><a href=\"https:\/\/www.fmsdocumentation.com\/lt\/eco-drive-meniu\/parko-santrauka\/?lang=lt\"><strong>Parko santrauka<\/strong><\/a><strong>\u00a0<\/strong>\u2013 (atidaroma automati\u0161kai);<\/li>\n<li><a href=\"https:\/\/www.fmsdocumentation.com\/lt\/eco-drive-meniu\/analize-pagal-transporto-priemone\/?lang=lt\"><strong>Analiz\u0117 pagal transporto priemon\u0119<\/strong><\/a>;<\/li>\n<li><a href=\"https:\/\/www.fmsdocumentation.com\/lt\/eco-drive-meniu\/analize-pagal-vairuotoja\/?lang=lt\"><strong>Analiz\u0117 pagal vairuotoj\u0105<\/strong><\/a>.<\/li>\n<\/ol>\n<p><img loading=\"lazy\" decoding=\"async\" class=\"wp-image-255 size-full alignnone\" src=\"https:\/\/www.fmsdocumentation.com\/wp-content\/uploads\/2017\/04\/152.png\" alt=\"\" width=\"379\" height=\"65\" srcset=\"https:\/\/www.fmsdocumentation.com\/wp-content\/uploads\/2017\/04\/152.png 379w, https:\/\/www.fmsdocumentation.com\/wp-content\/uploads\/2017\/04\/152-300x51.png 300w\" sizes=\"auto, (max-width: 379px) 100vw, 379px\" \/><\/p>\n<p>\u0160iuo metu pasirinktas skirtukas bus pa\u017eym\u0117tas m\u0117lyna spalva, o nepasirinkti i\u0161liks pilki. Kiekvienas \u201eEco-Drive\u201c skirtukas apra\u0161ytas \u017eemiau, atitinkamose skiltyse. Skirtuk\u0173 skiltis i\u0161lieka toks pati kiekvienam atidarytam skirtukui. \u012e de\u0161in\u0119 nuo skirtuk\u0173 skilties yra trys kitos funkcijos, kurios nesikei\u010dia atidarius vis kit\u0105 skirtuk\u0105. Jos yra:<\/p>\n<ol>\n<li>\u012evertinim\u0173 konfig\u016bravimas \u2013 apra\u0161yta \u017eemiau;<\/li>\n<li>Eksportavimas \u012f XLSX \u2013 visa informacija eksportuojama kaip EXCEL failas;<\/li>\n<li>Datos pasirinkimas \u2013 apra\u0161yta \u017eemiau.<\/li>\n<\/ol>\n<p><img loading=\"lazy\" decoding=\"async\" class=\"wp-image-1603 size-full alignnone\" src=\"https:\/\/www.fmsdocumentation.com\/wp-content\/uploads\/2017\/10\/153LT.png\" alt=\"\" width=\"318\" height=\"69\" srcset=\"https:\/\/www.fmsdocumentation.com\/wp-content\/uploads\/2017\/10\/153LT.png 318w, https:\/\/www.fmsdocumentation.com\/wp-content\/uploads\/2017\/10\/153LT-300x65.png 300w\" sizes=\"auto, (max-width: 318px) 100vw, 318px\" \/><\/p>\n<p><strong>\u012evertinim\u0173 konfig\u016bravimas\u00a0<\/strong>\u2013 galima konfig\u016bruoti atsitiktini\u0173 parametr\u0173 spalv\u0173 ver\u010di\u0173 intervalus.\u00a0Galima konfig\u016bruoti \u0161ias vertes:<\/p>\n<ul>\n<li>Sunaudotas kuras (litrais);<\/li>\n<li>Sunaudotas kuras (litrais 100-ui km);<\/li>\n<li>I\u0161\u0161vaistyta kuro (litrais);<\/li>\n<li>I\u0161\u0161vaistyta kuro (litrais 100-ui km);<\/li>\n<li>Pavojingas vairavimas (ta\u0161kai);<\/li>\n<li>Pavojingas vairavimas (ta\u0161kai u\u017e 100-\u0105 km);<\/li>\n<li>Nuva\u017eiuotas atstumas (km);<\/li>\n<li>Vairavimo trukm\u0117 (minut\u0117mis);<\/li>\n<li>Prastovos trukm\u0117 (minut\u0117mis);<\/li>\n<li>Ekstremalus stabdymas (\u012fvykiai);<\/li>\n<li>Staigus greit\u0117jimas (\u012fvykiai);<\/li>\n<li>Staigus greit\u0117jimas (\u012fvykiai 100-ui km);<\/li>\n<li>Staigus stabdymas (\u012fvykiai);<\/li>\n<li>Staigus stabdymas (\u012fvykiai 100-ui km).<\/li>\n<\/ul>\n<p>\u0160ias parinktis galima pasirinkti slenkant kair\u0117je esan\u010di\u0105 juost\u0105, konfig\u016bracijos skiltis yra de\u0161in\u0117je ir tokia pati kiekvienos parinkties atveju.<\/p>\n<p><a href=\"https:\/\/www.fmsdocumentation.com\/wp-content\/uploads\/2017\/10\/154LT.png\"><img loading=\"lazy\" decoding=\"async\" class=\"size-full wp-image-1605 alignnone\" src=\"https:\/\/www.fmsdocumentation.com\/wp-content\/uploads\/2017\/10\/154LT.png\" alt=\"\" width=\"675\" height=\"541\" srcset=\"https:\/\/www.fmsdocumentation.com\/wp-content\/uploads\/2017\/10\/154LT.png 675w, https:\/\/www.fmsdocumentation.com\/wp-content\/uploads\/2017\/10\/154LT-300x240.png 300w\" sizes=\"auto, (max-width: 675px) 100vw, 675px\" \/><\/a><\/p>\n<p>Konfig\u016bracijos dal\u012f sudaro:<\/p>\n<ol>\n<li>Pasirinktos parinkties pavadinimas;<\/li>\n<li>Pakeisti reik\u0161mes \u2013 pakei\u010diamos ver\u010di\u0173 rodymo spalvos (galima \u012fjungti \/ i\u0161jungti, pagal nutyl\u0117jim\u0105 \u2013 i\u0161jungta);<\/li>\n<li>Vert\u0117s (rodomos vert\u0117s priklauso nuo pasirinktos parinkties (litrais; litrais 100-ui km, ta\u0161kais, \u012fvykiais ir kt.);<\/li>\n<li>Ver\u010di\u0173 slankiojama juosta \u2013 intervalas ribojamas pagal pasirinkt\u0105 parinkt\u012f, kiekvienos parinkties ver\u010di\u0173 intervalas skiriasi;<\/li>\n<li>Tinkinta ver\u010di\u0173 \u012fvestis \u2013 intervalas taip pat ribojamas pagal pasirinkt\u0105 parinkt\u012f;<\/li>\n<li>Ver\u010di\u0173 intervalas \u2013 rodoma tik tuomet, jei tinkinamos vert\u0117s \u012fvestos u\u017e leid\u017eiamo intervalo.<\/li>\n<\/ol>\n<p><a href=\"https:\/\/www.fmsdocumentation.com\/wp-content\/uploads\/2017\/10\/155LT.png\"><img loading=\"lazy\" decoding=\"async\" class=\"alignnone wp-image-1606 size-full\" src=\"https:\/\/www.fmsdocumentation.com\/wp-content\/uploads\/2017\/10\/155LT.png\" alt=\"\" width=\"434\" height=\"277\" srcset=\"https:\/\/www.fmsdocumentation.com\/wp-content\/uploads\/2017\/10\/155LT.png 434w, https:\/\/www.fmsdocumentation.com\/wp-content\/uploads\/2017\/10\/155LT-300x191.png 300w\" sizes=\"auto, (max-width: 434px) 100vw, 434px\" \/><\/a><\/p>\n<p>Pasirinkus pageidaujam\u0105 parinkt\u012f, reikia spausti lango apa\u010dioje esant\u012f mygtuk\u0105 \u201eAtlikta\u201c, kad b\u016bt\u0173 i\u0161saugota naujoji konfig\u016bracija.<\/p>\n<p style=\"background-color: #2e67b1; color: #ffffff; padding-left: 10px; padding-right: 10px;\"><p class=\"note\">Pastaba<br \/>\n\u0160ios konfig\u016bracijos saugomos serveryje, o visi atlikti pakeitimai i\u0161liks net ir pasibaigus seansui.<\/p><\/p>\n<p style=\"background-color: #2e67b1; color: #ffffff; padding-left: 10px; padding-right: 10px;\"><p class=\"note\">Pastaba<br \/>\nKonfig\u016bruojant atlikt\u0173 poky\u010di\u0173 at\u0161aukti negalima net tuomet, jei mygtukas \u201eAtlikta\u201c n\u0117ra paspaud\u017eiamas, o paspaudus u\u017e lango, norint u\u017edaryti konfig\u016bracijos lang\u0105, visi pakeitimai vis vien i\u0161saugomi.<\/p><\/p>\n<p><strong>Data \u2013 <\/strong>pagrindin\u0117 kalendoriaus s\u0105saja, galima rinktis tik dien\u0105 (valand\u0173 ar minu\u010di\u0173 negalima). \u0160ioje s\u0105sajoje galima pasirinkti laikotarp\u012f, kuriam bus rodoma \u201eEco-Drive\u201c analiz\u0117s ap\u017evalga. Pagal nutyl\u0117jim\u0105, prisijungus nustatomos 7 paskutin\u0117s pra\u0117jusios dienos (dabartin\u0117 diena n\u0117ra parenkama, nes ji dar nepasibaigusi). Dabartin\u0119 dien\u0105 galima pasirinkti rankiniu b\u016bdu. Dabartin\u0117 diena visuomet pa\u017eym\u0117ta m\u0117lynu trikampiu kairiajame vir\u0161utiniame dienos langelio kampe.<\/p>\n<p><a href=\"https:\/\/www.fmsdocumentation.com\/wp-content\/uploads\/2017\/10\/156LT.png\"><img loading=\"lazy\" decoding=\"async\" class=\"size-full wp-image-1607 alignnone\" src=\"https:\/\/www.fmsdocumentation.com\/wp-content\/uploads\/2017\/10\/156LT.png\" alt=\"\" width=\"309\" height=\"372\" srcset=\"https:\/\/www.fmsdocumentation.com\/wp-content\/uploads\/2017\/10\/156LT.png 309w, https:\/\/www.fmsdocumentation.com\/wp-content\/uploads\/2017\/10\/156LT-249x300.png 249w\" sizes=\"auto, (max-width: 309px) 100vw, 309px\" \/><\/a><\/p>\n<p><strong>Laikotarpio pasirinkimas \u2013 <\/strong>nor\u0117dami pasirinkti laikotarp\u012f, tiesiog paspauskite ant prad\u017eios ar pabaigos datos, o tuomet pasirinkite kit\u0105 dat\u0105 (prad\u017eios \/ pabaigos). N\u0117ra svarbu, kuri data pasirenkama pirmiau ar v\u0117liau. Laikotarp\u012f galima pasirinkti bet kuria kryptimi.\u00a0Pasirinkus laikotarp\u012f, sistema automati\u0161kai atnaujins analiz\u0117s ap\u017evalg\u0105; neb\u016btina nieko daryti papildomai. \u0160is laikotarpis i\u0161lieka toks pat kei\u010diant skirtukus, jis atstatomas tik atsijungus. Ilgiausias laikotarpis yra 3 m\u0117nesiai.<\/p>\n<p><strong>Vienos dienos pasirinkimas <\/strong>\u2013 nor\u0117dami pasirinkti vien\u0105 \u201eEco-Drive\u201c analiz\u0117s ap\u017evalgos dien\u0105, tiesiog dukart spustel\u0117kite norim\u0105 dien\u0105.<\/p>\n<hr \/>\n<p><div class=\"alignleft\"><a href=\"https:\/\/www.fmsdocumentation.com\/lt\/aptarnavimo-uzduociu-meniu\/aptarnavimo-uzduociu-redagavimas\/\" title=\"Apt. u\u017eduo\u010di\u0173 redagavimas\"><span class=\"arrow\">\u2039 &nbsp <\/span> Apt. u\u017eduo\u010di\u0173 redagavimas <\/a><\/div> <div class=\"alignright\"><a href=\"https:\/\/www.fmsdocumentation.com\/lt\/eco-drive-meniu\/parko-santrauka\/\" title=\"Parko santrauka\">Parko santrauka <span class=\"arrow\"> &nbsp\u203a <\/span> <\/a><\/div><\/p>\n","protected":false},"excerpt":{"rendered":"<p>\u201eEco-Drive\u201c (ekologi\u0161kas vairavimas) yra visko, kas susij\u0119 su vairuotoj\u0173 ir transporto priemoni\u0173 ekonominio ir draugi\u0161ko vairavimo stiliais, analiz\u0117s ap\u017evalga. Nor\u0117dami atidaryti \u201eEco-Drive\u201c skirtuk\u0105, spauskite atitinkam\u0105 piktogram\u0105 kairiajame valdymo skydelyje, kaip parodyta \u017eemiau. \u201eEco-Drive\u201c ap\u017evalgoje yra trys skirtukai, kuriuos galima pasirinkti ekrano vir\u0161uje. \u0160iuo metu galimi \u0161ie skirtukai: Parko santrauka\u00a0\u2013 (atidaroma automati\u0161kai); Analiz\u0117 pagal transporto priemon\u0119; &hellip; <a href=\"https:\/\/www.fmsdocumentation.com\/lt\/eco-drive-meniu\/\" class=\"more-link\">Skaityti toliau: <span class=\"screen-reader-text\">\u201eEco-Drive\u201c meniu<\/span><\/a><\/p>\n","protected":false},"author":1,"featured_media":0,"parent":0,"menu_order":87,"comment_status":"closed","ping_status":"closed","template":"","meta":{"footnotes":""},"class_list":["post-1591","page","type-page","status-publish","hentry"],"_links":{"self":[{"href":"https:\/\/www.fmsdocumentation.com\/lt\/wp-json\/wp\/v2\/pages\/1591","targetHints":{"allow":["GET"]}}],"collection":[{"href":"https:\/\/www.fmsdocumentation.com\/lt\/wp-json\/wp\/v2\/pages"}],"about":[{"href":"https:\/\/www.fmsdocumentation.com\/lt\/wp-json\/wp\/v2\/types\/page"}],"author":[{"embeddable":true,"href":"https:\/\/www.fmsdocumentation.com\/lt\/wp-json\/wp\/v2\/users\/1"}],"replies":[{"embeddable":true,"href":"https:\/\/www.fmsdocumentation.com\/lt\/wp-json\/wp\/v2\/comments?post=1591"}],"version-history":[{"count":6,"href":"https:\/\/www.fmsdocumentation.com\/lt\/wp-json\/wp\/v2\/pages\/1591\/revisions"}],"predecessor-version":[{"id":3301,"href":"https:\/\/www.fmsdocumentation.com\/lt\/wp-json\/wp\/v2\/pages\/1591\/revisions\/3301"}],"wp:attachment":[{"href":"https:\/\/www.fmsdocumentation.com\/lt\/wp-json\/wp\/v2\/media?parent=1591"}],"curies":[{"name":"wp","href":"https:\/\/api.w.org\/{rel}","templated":true}]}}