{"id":1632,"date":"2017-10-04T12:00:45","date_gmt":"2017-10-04T12:00:45","guid":{"rendered":"http:\/\/www.fmsdocumentation.com\/?page_id=1632"},"modified":"2017-11-07T08:51:22","modified_gmt":"2017-11-07T08:51:22","slug":"analize-pagal-transporto-priemone","status":"publish","type":"page","link":"https:\/\/www.fmsdocumentation.com\/lt\/eco-drive-meniu\/analize-pagal-transporto-priemone\/","title":{"rendered":"Analiz\u0117 pagal transporto priemon\u0119"},"content":{"rendered":"<p>Analiz\u0117je pagal transporto priemon\u0119 rodoma i\u0161samesn\u0117 transporto priemon\u0117s parametr\u0173 analiz\u0117 per pasirinkt\u0105 laikotarp\u012f. \u0160is skirtukas susideda i\u0161 dviej\u0173 dali\u0173:<\/p>\n<ul>\n<li><strong>Grafiko<\/strong>;<\/li>\n<li><strong>Statistikos<\/strong>.<\/li>\n<\/ul>\n<p><strong>Grafikas \u2013 <\/strong>grafike rodomi i\u0161analizuoti duomenys. Vienu metu grafike galima rodyti tik vieno tipo duomenis. \u0160iuo metu pateikiam\u0173 duomen\u0173 pavadinimas rodomas grafiko skilties vir\u0161utiniame kairiajame kampe. Statistikos skiltyje galima pakeisti rodomus duomenis.<\/p>\n<p><strong>Skal\u0117s<\/strong> \u2013 grafiko Y a\u0161is atspindi pasirinkt\u0173 duomen\u0173 reik\u0161mes, o X a\u0161is visuomet atspindi laik\u0105. Pagal nutyl\u0117jim\u0105, X a\u0161yje rodomos dienos. X a\u0161ies skal\u0119 galima pakeisti skilties de\u0161iniajame vir\u0161utiniame kampe. Galimos \u0161ios X a\u0161i\u0173 skal\u0117s:<\/p>\n<ul>\n<li>Diena;<\/li>\n<li>7 dienos;<\/li>\n<li>30 dien\u0173.<\/li>\n<\/ul>\n<p>Pasirinkta skal\u0117 bus pa\u017eym\u0117ta m\u0117lyna spalva ir pabraukta m\u0117lyna linija.<\/p>\n<p><strong>Parko vidurkis <\/strong>\u2013 \u0161alia skal\u0117s parinkties vartotojas gali pasirinkti, kad b\u016bt\u0173 rodoma \u0161iuo metu pasirinkt\u0173 duomen\u0173 vidutin\u0117 vert\u0117. Pagal nutyl\u0117jim\u0105, \u0161i funkcija i\u0161jungta. \u012ejungus pilkas ta\u0161kas taps m\u0117lynos spalvos, o grafike pasirodys tiesi ta\u0161kuota linija.<\/p>\n<p style=\"background-color: #2e67b1; color: #ffffff; padding-left: 10px; padding-right: 10px;\"><p class=\"note\">Pastaba<br \/>\nJei statistikos skiltyje transporto priemon\u0117s rodomos s\u0105ra\u0161e, ta\u010diau vartotojas pasirinko, kad grafike j\u0173 duomenys neb\u016bt\u0173 rodomi, jos vis tiek bus \u012ftraukiamos skai\u010diuojant parko vidurk\u012f. Siekiant to i\u0161vengti, nepageidaujamas transporto priemones reikia visi\u0161kai pa\u0161alinti i\u0161 statistikos rodinio. Tai i\u0161samiau apra\u0161yta \u0161iame skyriuje.<\/p><\/p>\n<p><a href=\"https:\/\/www.fmsdocumentation.com\/wp-content\/uploads\/2017\/10\/166LT.png\"><img loading=\"lazy\" decoding=\"async\" class=\"alignnone wp-image-1634 size-full\" src=\"https:\/\/www.fmsdocumentation.com\/wp-content\/uploads\/2017\/10\/166LT.png\" alt=\"\" width=\"1866\" height=\"567\" srcset=\"https:\/\/www.fmsdocumentation.com\/wp-content\/uploads\/2017\/10\/166LT.png 1866w, https:\/\/www.fmsdocumentation.com\/wp-content\/uploads\/2017\/10\/166LT-300x91.png 300w, https:\/\/www.fmsdocumentation.com\/wp-content\/uploads\/2017\/10\/166LT-768x233.png 768w, https:\/\/www.fmsdocumentation.com\/wp-content\/uploads\/2017\/10\/166LT-1024x311.png 1024w\" sizes=\"auto, (max-width: 1866px) 100vw, 1866px\" \/><\/a><\/p>\n<p>Kiekvieno grafikos linijos spalv\u0105 parko valdymo sistema parenka automati\u0161kai, ji rodoma statistikos skiltyje prie kiekvienos transporto priemon\u0117s.\u00a0Pridedant ar \u0161alinant transporto priemones statistikos skiltyje, grafik\u0173 spalvas sistema nustato automati\u0161kai.<\/p>\n<p>Kiekvienoje grafiko linijoje yra po informacijos ta\u0161k\u0105 kiekvienai dienai (<em>kei\u010diasi pakeitus skal\u0119, jei pasirenkama savait\u0117, tuomet informacijos ta\u0161kas rodomas kiekvienai savaitei),<\/em> u\u017evedus pel\u0119 vir\u0161 informacijos ta\u0161ko bus rodoma konkre\u010dios dienos statistin\u0117 informacija.<\/p>\n<p><a href=\"https:\/\/www.fmsdocumentation.com\/wp-content\/uploads\/2017\/10\/168LT.png\"><img loading=\"lazy\" decoding=\"async\" class=\"alignnone wp-image-1638 size-full\" src=\"https:\/\/www.fmsdocumentation.com\/wp-content\/uploads\/2017\/10\/168LT.png\" alt=\"\" width=\"548\" height=\"249\" srcset=\"https:\/\/www.fmsdocumentation.com\/wp-content\/uploads\/2017\/10\/168LT.png 548w, https:\/\/www.fmsdocumentation.com\/wp-content\/uploads\/2017\/10\/168LT-300x136.png 300w\" sizes=\"auto, (max-width: 548px) 100vw, 548px\" \/><\/a><\/p>\n<p><strong>Statistika \u2013 <\/strong>apima pasirinkt\u0173 transporto priemoni\u0173 s\u0105ra\u0161\u0105 ir pasirinkt\u0173 parametr\u0173 informacijos lentel\u0119. Transporto priemoni\u0173 s\u0105ra\u0161as sugeneruojamas automati\u0161kai, jame rodomos 5 aktyviausios transporto priemon\u0117s pasirinktu laikotarpiu. \u017demiau pateiktame pavyzdyje vartotojui priklauso tik 3 palaikomos transporto priemon\u0117s, tod\u0117l ir rodoma tik trij\u0173 transporto priemoni\u0173 informacija.<\/p>\n<p><a href=\"https:\/\/www.fmsdocumentation.com\/wp-content\/uploads\/2017\/10\/169LT.png\"><img loading=\"lazy\" decoding=\"async\" class=\"alignnone wp-image-1640 size-full\" src=\"https:\/\/www.fmsdocumentation.com\/wp-content\/uploads\/2017\/10\/169LT.png\" alt=\"\" width=\"1870\" height=\"312\" srcset=\"https:\/\/www.fmsdocumentation.com\/wp-content\/uploads\/2017\/10\/169LT.png 1870w, https:\/\/www.fmsdocumentation.com\/wp-content\/uploads\/2017\/10\/169LT-300x50.png 300w, https:\/\/www.fmsdocumentation.com\/wp-content\/uploads\/2017\/10\/169LT-768x128.png 768w, https:\/\/www.fmsdocumentation.com\/wp-content\/uploads\/2017\/10\/169LT-1024x171.png 1024w\" sizes=\"auto, (max-width: 1870px) 100vw, 1870px\" \/><\/a><\/p>\n<p><strong>Transporto priemon\u0117s <\/strong>\u2013 nor\u0117dami pasirinkti, kurias transporto priemones rodyti, spustel\u0117kite tris pilkus ta\u0161kus \u0161alia transporto priemoni\u0173 skilties. Atsidarys naujas langas su vis\u0173 transporto priemoni\u0173 s\u0105ra\u0161u dabartiniam vartotojui. Pasirinktos transporto priemon\u0117s bus pa\u017eym\u0117tos m\u0117lyna varnele \u0161alia transporto priemon\u0117s pavadinimo. Jei parkas didelis, vir\u0161 transporto priemoni\u0173 yra paie\u0161kos parinktis. Atlikus pakeitimus, b\u016btina paspausti mygtuk\u0105 \u201eTaikyti\u201c, kitu atveju pakeitimai nebus i\u0161saugoti. Did\u017eiausias vienu metu pasirinkt\u0173 transporto priemoni\u0173 skai\u010dius yra 5. Transporto priemones galima greitai pa\u0161alinti i\u0161 s\u0105ra\u0161o, paspaud\u017eiant po priemon\u0117s pavadinimu esant\u012f mygtuk\u0105 \u201ePa\u0161alinti\u201c.<\/p>\n<p><a href=\"https:\/\/www.fmsdocumentation.com\/wp-content\/uploads\/2017\/10\/170LT.png\"><img loading=\"lazy\" decoding=\"async\" class=\"alignnone wp-image-1641 size-full\" src=\"https:\/\/www.fmsdocumentation.com\/wp-content\/uploads\/2017\/10\/170LT.png\" alt=\"\" width=\"675\" height=\"465\" srcset=\"https:\/\/www.fmsdocumentation.com\/wp-content\/uploads\/2017\/10\/170LT.png 675w, https:\/\/www.fmsdocumentation.com\/wp-content\/uploads\/2017\/10\/170LT-300x207.png 300w\" sizes=\"auto, (max-width: 675px) 100vw, 675px\" \/><\/a><\/p>\n<p style=\"background-color: #2e67b1; color: #ffffff; padding-left: 10px; padding-right: 10px;\"><p class=\"note\">Pastaba<br \/>\nJei i\u0161 s\u0105ra\u0161o pa\u0161alinamos visos transporto priemon\u0117s, paspaud\u017eiant \u0161alinimo mygtuk\u0105 arba atidarant tinkint\u0105 pasirinkimo s\u0105ra\u0161\u0105 ir at\u017eymint visas transporto priemones, nebus rodoma joki\u0173 duomen\u0173. Nor\u0117damas, kad transporto priemoni\u0173 s\u0105ra\u0161as b\u016bt\u0173 v\u0117l rodomas, vartotojas turi paspausti ant bet kurio skirtuko ir gr\u012f\u017eti atgal.<\/p><\/p>\n<p><strong>Rodyti \u017eem\u0117lap\u012f \u2013 <\/strong>po kiekvienos transporto priemon\u0117s pavadinimu yra mygtukas \u201eRodyti \u017eem\u0117lap\u012f\u201c. J\u012f paspaudus rodomas \u017eem\u0117lapis su pasirinktos transporto priemon\u0117s mar\u0161rutu pasirinktu laikotarpiu.<\/p>\n<p><a href=\"https:\/\/www.fmsdocumentation.com\/wp-content\/uploads\/2017\/10\/171LT.png\"><img loading=\"lazy\" decoding=\"async\" class=\"alignnone wp-image-1642 size-full\" src=\"https:\/\/www.fmsdocumentation.com\/wp-content\/uploads\/2017\/10\/171LT.png\" alt=\"\" width=\"1536\" height=\"759\" srcset=\"https:\/\/www.fmsdocumentation.com\/wp-content\/uploads\/2017\/10\/171LT.png 1536w, https:\/\/www.fmsdocumentation.com\/wp-content\/uploads\/2017\/10\/171LT-300x148.png 300w, https:\/\/www.fmsdocumentation.com\/wp-content\/uploads\/2017\/10\/171LT-768x380.png 768w, https:\/\/www.fmsdocumentation.com\/wp-content\/uploads\/2017\/10\/171LT-1024x506.png 1024w\" sizes=\"auto, (max-width: 1536px) 100vw, 1536px\" \/><\/a><\/p>\n<p>\u017dem\u0117lapio vir\u0161uje vartotojas gali pasirinkti, kad \u017eem\u0117lapyje b\u016bt\u0173 rodomi arba slepiami \u0161ie \u012fvykiai:<\/p>\n<ul>\n<li>Ekstremalus stabdymas;<\/li>\n<li>\u0160iurk\u0161tus stabdymas;<\/li>\n<li>\u0160iurk\u0161tus greit\u0117jimas.<\/li>\n<\/ul>\n<p>\u0160ie \u012fvykiai \u012fgalinami spustelint ma\u017e\u0105 slankiojam\u0105 juost\u0105 \u0161alia kiekvieno \u012fvykio tipo. Vienu metu galima \u012fgalinti keli\u0173 tip\u0173 \u012fvyki\u0173 rodym\u0105. \u0160ie \u012fvykiai bus pa\u017eym\u0117ti raudonais apskritimais su \u0161auktukais viduje.<\/p>\n<p><a href=\"https:\/\/www.fmsdocumentation.com\/wp-content\/uploads\/2017\/10\/172LT.png\"><img loading=\"lazy\" decoding=\"async\" class=\"alignnone wp-image-1643 size-full\" src=\"https:\/\/www.fmsdocumentation.com\/wp-content\/uploads\/2017\/10\/172LT.png\" alt=\"\" width=\"1536\" height=\"759\" srcset=\"https:\/\/www.fmsdocumentation.com\/wp-content\/uploads\/2017\/10\/172LT.png 1536w, https:\/\/www.fmsdocumentation.com\/wp-content\/uploads\/2017\/10\/172LT-300x148.png 300w, https:\/\/www.fmsdocumentation.com\/wp-content\/uploads\/2017\/10\/172LT-768x380.png 768w, https:\/\/www.fmsdocumentation.com\/wp-content\/uploads\/2017\/10\/172LT-1024x506.png 1024w\" sizes=\"auto, (max-width: 1536px) 100vw, 1536px\" \/><\/a><\/p>\n<p>Paspaudus ant raudono apskritimo, bus rodoma papildoma informacija apie \u012fvyk\u012f.<\/p>\n<p><strong>Rodomi parametrai <\/strong>\u2013 \u0161iuos parametrus galima keisti spustelint tris pilkus ta\u0161kus \u0161ios skilties vir\u0161utiniame de\u0161iniajame kampe. Tuomet atsidarys naujas langas su vis\u0173 galim\u0173 rodyti parametr\u0173 s\u0105ra\u0161u. Pasirinkti parametrai bus pa\u017eym\u0117ti m\u0117lyna varnele \u0161alia parametro pavadinimo. Galima pasinaudoti vir\u0161 s\u0105ra\u0161o esan\u010dia greita paie\u0161ka. Vienu metu galima pasirinkti iki 7 parametr\u0173. Atlikus pakeitimus, b\u016btina paspausti mygtuk\u0105 \u201eAtlikta\u201c, kitu atveju parametrai nebus i\u0161saugoti.<\/p>\n<p><a href=\"https:\/\/www.fmsdocumentation.com\/wp-content\/uploads\/2017\/10\/173LT.png\"><img loading=\"lazy\" decoding=\"async\" class=\"alignnone wp-image-1645 size-full\" src=\"https:\/\/www.fmsdocumentation.com\/wp-content\/uploads\/2017\/10\/173LT.png\" alt=\"\" width=\"674\" height=\"465\" srcset=\"https:\/\/www.fmsdocumentation.com\/wp-content\/uploads\/2017\/10\/173LT.png 674w, https:\/\/www.fmsdocumentation.com\/wp-content\/uploads\/2017\/10\/173LT-300x207.png 300w\" sizes=\"auto, (max-width: 674px) 100vw, 674px\" \/><\/a><\/p>\n<p><strong>Rodyti grafike \u2013 <\/strong>vienu metu pagrindiniame grafike galima rodyti tik vien\u0105 parametr\u0105 (<em>duomenis i\u0161 vieno stulpelio, taip yra d\u0117l skali\u0173 sud\u0117tingumo)<\/em>. \u0160iuo metu rodomo parametro antra\u0161t\u0117 pary\u0161kinta m\u0117lyna spalva. Vartotojas gali nustatyti, kurios transporto priemon\u0117s parametr\u0105 (<em>i\u0161 pasirinkto stulpelio<\/em>) rodyti pagrindiniame grafike. Tai galima padaryti spustel\u0117jant parametro grafikus stulpelyje ir juos at\u017eymint. Pagrindiniame grafike rodomi tik pa\u017eym\u0117t\u0173 transporto priemoni\u0173 grafikai. Jei pa\u017eymimas vienas parametras, o vartotojas spustel\u0117ja ant parametro i\u0161 kito stulpelio, ankstesnis stulpelis bus at\u017eym\u0117tas ir bus rodomas tik kito stulpelio parametras. Vartotojas gali pasirinkti vis\u0105 parametro stulpel\u012f tiesiog spustel\u0117damas antra\u0161t\u0119.<\/p>\n<p><a href=\"https:\/\/www.fmsdocumentation.com\/wp-content\/uploads\/2017\/10\/174LT.png\"><img loading=\"lazy\" decoding=\"async\" class=\"alignnone wp-image-1646 size-full\" src=\"https:\/\/www.fmsdocumentation.com\/wp-content\/uploads\/2017\/10\/174LT.png\" alt=\"\" width=\"804\" height=\"307\" srcset=\"https:\/\/www.fmsdocumentation.com\/wp-content\/uploads\/2017\/10\/174LT.png 804w, https:\/\/www.fmsdocumentation.com\/wp-content\/uploads\/2017\/10\/174LT-300x115.png 300w, https:\/\/www.fmsdocumentation.com\/wp-content\/uploads\/2017\/10\/174LT-768x293.png 768w\" sizes=\"auto, (max-width: 804px) 100vw, 804px\" \/><\/a><\/p>\n<hr \/>\n<p><div class=\"alignleft\"><a href=\"https:\/\/www.fmsdocumentation.com\/lt\/eco-drive-meniu\/parko-santrauka\/\" title=\"Parko santrauka\"><span class=\"arrow\">\u2039 &nbsp <\/span> Parko santrauka <\/a><\/div> <div class=\"alignright\"><a href=\"https:\/\/www.fmsdocumentation.com\/lt\/eco-drive-meniu\/analize-pagal-vairuotoja\/\" title=\"Analiz\u0117 pagal vairuotoj\u0105\">Analiz\u0117 pagal vairuotoj\u0105 <span class=\"arrow\"> &nbsp\u203a <\/span> <\/a><\/div><\/p>\n","protected":false},"excerpt":{"rendered":"<p>Analiz\u0117je pagal transporto priemon\u0119 rodoma i\u0161samesn\u0117 transporto priemon\u0117s parametr\u0173 analiz\u0117 per pasirinkt\u0105 laikotarp\u012f. \u0160is skirtukas susideda i\u0161 dviej\u0173 dali\u0173: Grafiko; Statistikos. Grafikas \u2013 grafike rodomi i\u0161analizuoti duomenys. Vienu metu grafike galima rodyti tik vieno tipo duomenis. \u0160iuo metu pateikiam\u0173 duomen\u0173 pavadinimas rodomas grafiko skilties vir\u0161utiniame kairiajame kampe. Statistikos skiltyje galima pakeisti rodomus duomenis. Skal\u0117s \u2013 &hellip; <a href=\"https:\/\/www.fmsdocumentation.com\/lt\/eco-drive-meniu\/analize-pagal-transporto-priemone\/\" class=\"more-link\">Skaityti toliau: <span class=\"screen-reader-text\">Analiz\u0117 pagal transporto priemon\u0119<\/span><\/a><\/p>\n","protected":false},"author":1,"featured_media":0,"parent":1591,"menu_order":2,"comment_status":"closed","ping_status":"closed","template":"","meta":{"footnotes":""},"class_list":["post-1632","page","type-page","status-publish","hentry"],"_links":{"self":[{"href":"https:\/\/www.fmsdocumentation.com\/lt\/wp-json\/wp\/v2\/pages\/1632","targetHints":{"allow":["GET"]}}],"collection":[{"href":"https:\/\/www.fmsdocumentation.com\/lt\/wp-json\/wp\/v2\/pages"}],"about":[{"href":"https:\/\/www.fmsdocumentation.com\/lt\/wp-json\/wp\/v2\/types\/page"}],"author":[{"embeddable":true,"href":"https:\/\/www.fmsdocumentation.com\/lt\/wp-json\/wp\/v2\/users\/1"}],"replies":[{"embeddable":true,"href":"https:\/\/www.fmsdocumentation.com\/lt\/wp-json\/wp\/v2\/comments?post=1632"}],"version-history":[{"count":7,"href":"https:\/\/www.fmsdocumentation.com\/lt\/wp-json\/wp\/v2\/pages\/1632\/revisions"}],"predecessor-version":[{"id":3305,"href":"https:\/\/www.fmsdocumentation.com\/lt\/wp-json\/wp\/v2\/pages\/1632\/revisions\/3305"}],"up":[{"embeddable":true,"href":"https:\/\/www.fmsdocumentation.com\/lt\/wp-json\/wp\/v2\/pages\/1591"}],"wp:attachment":[{"href":"https:\/\/www.fmsdocumentation.com\/lt\/wp-json\/wp\/v2\/media?parent=1632"}],"curies":[{"name":"wp","href":"https:\/\/api.w.org\/{rel}","templated":true}]}}