{"id":1693,"date":"2017-10-05T04:50:22","date_gmt":"2017-10-05T04:50:22","guid":{"rendered":"http:\/\/www.fmsdocumentation.com\/?page_id=1693"},"modified":"2017-11-07T08:53:32","modified_gmt":"2017-11-07T08:53:32","slug":"valdymo-meniu","status":"publish","type":"page","link":"https:\/\/www.fmsdocumentation.com\/lt\/ontrack-programeles-idiegimas-ir-prisijungimas\/valdymo-meniu\/","title":{"rendered":"Valdymo meniu"},"content":{"rendered":"<p>Nor\u0117damas atidaryti valdymo meniu, vartotojas turi spustel\u0117ti trij\u0173 pilk\u0173 linij\u0173 piktogram\u0105, esan\u010di\u0105 ekrano vir\u0161uje, kair\u0117je pus\u0117je.<\/p>\n<p><a href=\"https:\/\/www.fmsdocumentation.com\/wp-content\/uploads\/2017\/10\/179LT.png\"><img loading=\"lazy\" decoding=\"async\" class=\"alignnone wp-image-1694 size-medium\" src=\"https:\/\/www.fmsdocumentation.com\/wp-content\/uploads\/2017\/10\/179LT-300x215.png\" alt=\"\" width=\"300\" height=\"215\" srcset=\"https:\/\/www.fmsdocumentation.com\/wp-content\/uploads\/2017\/10\/179LT-300x215.png 300w, https:\/\/www.fmsdocumentation.com\/wp-content\/uploads\/2017\/10\/179LT.png 720w\" sizes=\"auto, (max-width: 300px) 100vw, 300px\" \/><\/a><\/p>\n<p>Tuomet atidaromas valdymo meniu. Meniu vir\u0161uje rodoma vairuotojo pavard\u0117, taip pat pasiekiami \u0161ie skydeliai:<\/p>\n<ul>\n<li><a href=\"https:\/\/www.fmsdocumentation.com\/lt\/ontrack-programeles-idiegimas-ir-prisijungimas\/mano-uzduotys\/?lang=lt\">Mano u\u017eduotys<\/a> \u2013 \u0161iame skydelyje galima per\u017ei\u016br\u0117ti dabartiniam vartotojui priskirtas u\u017eduotis. \u0160is skydelis yra numatytasis.<\/li>\n<li><a href=\"https:\/\/www.fmsdocumentation.com\/lt\/ontrack-programeles-idiegimas-ir-prisijungimas\/komunikacija\/?lang=lt\">Komunikacija<\/a> \u2013 \u0161iame skydelyje vartotojas gali bendrauti su operatoriumi, dirban\u010diu su transporto parko valdymo sistema.<\/li>\n<li>Atsijungti.<\/li>\n<\/ul>\n<p><a href=\"https:\/\/www.fmsdocumentation.com\/wp-content\/uploads\/2017\/10\/180LT.png\"><img loading=\"lazy\" decoding=\"async\" class=\"alignnone wp-image-1695 size-medium\" src=\"https:\/\/www.fmsdocumentation.com\/wp-content\/uploads\/2017\/10\/180LT-300x252.png\" alt=\"\" width=\"300\" height=\"252\" srcset=\"https:\/\/www.fmsdocumentation.com\/wp-content\/uploads\/2017\/10\/180LT-300x252.png 300w, https:\/\/www.fmsdocumentation.com\/wp-content\/uploads\/2017\/10\/180LT.png 720w\" sizes=\"auto, (max-width: 300px) 100vw, 300px\" \/><\/a><\/p>\n<hr \/>\n<p> <div class=\"alignright\"><a href=\"https:\/\/www.fmsdocumentation.com\/lt\/nauju-uzduociu-kurimas\/\" title=\"Nauj\u0173 u\u017eduo\u010di\u0173 k\u016brimas\">Nauj\u0173 u\u017eduo\u010di\u0173 k\u016brimas <span class=\"arrow\"> &nbsp\u203a <\/span> <\/a><\/div><\/p>\n","protected":false},"excerpt":{"rendered":"<p>Nor\u0117damas atidaryti valdymo meniu, vartotojas turi spustel\u0117ti trij\u0173 pilk\u0173 linij\u0173 piktogram\u0105, esan\u010di\u0105 ekrano vir\u0161uje, kair\u0117je pus\u0117je. Tuomet atidaromas valdymo meniu. Meniu vir\u0161uje rodoma vairuotojo pavard\u0117, taip pat pasiekiami \u0161ie skydeliai: Mano u\u017eduotys \u2013 \u0161iame skydelyje galima per\u017ei\u016br\u0117ti dabartiniam vartotojui priskirtas u\u017eduotis. \u0160is skydelis yra numatytasis. Komunikacija \u2013 \u0161iame skydelyje vartotojas gali bendrauti su operatoriumi, dirban\u010diu &hellip; <a href=\"https:\/\/www.fmsdocumentation.com\/lt\/ontrack-programeles-idiegimas-ir-prisijungimas\/valdymo-meniu\/\" class=\"more-link\">Skaityti toliau: <span class=\"screen-reader-text\">Valdymo meniu<\/span><\/a><\/p>\n","protected":false},"author":1,"featured_media":0,"parent":1686,"menu_order":2,"comment_status":"closed","ping_status":"closed","template":"","meta":{"footnotes":""},"class_list":["post-1693","page","type-page","status-publish","hentry"],"_links":{"self":[{"href":"https:\/\/www.fmsdocumentation.com\/lt\/wp-json\/wp\/v2\/pages\/1693","targetHints":{"allow":["GET"]}}],"collection":[{"href":"https:\/\/www.fmsdocumentation.com\/lt\/wp-json\/wp\/v2\/pages"}],"about":[{"href":"https:\/\/www.fmsdocumentation.com\/lt\/wp-json\/wp\/v2\/types\/page"}],"author":[{"embeddable":true,"href":"https:\/\/www.fmsdocumentation.com\/lt\/wp-json\/wp\/v2\/users\/1"}],"replies":[{"embeddable":true,"href":"https:\/\/www.fmsdocumentation.com\/lt\/wp-json\/wp\/v2\/comments?post=1693"}],"version-history":[{"count":4,"href":"https:\/\/www.fmsdocumentation.com\/lt\/wp-json\/wp\/v2\/pages\/1693\/revisions"}],"predecessor-version":[{"id":3308,"href":"https:\/\/www.fmsdocumentation.com\/lt\/wp-json\/wp\/v2\/pages\/1693\/revisions\/3308"}],"up":[{"embeddable":true,"href":"https:\/\/www.fmsdocumentation.com\/lt\/wp-json\/wp\/v2\/pages\/1686"}],"wp:attachment":[{"href":"https:\/\/www.fmsdocumentation.com\/lt\/wp-json\/wp\/v2\/media?parent=1693"}],"curies":[{"name":"wp","href":"https:\/\/api.w.org\/{rel}","templated":true}]}}