{"id":1697,"date":"2017-10-05T05:04:24","date_gmt":"2017-10-05T05:04:24","guid":{"rendered":"http:\/\/www.fmsdocumentation.com\/?page_id=1697"},"modified":"2019-03-18T11:06:57","modified_gmt":"2019-03-18T09:06:57","slug":"mano-uzduotys","status":"publish","type":"page","link":"https:\/\/www.fmsdocumentation.com\/lt\/ontrack-programeles-idiegimas-ir-prisijungimas\/mano-uzduotys\/","title":{"rendered":"Mano u\u017eduotys"},"content":{"rendered":"<p>Prisijung\u0119s, vartotojas pirmiausia nukreipiamas \u012f u\u017eduo\u010di\u0173 skydel\u012f skirtuk\u0105. Dabartinio skydelio pavadinimas nuolat rodomas vir\u0161uje. Pasirinktas skirtukas \u017eymimas balta spalva (o kiti &#8211; pilka) ir pabraukiamas m\u0117lyna linija. \u0160iame skydelyje yra trys skirtukai.<\/p>\n<ul>\n<li>Mano u\u017eduotys \u2013 s\u0105ra\u0161as u\u017eduo\u010di\u0173, gaut\u0173 i\u0161 operatoriaus. U\u017eduotis galima kurti, priskirti ir koreguoti TPVS u\u017eduo\u010di\u0173 skydelyje. Tai yra apra\u0161yta skyriuje <a href=\"https:\/\/www.fmsdocumentation.com\/lt\/nauju-uzduociu-kurimas\/?lang=lt\">\u201eNauj\u0173 u\u017eduo\u010di\u0173 k\u016brimas\u201c<\/a>.<\/li>\n<li>Atlikta \u2013 \u0161ioje kortel\u0117je rodomos jau priimtos ir atliktos u\u017eduotys. \u0160is skydelis i\u0161 esm\u0117s skirtas tik sen\u0173 u\u017eduo\u010di\u0173 per\u017ei\u016brai.<\/li>\n<li>Atmesta \u2013 \u0161ioje kortel\u0117je rodomos vairuotojo atmestos u\u017eduotys. \u0160is skydelis i\u0161 esm\u0117s skirtas tik sen\u0173 u\u017eduo\u010di\u0173 per\u017ei\u016brai.<\/li>\n<\/ul>\n<p style=\"background-color: #2e67b1; color: #ffffff; padding-left: 10px; padding-right: 10px;\"><p class=\"note\">Pastaba<br \/>\nVairuotojui prad\u0117jus u\u017eduot\u012f, jos negalima koreguoti, j\u0105 v\u0117liau galima tik atlikti ar atmesti. Jei u\u017eduotis atmetama, jos v\u0117liau negalima priimti. Jei u\u017eduotis atliekama, jos koreguoti nebegalima.<\/p><\/p>\n<p><a href=\"https:\/\/www.fmsdocumentation.com\/wp-content\/uploads\/2017\/10\/181LT.png\"><img loading=\"lazy\" decoding=\"async\" class=\"alignnone wp-image-1698 size-medium\" src=\"https:\/\/www.fmsdocumentation.com\/wp-content\/uploads\/2017\/10\/181LT-300x279.png\" alt=\"\" width=\"300\" height=\"279\" srcset=\"https:\/\/www.fmsdocumentation.com\/wp-content\/uploads\/2017\/10\/181LT-300x279.png 300w, https:\/\/www.fmsdocumentation.com\/wp-content\/uploads\/2017\/10\/181LT.png 720w\" sizes=\"auto, (max-width: 300px) 100vw, 300px\" \/><\/a><\/p>\n<p>Prie kiekvienos u\u017eduoties s\u0105ra\u0161e rodoma pagrindin\u0117 informacija:<\/p>\n<ol>\n<li>Pilnas tikslo vietos adresas;<\/li>\n<li>Atvykimo data ir laikas;<\/li>\n<li>Skaityta \/ neskaityta \u2013 jei u\u017eduotis yra nauja ir ji dar neskaityta, \u012f de\u0161in\u0119 nuo jos bus rodomas pilkas ta\u0161kas. Perskai\u010dius u\u017eduot\u012f, nebus jokio ta\u0161ko.<\/li>\n<\/ol>\n<p><a href=\"https:\/\/www.fmsdocumentation.com\/wp-content\/uploads\/2017\/10\/225LT.png\"><img loading=\"lazy\" decoding=\"async\" class=\"alignnone wp-image-1699 size-medium\" src=\"https:\/\/www.fmsdocumentation.com\/wp-content\/uploads\/2017\/10\/225LT-300x192.png\" alt=\"\" width=\"300\" height=\"192\" srcset=\"https:\/\/www.fmsdocumentation.com\/wp-content\/uploads\/2017\/10\/225LT-300x192.png 300w, https:\/\/www.fmsdocumentation.com\/wp-content\/uploads\/2017\/10\/225LT.png 720w\" sizes=\"auto, (max-width: 300px) 100vw, 300px\" \/><\/a><\/p>\n<p style=\"background-color: #2e67b1; color: #ffffff; padding-left: 10px; padding-right: 10px;\"><p class=\"note\">Pastaba<br \/>\nPo atvykimo datos n\u0117ra joki\u0173 b\u016bsenos keitimo apribojim\u0173 (<em>Pavyzd\u017eiui<\/em>,<em>\u00a0 nustatyta atvykimo data yra lapkri\u010dio 10 d., ta\u010diau vairuotojas atvyko lapkri\u010dio 15 d.. Vairuotojas vis tiek gali pa\u017eym\u0117ti u\u017eduot\u012f kaip baigt\u0105. Kitas pavyzdys: atvykimo data nustatyta lapkri\u010dio 10 d., o dabar yra lapkri\u010dio 11 d.. Tuomet, jeigu nori, vairuotojas gali atmesti u\u017eduot\u012f<\/em>).<\/p><\/p>\n<p>U\u017eduot\u012f galima i\u0161pl\u0117sti, kad b\u016bt\u0173 rodoma papildoma informacija. Nor\u0117damas tai padaryti, vartotojas turi spustel\u0117ti u\u017eduot\u012f, tuomet bus atidaromas naujas skydelis su pasirinktos u\u017eduoties informacija. \u0160iame skydelyje bus rodoma:<\/p>\n<ul>\n<li>\u017dem\u0117lapis su dabartine vieta, prad\u017eios ir tikslo vietomis;<\/li>\n<li>Atstumas nuo prad\u017eios iki tikslo vietos;<\/li>\n<li>Atvykimo diena ir laikas;<\/li>\n<li>Apytiksl\u0117 kelion\u0117s trukm\u0117 nuo prad\u017eios iki tikslo vietos;<\/li>\n<li>Prad\u017eios vietos adresas;<\/li>\n<li>Tikslo vietos adresas;<\/li>\n<li>Papildomos pastabos \u2013 \u010dia vairuotojas matys papildom\u0105 informacij\u0105, kuri\u0105 operatorius prid\u0117jo prie u\u017eduoties (iki 250 simboli\u0173), tai apra\u0161yta skyriuje <a href=\"https:\/\/www.fmsdocumentation.com\/lt\/nauju-uzduociu-kurimas\/?lang=lt\">\u201eNauj\u0173 u\u017eduo\u010di\u0173 k\u016brimas\u201c<\/a>;<\/li>\n<li>Mar\u0161ruto simbolis <img loading=\"lazy\" decoding=\"async\" class=\"alignnone wp-image-1700\" src=\"https:\/\/www.fmsdocumentation.com\/wp-content\/uploads\/2017\/10\/183.png\" alt=\"\" width=\"50\" height=\"49\" \/>\u00a0\u2013\u00a0 sugeneruojamas mar\u0161rutas nuo dabartin\u0117s vietos iki tikslo vietos, naudojant vartotojo prietaise integruot\u0105 valdymo sistem\u0105 (<em>pavyzd\u017eiui, \u201eGoogle Maps\u201c ar kt.)<\/em>;<\/li>\n<li>Nutraukti \u2013 u\u017eduotis bus pa\u017eym\u0117ta kaip atmesta;<\/li>\n<li>Prad\u0117ti \u2013 u\u017eduotis bus pa\u017eym\u0117ta kaip vykdoma (u\u017eduot\u012f galima at\u0161aukti j\u0105 prad\u0117jus);<\/li>\n<li>Atlikti \u2013 u\u017eduotis bus pa\u017eym\u0117ta kaip u\u017ebaigta (rodoma tik prad\u0117jus j\u0105 vykdyti).<\/li>\n<\/ul>\n<p><a href=\"https:\/\/www.fmsdocumentation.com\/wp-content\/uploads\/2017\/10\/184LT.png\"><img loading=\"lazy\" decoding=\"async\" class=\"alignnone wp-image-1701 size-medium\" src=\"https:\/\/www.fmsdocumentation.com\/wp-content\/uploads\/2017\/10\/184LT-175x300.png\" alt=\"\" width=\"175\" height=\"300\" srcset=\"https:\/\/www.fmsdocumentation.com\/wp-content\/uploads\/2017\/10\/184LT-175x300.png 175w, https:\/\/www.fmsdocumentation.com\/wp-content\/uploads\/2017\/10\/184LT-598x1024.png 598w, https:\/\/www.fmsdocumentation.com\/wp-content\/uploads\/2017\/10\/184LT.png 720w\" sizes=\"auto, (max-width: 175px) 100vw, 175px\" \/><\/a><\/p>\n<p>Nor\u0117dami i\u0161eiti i\u0161 i\u0161pl\u0117stinio skydelio vaizdo, tiesiog paspauskite ma\u017e\u0105 rodykl\u0119 ekrano vir\u0161uje, kair\u0117je pus\u0117je, tuomet bus gr\u012f\u017etama \u012f \u201eMano u\u017eduo\u010di\u0173\u201c skydel\u012f.<\/p>\n<p><a href=\"https:\/\/www.fmsdocumentation.com\/wp-content\/uploads\/2017\/10\/185LT.png\"><img loading=\"lazy\" decoding=\"async\" class=\"alignnone wp-image-1702 size-medium\" src=\"https:\/\/www.fmsdocumentation.com\/wp-content\/uploads\/2017\/10\/185LT-300x45.png\" alt=\"\" width=\"300\" height=\"45\" srcset=\"https:\/\/www.fmsdocumentation.com\/wp-content\/uploads\/2017\/10\/185LT-300x45.png 300w, https:\/\/www.fmsdocumentation.com\/wp-content\/uploads\/2017\/10\/185LT.png 720w\" sizes=\"auto, (max-width: 300px) 100vw, 300px\" \/><\/a><\/p>\n<p>Kortel\u0117s \u201e<strong>Atlikta\u201c <\/strong>ir<strong> \u201eAtmesta\u201c <\/strong>\u2013 i\u0161 esm\u0117s identi\u0161kos \u201eMano u\u017eduo\u010di\u0173\u201c kortelei, visos u\u017eduotys rodomos s\u0105ra\u0161e, jas galima spustel\u0117ti, kad b\u016bt\u0173 i\u0161pl\u0117stas vaizdas. Vienintelis skirtumas yra tas, kad n\u0117ra mygtuk\u0173 \u201eNutraukti\u201c ir \u201eAtlikti\u201c bei mar\u0161ruto mygtuko.<\/p>\n<p><a href=\"https:\/\/www.fmsdocumentation.com\/wp-content\/uploads\/2017\/10\/186LT.png\"><img loading=\"lazy\" decoding=\"async\" class=\"alignnone wp-image-1704 size-medium\" src=\"https:\/\/www.fmsdocumentation.com\/wp-content\/uploads\/2017\/10\/186LT-175x300.png\" alt=\"\" width=\"175\" height=\"300\" srcset=\"https:\/\/www.fmsdocumentation.com\/wp-content\/uploads\/2017\/10\/186LT-175x300.png 175w, https:\/\/www.fmsdocumentation.com\/wp-content\/uploads\/2017\/10\/186LT-598x1024.png 598w, https:\/\/www.fmsdocumentation.com\/wp-content\/uploads\/2017\/10\/186LT.png 720w\" sizes=\"auto, (max-width: 175px) 100vw, 175px\" \/><\/a><\/p>\n<hr \/>\n<p> <div class=\"alignright\"><a href=\"https:\/\/www.fmsdocumentation.com\/lt\/nauju-uzduociu-kurimas\/\" title=\"Nauj\u0173 u\u017eduo\u010di\u0173 k\u016brimas\">Nauj\u0173 u\u017eduo\u010di\u0173 k\u016brimas <span class=\"arrow\"> &nbsp\u203a <\/span> <\/a><\/div><\/p>\n","protected":false},"excerpt":{"rendered":"<p>Prisijung\u0119s, vartotojas pirmiausia nukreipiamas \u012f u\u017eduo\u010di\u0173 skydel\u012f skirtuk\u0105. Dabartinio skydelio pavadinimas nuolat rodomas vir\u0161uje. Pasirinktas skirtukas \u017eymimas balta spalva (o kiti &#8211; pilka) ir pabraukiamas m\u0117lyna linija. \u0160iame skydelyje yra trys skirtukai. Mano u\u017eduotys \u2013 s\u0105ra\u0161as u\u017eduo\u010di\u0173, gaut\u0173 i\u0161 operatoriaus. U\u017eduotis galima kurti, priskirti ir koreguoti TPVS u\u017eduo\u010di\u0173 skydelyje. Tai yra apra\u0161yta skyriuje \u201eNauj\u0173 u\u017eduo\u010di\u0173 &hellip; <a href=\"https:\/\/www.fmsdocumentation.com\/lt\/ontrack-programeles-idiegimas-ir-prisijungimas\/mano-uzduotys\/\" class=\"more-link\">Skaityti toliau: <span class=\"screen-reader-text\">Mano u\u017eduotys<\/span><\/a><\/p>\n","protected":false},"author":1,"featured_media":0,"parent":1686,"menu_order":3,"comment_status":"closed","ping_status":"closed","template":"","meta":{"footnotes":""},"class_list":["post-1697","page","type-page","status-publish","hentry"],"_links":{"self":[{"href":"https:\/\/www.fmsdocumentation.com\/lt\/wp-json\/wp\/v2\/pages\/1697","targetHints":{"allow":["GET"]}}],"collection":[{"href":"https:\/\/www.fmsdocumentation.com\/lt\/wp-json\/wp\/v2\/pages"}],"about":[{"href":"https:\/\/www.fmsdocumentation.com\/lt\/wp-json\/wp\/v2\/types\/page"}],"author":[{"embeddable":true,"href":"https:\/\/www.fmsdocumentation.com\/lt\/wp-json\/wp\/v2\/users\/1"}],"replies":[{"embeddable":true,"href":"https:\/\/www.fmsdocumentation.com\/lt\/wp-json\/wp\/v2\/comments?post=1697"}],"version-history":[{"count":12,"href":"https:\/\/www.fmsdocumentation.com\/lt\/wp-json\/wp\/v2\/pages\/1697\/revisions"}],"predecessor-version":[{"id":7413,"href":"https:\/\/www.fmsdocumentation.com\/lt\/wp-json\/wp\/v2\/pages\/1697\/revisions\/7413"}],"up":[{"embeddable":true,"href":"https:\/\/www.fmsdocumentation.com\/lt\/wp-json\/wp\/v2\/pages\/1686"}],"wp:attachment":[{"href":"https:\/\/www.fmsdocumentation.com\/lt\/wp-json\/wp\/v2\/media?parent=1697"}],"curies":[{"name":"wp","href":"https:\/\/api.w.org\/{rel}","templated":true}]}}