{"id":1708,"date":"2017-10-05T05:42:44","date_gmt":"2017-10-05T05:42:44","guid":{"rendered":"http:\/\/www.fmsdocumentation.com\/?page_id=1708"},"modified":"2019-03-18T11:06:29","modified_gmt":"2019-03-18T09:06:29","slug":"komunikacija","status":"publish","type":"page","link":"https:\/\/www.fmsdocumentation.com\/lt\/ontrack-programeles-idiegimas-ir-prisijungimas\/komunikacija\/","title":{"rendered":"Komunikacija"},"content":{"rendered":"<p>Komunikacijos skydelyje vartotojas gali bendrauti su TPVS operatoriumi. Komunikacija veikia remiantis \u017eemiau pateikta logika. Vartotojas gali ra\u0161yti \u017einutes, prid\u0117ti nuotrauk\u0173 ir si\u0173sti jas \u012f TPVS. TPVS gauna \u017einutes, r\u016b\u0161iuoja jas pagal klientus bei rodo jas klientui, kuris turi registruot\u0105 vartotoj\u0105. Tai rei\u0161kia, kad operatorius yra bet koks asmuo, prisijung\u0119s prie TPVS su kliento prisijungimo duomenimis ir bendraujantis su kitu asmeniu. Visi prane\u0161imai yra saugomi sistemoje ir, jei reikia, juos galima per\u017ei\u016br\u0117ti. TPVS ry\u0161i\u0173 skydelis apra\u0161ytas skyriuje <a href=\"https:\/\/www.fmsdocumentation.com\/lt\/komunikacijos-meniu\/?lang=lt\">\u201eKomunikacijos meniu\u201c<\/a>.<\/p>\n<p>Prane\u0161imai i\u0161 operatoriaus \u017eymimi baltai ir yra kair\u0117je ekrano pus\u0117je, o prane\u0161imai i\u0161 vartotojo \u017eymimi \u017ealiai ir yra de\u0161in\u0117je ekrano pus\u0117je.<\/p>\n<p><strong>Priedas \u2013 <\/strong>vartotojas gali prid\u0117ti ir operatoriui nusi\u0173sti nuotrauk\u0105; nor\u0117damas tai padaryti, vartotojas turi spustel\u0117ti fotoaparato piktogram\u0105, esan\u010di\u0105 \u012f kair\u0119 nuo teksto \u012fvesties langelio. Tuomet atidaromas naujas langas, kuriame vartotojas gal\u0117s pasirinkti arba padaryti nauj\u0105 nuotrauk\u0105, arba pasirinkti jau esam\u0105 i\u0161 galerijos (\u0161ios parinktys gali skirtis priklausomai nuo kit\u0173 program\u0173, \u012fdiegt\u0173 vartotojo \u012frenginyje).<\/p>\n<p style=\"background-color: #2e67b1; color: #ffffff; padding-left: 10px; padding-right: 10px;\"><p class=\"note\">Pastaba<br \/>\nDid\u017eiausias leid\u017eiamas priedo dydis yra 10 MB.<\/p><\/p>\n<p><a href=\"https:\/\/www.fmsdocumentation.com\/wp-content\/uploads\/2017\/10\/187LT.png\"><img loading=\"lazy\" decoding=\"async\" class=\"alignnone wp-image-1709 size-medium\" src=\"https:\/\/www.fmsdocumentation.com\/wp-content\/uploads\/2017\/10\/187LT-175x300.png\" alt=\"\" width=\"175\" height=\"300\" srcset=\"https:\/\/www.fmsdocumentation.com\/wp-content\/uploads\/2017\/10\/187LT-175x300.png 175w, https:\/\/www.fmsdocumentation.com\/wp-content\/uploads\/2017\/10\/187LT-598x1024.png 598w, https:\/\/www.fmsdocumentation.com\/wp-content\/uploads\/2017\/10\/187LT.png 720w\" sizes=\"auto, (max-width: 175px) 100vw, 175px\" \/><\/a><\/p>\n<p>Nauji neperskaityti prane\u0161imai rodomi <strong>pary\u0161kintu <\/strong>\u0161riftu. Prane\u0161im\u0173 programa palaiko visas kalbas bei rodys unikodo ir ne unikodo simbolius. Did\u017eiausias leistinas simboli\u0173 skai\u010dius viename prane\u0161ime yra labai didelis. Vartotojas viename prane\u0161ime gali \u012fra\u0161yti iki 10 000 simboli\u0173. Nor\u0117damas nusi\u0173sti prane\u0161im\u0105, vartotojas turi spustel\u0117ti ma\u017e\u0105 popierinio l\u0117ktuvo piktogram\u0105, esan\u010di\u0105 ekrano apa\u010dioje, de\u0161in\u0117je pus\u0117je.\u00a0Visas bendravimas vyksta tiesiogiai (<em>prane\u0161imai i\u0161siun\u010diami ir gaunami i\u0161 karto, jei interneto ry\u0161io kokyb\u0117 yra tinkama).<\/em><\/p>\n<hr \/>\n<p> <div class=\"alignright\"><a href=\"https:\/\/www.fmsdocumentation.com\/lt\/nauju-uzduociu-kurimas\/\" title=\"Nauj\u0173 u\u017eduo\u010di\u0173 k\u016brimas\">Nauj\u0173 u\u017eduo\u010di\u0173 k\u016brimas <span class=\"arrow\"> &nbsp\u203a <\/span> <\/a><\/div><\/p>\n","protected":false},"excerpt":{"rendered":"<p>Komunikacijos skydelyje vartotojas gali bendrauti su TPVS operatoriumi. Komunikacija veikia remiantis \u017eemiau pateikta logika. Vartotojas gali ra\u0161yti \u017einutes, prid\u0117ti nuotrauk\u0173 ir si\u0173sti jas \u012f TPVS. TPVS gauna \u017einutes, r\u016b\u0161iuoja jas pagal klientus bei rodo jas klientui, kuris turi registruot\u0105 vartotoj\u0105. Tai rei\u0161kia, kad operatorius yra bet koks asmuo, prisijung\u0119s prie TPVS su kliento prisijungimo duomenimis &hellip; <a href=\"https:\/\/www.fmsdocumentation.com\/lt\/ontrack-programeles-idiegimas-ir-prisijungimas\/komunikacija\/\" class=\"more-link\">Skaityti toliau: <span class=\"screen-reader-text\">Komunikacija<\/span><\/a><\/p>\n","protected":false},"author":1,"featured_media":0,"parent":1686,"menu_order":4,"comment_status":"closed","ping_status":"closed","template":"","meta":{"footnotes":""},"class_list":["post-1708","page","type-page","status-publish","hentry"],"_links":{"self":[{"href":"https:\/\/www.fmsdocumentation.com\/lt\/wp-json\/wp\/v2\/pages\/1708","targetHints":{"allow":["GET"]}}],"collection":[{"href":"https:\/\/www.fmsdocumentation.com\/lt\/wp-json\/wp\/v2\/pages"}],"about":[{"href":"https:\/\/www.fmsdocumentation.com\/lt\/wp-json\/wp\/v2\/types\/page"}],"author":[{"embeddable":true,"href":"https:\/\/www.fmsdocumentation.com\/lt\/wp-json\/wp\/v2\/users\/1"}],"replies":[{"embeddable":true,"href":"https:\/\/www.fmsdocumentation.com\/lt\/wp-json\/wp\/v2\/comments?post=1708"}],"version-history":[{"count":7,"href":"https:\/\/www.fmsdocumentation.com\/lt\/wp-json\/wp\/v2\/pages\/1708\/revisions"}],"predecessor-version":[{"id":7412,"href":"https:\/\/www.fmsdocumentation.com\/lt\/wp-json\/wp\/v2\/pages\/1708\/revisions\/7412"}],"up":[{"embeddable":true,"href":"https:\/\/www.fmsdocumentation.com\/lt\/wp-json\/wp\/v2\/pages\/1686"}],"wp:attachment":[{"href":"https:\/\/www.fmsdocumentation.com\/lt\/wp-json\/wp\/v2\/media?parent=1708"}],"curies":[{"name":"wp","href":"https:\/\/api.w.org\/{rel}","templated":true}]}}